{"id":56266,"date":"2024-12-02T04:55:04","date_gmt":"2024-12-02T03:55:04","guid":{"rendered":"https:\/\/softwarelizenzexpress.de\/?post_type=product&#038;p=56266"},"modified":"2026-04-16T18:11:50","modified_gmt":"2026-04-16T16:11:50","slug":"microsoft-windows-11-professional-microsoft-office-2024-professional-plus-microsoft-project-2024-professional-microsoft-visio-2024-professional","status":"publish","type":"product","link":"https:\/\/softwarelizenzexpress.de\/pt\/product\/microsoft-windows-11-professional-microsoft-office-2024-professional-plus-microsoft-project-2024-professional-microsoft-visio-2024-professional\/","title":{"rendered":"Microsoft Windows 11 Professional + Microsoft Office 2024 Professional Plus + Microsoft Project 2024 Professional + Microsoft Visio 2024 Professional Licen\u00e7a para 3 PCs"},"content":{"rendered":"<p>Poupe tempo e dinheiro com a nossa combina\u00e7\u00e3o Microsoft das vers\u00f5es mais recentes do Windows, Office, Visio e Project.<\/p>\n<ul>\n<li>Windows 11 Professional<\/li>\n<li>Office 2024 Professional Plus<\/li>\n<li>Visio 2024 Profissional<\/li>\n<li>Projeto 2024 Profissional<\/li>\n<\/ul>\n<hr \/>\n<p><strong>Microsoft Windows 11 Professional<\/strong><\/p>\n<p>Com o Windows 11 Professional, tem um sistema operativo fi\u00e1vel no seu dispositivo. Beneficia de arranques mais r\u00e1pidos do sistema, de um menu Iniciar familiar mas melhorado e de novas formas de fazer as coisas rapidamente. Tamb\u00e9m obt\u00e9m novas funcionalidades, como um novo browser para o ajudar a navegar na Web e o seu assistente pessoal digital Cortana. A Cortana \u00e9 o seu assistente pessoal digital que o segue em todos os seus dispositivos Windows 11 e o ajuda a fazer as coisas. A Cortana aprende mais sobre si ao longo do tempo e pode ajud\u00e1-lo melhor todos os dias. O Windows 11 Professional apoia-o de forma optimizada em tudo o que faz.<\/p>\n<p><strong>Microsoft Office 2024 Professional Plus<\/strong><\/p>\n<p>Escolha hoje o Office 2024 Professional Plus e receber\u00e1 a solu\u00e7\u00e3o Office mais recente e moderna da Microsoft. Para al\u00e9m das aplica\u00e7\u00f5es cl\u00e1ssicas, obt\u00e9m automaticamente acesso a aplica\u00e7\u00f5es baseadas no browser e ao Skype for Business. A comunica\u00e7\u00e3o simplificada permite-lhe colaborar de forma mais eficaz com outras pessoas.<\/p>\n<p>Tudo o que precisa num relance<\/p>\n<ul>\n<li><strong>Palavra <\/strong> - para criar e editar os seus textos e documentos<\/li>\n<li><strong>Excel <\/strong> - para o tratamento de registos de dados em forma de tabela<\/li>\n<li><strong>PowerPoint <\/strong> - para criar apresenta\u00e7\u00f5es inspiradoras<\/li>\n<li><strong>Perspectivas <\/strong> - para gerir as suas mensagens de correio eletr\u00f3nico, contactos, compromissos e tarefas<\/li>\n<li><strong>Acesso <\/strong> - para criar bases de dados com acesso \u00e0 Internet<\/li>\n<li><strong>OneNote<\/strong> - O seu bloco de notas digital<\/li>\n<\/ul>\n<p><strong>Nota importante: As equipas<\/strong> est\u00e1 dispon\u00edvel nesta vers\u00e3o do Office <strong>N\u00c3O<\/strong> inclu\u00eddo!<\/p>\n<p><strong>Microsoft Visio 2024 Professional<\/strong><\/p>\n<p>O Visio 2024 \u00e9 uma poderosa aplica\u00e7\u00e3o de diagrama\u00e7\u00e3o que lhe permite trabalhar visualmente e criar todos os tipos de diagramas. Com mais de 12 milh\u00f5es de utilizadores, \u00e9 o l\u00edder do sector. O Visio 2024 facilita a defini\u00e7\u00e3o de processos empresariais, a documenta\u00e7\u00e3o de melhores pr\u00e1ticas, a visualiza\u00e7\u00e3o do estado futuro de iniciativas transformadoras e a manuten\u00e7\u00e3o de conhecimentos operacionais em toda a organiza\u00e7\u00e3o.<\/p>\n<p><strong>Microsoft Project 2024 Professional<\/strong><\/p>\n<p>Colabore com outras pessoas para lan\u00e7ar e entregar projectos bem sucedidos em pouco tempo. Inclui todas as funcionalidades do Project Standard, al\u00e9m de colabora\u00e7\u00e3o na gest\u00e3o de recursos, sincroniza\u00e7\u00e3o de tarefas do SharePoint, controlo de tempo e muito mais. O Microsoft Project Professional 2024 oferece funcionalidades flex\u00edveis que lhe permitem planear projectos, acompanhar o estado e colaborar com outras pessoas a partir de praticamente qualquer lugar. A aplica\u00e7\u00e3o oferece comunica\u00e7\u00e3o em tempo real e mensagens instant\u00e2neas, que s\u00e3o activadas diretamente no seu plano de projeto, e consolida todos os potenciais recursos do projeto numa \u00fanica vista.<\/p>\n<p><strong>Apoio:<\/strong><\/p>\n<p>Se tiver alguma d\u00favida, n\u00e3o hesite em <a href=\"mailto:deutschland@softwarelizenzexpress.de\">por correio eletr\u00f3nico<\/a> contacte-nos. O nosso apoio ao cliente est\u00e1 dispon\u00edvel 7 dias por semana, 24 horas por dia.<\/p>","protected":false},"excerpt":{"rendered":"<ul>\n<li>Licen\u00e7a do Windows 11 Professional para 3 PCs<\/li>\n<li>Licen\u00e7a do Office 2024 Professional Plus para 3 PCs<\/li>\n<li>Licen\u00e7a do Visio 2024 Professional para 3 PCs<\/li>\n<li>Licen\u00e7a Project 2024 Professional para 3 PC<\/li>\n<li><strong>Com esta licen\u00e7a, o software pode ser ativado em 3 dispositivos diferentes, por exemplo, PC dom\u00e9stico, computador port\u00e1til e PC de trabalho.<\/strong><\/li>\n<li>Vers\u00e3o para sistemas de 32 e 64 bits, vers\u00f5es completas ilimitadas do software <strong>do Microsoft Gold Partner certificado<\/strong><\/li>\n<li><strong>30 dias de reembolso total - Garantia de substitui\u00e7\u00e3o vital\u00edcia!<\/strong><\/li>\n<li>Entrega por correio eletr\u00f3nico: Chave do produto, instru\u00e7\u00f5es, liga\u00e7\u00f5es de transfer\u00eancia, fatura<\/li>\n<li>Transfer\u00eancia imediata!<\/li>\n<li>Sem limite de tempo, sem subscri\u00e7\u00e3o<\/li>\n<li>Suporte gratuito 24 horas por dia, 7 dias por semana, para problemas de instala\u00e7\u00e3o e ativa\u00e7\u00e3o<\/li>\n<li>N\u00e3o entrega em suportes de dados (USB, CD, etc.)<\/li>\n<li>Ativa\u00e7\u00e3o online e por telefone<\/li>\n<li>L\u00ednguas: Ingl\u00eas, espanhol, italiano, alem\u00e3o, franc\u00eas<\/li>\n<li><strong><span style=\"color: #008000;\"> Este produto \u00e9 compat\u00edvel com o Microsoft Windows.<\/span><\/strong><\/li>\n<li><strong><span style=\"color: #ff0000;\">N\u00c3O \u00e9 compat\u00edvel com Apple macOS\u2122, dispositivos Android e Chromebooks.<\/span><\/strong><\/li>\n<\/ul>","protected":false},"featured_media":56265,"comment_status":"open","ping_status":"closed","template":"","meta":{"_acf_changed":false},"product_brand":[],"product_cat":[25,15,227,27,28,228,252,23,26],"product_tag":[],"class_list":{"0":"post-56266","1":"product","2":"type-product","3":"status-publish","4":"has-post-thumbnail","6":"product_cat-combos","7":"product_cat-ms-office","8":"product_cat-microsoft-office","9":"product_cat-project","10":"product_cat-visio","11":"product_cat-228","12":"product_cat-windows-11","13":"product_cat-windows-desktop","14":"product_cat-special-offers","16":"first","17":"instock","18":"sale","19":"virtual","20":"taxable","21":"purchasable","22":"product-type-simple"},"acf":[],"_links":{"self":[{"href":"https:\/\/softwarelizenzexpress.de\/pt\/wp-json\/wp\/v2\/product\/56266","targetHints":{"allow":["GET"]}}],"collection":[{"href":"https:\/\/softwarelizenzexpress.de\/pt\/wp-json\/wp\/v2\/product"}],"about":[{"href":"https:\/\/softwarelizenzexpress.de\/pt\/wp-json\/wp\/v2\/types\/product"}],"replies":[{"embeddable":true,"href":"https:\/\/softwarelizenzexpress.de\/pt\/wp-json\/wp\/v2\/comments?post=56266"}],"wp:featuredmedia":[{"embeddable":true,"href":"https:\/\/softwarelizenzexpress.de\/pt\/wp-json\/wp\/v2\/media\/56265"}],"wp:attachment":[{"href":"https:\/\/softwarelizenzexpress.de\/pt\/wp-json\/wp\/v2\/media?parent=56266"}],"wp:term":[{"taxonomy":"product_brand","embeddable":true,"href":"https:\/\/softwarelizenzexpress.de\/pt\/wp-json\/wp\/v2\/product_brand?post=56266"},{"taxonomy":"product_cat","embeddable":true,"href":"https:\/\/softwarelizenzexpress.de\/pt\/wp-json\/wp\/v2\/product_cat?post=56266"},{"taxonomy":"product_tag","embeddable":true,"href":"https:\/\/softwarelizenzexpress.de\/pt\/wp-json\/wp\/v2\/product_tag?post=56266"}],"curies":[{"name":"wp","href":"https:\/\/api.w.org\/{rel}","templated":true}]}}