{"id":56031,"date":"2024-11-04T23:42:11","date_gmt":"2024-11-04T22:42:11","guid":{"rendered":"https:\/\/softwarelizenzexpress.de\/?post_type=product&#038;p=56031"},"modified":"2026-04-16T18:11:50","modified_gmt":"2026-04-16T16:11:50","slug":"microsoft-office-2021-professional-plus-microsoft-visio-2024-professional-lizenz-fuer-3-pc","status":"publish","type":"product","link":"https:\/\/softwarelizenzexpress.de\/pt\/product\/microsoft-office-2021-professional-plus-microsoft-visio-2024-professional-lizenz-fuer-3-pc\/","title":{"rendered":"Licen\u00e7a do Microsoft Office 2021 Professional Plus + Microsoft Visio 2024 Professional para 3 PCs"},"content":{"rendered":"<div id=\"coreui-banner-l03vzh8\" data-m=\"{&quot;cN&quot;:&quot;R2Banner 1&quot;,&quot;cT&quot;:&quot;Module_coreui-banner&quot;,&quot;id&quot;:&quot;m1r2a2&quot;,&quot;sN&quot;:1,&quot;aN&quot;:&quot;r2a2&quot;}\" data-module-id=\"WDG-Microsoft Windows|primaryR2|coreui-region|coreui-banner-l03vzh8|coreui-banner\">\n<div class=\"m-banner f-align-left\" data-grid=\"col-12\"><\/div>\n<\/div>\n<div id=\"coreui-contentrichblock-o5iouct\" data-m=\"{&quot;cN&quot;:&quot;R2ContentRichBlock 1&quot;,&quot;cT&quot;:&quot;Module_coreui-contentrichblock&quot;,&quot;id&quot;:&quot;m3r2a2&quot;,&quot;sN&quot;:3,&quot;aN&quot;:&quot;r2a2&quot;}\" data-module-id=\"WDG-Microsoft Windows|primaryR2|coreui-region|coreui-contentrichblock-o5iouct|coreui-contentrichblock\">\n<div id=\"primaryR3\" data-grid=\"container\" data-region-key=\"primaryr3\" data-m=\"{&quot;cN&quot;:&quot;primaryR3 1&quot;,&quot;cT&quot;:&quot;Region_coreui-region&quot;,&quot;id&quot;:&quot;r3a2&quot;,&quot;sN&quot;:3,&quot;aN&quot;:&quot;a2&quot;}\">\n<div id=\"coreui-contentrichblock-rhi1sei\" data-m=\"{&quot;cN&quot;:&quot;R2ContentRichBlock 1&quot;,&quot;cT&quot;:&quot;Module_coreui-contentrichblock&quot;,&quot;id&quot;:&quot;m3r3a2&quot;,&quot;sN&quot;:3,&quot;aN&quot;:&quot;r3a2&quot;}\" data-module-id=\"WDG-Microsoft Windows|primaryR3|coreui-region|coreui-contentrichblock-rhi1sei|coreui-contentrichblock\">\n<div class=\"m-rich-content-block context-ucx\" data-grid=\"col-12\">\n<h2>Licen\u00e7a Microsoft Office 2021 Professional Plus para 3 PC<\/h2>\n<p><strong>Com esta licen\u00e7a, o software pode ser ativado em 3 dispositivos diferentes, por exemplo, PC dom\u00e9stico, computador port\u00e1til e PC de trabalho<\/strong><\/p>\n<p><strong>30 dias de reembolso total - Garantia de substitui\u00e7\u00e3o vital\u00edcia!!!<\/strong><\/p>\n<div class=\"J0lOec\">\n<p>O Microsoft Office 2021 Professional Plus Edition \u00e9 ideal para os utilizadores que utilizam a gama completa de aplica\u00e7\u00f5es em casa ou no escrit\u00f3rio. Inclui toda a gama de aplica\u00e7\u00f5es do Microsoft Office: Word, Excel, Outlook, PowerPoint, Publisher e Access. O OneNote pode ser descarregado a partir da Microsoft Windows Store e permite-lhe criar rapidamente notas e disponibiliz\u00e1-las em todos os dispositivos atrav\u00e9s da nuvem. Experimente um melhor desempenho, estabilidade e velocidade no Word, Excel, PowerPoint e Outlook. Obtenha pesquisa nova e melhorada, ferramentas \u00e0 m\u00e3o livre, tipos de dados, fun\u00e7\u00f5es, ferramentas de tradu\u00e7\u00e3o e edi\u00e7\u00e3o, gr\u00e1ficos animados, funcionalidades de f\u00e1cil utiliza\u00e7\u00e3o e muito mais em todo o pacote Microsoft Office 2021.<\/p>\n<\/div>\n<ul>\n<li class=\"J0lOec\"><span class=\"VIiyi\" lang=\"en\"><span class=\"JLqJ4b ChMk0b\" data-language-for-alternatives=\"en\" data-language-to-translate-into=\"de\" data-phrase-index=\"9\" data-number-of-phrases=\"18\"><strong>Palavra<\/strong>Crie documentos de texto com qualidade profissional em pouco tempo.<\/span><\/span><\/li>\n<li class=\"J0lOec\"><span class=\"VIiyi\" lang=\"en\"><span class=\"JLqJ4b ChMk0b\" data-language-for-alternatives=\"en\" data-language-to-translate-into=\"de\" data-phrase-index=\"11\" data-number-of-phrases=\"18\"><strong>Excel<\/strong>Folhas de c\u00e1lculo inteligentes, agora com novas fun\u00e7\u00f5es como o XLOOKUP<\/span><\/span><\/li>\n<li class=\"J0lOec\"><span class=\"VIiyi\" lang=\"en\"><span class=\"JLqJ4b ChMk0b\" data-language-for-alternatives=\"en\" data-language-to-translate-into=\"de\" data-phrase-index=\"13\" data-number-of-phrases=\"18\"><strong>Ponto de energia<\/strong>Fun\u00e7\u00f5es novas e melhoradas para criar<\/span><\/span><span class=\"VIiyi\" lang=\"en\"><span class=\"JLqJ4b ChMk0b\" data-language-for-alternatives=\"en\" data-language-to-translate-into=\"de\" data-phrase-index=\"13\" data-number-of-phrases=\"18\">\u00a0apresenta\u00e7\u00f5es din\u00e2micas impressionantes.<\/span><\/span><\/li>\n<li class=\"J0lOec\"><span class=\"VIiyi\" lang=\"en\"><span class=\"JLqJ4b ChMk0b\" data-language-for-alternatives=\"en\" data-language-to-translate-into=\"de\" data-phrase-index=\"15\" data-number-of-phrases=\"18\"><strong>OneNote<\/strong>: O seu bloco de notas digital na nuvem.<\/span><\/span><\/li>\n<li class=\"J0lOec\"><span class=\"VIiyi\" lang=\"en\"><span class=\"JLqJ4b ChMk0b\" data-language-for-alternatives=\"en\" data-language-to-translate-into=\"de\" data-phrase-index=\"17\" data-number-of-phrases=\"18\"><strong>Perspectivas<\/strong>Comunica\u00e7\u00e3o facilitada; agora inclui poderosas fun\u00e7\u00f5es de tradu\u00e7\u00e3o.<\/span><\/span><\/li>\n<li><strong>Editora<\/strong>Cria\u00e7\u00e3o de layouts para publica\u00e7\u00f5es profissionais<\/li>\n<li><strong>Acesso<\/strong>Cria\u00e7\u00e3o de bases de dados simples e potente<\/li>\n<li><strong>Microsoft Teams<\/strong>Mais produtividade atrav\u00e9s de mensagens instant\u00e2neas e videoconfer\u00eancia HD (dispon\u00edvel para transfer\u00eancia em separado)<\/li>\n<\/ul>\n<p>NOTA: Devido a um <a href=\"https:\/\/blogs.microsoft.com\/eupolicy\/2023\/08\/31\/european-competition-teams-office-microsoft-365\/\" target=\"_blank\" rel=\"noopener\">Inqu\u00e9rito da Comiss\u00e3o Europeia<\/a>A Microsoft j\u00e1 n\u00e3o inclui uma licen\u00e7a do Teams nos produtos Office. \u00c9 poss\u00edvel <a href=\"https:\/\/www.microsoft.com\/en-us\/microsoft-teams\/download-app\" target=\"_blank\" rel=\"noopener\"> Equipas de descarregamento<\/a>para o utilizar com uma licen\u00e7a gratuita ou paga (a adquirir separadamente), consoante as suas necessidades.<\/p>\n<h2>Licen\u00e7a do Microsoft Visio 2024 Professional para 3 PCs<\/h2>\n<p>O Microsoft Visio 2024 torna mais f\u00e1cil do que nunca para indiv\u00edduos e equipas criar e partilhar diagramas profissionais e vers\u00e1teis para qualquer necessidade. Inclui formas, modelos e estilos actualizados, bem como uma nova barra de pesquisa intuitiva e um aspeto atualizado que proporciona uma experi\u00eancia de utilizador familiar, em linha com outras aplica\u00e7\u00f5es do Office.<\/p>\n<p>No Microsoft Visio 2024 continuar\u00e1 a encontrar todas as fun\u00e7\u00f5es a que est\u00e1 habituado e ter\u00e1 algumas novas:<\/p>\n<ul>\n<li>O Microsoft Visio 2024 oferece ainda mais formas, stencils e modelos para o ajudar a criar os seus diagramas em menos tempo.<\/li>\n<li>Uma apar\u00eancia actualizada com um efeito de transpar\u00eancia moderno aplicado por tr\u00e1s da tela e dos menus d\u00e1 ao Visio 2024 um aspeto mais moderno e elegante.<\/li>\n<li>O Visio 2024 oferece o novo design e esquema de cores do Office 2024, incluindo o modo escuro, uma interface de utilizador personaliz\u00e1vel e melhorias de acessibilidade.<\/li>\n<li>A pesquisa no Visio est\u00e1 agora dispon\u00edvel na barra de t\u00edtulo e \u00e9, portanto, mais acess\u00edvel.<\/li>\n<li>Ferramentas avan\u00e7adas de an\u00e1lise de processos, como blocos din\u00e2micos para analisar processos empresariais e visualizar fluxos de dados<\/li>\n<\/ul>\n<\/div>\n<\/div>\n<\/div>\n<\/div>","protected":false},"excerpt":{"rendered":"<ul>\n<li>Licen\u00e7a Microsoft Office 2021 Professional Plus para 3 PC<\/li>\n<li>Licen\u00e7a do Microsoft Visio 2024 Professional para 3 PCs<\/li>\n<li><strong>Com esta licen\u00e7a, o software pode ser ativado em 3 dispositivos diferentes<\/strong>Por exemplo, PC dom\u00e9stico, computador port\u00e1til e PC de trabalho<\/li>\n<li><strong>30 dias de reembolso total - Garantia de substitui\u00e7\u00e3o vital\u00edcia!!!<\/strong><\/li>\n<li>Vers\u00e3o para sistemas de 64 bits<\/li>\n<li>Envio por correio eletr\u00f3nico: Chave do produto, instru\u00e7\u00f5es, liga\u00e7\u00f5es de transfer\u00eancia, fatura<\/li>\n<li>Transfer\u00eancia imediata!<\/li>\n<li>Sem limite de tempo, sem subscri\u00e7\u00e3o<\/li>\n<li>Suporte gratuito para instala\u00e7\u00e3o e ativa\u00e7\u00e3o<\/li>\n<li>N\u00e3o entrega em suportes de dados (USB, CD, etc.)<\/li>\n<li>Ativa\u00e7\u00e3o online e por telefone<\/li>\n<li>Para Microsoft Windows<\/li>\n<li><span style=\"color: #339966\"><strong>Este produto \u00e9 compat\u00edvel com o Windows.<\/strong><\/span><\/li>\n<li><span style=\"color: #ff0000\"><strong>N\u00c3O \u00e9 compat\u00edvel com Apple macOS\u2122\ufe0f, dispositivos Android ou Chromebooks.<\/strong><\/span><\/li>\n<\/ul>","protected":false},"featured_media":56041,"comment_status":"open","ping_status":"closed","template":"","meta":{"_acf_changed":false},"product_brand":[],"product_cat":[250,251,227,248],"product_tag":[253,254,255],"class_list":{"0":"post-56031","1":"product","2":"type-product","3":"status-publish","4":"has-post-thumbnail","6":"product_cat-bestseller","7":"product_cat-combo","8":"product_cat-microsoft-office","9":"product_cat-visio-microsoft-office","10":"product_tag-combo-microsoft-windows-11-pro-office-2021-professional-plus","11":"product_tag-microsoft-office-2021-professional-plus","12":"product_tag-microsoft-windows-11-pro","14":"first","15":"instock","16":"sale","17":"virtual","18":"taxable","19":"purchasable","20":"product-type-simple"},"acf":[],"_links":{"self":[{"href":"https:\/\/softwarelizenzexpress.de\/pt\/wp-json\/wp\/v2\/product\/56031","targetHints":{"allow":["GET"]}}],"collection":[{"href":"https:\/\/softwarelizenzexpress.de\/pt\/wp-json\/wp\/v2\/product"}],"about":[{"href":"https:\/\/softwarelizenzexpress.de\/pt\/wp-json\/wp\/v2\/types\/product"}],"replies":[{"embeddable":true,"href":"https:\/\/softwarelizenzexpress.de\/pt\/wp-json\/wp\/v2\/comments?post=56031"}],"wp:featuredmedia":[{"embeddable":true,"href":"https:\/\/softwarelizenzexpress.de\/pt\/wp-json\/wp\/v2\/media\/56041"}],"wp:attachment":[{"href":"https:\/\/softwarelizenzexpress.de\/pt\/wp-json\/wp\/v2\/media?parent=56031"}],"wp:term":[{"taxonomy":"product_brand","embeddable":true,"href":"https:\/\/softwarelizenzexpress.de\/pt\/wp-json\/wp\/v2\/product_brand?post=56031"},{"taxonomy":"product_cat","embeddable":true,"href":"https:\/\/softwarelizenzexpress.de\/pt\/wp-json\/wp\/v2\/product_cat?post=56031"},{"taxonomy":"product_tag","embeddable":true,"href":"https:\/\/softwarelizenzexpress.de\/pt\/wp-json\/wp\/v2\/product_tag?post=56031"}],"curies":[{"name":"wp","href":"https:\/\/api.w.org\/{rel}","templated":true}]}}