{"id":56029,"date":"2024-11-04T23:42:11","date_gmt":"2024-11-04T22:42:11","guid":{"rendered":"https:\/\/softwarelizenzexpress.de\/?post_type=product&#038;p=56029"},"modified":"2026-04-16T18:11:50","modified_gmt":"2026-04-16T16:11:50","slug":"microsoft-windows-10-professional-microsoft-visio-2024-professional-lizenz-fuer-3-pc","status":"publish","type":"product","link":"https:\/\/softwarelizenzexpress.de\/pt\/product\/microsoft-windows-10-professional-microsoft-visio-2024-professional-lizenz-fuer-3-pc\/","title":{"rendered":"Microsoft Windows 10 Professional + licen\u00e7a do Microsoft Visio 2024 Professional para 3 PC"},"content":{"rendered":"<h2><strong>Licen\u00e7a do Microsoft Windows 10 Professional para 3 PC<\/strong><\/h2>\n<p><strong>Com esta licen\u00e7a, o software pode ser ativado em 3 dispositivos diferentes, por exemplo, PC dom\u00e9stico, computador port\u00e1til e PC de trabalho<\/strong><\/p>\n<p>Com o Microsoft Windows 10 Professional, tem um sistema operativo fi\u00e1vel no seu dispositivo. Beneficia de arranques mais r\u00e1pidos do sistema, de um menu Iniciar familiar mas melhorado e de novas formas de fazer as coisas rapidamente. Tamb\u00e9m obt\u00e9m novas funcionalidades, como um navegador totalmente novo para o ajudar a navegar na Web ainda melhor, e o seu assistente pessoal digital Cortana. A Cortana \u00e9 o seu assistente pessoal digital que o segue em todos os seus dispositivos Microsoft Windows 10 e o ajuda a fazer as coisas. A Cortana aprende cada vez mais sobre si ao longo do tempo e pode ajud\u00e1-lo melhor todos os dias. O Microsoft Windows 10 Professional apoia-o de forma optimizada em tudo o que faz.<\/p>\n<h2><strong>Licen\u00e7a do Microsoft Visio 2024 Professional para 3 PCs<\/strong><\/h2>\n<p><strong>Com esta licen\u00e7a, o software pode ser ativado em 3 dispositivos diferentes, por exemplo, PC dom\u00e9stico, computador port\u00e1til e PC de trabalho<\/strong><\/p>\n<p>O Microsoft Visio 2024 torna mais f\u00e1cil do que nunca para indiv\u00edduos e equipas criar e partilhar diagramas profissionais e vers\u00e1teis para qualquer necessidade. Inclui formas, modelos e estilos actualizados, bem como uma nova barra de pesquisa intuitiva e um aspeto atualizado que proporciona uma experi\u00eancia de utilizador familiar, em linha com outras aplica\u00e7\u00f5es do Office.<\/p>\n<p>No Microsoft Visio 2024 continuar\u00e1 a encontrar todas as fun\u00e7\u00f5es a que est\u00e1 habituado e ter\u00e1 algumas novas:<\/p>\n<ul>\n<li>O Microsoft Visio 2024 oferece ainda mais formas, stencils e modelos para o ajudar a criar os seus diagramas em menos tempo.<\/li>\n<li>Uma apar\u00eancia actualizada com um efeito de transpar\u00eancia moderno aplicado por tr\u00e1s da tela e dos menus d\u00e1 ao Visio 2024 um aspeto mais moderno e elegante.<\/li>\n<li>O Visio 2024 oferece o novo design e esquema de cores do Office 2024, incluindo o modo escuro, uma interface de utilizador personaliz\u00e1vel e melhorias de acessibilidade.<\/li>\n<li>A pesquisa no Visio est\u00e1 agora dispon\u00edvel na barra de t\u00edtulo e \u00e9, portanto, mais acess\u00edvel.<\/li>\n<li>Ferramentas avan\u00e7adas de an\u00e1lise de processos, como blocos din\u00e2micos para analisar processos empresariais e visualizar fluxos de dados<\/li>\n<\/ul>\n<div id=\"gtx-trans\">\n<div class=\"gtx-trans-icon\"><\/div>\n<\/div>","protected":false},"excerpt":{"rendered":"<ul>\n<li>Licen\u00e7a do Microsoft Windows 10 Professional para 3 PC<\/li>\n<li>Microsoft Visio 2024 Professional Plus Licen\u00e7a para 3 PC<\/li>\n<li><strong>Com esta licen\u00e7a, o software pode ser ativado em 3 dispositivos diferentes, por exemplo, PC dom\u00e9stico, computador port\u00e1til e PC de trabalho<\/strong><\/li>\n<li>Vers\u00f5es para sistemas de 32 e 64 bits dispon\u00edveis<\/li>\n<li>Envio por correio eletr\u00f3nico: Chave do produto, instru\u00e7\u00f5es, liga\u00e7\u00f5es de transfer\u00eancia, fatura<\/li>\n<li>Transfer\u00eancia imediata!<\/li>\n<li>Sem limite de tempo, sem subscri\u00e7\u00e3o<\/li>\n<li>Suporte gratuito para instala\u00e7\u00e3o e ativa\u00e7\u00e3o<\/li>\n<li>N\u00e3o entrega em suportes de dados (USB, CD, etc.)<\/li>\n<li>Ativa\u00e7\u00e3o online e por telefone<\/li>\n<li><span style=\"color: #339966\"><strong>Este produto \u00e9 compat\u00edvel com o Windows.<\/strong><\/span><\/li>\n<li><span style=\"color: #ff0000\"><strong>N\u00c3O \u00e9 compat\u00edvel com Apple macOS\u2122\ufe0f, dispositivos Android ou Chromebooks.<\/strong><\/span><\/li>\n<\/ul>","protected":false},"featured_media":56039,"comment_status":"closed","ping_status":"closed","template":"","meta":{"_acf_changed":false},"product_brand":[],"product_cat":[251,227,256,248,257,23],"product_tag":[258,259,260],"class_list":{"0":"post-56029","1":"product","2":"type-product","3":"status-publish","4":"has-post-thumbnail","6":"product_cat-combo","7":"product_cat-microsoft-office","8":"product_cat-popular","9":"product_cat-visio-microsoft-office","10":"product_cat-windows-10","11":"product_cat-windows-desktop","12":"product_tag-microsoft-office-2019-professional-plus","13":"product_tag-microsoft-windows-10-pro","14":"product_tag-microsoft-windows-10-pro-office-2019-professional-plus","16":"first","17":"instock","18":"sale","19":"virtual","20":"taxable","21":"purchasable","22":"product-type-simple"},"acf":[],"_links":{"self":[{"href":"https:\/\/softwarelizenzexpress.de\/pt\/wp-json\/wp\/v2\/product\/56029","targetHints":{"allow":["GET"]}}],"collection":[{"href":"https:\/\/softwarelizenzexpress.de\/pt\/wp-json\/wp\/v2\/product"}],"about":[{"href":"https:\/\/softwarelizenzexpress.de\/pt\/wp-json\/wp\/v2\/types\/product"}],"replies":[{"embeddable":true,"href":"https:\/\/softwarelizenzexpress.de\/pt\/wp-json\/wp\/v2\/comments?post=56029"}],"wp:featuredmedia":[{"embeddable":true,"href":"https:\/\/softwarelizenzexpress.de\/pt\/wp-json\/wp\/v2\/media\/56039"}],"wp:attachment":[{"href":"https:\/\/softwarelizenzexpress.de\/pt\/wp-json\/wp\/v2\/media?parent=56029"}],"wp:term":[{"taxonomy":"product_brand","embeddable":true,"href":"https:\/\/softwarelizenzexpress.de\/pt\/wp-json\/wp\/v2\/product_brand?post=56029"},{"taxonomy":"product_cat","embeddable":true,"href":"https:\/\/softwarelizenzexpress.de\/pt\/wp-json\/wp\/v2\/product_cat?post=56029"},{"taxonomy":"product_tag","embeddable":true,"href":"https:\/\/softwarelizenzexpress.de\/pt\/wp-json\/wp\/v2\/product_tag?post=56029"}],"curies":[{"name":"wp","href":"https:\/\/api.w.org\/{rel}","templated":true}]}}