{"id":56027,"date":"2024-11-04T23:42:11","date_gmt":"2024-11-04T22:42:11","guid":{"rendered":"https:\/\/softwarelizenzexpress.de\/?post_type=product&#038;p=56027"},"modified":"2026-04-16T18:11:50","modified_gmt":"2026-04-16T16:11:50","slug":"microsoft-windows-11-professional-microsoft-visio-2024-professional-lizenz-fuer-3-pc","status":"publish","type":"product","link":"https:\/\/softwarelizenzexpress.de\/pt\/product\/microsoft-windows-11-professional-microsoft-visio-2024-professional-lizenz-fuer-3-pc\/","title":{"rendered":"Microsoft Windows 11 Professional + licen\u00e7a Microsoft Visio 2024 Professional para 3 PC"},"content":{"rendered":"<div id=\"coreui-banner-l03vzh8\" data-m=\"{&quot;cN&quot;:&quot;R2Banner 1&quot;,&quot;cT&quot;:&quot;Module_coreui-banner&quot;,&quot;id&quot;:&quot;m1r2a2&quot;,&quot;sN&quot;:1,&quot;aN&quot;:&quot;r2a2&quot;}\" data-module-id=\"WDG-Microsoft Windows|primaryR2|coreui-region|coreui-banner-l03vzh8|coreui-banner\">\n<div class=\"m-banner f-align-left\" data-grid=\"col-12\">\n<h2>Licen\u00e7a Microsoft Windows 11 Professional para 3 PC<\/h2>\n<p><strong>Com esta licen\u00e7a, o software pode ser ativado em 3 dispositivos diferentes, por exemplo, PC dom\u00e9stico, computador port\u00e1til e PC de trabalho<\/strong><\/p>\n<p><strong>30 dias de reembolso total - Garantia de substitui\u00e7\u00e3o vital\u00edcia!!!<\/strong><\/p>\n<p class=\"c-heading-3\">Requisitos do sistema:<\/p>\n<\/div>\n<\/div>\n<hr class=\"c-divider f-pad-top-3x\" data-grid=\"col-12\" \/>\n<div id=\"coreui-contentrichblock-o5iouct\" data-m=\"{&quot;cN&quot;:&quot;R2ContentRichBlock 1&quot;,&quot;cT&quot;:&quot;Module_coreui-contentrichblock&quot;,&quot;id&quot;:&quot;m3r2a2&quot;,&quot;sN&quot;:3,&quot;aN&quot;:&quot;r2a2&quot;}\" data-module-id=\"WDG-Microsoft Windows|primaryR2|coreui-region|coreui-contentrichblock-o5iouct|coreui-contentrichblock\">\n<div class=\"m-rich-content-block context-ucx\" data-grid=\"col-12\">\n<p>Certifique-se de que est\u00e1 preparado para o melhor e mais recente sistema operativo da Microsoft!<\/p>\n<p class=\"translation-block\">Estes s\u00e3o os requisitos b\u00e1sicos para instalar o Microsoft Windows 11 num PC. Se o seu dispositivo n\u00e3o cumprir estes requisitos, poder\u00e1 n\u00e3o conseguir instalar o Microsoft Windows 11 no seu dispositivo e dever\u00e1 considerar a compra de um novo PC. Se n\u00e3o tiver a certeza de que o seu PC cumpre estes requisitos, pode verificar com o fabricante do equipamento original (OEM) do seu PC ou, se o seu dispositivo j\u00e1 estiver a executar o Microsoft Windows 10, utilize a aplica\u00e7\u00e3o Verifica\u00e7\u00e3o de Estado do PC para verificar a compatibilidade (<a href=\"https:\/\/aka.ms\/GetPCHealthCheckApp\" target=\"_self\" rel=\"noopener\"><b>download<\/b><\/a>).<\/p>\n<\/div>\n<div id=\"primaryR2\" data-grid=\"container\" data-region-key=\"primaryr2\" data-m=\"{&quot;cN&quot;:&quot;primaryR2 1&quot;,&quot;cT&quot;:&quot;Region_coreui-region&quot;,&quot;id&quot;:&quot;r2a2&quot;,&quot;sN&quot;:2,&quot;aN&quot;:&quot;a2&quot;}\">\n<div id=\"coreui-contentrichblock-o5iouct\" data-m=\"{&quot;cN&quot;:&quot;R2ContentRichBlock 1&quot;,&quot;cT&quot;:&quot;Module_coreui-contentrichblock&quot;,&quot;id&quot;:&quot;m3r2a2&quot;,&quot;sN&quot;:3,&quot;aN&quot;:&quot;r2a2&quot;}\" data-module-id=\"WDG-Microsoft Windows|primaryR2|coreui-region|coreui-contentrichblock-o5iouct|coreui-contentrichblock\">\n<div class=\"m-rich-content-block context-ucx\" data-grid=\"col-12\">\n<p class=\"translation-block\">\n<\/div>\n<\/div>\n<div id=\"coreui-tablev2-62jrfm3\" data-m=\"{&quot;cN&quot;:&quot;R2TableV2 1&quot;,&quot;cT&quot;:&quot;Module_coreui-tablev2&quot;,&quot;id&quot;:&quot;m4r2a2&quot;,&quot;sN&quot;:4,&quot;aN&quot;:&quot;r2a2&quot;}\" data-module-id=\"WDG-Microsoft Windows|primaryR2|coreui-region|coreui-tablev2-62jrfm3|coreui-tablev2\">\n<div class=\"m-table\">\n<div class=\"c-table\" data-f-loc-ascending=\"Sorted by {0} - ascending\" data-f-loc-descending=\"Sorted by {0} - descending\">\n<table>\n<tbody>\n<tr>\n<td class=\"f-divided\"><strong>Processador:<\/strong><\/td>\n<td class=\"f-divided\">\n<p class=\"translation-block\">1 gigahertz (GHz) ou mais r\u00e1pido com 2 ou mais n\u00facleos num <strong><a href=\"https:\/\/www.microsoft.com\/de-de\/windows\/windows-11-specifications\" target=\"_self\" rel=\"noopener\">processador de 64 bits compat\u00edvel<\/a><\/strong> ou SoC (System on a Chip).<\/p>\n<\/td>\n<\/tr>\n<tr>\n<td class=\"f-divided\"><strong>RAM:<\/strong><\/td>\n<td class=\"f-divided\">4 gigabytes (GB)<\/td>\n<\/tr>\n<tr>\n<td class=\"f-divided\"><strong>Espa\u00e7o de armazenamento:<\/strong><\/td>\n<td class=\"f-divided\">64 GB ou mais<\/p>\n<p>Nota: Consulte a sec\u00e7\u00e3o \"Mais informa\u00e7\u00f5es sobre o espa\u00e7o de armazenamento para manter o Microsoft Windows 11 atualizado\" para obter mais informa\u00e7\u00f5es.<\/td>\n<\/tr>\n<tr>\n<td class=\"f-divided\"><strong>Firmware do sistema:<\/strong><\/td>\n<td class=\"f-divided\">UEFI, com capacidade de arranque seguro<\/td>\n<\/tr>\n<tr>\n<td class=\"f-divided\"><strong>TPM:<\/strong><\/td>\n<td class=\"f-divided\">Trusted Platform Module (TPM) vers\u00e3o 2.0<\/td>\n<\/tr>\n<tr>\n<td class=\"f-divided\"><strong>Placa gr\u00e1fica:<\/strong><\/td>\n<td class=\"f-divided\">Compat\u00edvel com DirectX 12 ou superior com controlador WDDM 2.0<\/td>\n<\/tr>\n<tr>\n<td class=\"f-divided\"><strong>Ecr\u00e3:<\/strong><\/td>\n<td class=\"f-divided\">Ecr\u00e3 de alta resolu\u00e7\u00e3o (720p) com uma diagonal de mais de 9\u2033, 8 bits por canal de cor<\/td>\n<\/tr>\n<tr>\n<td class=\"f-divided\"><strong>Liga\u00e7\u00e3o \u00e0 Internet e contas Microsoft:\u00a0<\/strong><\/td>\n<td class=\"f-divided\">O acesso \u00e0 Internet \u00e9 necess\u00e1rio para todas as edi\u00e7\u00f5es do Microsoft Windows 11 para efetuar actualiza\u00e7\u00f5es e para descarregar e utilizar algumas fun\u00e7\u00f5es. \u00c9 necess\u00e1ria uma conta Microsoft para algumas fun\u00e7\u00f5es.<\/td>\n<\/tr>\n<\/tbody>\n<\/table>\n<\/div>\n<\/div>\n<\/div>\n<\/div>\n<div id=\"primaryR3\" data-grid=\"container\" data-region-key=\"primaryr3\" data-m=\"{&quot;cN&quot;:&quot;primaryR3 1&quot;,&quot;cT&quot;:&quot;Region_coreui-region&quot;,&quot;id&quot;:&quot;r3a2&quot;,&quot;sN&quot;:3,&quot;aN&quot;:&quot;a2&quot;}\">\n<div id=\"coreui-contentrichblock-rhi1sei\" data-m=\"{&quot;cN&quot;:&quot;R2ContentRichBlock 1&quot;,&quot;cT&quot;:&quot;Module_coreui-contentrichblock&quot;,&quot;id&quot;:&quot;m3r3a2&quot;,&quot;sN&quot;:3,&quot;aN&quot;:&quot;r3a2&quot;}\" data-module-id=\"WDG-Microsoft Windows|primaryR3|coreui-region|coreui-contentrichblock-rhi1sei|coreui-contentrichblock\">\n<div class=\"m-rich-content-block context-ucx\" data-grid=\"col-12\">\n<h2><\/h2>\n<h2>Microsoft Visio 2024 Professional Plus Licen\u00e7a para 3 PC<\/h2>\n<p><strong>Com esta licen\u00e7a, o software pode ser ativado em 3 dispositivos diferentes, por exemplo, PC dom\u00e9stico, computador port\u00e1til e PC de trabalho<\/strong><\/p>\n<p><strong>30 dias de reembolso total - Garantia de substitui\u00e7\u00e3o vital\u00edcia!!!<\/strong><\/p>\n<div class=\"J0lOec\">\n<p>O Microsoft Visio 2024 torna mais f\u00e1cil do que nunca para indiv\u00edduos e equipas criar e partilhar diagramas profissionais e vers\u00e1teis para qualquer necessidade. Inclui formas, modelos e estilos actualizados, bem como uma nova barra de pesquisa intuitiva e um aspeto atualizado que proporciona uma experi\u00eancia de utilizador familiar, em linha com outras aplica\u00e7\u00f5es do Office.<\/p>\n<p>No Microsoft Visio 2024 continuar\u00e1 a encontrar todas as fun\u00e7\u00f5es a que est\u00e1 habituado e ter\u00e1 algumas novas:<\/p>\n<ul>\n<li>O Microsoft Visio 2024 oferece ainda mais formas, stencils e modelos para o ajudar a criar os seus diagramas em menos tempo.<\/li>\n<li>Uma apar\u00eancia actualizada com um efeito de transpar\u00eancia moderno aplicado por tr\u00e1s da tela e dos menus d\u00e1 ao Visio 2024 um aspeto mais moderno e elegante.<\/li>\n<li>O Visio 2024 oferece o novo design e esquema de cores do Office 2024, incluindo o modo escuro, uma interface de utilizador personaliz\u00e1vel e melhorias de acessibilidade.<\/li>\n<li>A pesquisa no Visio est\u00e1 agora dispon\u00edvel na barra de t\u00edtulo e \u00e9, portanto, mais acess\u00edvel.<\/li>\n<li>Ferramentas avan\u00e7adas de an\u00e1lise de processos, como blocos din\u00e2micos para analisar processos empresariais e visualizar fluxos de dados<\/li>\n<\/ul>\n<\/div>\n<\/div>\n<\/div>\n<\/div>\n<\/div>","protected":false},"excerpt":{"rendered":"<ul>\n<li>Licen\u00e7a Microsoft Windows 11 Professional para 3 PC<\/li>\n<li>Licen\u00e7a do Microsoft Visio 2024 Professional para 3 PCs<\/li>\n<li><strong>Com esta licen\u00e7a, o software pode ser ativado em 3 dispositivos diferentes<\/strong>Por exemplo, PC dom\u00e9stico, computador port\u00e1til e PC de trabalho<\/li>\n<li><strong>30 dias de reembolso total - Garantia de substitui\u00e7\u00e3o vital\u00edcia!!!<\/strong><\/li>\n<li>Vers\u00e3o para sistemas de 64 bits<\/li>\n<li>Envio por correio eletr\u00f3nico: Chave do produto, instru\u00e7\u00f5es, liga\u00e7\u00f5es de transfer\u00eancia, fatura<\/li>\n<li>Transfer\u00eancia imediata!<\/li>\n<li>Sem limite de tempo, sem subscri\u00e7\u00e3o<\/li>\n<li>Suporte gratuito para instala\u00e7\u00e3o e ativa\u00e7\u00e3o<\/li>\n<li>N\u00e3o entrega em suportes de dados (USB, CD, etc.)<\/li>\n<li>Ativa\u00e7\u00e3o online e por telefone<\/li>\n<li>Para Microsoft Windows<\/li>\n<li><span style=\"color: #339966\"><strong>Este produto \u00e9 compat\u00edvel com o Windows.<\/strong><\/span><\/li>\n<li><span style=\"color: #ff0000\"><strong>N\u00c3O \u00e9 compat\u00edvel com Apple macOS\u2122\ufe0f, dispositivos Android ou Chromebooks.<\/strong><\/span><\/li>\n<\/ul>","protected":false},"featured_media":56037,"comment_status":"open","ping_status":"closed","template":"","meta":{"_acf_changed":false},"product_brand":[],"product_cat":[250,251,227,228,252,23],"product_tag":[253,254,255],"class_list":{"0":"post-56027","1":"product","2":"type-product","3":"status-publish","4":"has-post-thumbnail","6":"product_cat-bestseller","7":"product_cat-combo","8":"product_cat-microsoft-office","9":"product_cat-228","10":"product_cat-windows-11","11":"product_cat-windows-desktop","12":"product_tag-combo-microsoft-windows-11-pro-office-2021-professional-plus","13":"product_tag-microsoft-office-2021-professional-plus","14":"product_tag-microsoft-windows-11-pro","16":"first","17":"instock","18":"sale","19":"virtual","20":"taxable","21":"purchasable","22":"product-type-simple"},"acf":[],"_links":{"self":[{"href":"https:\/\/softwarelizenzexpress.de\/pt\/wp-json\/wp\/v2\/product\/56027","targetHints":{"allow":["GET"]}}],"collection":[{"href":"https:\/\/softwarelizenzexpress.de\/pt\/wp-json\/wp\/v2\/product"}],"about":[{"href":"https:\/\/softwarelizenzexpress.de\/pt\/wp-json\/wp\/v2\/types\/product"}],"replies":[{"embeddable":true,"href":"https:\/\/softwarelizenzexpress.de\/pt\/wp-json\/wp\/v2\/comments?post=56027"}],"wp:featuredmedia":[{"embeddable":true,"href":"https:\/\/softwarelizenzexpress.de\/pt\/wp-json\/wp\/v2\/media\/56037"}],"wp:attachment":[{"href":"https:\/\/softwarelizenzexpress.de\/pt\/wp-json\/wp\/v2\/media?parent=56027"}],"wp:term":[{"taxonomy":"product_brand","embeddable":true,"href":"https:\/\/softwarelizenzexpress.de\/pt\/wp-json\/wp\/v2\/product_brand?post=56027"},{"taxonomy":"product_cat","embeddable":true,"href":"https:\/\/softwarelizenzexpress.de\/pt\/wp-json\/wp\/v2\/product_cat?post=56027"},{"taxonomy":"product_tag","embeddable":true,"href":"https:\/\/softwarelizenzexpress.de\/pt\/wp-json\/wp\/v2\/product_tag?post=56027"}],"curies":[{"name":"wp","href":"https:\/\/api.w.org\/{rel}","templated":true}]}}