{"id":56024,"date":"2024-11-04T23:42:11","date_gmt":"2024-11-04T22:42:11","guid":{"rendered":"https:\/\/softwarelizenzexpress.de\/?post_type=product&#038;p=56024"},"modified":"2026-04-16T18:11:42","modified_gmt":"2026-04-16T16:11:42","slug":"microsoft-project-2024-professional-lizenz-fuer-3-pc","status":"publish","type":"product","link":"https:\/\/softwarelizenzexpress.de\/pt\/product\/microsoft-project-2024-professional-lizenz-fuer-3-pc\/","title":{"rendered":"Licen\u00e7a do Microsoft Project 2024 Professional para 3 PCs"},"content":{"rendered":"<h3>Microsoft Project 2024 Professional<\/h3>\n<p>O Microsoft Project 2024 oferece novas funcionalidades e melhorias para ajudar as equipas a organizar o seu trabalho de forma mais eficaz, gerir tarefas e gerir or\u00e7amentos e recursos. Esta nova vers\u00e3o oferece novas funcionalidades importantes que beneficiar\u00e3o tanto os principiantes como os profissionais que trabalham em projectos de qualquer complexidade:<\/p>\n<ul>\n<li>Nova interface de utilizador, mais intuitiva e personaliz\u00e1vel, e navega\u00e7\u00e3o melhorada com visualiza\u00e7\u00e3o flex\u00edvel dos dados<\/li>\n<li>Os modelos prontos ajudam-no a iniciar o seu projeto em pouco tempo<\/li>\n<li>Sincroniza\u00e7\u00e3o com o Project Online e o Project Server para integra\u00e7\u00e3o e gest\u00e3o de recursos<\/li>\n<li>Os cen\u00e1rios hipot\u00e9ticos ajudam a otimizar a atribui\u00e7\u00e3o de tarefas atrav\u00e9s de simula\u00e7\u00f5es de cen\u00e1rios<\/li>\n<li>Melhore o seu planeamento preenchendo automaticamente as datas de in\u00edcio e de fim com base nas depend\u00eancias<\/li>\n<li>Utilizar v\u00e1rias linhas de tempo para uma representa\u00e7\u00e3o visual clara de calend\u00e1rios complexos<\/li>\n<li>Novas fun\u00e7\u00f5es de visualiza\u00e7\u00e3o e an\u00e1lise de dados, altern\u00e2ncia f\u00e1cil entre diferentes tipos de apresenta\u00e7\u00e3o de informa\u00e7\u00f5es, incluindo quadros Kanban e Scrum<\/li>\n<li>Suporte para abordagens Agile, Scrum, Waterfall e h\u00edbridas, permitindo aos utilizadores combinar elementos de diferentes m\u00e9todos.<\/li>\n<\/ul>","protected":false},"excerpt":{"rendered":"<ul>\n<li>Licen\u00e7a do Microsoft Project 2024 Professional para 3 PCs<\/li>\n<li><strong>Com esta licen\u00e7a, o software pode ser ativado em 3 dispositivos diferentes, por exemplo, PC dom\u00e9stico, computador port\u00e1til e PC de trabalho.<\/strong><\/li>\n<li>Vers\u00e3o para sistemas de 32 e 64 bits, vers\u00f5es completas ilimitadas do software <strong>do Microsoft Gold Partner certificado<\/strong><\/li>\n<li><strong>30 dias de reembolso total - Garantia de substitui\u00e7\u00e3o vital\u00edcia!<\/strong><\/li>\n<li>Entrega por correio eletr\u00f3nico: Chave do produto, instru\u00e7\u00f5es, liga\u00e7\u00f5es de transfer\u00eancia, fatura<\/li>\n<li>Transfer\u00eancia imediata!<\/li>\n<li>Sem limite de tempo, sem subscri\u00e7\u00e3o<\/li>\n<li>Suporte gratuito 24 horas por dia, 7 dias por semana, para problemas de instala\u00e7\u00e3o e ativa\u00e7\u00e3o<\/li>\n<li>N\u00e3o entrega em suportes de dados (USB, CD, etc.)<\/li>\n<li>Ativa\u00e7\u00e3o online e por telefone<\/li>\n<li>L\u00ednguas: Ingl\u00eas, espanhol, italiano, alem\u00e3o, franc\u00eas<\/li>\n<li><strong><span style=\"color: #008000\"> Este produto \u00e9 compat\u00edvel com o Microsoft Windows.<\/span><\/strong><\/li>\n<li><strong><span style=\"color: #ff0000\">N\u00c3O \u00e9 compat\u00edvel com Apple macOS\u2122, dispositivos Android e Chromebooks.<\/span><\/strong><\/li>\n<\/ul>","protected":false},"featured_media":56034,"comment_status":"open","ping_status":"closed","template":"","meta":{"_acf_changed":false},"product_brand":[],"product_cat":[227,249],"product_tag":[],"class_list":{"0":"post-56024","1":"product","2":"type-product","3":"status-publish","4":"has-post-thumbnail","6":"product_cat-microsoft-office","7":"product_cat-project-microsoft-office","9":"first","10":"instock","11":"sale","12":"virtual","13":"taxable","14":"purchasable","15":"product-type-simple"},"acf":[],"_links":{"self":[{"href":"https:\/\/softwarelizenzexpress.de\/pt\/wp-json\/wp\/v2\/product\/56024","targetHints":{"allow":["GET"]}}],"collection":[{"href":"https:\/\/softwarelizenzexpress.de\/pt\/wp-json\/wp\/v2\/product"}],"about":[{"href":"https:\/\/softwarelizenzexpress.de\/pt\/wp-json\/wp\/v2\/types\/product"}],"replies":[{"embeddable":true,"href":"https:\/\/softwarelizenzexpress.de\/pt\/wp-json\/wp\/v2\/comments?post=56024"}],"wp:featuredmedia":[{"embeddable":true,"href":"https:\/\/softwarelizenzexpress.de\/pt\/wp-json\/wp\/v2\/media\/56034"}],"wp:attachment":[{"href":"https:\/\/softwarelizenzexpress.de\/pt\/wp-json\/wp\/v2\/media?parent=56024"}],"wp:term":[{"taxonomy":"product_brand","embeddable":true,"href":"https:\/\/softwarelizenzexpress.de\/pt\/wp-json\/wp\/v2\/product_brand?post=56024"},{"taxonomy":"product_cat","embeddable":true,"href":"https:\/\/softwarelizenzexpress.de\/pt\/wp-json\/wp\/v2\/product_cat?post=56024"},{"taxonomy":"product_tag","embeddable":true,"href":"https:\/\/softwarelizenzexpress.de\/pt\/wp-json\/wp\/v2\/product_tag?post=56024"}],"curies":[{"name":"wp","href":"https:\/\/api.w.org\/{rel}","templated":true}]}}