{"id":56023,"date":"2024-11-04T23:42:11","date_gmt":"2024-11-04T22:42:11","guid":{"rendered":"https:\/\/softwarelizenzexpress.de\/?post_type=product&#038;p=56023"},"modified":"2026-04-16T18:11:42","modified_gmt":"2026-04-16T16:11:42","slug":"microsoft-visio-2024-professional-lizenz-fuer-3-pc","status":"publish","type":"product","link":"https:\/\/softwarelizenzexpress.de\/pt\/product\/microsoft-visio-2024-professional-lizenz-fuer-3-pc\/","title":{"rendered":"Licen\u00e7a do Microsoft Visio 2024 Professional para 3 PCs"},"content":{"rendered":"<h3>Microsoft Visio 2024 Professional<\/h3>\n<p>O Microsoft Visio 2024 torna mais f\u00e1cil do que nunca para indiv\u00edduos e equipas criar e partilhar diagramas profissionais e vers\u00e1teis para qualquer necessidade. Inclui formas, modelos e estilos actualizados, bem como uma nova barra de pesquisa intuitiva e um aspeto atualizado que proporciona uma experi\u00eancia de utilizador familiar, em linha com outras aplica\u00e7\u00f5es do Office.<\/p>\n<p>No Microsoft Visio 2024 continuar\u00e1 a encontrar todas as fun\u00e7\u00f5es a que est\u00e1 habituado e ter\u00e1 algumas novas:<\/p>\n<ul>\n<li>O Microsoft Visio 2024 oferece ainda mais formas, stencils e modelos para o ajudar a criar os seus diagramas em menos tempo.<\/li>\n<li>Uma apar\u00eancia actualizada com um efeito de transpar\u00eancia moderno aplicado por tr\u00e1s da tela e dos menus d\u00e1 ao Visio 2024 um aspeto mais moderno e elegante.<\/li>\n<li>O Visio 2024 oferece o novo design e esquema de cores do Office 2024, incluindo o modo escuro, uma interface de utilizador personaliz\u00e1vel e melhorias de acessibilidade.<\/li>\n<li>A pesquisa no Visio est\u00e1 agora dispon\u00edvel na barra de t\u00edtulo e \u00e9, portanto, mais acess\u00edvel.<\/li>\n<li>Ferramentas avan\u00e7adas de an\u00e1lise de processos, como blocos din\u00e2micos para analisar processos empresariais e visualizar fluxos de dados<\/li>\n<\/ul>","protected":false},"excerpt":{"rendered":"<ul>\n<li>Licen\u00e7a do Microsoft Visio 2024 Professional para 3 PCs<\/li>\n<li><strong>Com esta licen\u00e7a, o software pode ser ativado em 3 dispositivos diferentes, por exemplo, PC dom\u00e9stico, computador port\u00e1til e PC de trabalho.<\/strong><\/li>\n<li>Vers\u00e3o para sistemas de 32 e 64 bits, vers\u00f5es completas ilimitadas do software <strong>do Microsoft Gold Partner certificado<\/strong><\/li>\n<li><strong>30 dias de reembolso total - Garantia de substitui\u00e7\u00e3o vital\u00edcia!<\/strong><\/li>\n<li>Entrega por correio eletr\u00f3nico: Chave do produto, instru\u00e7\u00f5es, liga\u00e7\u00f5es de transfer\u00eancia, fatura<\/li>\n<li>Transfer\u00eancia imediata!<\/li>\n<li>Sem limite de tempo, sem subscri\u00e7\u00e3o<\/li>\n<li>Suporte gratuito 24 horas por dia, 7 dias por semana, para problemas de instala\u00e7\u00e3o e ativa\u00e7\u00e3o<\/li>\n<li>N\u00e3o entrega em suportes de dados (USB, CD, etc.)<\/li>\n<li>Ativa\u00e7\u00e3o online e por telefone<\/li>\n<li>L\u00ednguas: Ingl\u00eas, espanhol, italiano, alem\u00e3o, franc\u00eas<\/li>\n<li><strong><span style=\"color: #008000\"> Este produto \u00e9 compat\u00edvel com o Microsoft Windows.<\/span><\/strong><\/li>\n<li><strong><span style=\"color: #ff0000\">N\u00c3O \u00e9 compat\u00edvel com Apple macOS\u2122, dispositivos Android e Chromebooks.<\/span><\/strong><\/li>\n<\/ul>","protected":false},"featured_media":56033,"comment_status":"open","ping_status":"closed","template":"","meta":{"_acf_changed":false},"product_brand":[],"product_cat":[227,248],"product_tag":[],"class_list":{"0":"post-56023","1":"product","2":"type-product","3":"status-publish","4":"has-post-thumbnail","6":"product_cat-microsoft-office","7":"product_cat-visio-microsoft-office","9":"first","10":"instock","11":"sale","12":"virtual","13":"taxable","14":"purchasable","15":"product-type-simple"},"acf":[],"_links":{"self":[{"href":"https:\/\/softwarelizenzexpress.de\/pt\/wp-json\/wp\/v2\/product\/56023","targetHints":{"allow":["GET"]}}],"collection":[{"href":"https:\/\/softwarelizenzexpress.de\/pt\/wp-json\/wp\/v2\/product"}],"about":[{"href":"https:\/\/softwarelizenzexpress.de\/pt\/wp-json\/wp\/v2\/types\/product"}],"replies":[{"embeddable":true,"href":"https:\/\/softwarelizenzexpress.de\/pt\/wp-json\/wp\/v2\/comments?post=56023"}],"wp:featuredmedia":[{"embeddable":true,"href":"https:\/\/softwarelizenzexpress.de\/pt\/wp-json\/wp\/v2\/media\/56033"}],"wp:attachment":[{"href":"https:\/\/softwarelizenzexpress.de\/pt\/wp-json\/wp\/v2\/media?parent=56023"}],"wp:term":[{"taxonomy":"product_brand","embeddable":true,"href":"https:\/\/softwarelizenzexpress.de\/pt\/wp-json\/wp\/v2\/product_brand?post=56023"},{"taxonomy":"product_cat","embeddable":true,"href":"https:\/\/softwarelizenzexpress.de\/pt\/wp-json\/wp\/v2\/product_cat?post=56023"},{"taxonomy":"product_tag","embeddable":true,"href":"https:\/\/softwarelizenzexpress.de\/pt\/wp-json\/wp\/v2\/product_tag?post=56023"}],"curies":[{"name":"wp","href":"https:\/\/api.w.org\/{rel}","templated":true}]}}