{"id":55956,"date":"2024-10-23T15:11:31","date_gmt":"2024-10-23T13:11:31","guid":{"rendered":"https:\/\/softwarelizenzexpress.de\/?post_type=product&#038;p=55956"},"modified":"2026-04-16T18:11:42","modified_gmt":"2026-04-16T16:11:42","slug":"microsoft-office-2024-standard-microsoft-windows-11-home","status":"publish","type":"product","link":"https:\/\/softwarelizenzexpress.de\/pt\/product\/microsoft-office-2024-standard-microsoft-windows-11-home\/","title":{"rendered":"Microsoft Office 2024 Standard + Microsoft Windows 11 Home"},"content":{"rendered":"<h3>Microsoft Office 2024 Standard<\/h3>\n<div style=\"margin-bottom: 15px;\"><strong>Com esta licen\u00e7a, o software pode ser ativado em 3 dispositivos diferentes, por exemplo, PC dom\u00e9stico, computador port\u00e1til e PC de trabalho.<\/strong><\/div>\n<div style=\"margin-bottom: 15px;\">Os utilizadores do Microsoft Office que utilizam a gama completa de aplica\u00e7\u00f5es em casa ou no escrit\u00f3rio s\u00e3o aconselhados a escolher o Microsoft Office 2024 Standard Edition. Todos os programas importantes est\u00e3o inclu\u00eddos: Word, Excel, Outlook, PowerPoint e Access (o Publisher j\u00e1 n\u00e3o est\u00e1 inclu\u00eddo, uma vez que ser\u00e1 descontinuado em 2026). O OneNote est\u00e1 agora dispon\u00edvel para transfer\u00eancia a partir da Microsoft Windows Store, para que possa tomar notas rapidamente e disponibiliz\u00e1-las em todos os dispositivos atrav\u00e9s da nuvem. Devido ao grande n\u00famero de programas diferentes, a vers\u00e3o standard destina-se principalmente a pessoas que trabalham em casa ou no escrit\u00f3rio dom\u00e9stico ou que procuram uma solu\u00e7\u00e3o poderosa e fi\u00e1vel para organizar documentos, folhas de c\u00e1lculo, etc. no escrit\u00f3rio.<\/div>\n<ul>\n<li><strong>Palavra<\/strong>Crie documentos de texto com qualidade profissional em pouco tempo.<\/li>\n<li><strong>Excel<\/strong>Folha de c\u00e1lculo inteligente para a gest\u00e3o da informa\u00e7\u00e3o.<\/li>\n<li><strong>PowerPoint<\/strong>Crie apresenta\u00e7\u00f5es din\u00e2micas impressionantes.<\/li>\n<li><strong>Perspectivas<\/strong>Comunica\u00e7\u00e3o facilitada.<\/li>\n<li class=\"J0lOec\"><span class=\"VIiyi\" lang=\"en\"><span class=\"JLqJ4b ChMk0b\" data-language-for-alternatives=\"en\" data-language-to-translate-into=\"de\" data-phrase-index=\"15\" data-number-of-phrases=\"18\"><strong>OneNote<\/strong>: O seu bloco de notas digital na nuvem.<\/span><\/span><\/li>\n<\/ul>\n<div><strong>Requisitos do sistema operativo: Microsoft Windows 10 ou 11<\/strong><\/div>\n<div><\/div>\n<div>\n<div id=\"primaryR2\" data-grid=\"container\" data-region-key=\"primaryr2\" data-m=\"{&quot;cN&quot;:&quot;primaryR2 1&quot;,&quot;cT&quot;:&quot;Region_coreui-region&quot;,&quot;id&quot;:&quot;r2a2&quot;,&quot;sN&quot;:2,&quot;aN&quot;:&quot;a2&quot;}\">\n<div id=\"coreui-banner-l03vzh8\" data-m=\"{&quot;cN&quot;:&quot;R2Banner 1&quot;,&quot;cT&quot;:&quot;Module_coreui-banner&quot;,&quot;id&quot;:&quot;m1r2a2&quot;,&quot;sN&quot;:1,&quot;aN&quot;:&quot;r2a2&quot;}\" data-module-id=\"WDG-Microsoft Windows|primaryR2|coreui-region|coreui-banner-l03vzh8|coreui-banner\">\n<div class=\"m-banner f-align-left\" data-grid=\"col-12\">\n<h2>Microsoft Windows 11 Home<\/h2>\n<h2 class=\"c-heading-3\">Requisitos do sistema<\/h2>\n<\/div>\n<\/div>\n<div id=\"coreui-divider-f6wmnt9\" data-m=\"{&quot;cN&quot;:&quot;R2Divider 1&quot;,&quot;cT&quot;:&quot;Module_coreui-divider&quot;,&quot;id&quot;:&quot;m2r2a2&quot;,&quot;sN&quot;:2,&quot;aN&quot;:&quot;r2a2&quot;}\" data-module-id=\"WDG-Microsoft Windows|primaryR2|coreui-region|coreui-divider-f6wmnt9|coreui-divider\">\n<hr class=\"c-divider f-pad-top-3x\" data-grid=\"col-12\" \/>\n<\/div>\n<div id=\"coreui-contentrichblock-o5iouct\" data-m=\"{&quot;cN&quot;:&quot;R2ContentRichBlock 1&quot;,&quot;cT&quot;:&quot;Module_coreui-contentrichblock&quot;,&quot;id&quot;:&quot;m3r2a2&quot;,&quot;sN&quot;:3,&quot;aN&quot;:&quot;r2a2&quot;}\" data-module-id=\"WDG-Microsoft Windows|primaryR2|coreui-region|coreui-contentrichblock-o5iouct|coreui-contentrichblock\">\n<div class=\"m-rich-content-block context-ucx\" data-grid=\"col-12\">\n<p><strong>Certifique-se de que est\u00e1 preparado para o melhor e mais recente sistema operativo da Microsoft!<\/strong><\/p>\n<p class=\"translation-block\">Estes s\u00e3o os requisitos b\u00e1sicos para instalar o Microsoft Windows 11 num PC. Se o seu dispositivo n\u00e3o cumprir estes requisitos, poder\u00e1 n\u00e3o conseguir instalar o Microsoft Windows 11 no seu dispositivo e dever\u00e1 considerar a compra de um novo PC. Se n\u00e3o tiver a certeza de que o seu PC cumpre estes requisitos, pode verificar com o fabricante do equipamento original (OEM) do seu PC ou, se o seu dispositivo j\u00e1 estiver a executar o Microsoft Windows 10, utilize a aplica\u00e7\u00e3o Verifica\u00e7\u00e3o de Estado do PC para verificar a compatibilidade (<a href=\"https:\/\/aka.ms\/GetPCHealthCheckApp\" target=\"_self\" rel=\"noopener\"><b>download<\/b><\/a>).<\/p>\n<table>\n<tbody>\n<tr>\n<td class=\"f-divided\"><strong>Processador:<\/strong><\/td>\n<td class=\"f-divided\">1 gigahertz (GHz) ou mais r\u00e1pido com 2 ou mais n\u00facleos num <strong><a href=\"https:\/\/www.microsoft.com\/de-de\/windows\/windows-11-specifications\" target=\"_self\" rel=\"noopener\">processador de 64 bits compat\u00edvel<\/a><\/strong> ou SoC (System on a Chip).<\/td>\n<\/tr>\n<tr>\n<td class=\"f-divided\"><strong>RAM:<\/strong><\/td>\n<td class=\"f-divided\">4 gigabytes (GB)<\/td>\n<\/tr>\n<tr>\n<td class=\"f-divided\"><strong>Espa\u00e7o de armazenamento:<\/strong><\/td>\n<td class=\"f-divided\">64 GB ou mais<\/p>\n<p>Nota: Consulte a sec\u00e7\u00e3o \"Mais informa\u00e7\u00f5es sobre o espa\u00e7o de armazenamento para manter o Microsoft Windows 11 atualizado\" para obter mais informa\u00e7\u00f5es.<\/td>\n<\/tr>\n<tr>\n<td class=\"f-divided\"><strong>Firmware do sistema:<\/strong><\/td>\n<td class=\"f-divided\">UEFI, com capacidade de arranque seguro<\/td>\n<\/tr>\n<tr>\n<td class=\"f-divided\"><strong>TPM:<\/strong><\/td>\n<td class=\"f-divided\">Trusted Platform Module (TPM) vers\u00e3o 2.0<\/td>\n<\/tr>\n<tr>\n<td class=\"f-divided\"><strong>Placa gr\u00e1fica:<\/strong><\/td>\n<td class=\"f-divided\">Compat\u00edvel com DirectX 12 ou superior com controlador WDDM 2.0<\/td>\n<\/tr>\n<tr>\n<td class=\"f-divided\"><strong>Ecr\u00e3:<\/strong><\/td>\n<td class=\"f-divided\">Ecr\u00e3 de alta resolu\u00e7\u00e3o (720p) com uma diagonal de mais de 9\u2033, 8 bits por canal de cor<\/td>\n<\/tr>\n<tr>\n<td class=\"f-divided\"><strong>Liga\u00e7\u00e3o \u00e0 Internet e contas Microsoft:\u00a0<\/strong><\/td>\n<td class=\"f-divided\">O Microsoft Windows 11 Home Edition requer uma liga\u00e7\u00e3o \u00e0 Internet e uma conta Microsoft para concluir a configura\u00e7\u00e3o do dispositivo na primeira utiliza\u00e7\u00e3o.<\/p>\n<p>A mudan\u00e7a de um dispositivo do modo Microsoft Windows 11 Home para o modo S tamb\u00e9m requer uma liga\u00e7\u00e3o \u00e0 Internet.<\/p>\n<p>O acesso \u00e0 Internet \u00e9 necess\u00e1rio para todas as edi\u00e7\u00f5es do Microsoft Windows 11 para efetuar actualiza\u00e7\u00f5es e para descarregar e utilizar algumas fun\u00e7\u00f5es. \u00c9 necess\u00e1ria uma conta Microsoft para algumas fun\u00e7\u00f5es.<\/td>\n<\/tr>\n<\/tbody>\n<\/table>\n<\/div>\n<\/div>\n<div id=\"coreui-contentrichblock-wqm7a2a\" data-m=\"{&quot;cN&quot;:&quot;R2ContentRichBlock 2&quot;,&quot;cT&quot;:&quot;Module_coreui-contentrichblock&quot;,&quot;id&quot;:&quot;m5r2a2&quot;,&quot;sN&quot;:5,&quot;aN&quot;:&quot;r2a2&quot;}\" data-module-id=\"WDG-Microsoft Windows|primaryR2|coreui-region|coreui-contentrichblock-wqm7a2a|coreui-contentrichblock\">\n<div class=\"m-rich-content-block context-ucx\" data-grid=\"col-12\">\n<p>Ao longo do tempo, podem ser acrescentados requisitos adicionais para actualiza\u00e7\u00f5es e requisitos para a ativa\u00e7\u00e3o de determinadas fun\u00e7\u00f5es no sistema operativo.<\/p>\n<\/div>\n<\/div>\n<\/div>\n<div id=\"primaryR3\" data-grid=\"container\" data-region-key=\"primaryr3\" data-m=\"{&quot;cN&quot;:&quot;primaryR3 1&quot;,&quot;cT&quot;:&quot;Region_coreui-region&quot;,&quot;id&quot;:&quot;r3a2&quot;,&quot;sN&quot;:3,&quot;aN&quot;:&quot;a2&quot;}\">\n<div id=\"coreui-banner-iods39j\" data-m=\"{&quot;cN&quot;:&quot;R3Banner 1&quot;,&quot;cT&quot;:&quot;Module_coreui-banner&quot;,&quot;id&quot;:&quot;m1r3a2&quot;,&quot;sN&quot;:1,&quot;aN&quot;:&quot;r3a2&quot;}\" data-module-id=\"WDG-Microsoft Windows|primaryR3|coreui-region|coreui-banner-iods39j|coreui-banner\">\n<div class=\"m-banner f-align-left\" data-grid=\"col-12\">\n<h2 class=\"c-heading-3\">Requisitos espec\u00edficos da fun\u00e7\u00e3o para o Microsoft Windows 11<\/h2>\n<\/div>\n<\/div>\n<div id=\"coreui-divider-xjbne9z\" data-m=\"{&quot;cN&quot;:&quot;R2Divider 1&quot;,&quot;cT&quot;:&quot;Module_coreui-divider&quot;,&quot;id&quot;:&quot;m2r3a2&quot;,&quot;sN&quot;:2,&quot;aN&quot;:&quot;r3a2&quot;}\" data-module-id=\"WDG-Microsoft Windows|primaryR3|coreui-region|coreui-divider-xjbne9z|coreui-divider\">\n<hr class=\"c-divider f-pad-top-3x\" data-grid=\"col-12\" \/>\n<\/div>\n<div id=\"coreui-contentrichblock-rhi1sei\" data-m=\"{&quot;cN&quot;:&quot;R2ContentRichBlock 1&quot;,&quot;cT&quot;:&quot;Module_coreui-contentrichblock&quot;,&quot;id&quot;:&quot;m3r3a2&quot;,&quot;sN&quot;:3,&quot;aN&quot;:&quot;r3a2&quot;}\" data-module-id=\"WDG-Microsoft Windows|primaryR3|coreui-region|coreui-contentrichblock-rhi1sei|coreui-contentrichblock\">\n<div class=\"m-rich-content-block context-ucx\" data-grid=\"col-12\">\n<p>Algumas funcionalidades do Microsoft Windows 11 t\u00eam requisitos mais rigorosos do que os listados na sec\u00e7\u00e3o Requisitos M\u00ednimos acima. Abaixo encontrar\u00e1 alguns detalhes adicionais sobre os requisitos para fun\u00e7\u00f5es importantes:<\/p>\n<div>\n<ul class=\"c-list\">\n<li><strong>Suporte 5G<\/strong> requer um modem compat\u00edvel com 5G.<\/li>\n<li><strong>HDR autom\u00e1tico<\/strong> requer um monitor HDR.<\/li>\n<li><strong>BitLocker to Go<\/strong> requer uma unidade flash USB (dispon\u00edvel nas edi\u00e7\u00f5es Microsoft Windows Pro e superiores).<\/li>\n<li><strong>Cliente Hyper-V<\/strong> requer um processador com fun\u00e7\u00f5es SLAT (Tradu\u00e7\u00e3o de endere\u00e7os de segundo n\u00edvel) (dispon\u00edvel no Microsoft Windows Pro e edi\u00e7\u00f5es superiores).<\/li>\n<li><strong>Cortana<\/strong> requer um microfone e um altifalante e est\u00e1 atualmente dispon\u00edvel no Microsoft Windows 11 para a Austr\u00e1lia, Brasil, Canad\u00e1, China, Fran\u00e7a, Alemanha, \u00cdndia, It\u00e1lia, Jap\u00e3o, M\u00e9xico, Espanha, Reino Unido e Estados Unidos.<\/li>\n<li><strong>DirectStorage<\/strong> requer um SSD NVMe para armazenar e executar jogos que utilizem o controlador \"Standard NVM Express Controller\" e uma GPU DirectX12 com suporte de Shader Model 6.0.<\/li>\n<li><strong>DirectX 12 Ultimate<\/strong> est\u00e1 dispon\u00edvel com jogos e chips gr\u00e1ficos suportados.<\/li>\n<li><strong>Presen\u00e7a<\/strong> requer um sensor que possa detetar a dist\u00e2ncia entre o ser humano e o dispositivo ou a inten\u00e7\u00e3o de interagir com o dispositivo.<\/li>\n<li><strong>Videoconfer\u00eancia inteligente<\/strong> requerem uma c\u00e2mara de v\u00eddeo, um microfone e um altifalante (sa\u00edda de \u00e1udio).<\/li>\n<li><strong>Assistente de voz m\u00faltipla (MVA)<\/strong> requer um microfone e um altifalante.<\/li>\n<li><strong>Resolu\u00e7\u00e3o<\/strong>\u00a0Para layouts de snap de tr\u00eas colunas, \u00e9 necess\u00e1rio um ecr\u00e3 com uma largura de, pelo menos, 1920 pixels efectivos.<\/li>\n<li><strong>Silenciar\/ativar o som atrav\u00e9s da barra de tarefas<\/strong> requer uma c\u00e2mara de v\u00eddeo, um microfone e um altifalante (sa\u00edda de \u00e1udio). A aplica\u00e7\u00e3o tem de ser compat\u00edvel com a fun\u00e7\u00e3o para ativar o silenciamento global.<\/li>\n<li><strong>Som espacial<\/strong> requer hardware e software de apoio.<\/li>\n<li><strong>Equipas<\/strong> requer c\u00e2mara de v\u00eddeo, microfone e altifalante (sa\u00edda de \u00e1udio).<\/li>\n<li><strong>Tato<\/strong> requer um ecr\u00e3 ou monitor que suporte multi-toque.<\/li>\n<li><strong>Autentica\u00e7\u00e3o de dois factores<\/strong> requer a utiliza\u00e7\u00e3o de um PIN, de dados biom\u00e9tricos (leitor de impress\u00f5es digitais ou c\u00e2mara de infravermelhos iluminada) ou de um telem\u00f3vel com fun\u00e7\u00f5es Wi-Fi ou Bluetooth.<\/li>\n<li><strong>Dactilografia por voz<\/strong> requer um PC com um microfone.<\/li>\n<li><strong>Despertar na voz<\/strong> requer um modelo moderno de alimenta\u00e7\u00e3o em modo de espera e um microfone.<\/li>\n<li><strong>Wi-Fi 6E<\/strong> requer novo hardware e controladores WLAN IHV, bem como um AP\/router com capacidade Wi-Fi 6E.<\/li>\n<li><strong>Microsoft Windows Hello<\/strong> requer uma c\u00e2mara configurada para imagens de infravermelhos pr\u00f3ximos (IR) ou um leitor de impress\u00f5es digitais para autentica\u00e7\u00e3o biom\u00e9trica. Os dispositivos sem sensores biom\u00e9tricos podem utilizar o Microsoft Windows Hello com um PIN ou uma chave de seguran\u00e7a port\u00e1til compat\u00edvel com a Microsoft.<\/li>\n<li><strong>Microsoft Windows Proje\u00e7\u00e3o da Microsoft<\/strong> requer um adaptador de ecr\u00e3 que suporte o Microsoft Windows Display Driver Model (WDDM) 2.0 e um adaptador Wi-Fi que suporte Wi-Fi Diret.<\/li>\n<li><strong>Xbox (aplica\u00e7\u00e3o)<\/strong> requer uma conta Xbox Live, que n\u00e3o est\u00e1 dispon\u00edvel em todas as regi\u00f5es. Consulta os pa\u00edses e regi\u00f5es do Xbox Live para obteres as informa\u00e7\u00f5es de disponibilidade mais recentes. Algumas funcionalidades da aplica\u00e7\u00e3o Xbox requerem uma subscri\u00e7\u00e3o Xbox Game Pass ativa. Saiba mais sobre o passe.<\/li>\n<\/ul>\n<\/div>\n<\/div>\n<\/div>\n<\/div>\n<\/div>","protected":false},"excerpt":{"rendered":"<ul>\n<li>Microsoft Office 2024 Licen\u00e7a standard para 3 PC<\/li>\n<li>Microsoft Windows 11 Home para 1 PC<\/li>\n<li><strong>Com esta licen\u00e7a, o software pode ser ativado em 3 dispositivos diferentes, por exemplo, PC dom\u00e9stico, computador port\u00e1til e PC de trabalho.<\/strong><\/li>\n<li>Vers\u00e3o para sistemas de 32 e 64 bits, vers\u00f5es completas ilimitadas do software <strong>do Microsoft Gold Partner certificado<\/strong><\/li>\n<li><strong>30 dias de reembolso total - Garantia de substitui\u00e7\u00e3o vital\u00edcia!<\/strong><\/li>\n<li>Entrega por correio eletr\u00f3nico: Chave do produto, instru\u00e7\u00f5es, liga\u00e7\u00f5es de transfer\u00eancia, fatura<\/li>\n<li>Transfer\u00eancia imediata!<\/li>\n<li>Sem limite de tempo, sem subscri\u00e7\u00e3o<\/li>\n<li>Suporte gratuito 24 horas por dia, 7 dias por semana, para problemas de instala\u00e7\u00e3o e ativa\u00e7\u00e3o<\/li>\n<li>N\u00e3o entrega em suportes de dados (USB, CD, etc.)<\/li>\n<li>Ativa\u00e7\u00e3o online e por telefone<\/li>\n<li>L\u00ednguas: Ingl\u00eas, espanhol, italiano, alem\u00e3o, franc\u00eas<\/li>\n<li><strong><span style=\"color: #008000;\"> Este produto \u00e9 compat\u00edvel com o Microsoft Windows.<\/span><\/strong><\/li>\n<li><strong><span style=\"color: #ff0000;\">N\u00c3O \u00e9 compat\u00edvel com Apple macOS\u2122, dispositivos Android e Chromebooks.<\/span><\/strong><\/li>\n<\/ul>","protected":false},"featured_media":55962,"comment_status":"open","ping_status":"closed","template":"","meta":{"_acf_changed":false},"product_brand":[],"product_cat":[227,228,23],"product_tag":[],"class_list":{"0":"post-55956","1":"product","2":"type-product","3":"status-publish","4":"has-post-thumbnail","6":"product_cat-microsoft-office","7":"product_cat-228","8":"product_cat-windows-desktop","10":"first","11":"instock","12":"sale","13":"virtual","14":"taxable","15":"purchasable","16":"product-type-simple"},"acf":[],"_links":{"self":[{"href":"https:\/\/softwarelizenzexpress.de\/pt\/wp-json\/wp\/v2\/product\/55956","targetHints":{"allow":["GET"]}}],"collection":[{"href":"https:\/\/softwarelizenzexpress.de\/pt\/wp-json\/wp\/v2\/product"}],"about":[{"href":"https:\/\/softwarelizenzexpress.de\/pt\/wp-json\/wp\/v2\/types\/product"}],"replies":[{"embeddable":true,"href":"https:\/\/softwarelizenzexpress.de\/pt\/wp-json\/wp\/v2\/comments?post=55956"}],"wp:featuredmedia":[{"embeddable":true,"href":"https:\/\/softwarelizenzexpress.de\/pt\/wp-json\/wp\/v2\/media\/55962"}],"wp:attachment":[{"href":"https:\/\/softwarelizenzexpress.de\/pt\/wp-json\/wp\/v2\/media?parent=55956"}],"wp:term":[{"taxonomy":"product_brand","embeddable":true,"href":"https:\/\/softwarelizenzexpress.de\/pt\/wp-json\/wp\/v2\/product_brand?post=55956"},{"taxonomy":"product_cat","embeddable":true,"href":"https:\/\/softwarelizenzexpress.de\/pt\/wp-json\/wp\/v2\/product_cat?post=55956"},{"taxonomy":"product_tag","embeddable":true,"href":"https:\/\/softwarelizenzexpress.de\/pt\/wp-json\/wp\/v2\/product_tag?post=55956"}],"curies":[{"name":"wp","href":"https:\/\/api.w.org\/{rel}","templated":true}]}}