{"id":54398,"date":"2024-07-19T21:46:22","date_gmt":"2024-07-19T19:46:22","guid":{"rendered":"https:\/\/softwarelizenzexpress.de\/?post_type=product&#038;p=54398"},"modified":"2026-04-16T18:11:33","modified_gmt":"2026-04-16T16:11:33","slug":"microsoft-office-2024-pro-plus-office-2019-pro-plus-fuer-3-pc","status":"publish","type":"product","link":"https:\/\/softwarelizenzexpress.de\/pt\/product\/microsoft-office-2024-pro-plus-office-2019-pro-plus-fuer-3-pc\/","title":{"rendered":"Licen\u00e7a do Microsoft Office 2024 Professional Plus + Microsoft Office 2019 Professional Plus para 3 PC"},"content":{"rendered":"<h3><strong>Microsoft Office 2024 Professional Plus<\/strong><\/h3>\n<div style=\"margin-bottom: 15px;\"><strong>Com esta licen\u00e7a, o software pode ser ativado em 3 dispositivos diferentes, por exemplo, PC dom\u00e9stico, computador port\u00e1til e PC de trabalho.<\/strong><\/div>\n<div style=\"margin-bottom: 15px;\">Os utilizadores do Microsoft Office que utilizam a gama completa de aplica\u00e7\u00f5es em casa ou no escrit\u00f3rio s\u00e3o aconselhados a adquirir o Microsoft Office 2024 Professional Plus Edition. Todos os programas importantes est\u00e3o inclu\u00eddos: Word, Excel, Outlook, PowerPoint e Access (o Publisher j\u00e1 n\u00e3o est\u00e1 inclu\u00eddo, uma vez que ser\u00e1 descontinuado em 2026). O OneNote est\u00e1 agora dispon\u00edvel para transfer\u00eancia a partir da Microsoft Windows Store, para que possa tomar notas rapidamente e disponibiliz\u00e1-las em todos os dispositivos atrav\u00e9s da nuvem. A vers\u00e3o Professional Plus destina-se principalmente a pessoas que trabalham em casa ou no escrit\u00f3rio dom\u00e9stico ou que procuram uma solu\u00e7\u00e3o potente e fi\u00e1vel para organizar documentos, folhas de c\u00e1lculo, etc. no escrit\u00f3rio, devido ao grande n\u00famero de programas diferentes.<\/div>\n<ul>\n<li><strong>Palavra<\/strong>Crie documentos de texto com qualidade profissional em pouco tempo.<\/li>\n<li><strong>Excel<\/strong>Folha de c\u00e1lculo inteligente para a gest\u00e3o da informa\u00e7\u00e3o.<\/li>\n<li><strong>PowerPoint<\/strong>Crie apresenta\u00e7\u00f5es din\u00e2micas impressionantes.<\/li>\n<li><strong>OneNote<\/strong>O seu bloco de notas digital.<\/li>\n<li><strong>Perspectivas<\/strong>Comunica\u00e7\u00e3o facilitada.<\/li>\n<li><strong>Acesso<\/strong>Programa\u00e7\u00e3o de bases de dados para aplica\u00e7\u00f5es baseadas no browser<\/li>\n<\/ul>\n<p><strong>Nota importante: As equipas<\/strong> est\u00e1 dispon\u00edvel nesta vers\u00e3o do Office <strong>N\u00c3O<\/strong> inclu\u00eddo!<\/p>\n<div>\n<p><strong>Requisitos do sistema operativo: Microsoft Windows 10 ou 11<\/strong><\/p>\n<div>\n<hr \/>\n<h3><strong>Microsoft Office 2019 Professional Plus<\/strong><\/h3>\n<p>Para quem precisa de um conjunto de ferramentas robusto e fi\u00e1vel para utilizar em casa ou no escrit\u00f3rio, o Office 2019 Professional Plus Edition oferece uma solu\u00e7\u00e3o abrangente. Todos os principais programas est\u00e3o inclu\u00eddos: Word, Excel, Outlook, PowerPoint, Publisher e Access. O OneNote j\u00e1 est\u00e1 dispon\u00edvel para transfer\u00eancia a partir da Windows Store, para que possa tomar notas rapidamente e t\u00ea-las dispon\u00edveis em todos os dispositivos atrav\u00e9s da nuvem. Devido \u00e0 vasta gama de programas diferentes, a vers\u00e3o Professional Plus destina-se principalmente a pessoas que trabalham a partir de casa, gerem um escrit\u00f3rio em casa ou procuram uma solu\u00e7\u00e3o de escrit\u00f3rio potente e fi\u00e1vel para organizar documentos, folhas de c\u00e1lculo, etc.<\/p>\n<p><strong>Principais carater\u00edsticas do Office 2019 Professional Plus:<\/strong><\/p>\n<ul>\n<li><strong>Palavra<\/strong>Crie documentos de texto com qualidade profissional em pouco tempo.<\/li>\n<li><strong>Excel<\/strong>Folha de c\u00e1lculo inteligente para gerir a informa\u00e7\u00e3o.<\/li>\n<li><strong>PowerPoint<\/strong>Crie apresenta\u00e7\u00f5es din\u00e2micas impressionantes.<\/li>\n<li><strong>OneNote<\/strong>O seu bloco de notas digital.<\/li>\n<li><strong>Perspectivas<\/strong>Comunica\u00e7\u00e3o facilitada.<\/li>\n<li><strong>Editora<\/strong>Reda\u00e7\u00e3o de publica\u00e7\u00f5es especializadas.<\/li>\n<li><strong>Acesso<\/strong>Programa\u00e7\u00e3o de bases de dados para aplica\u00e7\u00f5es baseadas em browsers.<\/li>\n<li><strong>Microsoft Teams<\/strong>Maior produtividade atrav\u00e9s de mensagens instant\u00e2neas e videoconfer\u00eancia HD.<\/li>\n<\/ul>\n<hr \/>\n<p>Com esta combina\u00e7\u00e3o exclusiva, obt\u00e9m o melhor de ambas as vers\u00f5es do Office, garantindo a estabilidade e a fiabilidade do Office 2019 e a inova\u00e7\u00e3o e as novas funcionalidades do Office 2024. N\u00e3o perca a oportunidade de atualizar e maximizar a sua produtividade!<\/p>\n<div id=\"simple-translate\" class=\"simple-translate-system-theme\">\n<div>\n<div class=\"simple-translate-button isShow\" style=\"height: 22px; width: 22px; top: 420px; left: 17px;\"><\/div>\n<div class=\"simple-translate-panel\" style=\"width: 300px; height: 200px; top: 0px; left: 0px; font-size: 13px;\">\n<div class=\"simple-translate-result-wrapper\" style=\"overflow: hidden;\">\n<div class=\"simple-translate-move\"><\/div>\n<div class=\"simple-translate-result-contents\">\n<p class=\"simple-translate-candidate\" dir=\"auto\">\n<\/div>\n<\/div>\n<\/div>\n<\/div>\n<\/div>\n<\/div>\n<\/div>","protected":false},"excerpt":{"rendered":"<ul>\n<li>Licen\u00e7a do Microsoft Office 2024 Professional Plus para 3 PC<\/li>\n<li>Licen\u00e7a do Microsoft Office 2019 Professional Plus para 3 PC<\/li>\n<li><strong>Com esta licen\u00e7a, o software pode ser ativado em 3 dispositivos diferentes, por exemplo, PC dom\u00e9stico, computador port\u00e1til e PC de trabalho.<\/strong><\/li>\n<li>Vers\u00e3o para sistemas de 32 e 64 bits, vers\u00f5es completas ilimitadas do software <strong>do Microsoft Gold Partner certificado<\/strong><\/li>\n<li><strong>30 dias de reembolso total - Garantia de substitui\u00e7\u00e3o vital\u00edcia!<\/strong><\/li>\n<li>Entrega por correio eletr\u00f3nico: Chave do produto, instru\u00e7\u00f5es, liga\u00e7\u00f5es de transfer\u00eancia, fatura<\/li>\n<li>Transfer\u00eancia imediata!<\/li>\n<li>Sem limite de tempo, sem subscri\u00e7\u00e3o<\/li>\n<li>Suporte gratuito 24 horas por dia, 7 dias por semana, para problemas de instala\u00e7\u00e3o e ativa\u00e7\u00e3o<\/li>\n<li>N\u00e3o entrega em suportes de dados (USB, CD, etc.)<\/li>\n<li>Ativa\u00e7\u00e3o online e por telefone<\/li>\n<li>L\u00ednguas: Ingl\u00eas, espanhol, italiano, alem\u00e3o, franc\u00eas<\/li>\n<li><strong><span style=\"color: #008000;\"> Este produto \u00e9 compat\u00edvel com o Microsoft Windows.<\/span><\/strong><\/li>\n<li><strong><span style=\"color: #ff0000;\">N\u00c3O \u00e9 compat\u00edvel com Apple macOS\u2122, dispositivos Android e Chromebooks.<\/span><\/strong><\/li>\n<\/ul>","protected":false},"featured_media":54404,"comment_status":"closed","ping_status":"closed","template":"","meta":{"_acf_changed":false},"product_brand":[],"product_cat":[227,228],"product_tag":[],"class_list":{"0":"post-54398","1":"product","2":"type-product","3":"status-publish","4":"has-post-thumbnail","6":"product_cat-microsoft-office","7":"product_cat-228","9":"first","10":"instock","11":"sale","12":"virtual","13":"taxable","14":"purchasable","15":"product-type-simple"},"acf":[],"_links":{"self":[{"href":"https:\/\/softwarelizenzexpress.de\/pt\/wp-json\/wp\/v2\/product\/54398","targetHints":{"allow":["GET"]}}],"collection":[{"href":"https:\/\/softwarelizenzexpress.de\/pt\/wp-json\/wp\/v2\/product"}],"about":[{"href":"https:\/\/softwarelizenzexpress.de\/pt\/wp-json\/wp\/v2\/types\/product"}],"replies":[{"embeddable":true,"href":"https:\/\/softwarelizenzexpress.de\/pt\/wp-json\/wp\/v2\/comments?post=54398"}],"wp:featuredmedia":[{"embeddable":true,"href":"https:\/\/softwarelizenzexpress.de\/pt\/wp-json\/wp\/v2\/media\/54404"}],"wp:attachment":[{"href":"https:\/\/softwarelizenzexpress.de\/pt\/wp-json\/wp\/v2\/media?parent=54398"}],"wp:term":[{"taxonomy":"product_brand","embeddable":true,"href":"https:\/\/softwarelizenzexpress.de\/pt\/wp-json\/wp\/v2\/product_brand?post=54398"},{"taxonomy":"product_cat","embeddable":true,"href":"https:\/\/softwarelizenzexpress.de\/pt\/wp-json\/wp\/v2\/product_cat?post=54398"},{"taxonomy":"product_tag","embeddable":true,"href":"https:\/\/softwarelizenzexpress.de\/pt\/wp-json\/wp\/v2\/product_tag?post=54398"}],"curies":[{"name":"wp","href":"https:\/\/api.w.org\/{rel}","templated":true}]}}