{"id":54396,"date":"2024-07-19T21:46:22","date_gmt":"2024-07-19T19:46:22","guid":{"rendered":"https:\/\/softwarelizenzexpress.de\/?post_type=product&#038;p=54396"},"modified":"2026-04-16T18:11:33","modified_gmt":"2026-04-16T16:11:33","slug":"microsoft-office-2024-pro-plus-microsoft-windows-11-pro-lizenz-fuer-3-pc","status":"publish","type":"product","link":"https:\/\/softwarelizenzexpress.de\/pt\/product\/microsoft-office-2024-pro-plus-microsoft-windows-11-pro-lizenz-fuer-3-pc\/","title":{"rendered":"Microsoft Office 2024 Professional Plus + licen\u00e7a Microsoft Windows 11 Professional para 3 PCs"},"content":{"rendered":"<h3><strong>Microsoft Office 2024 Professional Plus<\/strong><\/h3>\n<div style=\"margin-bottom: 15px;\"><strong>Com esta licen\u00e7a, o software pode ser ativado em 3 dispositivos diferentes, por exemplo, PC dom\u00e9stico, computador port\u00e1til e PC de trabalho.<\/strong><\/div>\n<div style=\"margin-bottom: 15px;\">Os utilizadores do Microsoft Office que utilizam a gama completa de aplica\u00e7\u00f5es em casa ou no escrit\u00f3rio s\u00e3o aconselhados a adquirir o Microsoft Office 2024 Professional Plus Edition. Todos os programas importantes est\u00e3o inclu\u00eddos: Word, Excel, Outlook, PowerPoint e Access (o Publisher j\u00e1 n\u00e3o est\u00e1 inclu\u00eddo, uma vez que ser\u00e1 descontinuado em 2026). O OneNote est\u00e1 agora dispon\u00edvel para transfer\u00eancia a partir da Microsoft Windows Store, para que possa tomar notas rapidamente e disponibiliz\u00e1-las em todos os dispositivos atrav\u00e9s da nuvem. A vers\u00e3o Professional Plus destina-se principalmente a pessoas que trabalham em casa ou no escrit\u00f3rio dom\u00e9stico ou que procuram uma solu\u00e7\u00e3o potente e fi\u00e1vel para organizar documentos, folhas de c\u00e1lculo, etc. no escrit\u00f3rio, devido ao grande n\u00famero de programas diferentes.<\/div>\n<ul>\n<li><strong>Palavra<\/strong>Crie documentos de texto com qualidade profissional em pouco tempo.<\/li>\n<li><strong>Excel<\/strong>Folha de c\u00e1lculo inteligente para a gest\u00e3o da informa\u00e7\u00e3o.<\/li>\n<li><strong>PowerPoint<\/strong>Crie apresenta\u00e7\u00f5es din\u00e2micas impressionantes.<\/li>\n<li><strong>OneNote<\/strong>O seu bloco de notas digital.<\/li>\n<li><strong>Perspectivas<\/strong>Comunica\u00e7\u00e3o facilitada.<\/li>\n<li><strong>Acesso<\/strong>Programa\u00e7\u00e3o de bases de dados para aplica\u00e7\u00f5es baseadas no browser<\/li>\n<\/ul>\n<div>\n<p><strong>Requisitos do sistema operativo: Microsoft Windows 10 ou 11<\/strong><\/p>\n<div>\n<hr \/>\n<h3><strong>Licen\u00e7a do Windows 11 Professional para 3 PCs<\/strong><\/h3>\n<p>Experimente o auge da computa\u00e7\u00e3o moderna com o Windows 11 Professional. Este sistema operativo combina um design elegante com um desempenho potente, proporcionando um ambiente seguro e sem falhas para trabalhar e divertir-se. O Windows 11 Professional foi concebido para o ajudar a fazer mais, com novas funcionalidades e melhorias que aumentam a produtividade e a conetividade.<\/p>\n<p><strong>Principais carater\u00edsticas do Windows 11 Professional:<\/strong><\/p>\n<ul>\n<li><strong>Interface intuitiva:<\/strong> Um design fresco e claro que aumenta a sua produtividade.<\/li>\n<li><strong>Desempenho melhorado:<\/strong> Tempos de arranque mais r\u00e1pidos, gest\u00e3o eficiente de recursos e seguran\u00e7a melhorada.<\/li>\n<li><strong>\u00c1reas de trabalho virtuais:<\/strong> Organize facilmente o seu espa\u00e7o de trabalho com v\u00e1rios computadores de secret\u00e1ria.<\/li>\n<li><strong>Apanhar esquemas e grupos:<\/strong> Organize e gira facilmente as suas janelas abertas para multitarefas.<\/li>\n<li><strong>Integra\u00e7\u00e3o do Microsoft Teams:<\/strong> Mantenha-se em contacto com as ferramentas integradas de conversa\u00e7\u00e3o e videoconfer\u00eancia.<\/li>\n<li><strong>Seguran\u00e7a refor\u00e7ada:<\/strong> Proteja os seus dados com fun\u00e7\u00f5es de seguran\u00e7a topo de gama.<\/li>\n<\/ul>\n<p>Com uma atualiza\u00e7\u00e3o para o Windows 11 Professional, pode aproveitar todo o potencial do seu PC, quer esteja a trabalhar em casa, no escrit\u00f3rio ou em movimento.<\/p>\n<hr \/>\n<p>Com esta combina\u00e7\u00e3o exclusiva, obt\u00e9m o derradeiro conjunto de produtividade e o sistema operativo mais avan\u00e7ado. Desfrute das funcionalidades e inova\u00e7\u00f5es de ponta do Office 2024 Professional Plus em conjunto com o design elegante e o desempenho poderoso do Windows 11 Professional. N\u00e3o perca a oportunidade de atualizar e maximizar a sua produtividade!<\/p>\n<\/div>\n<\/div>","protected":false},"excerpt":{"rendered":"<ul>\n<li>Licen\u00e7a do Microsoft Office 2024 Professional Plus para 3 PC<\/li>\n<li>Licen\u00e7a Microsoft Windows 11 Professional para 3 PC<\/li>\n<li><strong>Com esta licen\u00e7a, o software pode ser ativado em 3 dispositivos diferentes, por exemplo, PC dom\u00e9stico, computador port\u00e1til e PC de trabalho.<\/strong><\/li>\n<li>Vers\u00e3o para sistemas de 32 e 64 bits, vers\u00f5es completas ilimitadas do software <strong>do Microsoft Gold Partner certificado<\/strong><\/li>\n<li><strong>30 dias de reembolso total - Garantia de substitui\u00e7\u00e3o vital\u00edcia!<\/strong><\/li>\n<li>Entrega por correio eletr\u00f3nico: Chave do produto, instru\u00e7\u00f5es, liga\u00e7\u00f5es de transfer\u00eancia, fatura<\/li>\n<li>Transfer\u00eancia imediata!<\/li>\n<li>Sem limite de tempo, sem subscri\u00e7\u00e3o<\/li>\n<li>Suporte gratuito 24 horas por dia, 7 dias por semana, para problemas de instala\u00e7\u00e3o e ativa\u00e7\u00e3o<\/li>\n<li>N\u00e3o entrega em suportes de dados (USB, CD, etc.)<\/li>\n<li>Ativa\u00e7\u00e3o online e por telefone<\/li>\n<li>L\u00ednguas: Ingl\u00eas, espanhol, italiano, alem\u00e3o, franc\u00eas<\/li>\n<li><strong><span style=\"color: #008000;\"> Este produto \u00e9 compat\u00edvel com o Microsoft Windows.<\/span><\/strong><\/li>\n<li><strong><span style=\"color: #ff0000;\">N\u00c3O \u00e9 compat\u00edvel com Apple macOS\u2122, dispositivos Android e Chromebooks.<\/span><\/strong><\/li>\n<\/ul>","protected":false},"featured_media":54402,"comment_status":"closed","ping_status":"closed","template":"","meta":{"_acf_changed":false},"product_brand":[],"product_cat":[227,228,252],"product_tag":[230,231],"class_list":{"0":"post-54396","1":"product","2":"type-product","3":"status-publish","4":"has-post-thumbnail","6":"product_cat-microsoft-office","7":"product_cat-228","8":"product_cat-windows-11","9":"product_tag-microsoft-office-2024-pro-plus-microsoft-windows-11-pro","10":"product_tag-microsoft-office-2024-pro-plus-microsoft-windows-11-pro-lizenz-fuer-3-pc","12":"first","13":"instock","14":"sale","15":"featured","16":"virtual","17":"taxable","18":"purchasable","19":"product-type-simple"},"acf":[],"_links":{"self":[{"href":"https:\/\/softwarelizenzexpress.de\/pt\/wp-json\/wp\/v2\/product\/54396","targetHints":{"allow":["GET"]}}],"collection":[{"href":"https:\/\/softwarelizenzexpress.de\/pt\/wp-json\/wp\/v2\/product"}],"about":[{"href":"https:\/\/softwarelizenzexpress.de\/pt\/wp-json\/wp\/v2\/types\/product"}],"replies":[{"embeddable":true,"href":"https:\/\/softwarelizenzexpress.de\/pt\/wp-json\/wp\/v2\/comments?post=54396"}],"wp:featuredmedia":[{"embeddable":true,"href":"https:\/\/softwarelizenzexpress.de\/pt\/wp-json\/wp\/v2\/media\/54402"}],"wp:attachment":[{"href":"https:\/\/softwarelizenzexpress.de\/pt\/wp-json\/wp\/v2\/media?parent=54396"}],"wp:term":[{"taxonomy":"product_brand","embeddable":true,"href":"https:\/\/softwarelizenzexpress.de\/pt\/wp-json\/wp\/v2\/product_brand?post=54396"},{"taxonomy":"product_cat","embeddable":true,"href":"https:\/\/softwarelizenzexpress.de\/pt\/wp-json\/wp\/v2\/product_cat?post=54396"},{"taxonomy":"product_tag","embeddable":true,"href":"https:\/\/softwarelizenzexpress.de\/pt\/wp-json\/wp\/v2\/product_tag?post=54396"}],"curies":[{"name":"wp","href":"https:\/\/api.w.org\/{rel}","templated":true}]}}