{"id":54395,"date":"2024-07-19T21:46:22","date_gmt":"2024-07-19T19:46:22","guid":{"rendered":"https:\/\/softwarelizenzexpress.de\/?post_type=product&#038;p=54395"},"modified":"2026-04-16T18:11:33","modified_gmt":"2026-04-16T16:11:33","slug":"microsoft-office-2024-pro-plus-windows-10-pro-fuer-3-pc","status":"publish","type":"product","link":"https:\/\/softwarelizenzexpress.de\/pt\/product\/microsoft-office-2024-pro-plus-windows-10-pro-fuer-3-pc\/","title":{"rendered":"Microsoft Office 2024 Professional Plus + licen\u00e7a do Microsoft Windows 10 Professional para 3 PCs"},"content":{"rendered":"<h3><strong>Microsoft Office 2024 Professional Plus<\/strong><\/h3>\n<div style=\"margin-bottom: 15px;\"><strong>Com esta licen\u00e7a, o software pode ser ativado em 3 dispositivos diferentes, por exemplo, PC dom\u00e9stico, computador port\u00e1til e PC de trabalho.<\/strong><\/div>\n<div style=\"margin-bottom: 15px;\">Os utilizadores do Microsoft Office que utilizam a gama completa de aplica\u00e7\u00f5es em casa ou no escrit\u00f3rio s\u00e3o aconselhados a adquirir o Microsoft Office 2024 Professional Plus Edition. Todos os programas importantes est\u00e3o inclu\u00eddos: Word, Excel, Outlook, PowerPoint e Access (o Publisher j\u00e1 n\u00e3o est\u00e1 inclu\u00eddo, uma vez que ser\u00e1 descontinuado em 2026). O OneNote est\u00e1 agora dispon\u00edvel para transfer\u00eancia a partir da Microsoft Windows Store, para que possa tomar notas rapidamente e disponibiliz\u00e1-las em todos os dispositivos atrav\u00e9s da nuvem. A vers\u00e3o Professional Plus destina-se principalmente a pessoas que trabalham em casa ou no escrit\u00f3rio dom\u00e9stico ou que procuram uma solu\u00e7\u00e3o potente e fi\u00e1vel para organizar documentos, folhas de c\u00e1lculo, etc. no escrit\u00f3rio, devido ao grande n\u00famero de programas diferentes.<\/div>\n<ul>\n<li><strong>Palavra<\/strong>Crie documentos de texto com qualidade profissional em pouco tempo.<\/li>\n<li><strong>Excel<\/strong>Folha de c\u00e1lculo inteligente para a gest\u00e3o da informa\u00e7\u00e3o.<\/li>\n<li><strong>PowerPoint<\/strong>Crie apresenta\u00e7\u00f5es din\u00e2micas impressionantes.<\/li>\n<li><strong>OneNote<\/strong>O seu bloco de notas digital.<\/li>\n<li><strong>Perspectivas<\/strong>Comunica\u00e7\u00e3o facilitada.<\/li>\n<li><strong>Acesso<\/strong>Programa\u00e7\u00e3o de bases de dados para aplica\u00e7\u00f5es baseadas no browser<\/li>\n<\/ul>\n<p><strong>Nota importante: As equipas<\/strong> est\u00e1 dispon\u00edvel nesta vers\u00e3o do Office <strong>N\u00c3O<\/strong> inclu\u00eddo!<\/p>\n<div>\n<p><strong>Requisitos do sistema operativo: Microsoft Windows 10 ou 11<\/strong><\/p>\n<div>\n<hr \/>\n<h3><strong>Windows 10 Professional<\/strong><\/h3>\n<p>O Windows 10 Professional \u00e9 a escolha perfeita para profissionais e empresas que procuram um sistema operativo est\u00e1vel e potente. Com uma mistura de familiaridade e funcionalidades avan\u00e7adas, o Windows 10 Professional aumenta a produtividade e fornece seguran\u00e7a fi\u00e1vel para todas as suas necessidades inform\u00e1ticas.<\/p>\n<p><strong>As funcionalidades mais importantes do Windows 10 Professional:<\/strong><\/p>\n<ul>\n<li><strong>Interface familiar:<\/strong> Desfrute da sensa\u00e7\u00e3o cl\u00e1ssica do Windows com um toque moderno.<\/li>\n<li><strong>Aumento da produtividade:<\/strong> Fun\u00e7\u00f5es como a Cortana e os ambientes de trabalho virtuais racionalizam o seu fluxo de trabalho.<\/li>\n<li><strong>Seguran\u00e7a refor\u00e7ada:<\/strong> A encripta\u00e7\u00e3o BitLocker e o Windows Defender Antivirus protegem os seus dados.<\/li>\n<li><strong>Ambiente de trabalho remoto: <\/strong>Aceda ao seu PC a partir de qualquer lugar com as fun\u00e7\u00f5es de ambiente de trabalho remoto.<\/li>\n<li><strong>Windows Ink:<\/strong> Utilize uma caneta digital para tomar notas, desenhar e conceber diretamente no ecr\u00e3.<\/li>\n<li><strong>Microsoft Edge:<\/strong> O mais recente browser concebido para velocidade, compatibilidade e seguran\u00e7a.<\/li>\n<\/ul>\n<p>Actualize para o Windows 10 Professional para uma experi\u00eancia de computa\u00e7\u00e3o fi\u00e1vel e eficiente que satisfaz as necessidades de utiliza\u00e7\u00e3o pessoal e profissional.<\/p>\n<hr \/>\n<p>Com esta combina\u00e7\u00e3o exclusiva, obt\u00e9m o derradeiro conjunto de produtividade e um sistema operativo est\u00e1vel e poderoso. Desfrute das funcionalidades e inova\u00e7\u00f5es de ponta do Office 2024 Professional Plus em conjunto com a fiabilidade e familiaridade do Windows 10 Professional. N\u00e3o perca a oportunidade de atualizar e maximizar a sua produtividade!<\/p>\n<\/div>\n<\/div>","protected":false},"excerpt":{"rendered":"<ul>\n<li>Licen\u00e7a do Microsoft Office 2024 Professional Plus para 3 PC<\/li>\n<li>Licen\u00e7a do Microsoft Windows 10 Professional para 3 PC<\/li>\n<li><strong>Com esta licen\u00e7a, o software pode ser ativado em 3 dispositivos diferentes, por exemplo, PC dom\u00e9stico, computador port\u00e1til e PC de trabalho.<\/strong><\/li>\n<li>Vers\u00e3o para sistemas de 32 e 64 bits, vers\u00f5es completas ilimitadas do software <strong>do Microsoft Gold Partner certificado<\/strong><\/li>\n<li><strong>30 dias de reembolso total - Garantia de substitui\u00e7\u00e3o vital\u00edcia!<\/strong><\/li>\n<li>Entrega por correio eletr\u00f3nico: Chave do produto, instru\u00e7\u00f5es, liga\u00e7\u00f5es de transfer\u00eancia, fatura<\/li>\n<li>Transfer\u00eancia imediata!<\/li>\n<li>Sem limite de tempo, sem subscri\u00e7\u00e3o<\/li>\n<li>Suporte gratuito 24 horas por dia, 7 dias por semana, para problemas de instala\u00e7\u00e3o e ativa\u00e7\u00e3o<\/li>\n<li>N\u00e3o entrega em suportes de dados (USB, CD, etc.)<\/li>\n<li>Ativa\u00e7\u00e3o online e por telefone<\/li>\n<li>L\u00ednguas: Ingl\u00eas, espanhol, italiano, alem\u00e3o, franc\u00eas<\/li>\n<li><strong><span style=\"color: #008000;\"> Este produto \u00e9 compat\u00edvel com o Microsoft Windows.<\/span><\/strong><\/li>\n<li><strong><span style=\"color: #ff0000;\">N\u00c3O \u00e9 compat\u00edvel com Apple macOS\u2122, dispositivos Android e Chromebooks.<\/span><\/strong><\/li>\n<\/ul>","protected":false},"featured_media":54401,"comment_status":"closed","ping_status":"closed","template":"","meta":{"_acf_changed":false},"product_brand":[],"product_cat":[227,228],"product_tag":[229],"class_list":{"0":"post-54395","1":"product","2":"type-product","3":"status-publish","4":"has-post-thumbnail","6":"product_cat-microsoft-office","7":"product_cat-228","8":"product_tag-229","10":"first","11":"instock","12":"sale","13":"virtual","14":"taxable","15":"purchasable","16":"product-type-simple"},"acf":[],"_links":{"self":[{"href":"https:\/\/softwarelizenzexpress.de\/pt\/wp-json\/wp\/v2\/product\/54395","targetHints":{"allow":["GET"]}}],"collection":[{"href":"https:\/\/softwarelizenzexpress.de\/pt\/wp-json\/wp\/v2\/product"}],"about":[{"href":"https:\/\/softwarelizenzexpress.de\/pt\/wp-json\/wp\/v2\/types\/product"}],"replies":[{"embeddable":true,"href":"https:\/\/softwarelizenzexpress.de\/pt\/wp-json\/wp\/v2\/comments?post=54395"}],"wp:featuredmedia":[{"embeddable":true,"href":"https:\/\/softwarelizenzexpress.de\/pt\/wp-json\/wp\/v2\/media\/54401"}],"wp:attachment":[{"href":"https:\/\/softwarelizenzexpress.de\/pt\/wp-json\/wp\/v2\/media?parent=54395"}],"wp:term":[{"taxonomy":"product_brand","embeddable":true,"href":"https:\/\/softwarelizenzexpress.de\/pt\/wp-json\/wp\/v2\/product_brand?post=54395"},{"taxonomy":"product_cat","embeddable":true,"href":"https:\/\/softwarelizenzexpress.de\/pt\/wp-json\/wp\/v2\/product_cat?post=54395"},{"taxonomy":"product_tag","embeddable":true,"href":"https:\/\/softwarelizenzexpress.de\/pt\/wp-json\/wp\/v2\/product_tag?post=54395"}],"curies":[{"name":"wp","href":"https:\/\/api.w.org\/{rel}","templated":true}]}}