{"id":48993,"date":"2022-07-16T18:41:30","date_gmt":"2022-07-16T16:41:30","guid":{"rendered":"https:\/\/shop.softwarelizenzexpress.de\/?post_type=product&#038;p=48993"},"modified":"2026-04-16T18:11:33","modified_gmt":"2026-04-16T16:11:33","slug":"microsoft-windows-11-professional-microsoft-office-2021-professional-plus","status":"publish","type":"product","link":"https:\/\/softwarelizenzexpress.de\/pt\/product\/microsoft-windows-11-professional-microsoft-office-2021-professional-plus\/","title":{"rendered":"Microsoft Windows 11 Professional + licen\u00e7a do Microsoft Office 2021 Professional Plus para 3 PCs"},"content":{"rendered":"<h2><span style=\"font-weight: 400;\">Windows 11 Professional<\/span><\/h2>\n<div id=\"primaryR2\" data-grid=\"container\" data-region-key=\"primaryr2\" data-m=\"{&quot;cN&quot;:&quot;primaryR2 1&quot;,&quot;cT&quot;:&quot;Region_coreui-region&quot;,&quot;id&quot;:&quot;r2a2&quot;,&quot;sN&quot;:2,&quot;aN&quot;:&quot;a2&quot;}\">\n<div id=\"coreui-banner-l03vzh8\" data-m=\"{&quot;cN&quot;:&quot;R2Banner 1&quot;,&quot;cT&quot;:&quot;Module_coreui-banner&quot;,&quot;id&quot;:&quot;m1r2a2&quot;,&quot;sN&quot;:1,&quot;aN&quot;:&quot;r2a2&quot;}\" data-module-id=\"WDG-Windows|primaryR2|coreui-region|coreui-banner-l03vzh8|coreui-banner\">\n<div class=\"m-banner f-align-left\" data-grid=\"col-12\">\n<div id=\"coreui-banner-l03vzh8\" data-m=\"{&quot;cN&quot;:&quot;R2Banner 1&quot;,&quot;cT&quot;:&quot;Module_coreui-banner&quot;,&quot;id&quot;:&quot;m1r2a2&quot;,&quot;sN&quot;:1,&quot;aN&quot;:&quot;r2a2&quot;}\" data-module-id=\"WDG-Windows|primaryR2|coreui-region|coreui-banner-l03vzh8|coreui-banner\">\n<div class=\"m-banner f-align-left\" data-grid=\"col-12\">\n<h3 class=\"c-heading-3\">Requisitos do sistema:<\/h3>\n<\/div>\n<\/div>\n<div id=\"coreui-divider-f6wmnt9\" data-m=\"{&quot;cN&quot;:&quot;R2Divider 1&quot;,&quot;cT&quot;:&quot;Module_coreui-divider&quot;,&quot;id&quot;:&quot;m2r2a2&quot;,&quot;sN&quot;:2,&quot;aN&quot;:&quot;r2a2&quot;}\" data-module-id=\"WDG-Windows|primaryR2|coreui-region|coreui-divider-f6wmnt9|coreui-divider\">\n<hr class=\"c-divider f-pad-top-3x\" data-grid=\"col-12\" \/>\n<\/div>\n<div id=\"coreui-contentrichblock-o5iouct\" data-m=\"{&quot;cN&quot;:&quot;R2ContentRichBlock 1&quot;,&quot;cT&quot;:&quot;Module_coreui-contentrichblock&quot;,&quot;id&quot;:&quot;m3r2a2&quot;,&quot;sN&quot;:3,&quot;aN&quot;:&quot;r2a2&quot;}\" data-module-id=\"WDG-Windows|primaryR2|coreui-region|coreui-contentrichblock-o5iouct|coreui-contentrichblock\">\n<div class=\"m-rich-content-block context-ucx\" data-grid=\"col-12\">\n<p><strong>Certifique-se de que est\u00e1 preparado para o melhor e mais recente sistema operativo da Microsoft!<\/strong><\/p>\n<p class=\"translation-block\">Estes s\u00e3o os requisitos b\u00e1sicos para instalar o Windows 11 num PC. Se o seu dispositivo n\u00e3o cumprir estes requisitos, poder\u00e1 n\u00e3o conseguir instalar o Windows 11 no seu dispositivo e dever\u00e1 considerar a compra de um novo PC. Se n\u00e3o tiver a certeza de que o seu PC cumpre estes requisitos, pode consultar o fabricante do equipamento original (OEM) do seu PC ou, se o seu dispositivo j\u00e1 estiver a executar o Windows 10, utilizar a aplica\u00e7\u00e3o Verifica\u00e7\u00e3o de Estado do PC para verificar a compatibilidade (<a href=\"https:\/\/aka.ms\/GetPCHealthCheckApp\" target=\"_self\" rel=\"noopener\"><b>download<\/b><\/a>).<\/p>\n<\/div>\n<div id=\"primaryR2\" data-grid=\"container\" data-region-key=\"primaryr2\" data-m=\"{&quot;cN&quot;:&quot;primaryR2 1&quot;,&quot;cT&quot;:&quot;Region_coreui-region&quot;,&quot;id&quot;:&quot;r2a2&quot;,&quot;sN&quot;:2,&quot;aN&quot;:&quot;a2&quot;}\">\n<div id=\"coreui-tablev2-62jrfm3\" data-m=\"{&quot;cN&quot;:&quot;R2TableV2 1&quot;,&quot;cT&quot;:&quot;Module_coreui-tablev2&quot;,&quot;id&quot;:&quot;m4r2a2&quot;,&quot;sN&quot;:4,&quot;aN&quot;:&quot;r2a2&quot;}\" data-module-id=\"WDG-Windows|primaryR2|coreui-region|coreui-tablev2-62jrfm3|coreui-tablev2\">\n<div class=\"m-table\">\n<div class=\"c-table\" data-f-loc-ascending=\"Sorted by {0} - ascending\" data-f-loc-descending=\"Sorted by {0} - descending\">\n<table>\n<tbody>\n<tr>\n<td class=\"f-divided\"><strong>Processador:<\/strong><\/td>\n<td class=\"f-divided\">\n<p class=\"translation-block\">1 gigahertz (GHz) ou mais r\u00e1pido com 2 ou mais n\u00facleos num <strong><a href=\"https:\/\/www.microsoft.com\/de-de\/windows\/windows-11-specifications\" target=\"_self\" rel=\"noopener\">processador de 64 bits compat\u00edvel<\/a><\/strong> ou SoC (System on a Chip).<\/p>\n<\/td>\n<\/tr>\n<tr>\n<td class=\"f-divided\"><strong>RAM:<\/strong><\/td>\n<td class=\"f-divided\">4 gigabytes (GB)<\/td>\n<\/tr>\n<tr>\n<td class=\"f-divided\"><strong>Espa\u00e7o de armazenamento:<\/strong><\/td>\n<td class=\"f-divided\">64 GB ou mais<\/p>\n<p>Nota: Consulte a sec\u00e7\u00e3o \"Mais informa\u00e7\u00f5es sobre o espa\u00e7o de armazenamento para manter o Windows 11 atualizado\" para obter mais informa\u00e7\u00f5es.<\/td>\n<\/tr>\n<tr>\n<td class=\"f-divided\"><strong>Firmware do sistema:<\/strong><\/td>\n<td class=\"f-divided\">UEFI, com capacidade de arranque seguro<\/td>\n<\/tr>\n<tr>\n<td class=\"f-divided\"><strong>TPM:<\/strong><\/td>\n<td class=\"f-divided\">Trusted Platform Module (TPM) vers\u00e3o 2.0<\/td>\n<\/tr>\n<tr>\n<td class=\"f-divided\"><strong>Placa gr\u00e1fica:<\/strong><\/td>\n<td class=\"f-divided\">Compat\u00edvel com DirectX 12 ou superior com controlador WDDM 2.0<\/td>\n<\/tr>\n<tr>\n<td class=\"f-divided\"><strong>Ecr\u00e3:<\/strong><\/td>\n<td class=\"f-divided\">Ecr\u00e3 de alta resolu\u00e7\u00e3o (720p) com uma diagonal de mais de 9\u2033, 8 bits por canal de cor<\/td>\n<\/tr>\n<tr>\n<td class=\"f-divided\"><strong>Liga\u00e7\u00e3o \u00e0 Internet e contas Microsoft:\u00a0<\/strong><\/td>\n<td class=\"f-divided\">O acesso \u00e0 Internet \u00e9 necess\u00e1rio para todas as edi\u00e7\u00f5es do Windows 11 para efetuar actualiza\u00e7\u00f5es e para descarregar e utilizar algumas fun\u00e7\u00f5es. \u00c9 necess\u00e1ria uma conta Microsoft para algumas fun\u00e7\u00f5es.<\/td>\n<\/tr>\n<\/tbody>\n<\/table>\n<\/div>\n<\/div>\n<\/div>\n<\/div>\n<div id=\"primaryR3\" data-grid=\"container\" data-region-key=\"primaryr3\" data-m=\"{&quot;cN&quot;:&quot;primaryR3 1&quot;,&quot;cT&quot;:&quot;Region_coreui-region&quot;,&quot;id&quot;:&quot;r3a2&quot;,&quot;sN&quot;:3,&quot;aN&quot;:&quot;a2&quot;}\">\n<div id=\"coreui-contentrichblock-rhi1sei\" data-m=\"{&quot;cN&quot;:&quot;R2ContentRichBlock 1&quot;,&quot;cT&quot;:&quot;Module_coreui-contentrichblock&quot;,&quot;id&quot;:&quot;m3r3a2&quot;,&quot;sN&quot;:3,&quot;aN&quot;:&quot;r3a2&quot;}\" data-module-id=\"WDG-Windows|primaryR3|coreui-region|coreui-contentrichblock-rhi1sei|coreui-contentrichblock\">\n<div class=\"m-rich-content-block context-ucx\" data-grid=\"col-12\">\n<h2>Microsoft Office 2021 Professional Plus<\/h2>\n<div class=\"J0lOec\">\n<p>O Office 2021 Professional Plus Edition \u00e9 ideal para os utilizadores que utilizam a gama completa de aplica\u00e7\u00f5es em casa ou no escrit\u00f3rio. Inclui toda a gama de aplica\u00e7\u00f5es do Microsoft Office: Word, Excel, Outlook, PowerPoint, Publisher e Access. O OneNote pode ser descarregado a partir da Windows Store e permite-lhe criar rapidamente notas e disponibiliz\u00e1-las em todos os dispositivos atrav\u00e9s da nuvem. Experimente um melhor desempenho, estabilidade e velocidade no Word, Excel, PowerPoint e Outlook. Obtenha pesquisa nova e melhorada, ferramentas \u00e0 m\u00e3o livre, tipos de dados, fun\u00e7\u00f5es, ferramentas de tradu\u00e7\u00e3o e edi\u00e7\u00e3o, gr\u00e1ficos animados, funcionalidades de f\u00e1cil utiliza\u00e7\u00e3o e muito mais em todo o pacote Office 2021.<\/p>\n<\/div>\n<ul>\n<li class=\"J0lOec\"><span class=\"VIiyi\" lang=\"en\"><span class=\"JLqJ4b ChMk0b\" data-language-for-alternatives=\"en\" data-language-to-translate-into=\"de\" data-phrase-index=\"9\" data-number-of-phrases=\"18\"><strong>Palavra<\/strong>Crie documentos de texto com qualidade profissional em pouco tempo.<\/span><\/span><\/li>\n<li class=\"J0lOec\"><span class=\"VIiyi\" lang=\"en\"><span class=\"JLqJ4b ChMk0b\" data-language-for-alternatives=\"en\" data-language-to-translate-into=\"de\" data-phrase-index=\"11\" data-number-of-phrases=\"18\"><strong>Excel<\/strong>Folhas de c\u00e1lculo inteligentes, agora com novas fun\u00e7\u00f5es como o XLOOKUP<\/span><\/span><\/li>\n<li class=\"J0lOec\"><span class=\"VIiyi\" lang=\"en\"><span class=\"JLqJ4b ChMk0b\" data-language-for-alternatives=\"en\" data-language-to-translate-into=\"de\" data-phrase-index=\"13\" data-number-of-phrases=\"18\"><strong>Ponto de energia<\/strong>Fun\u00e7\u00f5es novas e melhoradas para criar<\/span><\/span><span class=\"VIiyi\" lang=\"en\"><span class=\"JLqJ4b ChMk0b\" data-language-for-alternatives=\"en\" data-language-to-translate-into=\"de\" data-phrase-index=\"13\" data-number-of-phrases=\"18\">\u00a0apresenta\u00e7\u00f5es din\u00e2micas impressionantes.<\/span><\/span><\/li>\n<li class=\"J0lOec\"><span class=\"VIiyi\" lang=\"en\"><span class=\"JLqJ4b ChMk0b\" data-language-for-alternatives=\"en\" data-language-to-translate-into=\"de\" data-phrase-index=\"15\" data-number-of-phrases=\"18\"><strong>OneNote<\/strong>: O seu bloco de notas digital na nuvem.<\/span><\/span><\/li>\n<li class=\"J0lOec\"><span class=\"VIiyi\" lang=\"en\"><span class=\"JLqJ4b ChMk0b\" data-language-for-alternatives=\"en\" data-language-to-translate-into=\"de\" data-phrase-index=\"17\" data-number-of-phrases=\"18\"><strong>Perspectivas<\/strong>Comunica\u00e7\u00e3o facilitada; agora inclui poderosas fun\u00e7\u00f5es de tradu\u00e7\u00e3o.<\/span><\/span><\/li>\n<li><strong>Editora<\/strong>Cria\u00e7\u00e3o de layouts para publica\u00e7\u00f5es profissionais<\/li>\n<li><strong>Acesso<\/strong>Cria\u00e7\u00e3o de bases de dados simples e potente<\/li>\n<li><strong>Microsoft Teams<\/strong>Mais produtividade atrav\u00e9s de mensagens instant\u00e2neas e videoconfer\u00eancia HD (dispon\u00edvel para transfer\u00eancia em separado)<\/li>\n<\/ul>\n<p>NOTA: Devido a um <a href=\"https:\/\/blogs.microsoft.com\/eupolicy\/2023\/08\/31\/european-competition-teams-office-microsoft-365\/\" target=\"_blank\" rel=\"noopener\">Inqu\u00e9rito da Comiss\u00e3o Europeia<\/a>A Microsoft j\u00e1 n\u00e3o inclui uma licen\u00e7a do Teams nos produtos Office. \u00c9 poss\u00edvel <a href=\"https:\/\/www.microsoft.com\/en-us\/microsoft-teams\/download-app\" target=\"_blank\" rel=\"noopener\"> Equipas de descarregamento<\/a>para o utilizar com uma licen\u00e7a gratuita ou paga (a adquirir separadamente), consoante as suas necessidades.<\/p>\n<\/div>\n<\/div>\n<\/div>\n<\/div>\n<\/div>\n<\/div>\n<\/div>","protected":false},"excerpt":{"rendered":"<div class=\"woocommerce-product-details__short-description\">\n<ul>\n<li>Licen\u00e7a Microsoft Windows 11 Professional para 3 PC<\/li>\n<li>Licen\u00e7a Microsoft Office 2021 Professional Plus para 3 PC<\/li>\n<li>Vers\u00e3o para sistemas de 64 bits<\/li>\n<li>Envio por correio eletr\u00f3nico: Chave do produto, instru\u00e7\u00f5es, liga\u00e7\u00f5es de transfer\u00eancia, fatura<\/li>\n<li>Transfer\u00eancia imediata!<\/li>\n<li>Sem limite de tempo, sem subscri\u00e7\u00e3o<\/li>\n<li>Apoio na instala\u00e7\u00e3o e ativa\u00e7\u00e3o<\/li>\n<li>N\u00e3o entrega em suportes de dados (USB, CD, etc.)<\/li>\n<li>Ativa\u00e7\u00e3o online e por telefone<\/li>\n<li class=\"translation-block\">Este produto <strong>N\u00c3O \u00e9 compat\u00edvel com os sistemas operativos da Apple<\/strong> (MacOS, iPadOS, iOS), <strong>Chromebooks<\/strong><\/li>\n<li><strong>N\u00c3O compat\u00edvel com dispositivos Android<\/strong><\/li>\n<\/ul>\n<\/div>\n<h6><\/h6>\n<p><strong>Pre\u00e7o do m\u00eas!!! Pre\u00e7o v\u00e1lido apenas at\u00e9 19.07.2022 - Apenas enquanto durarem os stocks!<\/strong><\/p>\n<p><strong>Apenas 3 pe\u00e7as dispon\u00edveis!<\/strong><\/p>","protected":false},"featured_media":53566,"comment_status":"open","ping_status":"closed","template":"","meta":{"_acf_changed":false},"product_brand":[],"product_cat":[23],"product_tag":[],"class_list":{"0":"post-48993","1":"product","2":"type-product","3":"status-publish","4":"has-post-thumbnail","6":"product_cat-windows-desktop","8":"first","9":"instock","10":"sale","11":"virtual","12":"taxable","13":"purchasable","14":"product-type-simple"},"acf":[],"_links":{"self":[{"href":"https:\/\/softwarelizenzexpress.de\/pt\/wp-json\/wp\/v2\/product\/48993","targetHints":{"allow":["GET"]}}],"collection":[{"href":"https:\/\/softwarelizenzexpress.de\/pt\/wp-json\/wp\/v2\/product"}],"about":[{"href":"https:\/\/softwarelizenzexpress.de\/pt\/wp-json\/wp\/v2\/types\/product"}],"replies":[{"embeddable":true,"href":"https:\/\/softwarelizenzexpress.de\/pt\/wp-json\/wp\/v2\/comments?post=48993"}],"wp:featuredmedia":[{"embeddable":true,"href":"https:\/\/softwarelizenzexpress.de\/pt\/wp-json\/wp\/v2\/media\/53566"}],"wp:attachment":[{"href":"https:\/\/softwarelizenzexpress.de\/pt\/wp-json\/wp\/v2\/media?parent=48993"}],"wp:term":[{"taxonomy":"product_brand","embeddable":true,"href":"https:\/\/softwarelizenzexpress.de\/pt\/wp-json\/wp\/v2\/product_brand?post=48993"},{"taxonomy":"product_cat","embeddable":true,"href":"https:\/\/softwarelizenzexpress.de\/pt\/wp-json\/wp\/v2\/product_cat?post=48993"},{"taxonomy":"product_tag","embeddable":true,"href":"https:\/\/softwarelizenzexpress.de\/pt\/wp-json\/wp\/v2\/product_tag?post=48993"}],"curies":[{"name":"wp","href":"https:\/\/api.w.org\/{rel}","templated":true}]}}