{"id":2563,"date":"2021-01-27T14:43:26","date_gmt":"2021-01-27T13:43:26","guid":{"rendered":"http:\/\/shop.windowsandoffice.net\/product\/import-placeholder-for-1594\/"},"modified":"2025-10-23T16:30:46","modified_gmt":"2025-10-23T14:30:46","slug":"windows-server-2019-std-ess-dc-versions","status":"publish","type":"product","link":"https:\/\/softwarelizenzexpress.de\/pt\/product\/windows-server-2019-std-ess-dc-versions\/","title":{"rendered":"Microsoft Windows Server 2019 Standard"},"content":{"rendered":"<p>Com o Windows Server 2019, pode atingir todos os seus objectivos empresariais. O sistema operativo combina ambientes on-promises com servi\u00e7os Azure para maximizar os benef\u00edcios de cen\u00e1rios h\u00edbridos e investimentos existentes.<\/p>\n<p>O Windows Server 2019 est\u00e1 dispon\u00edvel em tr\u00eas vers\u00f5es diferentes, cada uma para requisitos diferentes:<\/p>\n<ul>\n<li><strong>Fundamentos do Windows Server 2019<\/strong>\u00a0foi concebido para pequenas empresas com um m\u00e1ximo de 25 utilizadores e 50 dispositivos. N\u00e3o s\u00e3o necess\u00e1rias licen\u00e7as de acesso (CAL).<\/li>\n<li><strong>Windows Server 2019 Standard<\/strong>\u00a0\u00e9 perfeito para ambientes f\u00edsicos ou apenas ligeiramente virtualizados. Necessita de\u00a0<a href=\"https:\/\/shop.winandoffice.com\/de\/produkt-kategorie\/windows-server\/2019-cal\/\">licen\u00e7as de acesso adicionais (CAL).<\/a><\/li>\n<li>W<strong>Servidor Windows 2019 para centros de dados<\/strong>\u00a0\u00e9 particularmente eficaz em centros de dados altamente virtualizados e ambientes de nuvem. \u00c9 necess\u00e1rio\u00a0<a href=\"https:\/\/shop.winandoffice.com\/de\/produkt-kategorie\/windows-server\/2019-cal\/\">licen\u00e7as de acesso adicionais (CAL).<\/a><\/li>\n<\/ul>\n<p>O Windows Server 2019 \u00e9 o sistema operativo que liga os ambientes no local ao Azure. Beneficia de camadas de seguran\u00e7a adicionais e da moderniza\u00e7\u00e3o das suas aplica\u00e7\u00f5es e infraestruturas.<\/p>\n<p class=\"c-heading-4\"><strong>Fun\u00e7\u00f5es h\u00edbridas com o Azure<\/strong><\/p>\n<div class=\"c-paragraph\">\n<p>Estenda o seu centro de dados ao Azure para tirar o m\u00e1ximo partido do seu investimento e obter novas capacidades h\u00edbridas.<\/p>\n<p class=\"c-heading-4\"><strong>Seguran\u00e7a alargada a v\u00e1rios n\u00edveis<\/strong><\/p>\n<div class=\"c-paragraph\">\n<p>Melhore a sua seguran\u00e7a para proteger o centro de dados. Comece pelo sistema operativo.<\/p>\n<p class=\"c-heading-4\"><strong>Inova\u00e7\u00e3o mais r\u00e1pida para aplica\u00e7\u00f5es<\/strong><\/p>\n<div class=\"c-paragraph\">\n<p>Permita a cria\u00e7\u00e3o de aplica\u00e7\u00f5es nativas da cloud e modernize as aplica\u00e7\u00f5es tradicionais com contentores e microsservi\u00e7os.<\/p>\n<p class=\"c-heading-4\"><strong>Infraestrutura hiperconvergente inigual\u00e1vel<\/strong><\/p>\n<div class=\"c-paragraph\">\n<p>Expanda a sua infraestrutura de centro de dados para melhorar a efici\u00eancia e a seguran\u00e7a.<\/p>\n<\/div>\n<\/div>\n<\/div>\n<\/div>\n<p><strong>Requisitos do sistema:<\/strong><\/p>\n<ul>\n<li>Processador: 1,4 GHz de 64 bits com NX\/DEP<\/li>\n<li>Mem\u00f3ria: 512 MB (Server Core e Server Nano), 2 GB (com vista para o ambiente de trabalho)<\/li>\n<li>Placa gr\u00e1fica e monitor: 1024 \u00d7 768 pix\u00e9is<\/li>\n<li>Rede: Gigabit Ethernet<\/li>\n<li>Espa\u00e7o livre no disco r\u00edgido: 32 GB de espa\u00e7o livre no disco r\u00edgido<\/li>\n<li>BIOS: sistema UEFI com arranque seguro (UEFI 2.3.1c) (para determinadas fun\u00e7\u00f5es)<\/li>\n<\/ul>\n<p><strong>Apoio:<\/strong><\/p>\n<p class=\"translation-block\">Se tiver alguma d\u00favida, n\u00e3o hesite em contactar-nos <a href=\"mailto:deutschland@softwarelizenzexpress.de\" target=\"_self\" rel=\"noopener\">por correio eletr\u00f3nico<\/a>. O nosso apoio ao cliente est\u00e1 dispon\u00edvel 7 dias por semana, 24 horas por dia.<\/p>","protected":false},"excerpt":{"rendered":"<ul>\n<li>Microsoft Windows Server 2019 Datacenter, Standard ou Essentials (CALs vendidas separadamente)<\/li>\n<li>Vers\u00f5es para sistemas de 64 bits dispon\u00edveis<\/li>\n<li>Envio por correio eletr\u00f3nico: Chave do produto, instru\u00e7\u00f5es, liga\u00e7\u00f5es de transfer\u00eancia, fatura<\/li>\n<li>Transfer\u00eancia imediata!<\/li>\n<li>Sem limite de tempo, sem subscri\u00e7\u00e3o<\/li>\n<li>Suporte gratuito para instala\u00e7\u00e3o e ativa\u00e7\u00e3o<\/li>\n<li>N\u00e3o entrega em suportes de dados (USB, CD, etc.)<\/li>\n<li>Ativa\u00e7\u00e3o online e por telefone<\/li>\n<\/ul>","protected":false},"featured_media":53578,"comment_status":"open","ping_status":"closed","template":"","meta":{"_acf_changed":false},"product_brand":[],"product_cat":[17],"product_tag":[105],"class_list":{"0":"post-2563","1":"product","2":"type-product","3":"status-publish","4":"has-post-thumbnail","6":"product_cat-windows-servers","7":"product_tag-windows","9":"first","10":"instock","11":"sale","12":"virtual","13":"taxable","14":"purchasable","15":"product-type-simple"},"acf":[],"_links":{"self":[{"href":"https:\/\/softwarelizenzexpress.de\/pt\/wp-json\/wp\/v2\/product\/2563","targetHints":{"allow":["GET"]}}],"collection":[{"href":"https:\/\/softwarelizenzexpress.de\/pt\/wp-json\/wp\/v2\/product"}],"about":[{"href":"https:\/\/softwarelizenzexpress.de\/pt\/wp-json\/wp\/v2\/types\/product"}],"replies":[{"embeddable":true,"href":"https:\/\/softwarelizenzexpress.de\/pt\/wp-json\/wp\/v2\/comments?post=2563"}],"wp:featuredmedia":[{"embeddable":true,"href":"https:\/\/softwarelizenzexpress.de\/pt\/wp-json\/wp\/v2\/media\/53578"}],"wp:attachment":[{"href":"https:\/\/softwarelizenzexpress.de\/pt\/wp-json\/wp\/v2\/media?parent=2563"}],"wp:term":[{"taxonomy":"product_brand","embeddable":true,"href":"https:\/\/softwarelizenzexpress.de\/pt\/wp-json\/wp\/v2\/product_brand?post=2563"},{"taxonomy":"product_cat","embeddable":true,"href":"https:\/\/softwarelizenzexpress.de\/pt\/wp-json\/wp\/v2\/product_cat?post=2563"},{"taxonomy":"product_tag","embeddable":true,"href":"https:\/\/softwarelizenzexpress.de\/pt\/wp-json\/wp\/v2\/product_tag?post=2563"}],"curies":[{"name":"wp","href":"https:\/\/api.w.org\/{rel}","templated":true}]}}