{"id":2557,"date":"2021-02-10T14:43:26","date_gmt":"2021-02-10T13:43:26","guid":{"rendered":"http:\/\/shop.windowsandoffice.net\/product\/import-placeholder-for-1588\/"},"modified":"2026-04-16T18:11:15","modified_gmt":"2026-04-16T16:11:15","slug":"ms-project-2016-professional","status":"publish","type":"product","link":"https:\/\/softwarelizenzexpress.de\/pt\/product\/ms-project-2016-professional\/","title":{"rendered":"Licen\u00e7a do Microsoft Project 2016 Professional para 3 PC"},"content":{"rendered":"<p>O Microsoft Project Professional 2016 \u00e9 um programa de software empresarial que ajuda as empresas, as PME e as start-ups a planear, monitorizar e implementar com \u00eaxito os seus projectos. O sistema de gest\u00e3o de projectos fornece todas as fun\u00e7\u00f5es do Project Standard e oferece solu\u00e7\u00f5es adicionais para coordenar a gest\u00e3o de recursos, planear a distribui\u00e7\u00e3o do pessoal, colaborar em equipas em portais de toda a empresa utilizando a aplica\u00e7\u00e3o Web Microsoft SharePoint e enviar conte\u00fados como folhas de horas.<\/p>\n<p>As principais carater\u00edsticas do Microsoft Project Professional 2016 Os gestores de projectos e os membros da equipa trabalham em conjunto de forma flex\u00edvel no Microsoft Project Professional 2016 atrav\u00e9s do SharePoint, do Project Server ou do Skype. O sistema de gest\u00e3o de projectos para o ambiente de trabalho pode ser utilizado com todas as aplica\u00e7\u00f5es Microsoft e servi\u00e7os na nuvem e \u00e9 fornecido com uma Licen\u00e7a de Acesso de Cliente (CAL) para o servidor de projectos. As ferramentas permitem que os grupos de projeto criem calend\u00e1rios, or\u00e7amentos de trabalho e de custos, an\u00e1lises hipot\u00e9ticas, relat\u00f3rios e apresenta\u00e7\u00f5es gr\u00e1ficas que condensam os dados em informa\u00e7\u00f5es significativas e exibem de forma transparente as tend\u00eancias e os desvios. Com o Microsoft Project Professional 2016, todas as vari\u00e1veis e etapas podem ser registadas de forma estruturada, por exemplo, para concluir um projeto de software extenso, uma campanha de marketing ou uma participa\u00e7\u00e3o numa feira comercial dentro do prazo previsto e para minimizar o risco de erros de planeamento durante o processo. Para tal, as equipas e os departamentos podem aceder a modelos ou stencils rapidamente personaliz\u00e1veis com fun\u00e7\u00f5es flex\u00edveis de importa\u00e7\u00e3o e exporta\u00e7\u00e3o, bem como a v\u00e1rias ferramentas de visualiza\u00e7\u00e3o, como os gr\u00e1ficos de barras de Gantt, que mostram depend\u00eancias, resumem subtarefas recorrentes, apresentam custos de forma diferenciada e ilustram o estado do calend\u00e1rio do projeto.<\/p>\n<p><strong>Carater\u00edsticas do produto<\/strong><\/p>\n<p>As seguintes funcionalidades do programa est\u00e3o \u00e0 sua espera no Microsoft Project 2016:<\/p>\n<ul>\n<li>Aplica\u00e7\u00e3o poderosa para planeamento e controlo de projectos<\/li>\n<li>Acompanhar a evolu\u00e7\u00e3o e os custos do projeto<\/li>\n<li>Interface de utilizador intuitiva<\/li>\n<li>Integra\u00e7\u00e3o optimizada com outros produtos Microsoft, por exemplo, Office<\/li>\n<li>Fun\u00e7\u00e3o de an\u00e1lise e relat\u00f3rio abrangente<\/li>\n<li>Ferramenta inteligente orientada para a pr\u00e1tica<\/li>\n<li>Visualiza\u00e7\u00e3o configur\u00e1vel para resultados \u00f3ptimos<\/li>\n<li>Avalia\u00e7\u00e3o personalizada com base em datas<\/li>\n<\/ul>\n<p><strong>Requisitos do sistema:<\/strong><\/p>\n<ul>\n<li>Windows 10, Windows 8.1, Windows 8, Windows 7 Service Pack 1, Windows Server 2016, Windows Server 2012 R2, Windows Server 2012 ou Windows Server 2008 R2.<\/li>\n<li>Processador x86-bit ou x64-bit de 1 GHz ou mais r\u00e1pido com conjunto de instru\u00e7\u00f5es SSE2<\/li>\n<li>2 GB de mem\u00f3ria de trabalho<\/li>\n<li>3 GB de espa\u00e7o dispon\u00edvel no disco r\u00edgido<\/li>\n<li>A acelera\u00e7\u00e3o gr\u00e1fica requer uma placa gr\u00e1fica compat\u00edvel com DirectX 9.<\/li>\n<li>.NET 3.5 \u00e9 necess\u00e1rio. Algumas fun\u00e7\u00f5es requerem a instala\u00e7\u00e3o do .NET 4.0, 4.5 ou 4.6 CLR.<\/li>\n<\/ul>\n<p><strong>Apoio:<\/strong><\/p>\n<p class=\"translation-block\">Se tiver alguma d\u00favida, n\u00e3o hesite em contactar-nos <a href=\"mailto:deutschland@softwarelizenzexpress.de\" target=\"_self\" rel=\"noopener\">por correio eletr\u00f3nico<\/a>. O nosso apoio ao cliente est\u00e1 dispon\u00edvel 7 dias por semana, 24 horas por dia.<\/p>","protected":false},"excerpt":{"rendered":"<ul>\n<li>Licen\u00e7a Microsoft Project 2016 Pro para 3 PC<\/li>\n<li><strong>Com esta licen\u00e7a, o software pode ser ativado em 3 dispositivos diferentes, por exemplo, PC dom\u00e9stico, computador port\u00e1til e PC de trabalho.<\/strong><\/li>\n<li>Vers\u00e3o para sistemas de 32 e 64 bits, vers\u00f5es completas ilimitadas do software <strong>do Microsoft Gold Partner certificado<\/strong><\/li>\n<li><strong>30 dias de reembolso total - Garantia de substitui\u00e7\u00e3o vital\u00edcia!<\/strong><\/li>\n<li>Entrega por correio eletr\u00f3nico: Chave do produto, instru\u00e7\u00f5es, liga\u00e7\u00f5es de transfer\u00eancia, fatura<\/li>\n<li>Transfer\u00eancia imediata!<\/li>\n<li>Sem limite de tempo, sem subscri\u00e7\u00e3o<\/li>\n<li>Suporte gratuito 24 horas por dia, 7 dias por semana, para problemas de instala\u00e7\u00e3o e ativa\u00e7\u00e3o<\/li>\n<li>N\u00e3o entrega em suportes de dados (USB, CD, etc.)<\/li>\n<li>Ativa\u00e7\u00e3o online e por telefone<\/li>\n<li>L\u00ednguas: Ingl\u00eas, espanhol, italiano, alem\u00e3o, franc\u00eas<\/li>\n<li><strong><span style=\"color: #008000;\"> Este produto \u00e9 compat\u00edvel com o Microsoft Windows.<\/span><\/strong><\/li>\n<li><strong><span style=\"color: #ff0000;\">N\u00c3O \u00e9 compat\u00edvel com Apple macOS\u2122, dispositivos Android e Chromebooks.<\/span><\/strong><\/li>\n<\/ul>","protected":false},"featured_media":53639,"comment_status":"open","ping_status":"closed","template":"","meta":{"_acf_changed":false},"product_brand":[],"product_cat":[27],"product_tag":[],"class_list":{"0":"post-2557","1":"product","2":"type-product","3":"status-publish","4":"has-post-thumbnail","6":"product_cat-project","8":"first","9":"instock","10":"sale","11":"virtual","12":"taxable","13":"purchasable","14":"product-type-simple"},"acf":[],"_links":{"self":[{"href":"https:\/\/softwarelizenzexpress.de\/pt\/wp-json\/wp\/v2\/product\/2557","targetHints":{"allow":["GET"]}}],"collection":[{"href":"https:\/\/softwarelizenzexpress.de\/pt\/wp-json\/wp\/v2\/product"}],"about":[{"href":"https:\/\/softwarelizenzexpress.de\/pt\/wp-json\/wp\/v2\/types\/product"}],"replies":[{"embeddable":true,"href":"https:\/\/softwarelizenzexpress.de\/pt\/wp-json\/wp\/v2\/comments?post=2557"}],"wp:featuredmedia":[{"embeddable":true,"href":"https:\/\/softwarelizenzexpress.de\/pt\/wp-json\/wp\/v2\/media\/53639"}],"wp:attachment":[{"href":"https:\/\/softwarelizenzexpress.de\/pt\/wp-json\/wp\/v2\/media?parent=2557"}],"wp:term":[{"taxonomy":"product_brand","embeddable":true,"href":"https:\/\/softwarelizenzexpress.de\/pt\/wp-json\/wp\/v2\/product_brand?post=2557"},{"taxonomy":"product_cat","embeddable":true,"href":"https:\/\/softwarelizenzexpress.de\/pt\/wp-json\/wp\/v2\/product_cat?post=2557"},{"taxonomy":"product_tag","embeddable":true,"href":"https:\/\/softwarelizenzexpress.de\/pt\/wp-json\/wp\/v2\/product_tag?post=2557"}],"curies":[{"name":"wp","href":"https:\/\/api.w.org\/{rel}","templated":true}]}}