{"id":2551,"date":"2021-02-14T14:43:25","date_gmt":"2021-02-14T13:43:25","guid":{"rendered":"http:\/\/shop.windowsandoffice.net\/product\/import-placeholder-for-1582\/"},"modified":"2026-04-16T18:11:15","modified_gmt":"2026-04-16T16:11:15","slug":"ms-project-2019-professional","status":"publish","type":"product","link":"https:\/\/softwarelizenzexpress.de\/pt\/product\/ms-project-2019-professional\/","title":{"rendered":"Licen\u00e7a do Microsoft Project 2019 Professional para 3 PC"},"content":{"rendered":"<p>Colabore com outras pessoas para lan\u00e7ar e realizar projectos de sucesso num instante. Inclui todas as funcionalidades do Project Standard e solu\u00e7\u00f5es para colabora\u00e7\u00e3o, gest\u00e3o de recursos, sincroniza\u00e7\u00e3o de tarefas do SharePoint, apresenta\u00e7\u00e3o de folhas de horas e muito mais. O Microsoft Project Professional 2019 oferece funcionalidades flex\u00edveis que o ajudam a planear projectos, acompanhar o estado e colaborar com outras pessoas a partir de praticamente qualquer lugar. A aplica\u00e7\u00e3o oferece comunica\u00e7\u00e3o em tempo real e mensagens instant\u00e2neas activadas diretamente no seu plano de projeto atrav\u00e9s do Skype for Business e consolida todos os potenciais recursos do projeto numa \u00fanica vista.<\/p>\n<p>Mantenha-se organizado e tenha todas as linhas na sua m\u00e3o. Quer se trate de um pequeno projeto ou de uma grande campanha, com o Project pode vencer qualquer desafio. N\u00e3o \u00e9 um gestor de projectos? N\u00e3o h\u00e1 problema, com a aplica\u00e7\u00e3o poderosa e pr\u00e1tica praticamente qualquer pessoa pode gerir projectos com sucesso.<\/p>\n<p><strong>Iniciar projectos rapidamente e implement\u00e1-los facilmente<\/strong><\/p>\n<p>Confie numa poderosa ferramenta de gest\u00e3o de projectos para criar e gerir novos projectos de forma r\u00e1pida e f\u00e1cil.<\/p>\n<p><strong>Gest\u00e3o de projectos sem stress<\/strong><\/p>\n<p>Mantenha sob controlo mesmo os projectos mais exigentes com ferramentas e m\u00e9todos personalizados.<\/p>\n<p><strong>Trabalhe facilmente em equipa - a partir de praticamente qualquer lugar<\/strong><\/p>\n<p>Trabalhe em conjunto em projectos, mesmo a longas dist\u00e2ncias. Como todos os membros da equipa trabalham numa vers\u00e3o ao mesmo tempo, torna-se ainda mais produtivo.<\/p>\n<p><strong>Planeamento simples de projectos<\/strong><\/p>\n<p>Mantenha os seus projectos no bom caminho, planeando dinamicamente o esfor\u00e7o do projeto, a dura\u00e7\u00e3o do projeto e a distribui\u00e7\u00e3o dos membros da equipa.<\/p>\n<p><strong>Business intelligence - obtenha rapidamente melhores conhecimentos e resultados<\/strong><\/p>\n<p>Crie dashboards interactivos com o Power BI para apresentar o estado geral e analisar projectos e programas at\u00e9 ao mais \u00ednfimo pormenor.<\/p>\n<p><strong>Pensar e agir de forma mais inovadora<\/strong><\/p>\n<p>Desenvolva solu\u00e7\u00f5es personalizadas para computadores de secret\u00e1ria ou dispositivos m\u00f3veis e automatize fluxos de trabalho em poucos passos simples. Utilize uma plataforma flex\u00edvel e segura no Azure, que \u00e9 reconhecido mundialmente como uma nuvem empresarial.<\/p>\n<p><strong>Requisitos do sistema:<\/strong><\/p>\n<ul>\n<li>1,6 GHz, processador dual-core<\/li>\n<li>Windows 10<\/li>\n<li>2 GB (32 bits), 4 GB (64 bits) de RAM<\/li>\n<li>4 GB de espa\u00e7o dispon\u00edvel no disco r\u00edgido<\/li>\n<li>A acelera\u00e7\u00e3o gr\u00e1fica requer uma placa gr\u00e1fica compat\u00edvel com DirectX 10<\/li>\n<\/ul>\n<p><strong>Apoio:<\/strong><\/p>\n<p class=\"translation-block\">Se tiver alguma d\u00favida, n\u00e3o hesite em contactar-nos <a href=\"mailto:deutschland@softwarelizenzexpress.de\" target=\"_self\" rel=\"noopener\">por correio eletr\u00f3nico<\/a>. O nosso apoio ao cliente est\u00e1 dispon\u00edvel 7 dias por semana, 24 horas por dia.<\/p>","protected":false},"excerpt":{"rendered":"<ul>\n<li>Licen\u00e7a do Microsoft Project 2019 Pro para 3 PC<\/li>\n<li><strong>Com esta licen\u00e7a, o software pode ser ativado em 3 dispositivos diferentes, por exemplo, PC dom\u00e9stico, computador port\u00e1til e PC de trabalho.<\/strong><\/li>\n<li>Vers\u00e3o para sistemas de 32 e 64 bits, vers\u00f5es completas ilimitadas do software <strong>do Microsoft Gold Partner certificado<\/strong><\/li>\n<li><strong>30 dias de reembolso total - Garantia de substitui\u00e7\u00e3o vital\u00edcia!<\/strong><\/li>\n<li>Entrega por correio eletr\u00f3nico: Chave do produto, instru\u00e7\u00f5es, liga\u00e7\u00f5es de transfer\u00eancia, fatura<\/li>\n<li>Transfer\u00eancia imediata!<\/li>\n<li>Sem limite de tempo, sem subscri\u00e7\u00e3o<\/li>\n<li>Suporte gratuito 24 horas por dia, 7 dias por semana, para problemas de instala\u00e7\u00e3o e ativa\u00e7\u00e3o<\/li>\n<li>N\u00e3o entrega em suportes de dados (USB, CD, etc.)<\/li>\n<li>Ativa\u00e7\u00e3o online e por telefone<\/li>\n<li>L\u00ednguas: Ingl\u00eas, espanhol, italiano, alem\u00e3o, franc\u00eas<\/li>\n<li><strong><span style=\"color: #008000;\"> Este produto \u00e9 compat\u00edvel com o Microsoft Windows.<\/span><\/strong><\/li>\n<li><strong><span style=\"color: #ff0000;\">N\u00c3O \u00e9 compat\u00edvel com Apple macOS\u2122, dispositivos Android e Chromebooks.<\/span><\/strong><\/li>\n<\/ul>","protected":false},"featured_media":53543,"comment_status":"open","ping_status":"closed","template":"","meta":{"_acf_changed":false},"product_brand":[],"product_cat":[27],"product_tag":[],"class_list":{"0":"post-2551","1":"product","2":"type-product","3":"status-publish","4":"has-post-thumbnail","6":"product_cat-project","8":"first","9":"instock","10":"sale","11":"virtual","12":"taxable","13":"purchasable","14":"product-type-simple"},"acf":[],"_links":{"self":[{"href":"https:\/\/softwarelizenzexpress.de\/pt\/wp-json\/wp\/v2\/product\/2551","targetHints":{"allow":["GET"]}}],"collection":[{"href":"https:\/\/softwarelizenzexpress.de\/pt\/wp-json\/wp\/v2\/product"}],"about":[{"href":"https:\/\/softwarelizenzexpress.de\/pt\/wp-json\/wp\/v2\/types\/product"}],"replies":[{"embeddable":true,"href":"https:\/\/softwarelizenzexpress.de\/pt\/wp-json\/wp\/v2\/comments?post=2551"}],"wp:featuredmedia":[{"embeddable":true,"href":"https:\/\/softwarelizenzexpress.de\/pt\/wp-json\/wp\/v2\/media\/53543"}],"wp:attachment":[{"href":"https:\/\/softwarelizenzexpress.de\/pt\/wp-json\/wp\/v2\/media?parent=2551"}],"wp:term":[{"taxonomy":"product_brand","embeddable":true,"href":"https:\/\/softwarelizenzexpress.de\/pt\/wp-json\/wp\/v2\/product_brand?post=2551"},{"taxonomy":"product_cat","embeddable":true,"href":"https:\/\/softwarelizenzexpress.de\/pt\/wp-json\/wp\/v2\/product_cat?post=2551"},{"taxonomy":"product_tag","embeddable":true,"href":"https:\/\/softwarelizenzexpress.de\/pt\/wp-json\/wp\/v2\/product_tag?post=2551"}],"curies":[{"name":"wp","href":"https:\/\/api.w.org\/{rel}","templated":true}]}}