{"id":2545,"date":"2021-02-16T14:43:24","date_gmt":"2021-02-16T13:43:24","guid":{"rendered":"http:\/\/shop.windowsandoffice.net\/product\/import-placeholder-for-1576\/"},"modified":"2026-04-16T18:11:15","modified_gmt":"2026-04-16T16:11:15","slug":"ms-visio-2019-professional","status":"publish","type":"product","link":"https:\/\/softwarelizenzexpress.de\/pt\/product\/ms-visio-2019-professional\/","title":{"rendered":"Licen\u00e7a do Microsoft Visio 2019 Professional para 3 PC"},"content":{"rendered":"<p>Na edi\u00e7\u00e3o Professional 2019, o Microsoft Visio continua a ser a melhor ferramenta para conceber diagramas nas empresas e baseia-se em normas comuns do sector, como a IEEE. Al\u00e9m disso, a Microsoft fez milhares de melhorias detalhadas e introduziu novas funcionalidades para facilitar o trabalho em projectos em equipas maiores, em particular. Por conseguinte, o software destina-se explicitamente a utilizadores profissionais. No entanto, o acesso f\u00e1cil e familiar ao programa \u00e9 mantido, o que \u00e9 conseguido principalmente atrav\u00e9s de in\u00fameros modelos e da interface Office testada e comprovada. Cada comprador recebe tamb\u00e9m 2 GB de espa\u00e7o de armazenamento gratuito na solu\u00e7\u00e3o de nuvem da Microsoft, o OneDrive.<\/p>\n<p>No Microsoft Visio Professional 2019, os diagramas podem ser gerados imediatamente ap\u00f3s o in\u00edcio do programa: centenas de modelos baseados numa sele\u00e7\u00e3o de mais de 250.000 formas garantem isso. Como a aplica\u00e7\u00e3o de ambiente de trabalho tamb\u00e9m se actualiza constantemente, s\u00e3o adicionados regularmente novos modelos. Os utilizadores partilham os diagramas acabados n\u00e3o s\u00f3 como conjuntos de dados Visio, mas tamb\u00e9m atrav\u00e9s da Internet: Para este fim, o Visio Professional 2019 suporta representa\u00e7\u00f5es de diagramas baseadas na Web ou sa\u00edda como ficheiros PDF para utilizadores que n\u00e3o utilizam o Visio no seu dispositivo. Os coment\u00e1rios que outros utilizadores adicionam posteriormente ao diagrama tamb\u00e9m s\u00e3o imediatamente vis\u00edveis para o criador do projeto, permitindo-lhe receber feedback.<\/p>\n<p>A Microsoft tamb\u00e9m melhorou o suporte para a introdu\u00e7\u00e3o de dados com os dedos e canetas, como a Microsoft Surface Pen, especificamente para o Visio Professional 2019 e o Windows 10. Os diagramas podem agora ser aperfei\u00e7oados atrav\u00e9s de m\u00e9todos de introdu\u00e7\u00e3o naturais, utilizando tinta virtual ou os dedos para colorir e mover formas e reorganizar diagramas. Isto tamb\u00e9m facilita a utiliza\u00e7\u00e3o do programa num tablet como o iPad Pro, para o qual est\u00e1 dispon\u00edvel uma aplica\u00e7\u00e3o separada na Apple Store oficial. Para melhorar a colabora\u00e7\u00e3o com outras pessoas, as fun\u00e7\u00f5es de anota\u00e7\u00e3o foram melhoradas e a integra\u00e7\u00e3o do Skype for Business na interface do programa foi alargada.<\/p>\n<p>Os novos dados s\u00e3o importados diretamente de outros programas populares, como o Excel, para o Microsoft Visio Professional 2019. Isto poupa tempo na edi\u00e7\u00e3o de diagramas, uma vez que a introdu\u00e7\u00e3o manual \u00e9 menos frequente. Est\u00e3o dispon\u00edveis in\u00fameras cores, formas e gr\u00e1ficos para dar vida a esses diagramas e apresentar claramente at\u00e9 grandes quantidades de informa\u00e7\u00e3o, de modo a concentrar-se nos dados que s\u00e3o realmente importantes para o utilizador. O programa tamb\u00e9m suporta a integra\u00e7\u00e3o de desenhos criados no popular software AutoCAD. Isto tamb\u00e9m alarga consideravelmente a gama de fun\u00e7\u00f5es, uma vez que at\u00e9 as formas complexas se tornam poss\u00edveis.<\/p>\n<p>Assim que os dados de qualquer tipo que j\u00e1 tenham sido integrados no diagrama forem alterados, o Microsoft Visio Professional 2019 tamb\u00e9m altera imediatamente a apresenta\u00e7\u00e3o do projeto. Para tal, o programa analisa constantemente os dados integrados - independentemente da sua origem e de estarem dispon\u00edveis localmente ou na rede - e, em seguida, transmite imediatamente as altera\u00e7\u00f5es para o diagrama atual. Isto significa que todos os que trabalham no projeto t\u00eam sempre uma vis\u00e3o geral e trabalham em conjunto numa \u00fanica vers\u00e3o do diagrama. A dispensa de actualiza\u00e7\u00f5es manuais tamb\u00e9m simplifica o processo de trabalho e poupa muito tempo a longo prazo.<\/p>\n<p>A Microsoft desenvolveu o Visio Professional 2019 de forma a ser compat\u00edvel apenas com uma das edi\u00e7\u00f5es do Windows 10 e do Windows 10S. N\u00e3o \u00e9 poss\u00edvel executar o software com uma vers\u00e3o mais antiga do Windows. Al\u00e9m disso, esta oferta \u00e9 uma chave de produto para um PC de secret\u00e1ria ou port\u00e1til. N\u00e3o existem custos de subscri\u00e7\u00e3o adicionais. A Microsoft garante o fornecimento de actualiza\u00e7\u00f5es a este software durante, pelo menos, cinco anos.<\/p>\n<p><strong>Requisitos do sistema:<\/strong><\/p>\n<ul>\n<li>Windows 10, Windows Server 2019<\/li>\n<li>1,6 GHz, processador dual-core ou mais r\u00e1pido<\/li>\n<li>2 GB de mem\u00f3ria de trabalho (32-bit); 4 GB de mem\u00f3ria de trabalho (64-bit)<\/li>\n<li>4 GB de espa\u00e7o dispon\u00edvel no disco r\u00edgido<\/li>\n<li>A acelera\u00e7\u00e3o gr\u00e1fica requer uma placa gr\u00e1fica compat\u00edvel com DirectX 9. Com WDDM 2.0 ou superior para Windows 10 (ou WDDM 1.3 para Windows 10 Fall Creators Update).<\/li>\n<\/ul>\n<p><strong>Apoio:<\/strong><\/p>\n<p class=\"translation-block\">Se tiver alguma d\u00favida, n\u00e3o hesite em contactar-nos <a href=\"mailto:deutschland@softwarelizenzexpress.de\" target=\"_self\" rel=\"noopener\">por correio eletr\u00f3nico<\/a>. O nosso apoio ao cliente est\u00e1 dispon\u00edvel 7 dias por semana, 24 horas por dia.<\/p>","protected":false},"excerpt":{"rendered":"<ul>\n<li>Licen\u00e7a do Microsoft Visio 2019 Pro para 3 PC<\/li>\n<li><strong>Com esta licen\u00e7a, o software pode ser ativado em 3 dispositivos diferentes, por exemplo, PC dom\u00e9stico, computador port\u00e1til e PC de trabalho.<\/strong><\/li>\n<li>Vers\u00e3o para sistemas de 32 e 64 bits, vers\u00f5es completas ilimitadas do software <strong>do Microsoft Gold Partner certificado<\/strong><\/li>\n<li><strong>30 dias de reembolso total - Garantia de substitui\u00e7\u00e3o vital\u00edcia!<\/strong><\/li>\n<li>Entrega por correio eletr\u00f3nico: Chave do produto, instru\u00e7\u00f5es, liga\u00e7\u00f5es de transfer\u00eancia, fatura<\/li>\n<li>Transfer\u00eancia imediata!<\/li>\n<li>Sem limite de tempo, sem subscri\u00e7\u00e3o<\/li>\n<li>Suporte gratuito 24 horas por dia, 7 dias por semana, para problemas de instala\u00e7\u00e3o e ativa\u00e7\u00e3o<\/li>\n<li>N\u00e3o entrega em suportes de dados (USB, CD, etc.)<\/li>\n<li>Ativa\u00e7\u00e3o online e por telefone<\/li>\n<li>L\u00ednguas: Ingl\u00eas, espanhol, italiano, alem\u00e3o, franc\u00eas<\/li>\n<li><strong><span style=\"color: #008000;\"> Este produto \u00e9 compat\u00edvel com o Microsoft Windows.<\/span><\/strong><\/li>\n<li><strong><span style=\"color: #ff0000;\">N\u00c3O \u00e9 compat\u00edvel com Apple macOS\u2122, dispositivos Android e Chromebooks.<\/span><\/strong><\/li>\n<\/ul>","protected":false},"featured_media":53545,"comment_status":"open","ping_status":"closed","template":"","meta":{"_acf_changed":false},"product_brand":[],"product_cat":[28],"product_tag":[],"class_list":{"0":"post-2545","1":"product","2":"type-product","3":"status-publish","4":"has-post-thumbnail","6":"product_cat-visio","8":"first","9":"instock","10":"sale","11":"virtual","12":"taxable","13":"purchasable","14":"product-type-simple"},"acf":[],"_links":{"self":[{"href":"https:\/\/softwarelizenzexpress.de\/pt\/wp-json\/wp\/v2\/product\/2545","targetHints":{"allow":["GET"]}}],"collection":[{"href":"https:\/\/softwarelizenzexpress.de\/pt\/wp-json\/wp\/v2\/product"}],"about":[{"href":"https:\/\/softwarelizenzexpress.de\/pt\/wp-json\/wp\/v2\/types\/product"}],"replies":[{"embeddable":true,"href":"https:\/\/softwarelizenzexpress.de\/pt\/wp-json\/wp\/v2\/comments?post=2545"}],"wp:featuredmedia":[{"embeddable":true,"href":"https:\/\/softwarelizenzexpress.de\/pt\/wp-json\/wp\/v2\/media\/53545"}],"wp:attachment":[{"href":"https:\/\/softwarelizenzexpress.de\/pt\/wp-json\/wp\/v2\/media?parent=2545"}],"wp:term":[{"taxonomy":"product_brand","embeddable":true,"href":"https:\/\/softwarelizenzexpress.de\/pt\/wp-json\/wp\/v2\/product_brand?post=2545"},{"taxonomy":"product_cat","embeddable":true,"href":"https:\/\/softwarelizenzexpress.de\/pt\/wp-json\/wp\/v2\/product_cat?post=2545"},{"taxonomy":"product_tag","embeddable":true,"href":"https:\/\/softwarelizenzexpress.de\/pt\/wp-json\/wp\/v2\/product_tag?post=2545"}],"curies":[{"name":"wp","href":"https:\/\/api.w.org\/{rel}","templated":true}]}}