{"id":2539,"date":"2021-02-12T14:43:24","date_gmt":"2021-02-12T13:43:24","guid":{"rendered":"http:\/\/shop.windowsandoffice.net\/product\/import-placeholder-for-1569\/"},"modified":"2025-10-30T16:26:47","modified_gmt":"2025-10-30T15:26:47","slug":"ms-visio-2016-professional","status":"publish","type":"product","link":"https:\/\/softwarelizenzexpress.de\/pt\/product\/ms-visio-2016-professional\/","title":{"rendered":"Licen\u00e7a do Microsoft Visio 2016 Professional para 3 PC"},"content":{"rendered":"<p>Simplifique a comunica\u00e7\u00e3o de informa\u00e7\u00f5es complexas com diagramas que est\u00e3o ligados a dados e podem ser criados com apenas alguns cliques. Com o Visio, criar diagramas \u00e9 uma brincadeira de crian\u00e7as. Quer pretenda criar rapidamente um fluxograma de um processo que tem estado a discutir com os seus colegas num quadro branco, mapear uma rede de TI, criar um organograma, documentar um processo empresarial ou desenhar uma planta, o Visio ajuda-o a visualizar o seu trabalho. Combine dados com a visualiza\u00e7\u00e3o de uma estrutura organizacional, uma rede de TI, uma f\u00e1brica ou processos empresariais complexos para ver o desempenho num relance. As formas do Visio podem ser ligadas a v\u00e1rias fontes de dados, como o Microsoft Excel, Microsoft Excel Services, Active Diretory, Microsoft SQL Server, Microsoft SQL Azure e listas Microsoft SharePoint, bem como Business Connectivity Services. Utilize gr\u00e1ficos de dados, como \u00edcones, cores ou texto, para simplificar e melhorar a visualiza\u00e7\u00e3o de informa\u00e7\u00f5es complexas. Utilize a nova conetividade de um passo com folhas de c\u00e1lculo Excel e troque os gr\u00e1ficos de dados com um clique, de acordo com os seus requisitos.<\/p>\n<p><strong>Requisitos do sistema:<\/strong><\/p>\n<ul>\n<li>Windows 10, Windows 8.1, Windows 8, Windows 7 Service Pack 1, Windows Server 2016, Windows Server 2012 R2, Windows Server 2012 ou Windows Server 2008 R2.<\/li>\n<li>Processador x86-bit ou x64-bit de 1 GHz ou mais r\u00e1pido com conjunto de instru\u00e7\u00f5es SSE2<\/li>\n<li>2 GB de mem\u00f3ria de trabalho<\/li>\n<li>3 GB de espa\u00e7o dispon\u00edvel no disco r\u00edgido<\/li>\n<li>A acelera\u00e7\u00e3o gr\u00e1fica requer uma placa gr\u00e1fica compat\u00edvel com DirectX 9.<\/li>\n<li>.NET 3.5 \u00e9 necess\u00e1rio. Algumas fun\u00e7\u00f5es requerem a instala\u00e7\u00e3o do .NET 4.0, 4.5 ou 4.6 CLR.<\/li>\n<\/ul>\n<p><strong>Apoio:<\/strong><\/p>\n<p class=\"translation-block\">Se tiver alguma d\u00favida, n\u00e3o hesite em contactar-nos <a href=\"mailto:deutschland@softwarelizenzexpress.de\" target=\"_self\" rel=\"noopener\">por correio eletr\u00f3nico<\/a>. O nosso apoio ao cliente est\u00e1 dispon\u00edvel 7 dias por semana, 24 horas por dia.<\/p>","protected":false},"excerpt":{"rendered":"<ul>\n<li>Licen\u00e7a Microsoft Visio 2016 Pro para 3 PC<\/li>\n<li><strong>Com esta licen\u00e7a, o software pode ser ativado em 3 dispositivos diferentes, por exemplo, PC dom\u00e9stico, computador port\u00e1til e PC de trabalho.<\/strong><\/li>\n<li>Vers\u00e3o para sistemas de 32 e 64 bits, vers\u00f5es completas ilimitadas do software <strong>do Microsoft Gold Partner certificado<\/strong><\/li>\n<li><strong>30 dias de reembolso total - Garantia de substitui\u00e7\u00e3o vital\u00edcia!<\/strong><\/li>\n<li>Entrega por correio eletr\u00f3nico: Chave do produto, instru\u00e7\u00f5es, liga\u00e7\u00f5es de transfer\u00eancia, fatura<\/li>\n<li>Transfer\u00eancia imediata!<\/li>\n<li>Sem limite de tempo, sem subscri\u00e7\u00e3o<\/li>\n<li>Suporte gratuito 24 horas por dia, 7 dias por semana, para problemas de instala\u00e7\u00e3o e ativa\u00e7\u00e3o<\/li>\n<li>N\u00e3o entrega em suportes de dados (USB, CD, etc.)<\/li>\n<li>Ativa\u00e7\u00e3o online e por telefone<\/li>\n<li>L\u00ednguas: Ingl\u00eas, espanhol, italiano, alem\u00e3o, franc\u00eas<\/li>\n<li><strong><span style=\"color: #008000;\"> Este produto \u00e9 compat\u00edvel com o Microsoft Windows.<\/span><\/strong><\/li>\n<li><strong><span style=\"color: #ff0000;\">N\u00c3O \u00e9 compat\u00edvel com Apple macOS\u2122, dispositivos Android e Chromebooks.<\/span><\/strong><\/li>\n<\/ul>","protected":false},"featured_media":53640,"comment_status":"open","ping_status":"closed","template":"","meta":{"_acf_changed":false},"product_brand":[],"product_cat":[28],"product_tag":[],"class_list":{"0":"post-2539","1":"product","2":"type-product","3":"status-publish","4":"has-post-thumbnail","6":"product_cat-visio","8":"first","9":"instock","10":"sale","11":"virtual","12":"taxable","13":"purchasable","14":"product-type-simple"},"acf":[],"_links":{"self":[{"href":"https:\/\/softwarelizenzexpress.de\/pt\/wp-json\/wp\/v2\/product\/2539","targetHints":{"allow":["GET"]}}],"collection":[{"href":"https:\/\/softwarelizenzexpress.de\/pt\/wp-json\/wp\/v2\/product"}],"about":[{"href":"https:\/\/softwarelizenzexpress.de\/pt\/wp-json\/wp\/v2\/types\/product"}],"replies":[{"embeddable":true,"href":"https:\/\/softwarelizenzexpress.de\/pt\/wp-json\/wp\/v2\/comments?post=2539"}],"wp:featuredmedia":[{"embeddable":true,"href":"https:\/\/softwarelizenzexpress.de\/pt\/wp-json\/wp\/v2\/media\/53640"}],"wp:attachment":[{"href":"https:\/\/softwarelizenzexpress.de\/pt\/wp-json\/wp\/v2\/media?parent=2539"}],"wp:term":[{"taxonomy":"product_brand","embeddable":true,"href":"https:\/\/softwarelizenzexpress.de\/pt\/wp-json\/wp\/v2\/product_brand?post=2539"},{"taxonomy":"product_cat","embeddable":true,"href":"https:\/\/softwarelizenzexpress.de\/pt\/wp-json\/wp\/v2\/product_cat?post=2539"},{"taxonomy":"product_tag","embeddable":true,"href":"https:\/\/softwarelizenzexpress.de\/pt\/wp-json\/wp\/v2\/product_tag?post=2539"}],"curies":[{"name":"wp","href":"https:\/\/api.w.org\/{rel}","templated":true}]}}