{"id":2527,"date":"2021-03-15T16:42:59","date_gmt":"2021-03-15T15:42:59","guid":{"rendered":"http:\/\/shop.windowsandoffice.net\/product\/import-placeholder-for-1402\/"},"modified":"2026-04-16T18:11:15","modified_gmt":"2026-04-16T16:11:15","slug":"combo1","status":"publish","type":"product","link":"https:\/\/softwarelizenzexpress.de\/pt\/product\/combo1\/","title":{"rendered":"Licen\u00e7a do Microsoft Windows 10 Professional + Microsoft Office 2019 Professional Plus para 3 PCs"},"content":{"rendered":"<p>Poupe tempo e dinheiro com o nosso pacote de vantagens Microsoft, que consiste nas vers\u00f5es mais recentes do Windows e do Office<\/p>\n<ul>\n<li><strong>Microsoft Windows 10 Professional\u00a0<\/strong>- o sistema operativo Windows mais seguro e fi\u00e1vel; agora com o seu assistente pessoal digital Cortana<\/li>\n<li><strong>Microsoft Office 2019 Professional Plus<\/strong>\u00a0- o pacote Office mais completo e moderno de todos os tempos<\/li>\n<\/ul>\n<hr \/>\n<p><strong>Microsoft Windows 10 Professional<\/strong><\/p>\n<p>Com o Windows 10 Professional, tem um sistema operativo fi\u00e1vel no seu dispositivo. Beneficia de arranques mais r\u00e1pidos do sistema, de um menu Iniciar familiar mas melhorado e de novas formas de fazer as coisas rapidamente. Tamb\u00e9m ter\u00e1 novas funcionalidades, como um navegador totalmente novo para uma navega\u00e7\u00e3o na Web ainda melhor e a sua assistente digital pessoal Cortana. A Cortana \u00e9 o seu assistente pessoal digital que o segue em todos os seus dispositivos Windows 10 e o ajuda a fazer as coisas. A Cortana aprende cada vez mais sobre si ao longo do tempo e pode ajud\u00e1-lo melhor todos os dias. O Windows 10 Professional apoia-o de forma optimizada em tudo o que faz.<\/p>\n<p><strong>Microsoft Office 2019 Professional Plus<\/strong><\/p>\n<p>Escolha hoje o Office 2019 Professional Plus e receber\u00e1 a mais recente solu\u00e7\u00e3o de escrit\u00f3rio da Microsoft. Para al\u00e9m das aplica\u00e7\u00f5es familiares, obt\u00e9m automaticamente acesso a aplica\u00e7\u00f5es baseadas no browser e ao Skype for Business. A comunica\u00e7\u00e3o simplificada permite-lhe colaborar de forma ainda mais eficaz com outras pessoas.<\/p>\n<p>Tudo o que precisa num relance:<\/p>\n<ul>\n<li><strong>Word 2019\u00a0<\/strong>- para criar e editar os seus textos e documentos<\/li>\n<li><strong>Excel 2019\u00a0<\/strong>- para editar registos de dados em forma de tabela<\/li>\n<li><strong>PowerPoint 2019\u00a0<\/strong>- para a cria\u00e7\u00e3o de apresenta\u00e7\u00f5es cativantes<\/li>\n<li><strong>Perspectivas para 2019<\/strong>\u00a0- para gerir e-mails, contactos, compromissos e tarefas<\/li>\n<li><strong>Editora 2019<\/strong>\u00a0- para a cria\u00e7\u00e3o simples de publica\u00e7\u00f5es com aspeto profissional<\/li>\n<li><strong>Acesso 2019<\/strong>\u00a0- para a cria\u00e7\u00e3o de bases de dados com acesso \u00e0 Internet<\/li>\n<li><strong>Lync 2019<\/strong>\u00a0(Skype for Business) - para maior produtividade atrav\u00e9s de mensagens instant\u00e2neas e comunica\u00e7\u00e3o e colabora\u00e7\u00e3o f\u00e1ceis com videoconfer\u00eancia HD<\/li>\n<li><strong>Aplica\u00e7\u00f5es Web<\/strong>\u00a0(Word, Excel, PowerPoint)<\/li>\n<\/ul>\n<p>O OneNote j\u00e1 n\u00e3o faz parte do pacote Office, mas est\u00e1 dispon\u00edvel como uma aplica\u00e7\u00e3o padr\u00e3o no Windows 10, que \u00e9 um pr\u00e9-requisito para utilizar o Office 2019.\u00a0<strong>As vers\u00f5es mais antigas do Windows n\u00e3o s\u00e3o suportadas.<\/strong><\/p>\n<p><strong>Apoio:<\/strong><\/p>\n<p class=\"translation-block\">Se tiver alguma d\u00favida, n\u00e3o hesite em contactar-nos <a href=\"mailto:deutschland@softwarelizenzexpress.de\" target=\"_self\" rel=\"noopener\">por correio eletr\u00f3nico<\/a>. O nosso apoio ao cliente est\u00e1 dispon\u00edvel 7 dias por semana, 24 horas por dia.<\/p>","protected":false},"excerpt":{"rendered":"<ul>\n<li>Licen\u00e7a do Microsoft Windows 10 Professional para 3 PC <\/li>\n<li>Licen\u00e7a do Microsoft Office 2019 Professional Plus para 3 PC <\/li>\n<li><strong>Com esta licen\u00e7a, o software pode ser ativado em 3 dispositivos diferentes, por exemplo, PC dom\u00e9stico, computador port\u00e1til e PC de trabalho.<\/strong><\/li>\n<li>Vers\u00e3o para sistemas de 32 e 64 bits, vers\u00f5es completas ilimitadas do software <strong>do Microsoft Gold Partner certificado<\/strong><\/li>\n<li><strong>30 dias de reembolso total - Garantia de substitui\u00e7\u00e3o vital\u00edcia!<\/strong><\/li>\n<li>Entrega por correio eletr\u00f3nico: Chave do produto, instru\u00e7\u00f5es, liga\u00e7\u00f5es de transfer\u00eancia, fatura<\/li>\n<li>Transfer\u00eancia imediata!<\/li>\n<li>Sem limite de tempo, sem subscri\u00e7\u00e3o<\/li>\n<li>Suporte gratuito 24 horas por dia, 7 dias por semana, para problemas de instala\u00e7\u00e3o e ativa\u00e7\u00e3o<\/li>\n<li>N\u00e3o entrega em suportes de dados (USB, CD, etc.)<\/li>\n<li>Ativa\u00e7\u00e3o online e por telefone<\/li>\n<li>L\u00ednguas: Ingl\u00eas, espanhol, italiano, alem\u00e3o, franc\u00eas<\/li>\n<li><strong><span style=\"color: #008000;\"> Este produto \u00e9 compat\u00edvel com o Microsoft Windows.<\/span><\/strong><\/li>\n<li><strong><span style=\"color: #ff0000;\">N\u00c3O \u00e9 compat\u00edvel com Apple macOS\u2122, dispositivos Android e Chromebooks.<\/span><\/strong><\/li>\n<\/ul>","protected":false},"featured_media":53553,"comment_status":"open","ping_status":"closed","template":"","meta":{"_acf_changed":false},"product_brand":[],"product_cat":[25,15,23,26],"product_tag":[],"class_list":{"0":"post-2527","1":"product","2":"type-product","3":"status-publish","4":"has-post-thumbnail","6":"product_cat-combos","7":"product_cat-ms-office","8":"product_cat-windows-desktop","9":"product_cat-special-offers","11":"first","12":"instock","13":"sale","14":"virtual","15":"taxable","16":"purchasable","17":"product-type-simple"},"acf":[],"_links":{"self":[{"href":"https:\/\/softwarelizenzexpress.de\/pt\/wp-json\/wp\/v2\/product\/2527","targetHints":{"allow":["GET"]}}],"collection":[{"href":"https:\/\/softwarelizenzexpress.de\/pt\/wp-json\/wp\/v2\/product"}],"about":[{"href":"https:\/\/softwarelizenzexpress.de\/pt\/wp-json\/wp\/v2\/types\/product"}],"replies":[{"embeddable":true,"href":"https:\/\/softwarelizenzexpress.de\/pt\/wp-json\/wp\/v2\/comments?post=2527"}],"wp:featuredmedia":[{"embeddable":true,"href":"https:\/\/softwarelizenzexpress.de\/pt\/wp-json\/wp\/v2\/media\/53553"}],"wp:attachment":[{"href":"https:\/\/softwarelizenzexpress.de\/pt\/wp-json\/wp\/v2\/media?parent=2527"}],"wp:term":[{"taxonomy":"product_brand","embeddable":true,"href":"https:\/\/softwarelizenzexpress.de\/pt\/wp-json\/wp\/v2\/product_brand?post=2527"},{"taxonomy":"product_cat","embeddable":true,"href":"https:\/\/softwarelizenzexpress.de\/pt\/wp-json\/wp\/v2\/product_cat?post=2527"},{"taxonomy":"product_tag","embeddable":true,"href":"https:\/\/softwarelizenzexpress.de\/pt\/wp-json\/wp\/v2\/product_tag?post=2527"}],"curies":[{"name":"wp","href":"https:\/\/api.w.org\/{rel}","templated":true}]}}