{"id":2526,"date":"2021-03-14T14:42:59","date_gmt":"2021-03-14T13:42:59","guid":{"rendered":"http:\/\/shop.windowsandoffice.net\/product\/import-placeholder-for-1391\/"},"modified":"2026-04-16T18:11:15","modified_gmt":"2026-04-16T16:11:15","slug":"combo2","status":"publish","type":"product","link":"https:\/\/softwarelizenzexpress.de\/pt\/product\/combo2\/","title":{"rendered":"Microsoft Windows 10 Pro + Microsoft Office 2019 Pro Plus + Microsoft Project 2019 Pro + Microsoft Visio 2019 Pro Licen\u00e7a para 3 PC"},"content":{"rendered":"<p>Poupe tempo e dinheiro com a nossa combina\u00e7\u00e3o Microsoft que consiste nas vers\u00f5es mais recentes do Windows, Office, Visio e Project.<\/p>\n<ul>\n<li>Windows 10 Professional<\/li>\n<li>Office 2019 Professional Plus<\/li>\n<li>Visio 2019 Profissional<\/li>\n<li>Projeto 2019 Profissional<\/li>\n<\/ul>\n<hr \/>\n<p><strong>Microsoft Windows 10 Professional<\/strong><\/p>\n<p>Com o Windows 10 Pro, tem um sistema operativo fi\u00e1vel no seu dispositivo. Beneficia de um arranque mais r\u00e1pido do sistema, de um menu Iniciar familiar, mas melhorado, e de novas formas de concluir tarefas rapidamente. Tamb\u00e9m ter\u00e1 novas funcionalidades, como um navegador totalmente novo para o ajudar a navegar na Web e a sua assistente digital pessoal Cortana. A Cortana \u00e9 o seu assistente pessoal digital que o seguir\u00e1 em todos os seus dispositivos Windows 10 e o ajudar\u00e1 a fazer as coisas. A Cortana aprende mais sobre si ao longo do tempo e pode ajud\u00e1-lo melhor todos os dias. O Windows 10 Pro apoia-o de forma optimizada em tudo o que faz.<\/p>\n<p><strong>Microsoft Office 2019 Professional Plus<\/strong><\/p>\n<p>Opte hoje pelo Office 2019 Professional Plus e receber\u00e1 a mais recente e mais moderna solu\u00e7\u00e3o de escrit\u00f3rio da Microsoft. Para al\u00e9m das aplica\u00e7\u00f5es tradicionais, obt\u00e9m automaticamente acesso a aplica\u00e7\u00f5es baseadas no navegador e ao Skype for Business. Com uma comunica\u00e7\u00e3o simplificada, pode trabalhar de forma mais eficaz com outras pessoas.<\/p>\n<p>Tudo o que precisa num s\u00f3 olhar<\/p>\n<ul>\n<li><strong>Word 2019 <\/strong>- para a cria\u00e7\u00e3o e edi\u00e7\u00e3o dos seus textos e documentos<\/li>\n<li><strong>Excel 2019 <\/strong>- para o tratamento de registos de dados em forma de tabela<\/li>\n<li><strong>PowerPoint 2019 <\/strong>- para a cria\u00e7\u00e3o de apresenta\u00e7\u00f5es inspiradoras<\/li>\n<li><strong>Perspectivas para 2019<\/strong> - para gerir os seus e-mails, contactos, agendas e tarefas<\/li>\n<li><strong>Editora 2019<\/strong> - para criar facilmente publica\u00e7\u00f5es com aspeto profissional<\/li>\n<li><strong>Acesso 2019<\/strong> - para a cria\u00e7\u00e3o de bases de dados com acesso \u00e0 Internet<\/li>\n<li><strong>Lync 2019<\/strong> (Skype for Business) - para aumentar a produtividade atrav\u00e9s de mensagens instant\u00e2neas e facilitar a comunica\u00e7\u00e3o e colabora\u00e7\u00e3o com videoconfer\u00eancia HD<\/li>\n<li><strong>Aplica\u00e7\u00f5es Web<\/strong> (Word, Excel, PowerPoint)<\/li>\n<\/ul>\n<p>O OneNote j\u00e1 n\u00e3o faz parte do pacote Office, est\u00e1 agora inclu\u00eddo no sistema operativo Windows 10, que \u00e9 necess\u00e1rio para utilizar o Office 2019. <strong>As vers\u00f5es mais antigas do Windows n\u00e3o s\u00e3o suportadas.<\/strong><\/p>\n<p><strong>Microsoft Visio 2019 Professional<\/strong><\/p>\n<p>O Visio 2019 \u00e9 uma poderosa aplica\u00e7\u00e3o de diagrama\u00e7\u00e3o que lhe permite trabalhar visualmente para criar todo o tipo de diagramas e \u00e9 l\u00edder do sector com mais de 12 milh\u00f5es de utilizadores. O Visio 2019 facilita a defini\u00e7\u00e3o de processos empresariais, a documenta\u00e7\u00e3o de melhores pr\u00e1ticas, a visualiza\u00e7\u00e3o do estado futuro de iniciativas transformadoras e o acompanhamento de informa\u00e7\u00f5es operacionais na sua empresa.<\/p>\n<p><strong>Microsoft Project 2019 Professional<\/strong><\/p>\n<p>Trabalhe com outras pessoas para iniciar e implementar projectos de sucesso em pouco tempo. Inclui todas as funcionalidades do Project Standard, al\u00e9m de colabora\u00e7\u00e3o na gest\u00e3o de recursos, sincroniza\u00e7\u00e3o de tarefas do SharePoint, apresenta\u00e7\u00e3o de folhas de horas e muito mais. O Microsoft Project Professional 2019 oferece funcionalidades flex\u00edveis que o ajudar\u00e3o a planear projectos, acompanhar o estado e colaborar com outras pessoas a partir de praticamente qualquer lugar. A aplica\u00e7\u00e3o oferece comunica\u00e7\u00e3o em tempo real e mensagens instant\u00e2neas, activadas diretamente no seu plano de projeto atrav\u00e9s do Skype for Business, e consolida todos os potenciais recursos do projeto numa \u00fanica vista.<\/p>\n<p><strong>Apoio:<\/strong><\/p>\n<p>Para quaisquer quest\u00f5es futuras, n\u00e3o hesite em contactar-nos <a href=\"mailto:deutschland@softwarelizenzexpress.de\">por correio eletr\u00f3nico<\/a>. O nosso apoio ao cliente est\u00e1 dispon\u00edvel 7 dias por semana, 24 horas por dia.<\/p>","protected":false},"excerpt":{"rendered":"<ul>\n<li>Licen\u00e7a do Microsoft Windows 10 Professional para 3 PC<\/li>\n<li>Licen\u00e7a do Microsoft Office 2019 Professional Plus para 3 PC<\/li>\n<li>Licen\u00e7a do Microsoft Project 2019 Pro para 3 PC<\/li>\n<li>Licen\u00e7a do Microsoft Visio 2019 Pro para 3 PC<\/li>\n<li><strong>Com esta licen\u00e7a, o software pode ser ativado em 3 dispositivos diferentes, por exemplo, PC dom\u00e9stico, computador port\u00e1til e PC de trabalho.<\/strong><\/li>\n<li>Vers\u00e3o para sistemas de 32 e 64 bits, vers\u00f5es completas ilimitadas do software <strong>do Microsoft Gold Partner certificado<\/strong><\/li>\n<li><strong>30 dias de reembolso total - Garantia de substitui\u00e7\u00e3o vital\u00edcia!<\/strong><\/li>\n<li>Entrega por correio eletr\u00f3nico: Chave do produto, instru\u00e7\u00f5es, liga\u00e7\u00f5es de transfer\u00eancia, fatura<\/li>\n<li>Transfer\u00eancia imediata!<\/li>\n<li>Sem limite de tempo, sem subscri\u00e7\u00e3o<\/li>\n<li>Suporte gratuito 24 horas por dia, 7 dias por semana, para problemas de instala\u00e7\u00e3o e ativa\u00e7\u00e3o<\/li>\n<li>N\u00e3o entrega em suportes de dados (USB, CD, etc.)<\/li>\n<li>Ativa\u00e7\u00e3o online e por telefone<\/li>\n<li>L\u00ednguas: Ingl\u00eas, espanhol, italiano, alem\u00e3o, franc\u00eas<\/li>\n<li><strong><span style=\"color: #008000;\"> Este produto \u00e9 compat\u00edvel com o Microsoft Windows.<\/span><\/strong><\/li>\n<li><strong><span style=\"color: #ff0000;\">N\u00c3O \u00e9 compat\u00edvel com Apple macOS\u2122, dispositivos Android e Chromebooks.<\/span><\/strong><\/li>\n<\/ul>","protected":false},"featured_media":53554,"comment_status":"open","ping_status":"closed","template":"","meta":{"_acf_changed":false},"product_brand":[],"product_cat":[25,15,27,28,23,26],"product_tag":[],"class_list":{"0":"post-2526","1":"product","2":"type-product","3":"status-publish","4":"has-post-thumbnail","6":"product_cat-combos","7":"product_cat-ms-office","8":"product_cat-project","9":"product_cat-visio","10":"product_cat-windows-desktop","11":"product_cat-special-offers","13":"first","14":"instock","15":"sale","16":"virtual","17":"taxable","18":"purchasable","19":"product-type-simple"},"acf":[],"_links":{"self":[{"href":"https:\/\/softwarelizenzexpress.de\/pt\/wp-json\/wp\/v2\/product\/2526","targetHints":{"allow":["GET"]}}],"collection":[{"href":"https:\/\/softwarelizenzexpress.de\/pt\/wp-json\/wp\/v2\/product"}],"about":[{"href":"https:\/\/softwarelizenzexpress.de\/pt\/wp-json\/wp\/v2\/types\/product"}],"replies":[{"embeddable":true,"href":"https:\/\/softwarelizenzexpress.de\/pt\/wp-json\/wp\/v2\/comments?post=2526"}],"wp:featuredmedia":[{"embeddable":true,"href":"https:\/\/softwarelizenzexpress.de\/pt\/wp-json\/wp\/v2\/media\/53554"}],"wp:attachment":[{"href":"https:\/\/softwarelizenzexpress.de\/pt\/wp-json\/wp\/v2\/media?parent=2526"}],"wp:term":[{"taxonomy":"product_brand","embeddable":true,"href":"https:\/\/softwarelizenzexpress.de\/pt\/wp-json\/wp\/v2\/product_brand?post=2526"},{"taxonomy":"product_cat","embeddable":true,"href":"https:\/\/softwarelizenzexpress.de\/pt\/wp-json\/wp\/v2\/product_cat?post=2526"},{"taxonomy":"product_tag","embeddable":true,"href":"https:\/\/softwarelizenzexpress.de\/pt\/wp-json\/wp\/v2\/product_tag?post=2526"}],"curies":[{"name":"wp","href":"https:\/\/api.w.org\/{rel}","templated":true}]}}