{"id":2499,"date":"2021-01-07T14:42:55","date_gmt":"2021-01-07T13:42:55","guid":{"rendered":"http:\/\/shop.windowsandoffice.net\/product\/import-placeholder-for-403\/"},"modified":"2026-04-16T18:11:15","modified_gmt":"2026-04-16T16:11:15","slug":"windows-server-2012-std-ess-dc-versions","status":"publish","type":"product","link":"https:\/\/softwarelizenzexpress.de\/pt\/product\/windows-server-2012-std-ess-dc-versions\/","title":{"rendered":"Microsoft Windows Server 2012 R2"},"content":{"rendered":"<p>O Windows Server 2012 R2 \u00e9 a continua\u00e7\u00e3o do desenvolvimento do padr\u00e3o da ind\u00fastria existente na \u00e1rea dos sistemas operativos de servidores. Est\u00e3o dispon\u00edveis as tr\u00eas vers\u00f5es seguintes:<\/p>\n<p><strong>Fundamentos do Windows Server 2012 R2<\/strong><\/p>\n<p>O Windows Server 2012 R2 Essentials \u00e9 uma solu\u00e7\u00e3o de servidor flex\u00edvel, econ\u00f3mica e f\u00e1cil de utilizar, concebida para pequenas empresas com um m\u00e1ximo de 25 utilizadores e 50 dispositivos. O Windows Server Essentials \u00e9 um primeiro servidor ideal e tamb\u00e9m pode ser utilizado como servidor principal num ambiente multi-servidor para pequenas empresas.<\/p>\n<p><strong>Windows Server 2012 R2 Standard<\/strong><\/p>\n<p>O Windows Server 2012 Standard foi desenvolvido para ambientes de baixa densidade ou n\u00e3o virtualizados e oferece todas as funcionalidades do Windows Server com duas inst\u00e2ncias virtuais. Al\u00e9m disso, o Windows Server 2012 R2 Standard oferece uma infraestrutura din\u00e2mica e multilocat\u00e1ria que ultrapassa as anteriores tecnologias de virtualiza\u00e7\u00e3o, bem como uma plataforma completa para a cria\u00e7\u00e3o de uma Microsoft Private Cloud. Isto permite-lhe escalar e proteger cargas de trabalho, uma solu\u00e7\u00e3o de nuvem rent\u00e1vel e conetividade segura de servi\u00e7os de nuvem.<\/p>\n<p><strong>Centro de dados do Windows Server 2012 R2<\/strong><\/p>\n<p>O Windows Server 2012 Datacenter foi concebido para virtualiza\u00e7\u00e3o de alta densidade com um n\u00famero ilimitado de inst\u00e2ncias virtuais. Al\u00e9m disso, o Windows Server 2012 R2 Datacenter fornece uma infraestrutura din\u00e2mica e multilocat\u00e1ria que ultrapassa as anteriores tecnologias de virtualiza\u00e7\u00e3o, bem como uma plataforma completa para a cria\u00e7\u00e3o de uma Microsoft Private Cloud. Isto permite-lhe escalar e proteger cargas de trabalho, uma solu\u00e7\u00e3o de nuvem rent\u00e1vel e conetividade segura de servi\u00e7os de nuvem.<\/p>\n<p><strong>Requisitos do sistema:<\/strong><\/p>\n<ul>\n<li>Processador: Processador de 64 bits de 1,4 GHz<\/li>\n<li>Mem\u00f3ria de trabalho: 512 MB<\/li>\n<li>Espa\u00e7o dispon\u00edvel no disco r\u00edgido: 32 GB<\/li>\n<li>Monitor com resolu\u00e7\u00e3o Super VGA (800 x 600) ou superior<\/li>\n<li>Teclado e rato Microsoft (ou dispositivo apontador compat\u00edvel)<\/li>\n<\/ul>\n<p><strong>Apoio:<\/strong><\/p>\n<p class=\"translation-block\">Se tiver alguma d\u00favida, n\u00e3o hesite em contactar-nos <a href=\"mailto:deutschland@softwarelizenzexpress.de\" target=\"_self\" rel=\"noopener\">por correio eletr\u00f3nico<\/a>. O nosso apoio ao cliente est\u00e1 dispon\u00edvel 7 dias por semana, 24 horas por dia.<\/p>","protected":false},"excerpt":{"rendered":"<ul>\n<li>Microsoft Windows Server 2012<\/li>\n<li>Vers\u00f5es para sistemas de 32 e 64 bits dispon\u00edveis<\/li>\n<li>Envio por correio eletr\u00f3nico: Chave do produto, instru\u00e7\u00f5es, liga\u00e7\u00f5es de transfer\u00eancia, fatura<\/li>\n<li>Transfer\u00eancia imediata!<\/li>\n<li>Sem limite de tempo, sem subscri\u00e7\u00e3o<\/li>\n<li>Suporte gratuito para instala\u00e7\u00e3o e ativa\u00e7\u00e3o<\/li>\n<li>N\u00e3o entrega em suportes de dados (USB, CD, etc.)<\/li>\n<li>Ativa\u00e7\u00e3o online e por telefone<\/li>\n<\/ul>","protected":false},"featured_media":53645,"comment_status":"open","ping_status":"closed","template":"","meta":{"_acf_changed":false},"product_brand":[],"product_cat":[17],"product_tag":[],"class_list":{"0":"post-2499","1":"product","2":"type-product","3":"status-publish","4":"has-post-thumbnail","6":"product_cat-windows-servers","8":"first","9":"instock","10":"sale","11":"virtual","12":"taxable","13":"purchasable","14":"product-type-simple"},"acf":[],"_links":{"self":[{"href":"https:\/\/softwarelizenzexpress.de\/pt\/wp-json\/wp\/v2\/product\/2499","targetHints":{"allow":["GET"]}}],"collection":[{"href":"https:\/\/softwarelizenzexpress.de\/pt\/wp-json\/wp\/v2\/product"}],"about":[{"href":"https:\/\/softwarelizenzexpress.de\/pt\/wp-json\/wp\/v2\/types\/product"}],"replies":[{"embeddable":true,"href":"https:\/\/softwarelizenzexpress.de\/pt\/wp-json\/wp\/v2\/comments?post=2499"}],"wp:featuredmedia":[{"embeddable":true,"href":"https:\/\/softwarelizenzexpress.de\/pt\/wp-json\/wp\/v2\/media\/53645"}],"wp:attachment":[{"href":"https:\/\/softwarelizenzexpress.de\/pt\/wp-json\/wp\/v2\/media?parent=2499"}],"wp:term":[{"taxonomy":"product_brand","embeddable":true,"href":"https:\/\/softwarelizenzexpress.de\/pt\/wp-json\/wp\/v2\/product_brand?post=2499"},{"taxonomy":"product_cat","embeddable":true,"href":"https:\/\/softwarelizenzexpress.de\/pt\/wp-json\/wp\/v2\/product_cat?post=2499"},{"taxonomy":"product_tag","embeddable":true,"href":"https:\/\/softwarelizenzexpress.de\/pt\/wp-json\/wp\/v2\/product_tag?post=2499"}],"curies":[{"name":"wp","href":"https:\/\/api.w.org\/{rel}","templated":true}]}}