{"id":2490,"date":"2021-01-17T14:42:42","date_gmt":"2021-01-17T13:42:42","guid":{"rendered":"http:\/\/shop.windowsandoffice.net\/product\/import-placeholder-for-396\/"},"modified":"2026-04-16T18:11:15","modified_gmt":"2026-04-16T16:11:15","slug":"windows-server-2016-std-ess-dc-versions","status":"publish","type":"product","link":"https:\/\/softwarelizenzexpress.de\/pt\/product\/windows-server-2016-std-ess-dc-versions\/","title":{"rendered":"Microsoft Windows Server 2016"},"content":{"rendered":"<p>O Windows Server 2016 \u00e9 o sucessor do principal padr\u00e3o da ind\u00fastria para sistemas operativos de servidores. Ajuda as empresas a serem bem-sucedidas na era moderna da nuvem e da mobilidade. Est\u00e3o dispon\u00edveis tr\u00eas vers\u00f5es diferentes:<\/p>\n<p><strong>Fundamentos do Windows Server 2016<\/strong><\/p>\n<p>\u00e9 uma solu\u00e7\u00e3o de servidor flex\u00edvel, econ\u00f3mica e f\u00e1cil de utilizar, concebida para pequenas empresas com um m\u00e1ximo de 25 utilizadores e 50 dispositivos. O Windows Server Essentials \u00e9 um primeiro servidor ideal e tamb\u00e9m pode ser utilizado como servidor principal num ambiente multi-servidor para pequenas empresas.<\/p>\n<p><strong>Windows Server 2016 Standard<\/strong><\/p>\n<p>A vers\u00e3o standard do Windows Server 2016 oferece um bom suporte para as empresas que pretendem virtualizar o seu ambiente de trabalho. Esta vers\u00e3o inclui:<\/p>\n<ul>\n<li>2 m\u00e1quinas virtuais<\/li>\n<li>2 contentores Hyper-V<\/li>\n<li>N\u00famero ilimitado de contentores do Windows Server<\/li>\n<\/ul>\n<p><strong>Centro de dados do Windows Server 2016<\/strong><\/p>\n<p>Esta edi\u00e7\u00e3o \u00e9 ideal para organiza\u00e7\u00f5es de qualquer dimens\u00e3o que necessitem de cargas de trabalho de TI exigentes que requerem armazenamento avan\u00e7ado, virtualiza\u00e7\u00e3o e fornecimento de aplica\u00e7\u00f5es. A edi\u00e7\u00e3o inclui:<\/p>\n<ul>\n<li>N\u00famero ilimitado de m\u00e1quinas virtuais<\/li>\n<li>N\u00famero ilimitado de contentores Hyper-V<\/li>\n<li>N\u00famero ilimitado de contentores do Windows Server<\/li>\n<li>Fun\u00e7\u00f5es de armazenamento que incluem R\u00e9plica de Armazenamento e Espa\u00e7os de Armazenamento Diret<\/li>\n<li>Nova pilha de rede optimizada<\/li>\n<li>M\u00e1quinas virtuais protegidas e Host Guardian Services<\/li>\n<\/ul>\n<p><strong>Requisitos do sistema:<\/strong><\/p>\n<ul>\n<li>Processador: Processador de 64 bits de 1,4 GHz<\/li>\n<li>Mem\u00f3ria: 512 MB (2 Gb para servidores com a op\u00e7\u00e3o de instala\u00e7\u00e3o \"Desktop Experience\")<\/li>\n<li>Espa\u00e7o dispon\u00edvel no disco r\u00edgido: 60 GB<\/li>\n<li>Monitor com resolu\u00e7\u00e3o Super VGA (800 x 600) ou superior<\/li>\n<li>Teclado e rato Microsoft (ou dispositivo apontador compat\u00edvel)<\/li>\n<\/ul>\n<p><strong>Apoio:<\/strong><\/p>\n<p class=\"translation-block\">Se tiver alguma d\u00favida, n\u00e3o hesite em contactar-nos <a href=\"mailto:deutschland@softwarelizenzexpress.de\" target=\"_self\" rel=\"noopener\">por correio eletr\u00f3nico<\/a>. O nosso apoio ao cliente est\u00e1 dispon\u00edvel 7 dias por semana, 24 horas por dia.<\/p>","protected":false},"excerpt":{"rendered":"<ul>\n<li>Microsoft Windows Server 2016 (CALs vendidas separadamente)<\/li>\n<li>Vers\u00f5es para sistemas de 32 e 64 bits dispon\u00edveis<\/li>\n<li>Envio por correio eletr\u00f3nico: Chave do produto, instru\u00e7\u00f5es, liga\u00e7\u00f5es de transfer\u00eancia, fatura<\/li>\n<li>Transfer\u00eancia imediata!<\/li>\n<li>Sem limite de tempo, sem subscri\u00e7\u00e3o<\/li>\n<li>Suporte gratuito para instala\u00e7\u00e3o e ativa\u00e7\u00e3o<\/li>\n<li>N\u00e3o entrega em suportes de dados (USB, CD, etc.)<\/li>\n<li>Ativa\u00e7\u00e3o online e por telefone<\/li>\n<\/ul>","protected":false},"featured_media":53646,"comment_status":"open","ping_status":"closed","template":"","meta":{"_acf_changed":false},"product_brand":[],"product_cat":[17],"product_tag":[105],"class_list":{"0":"post-2490","1":"product","2":"type-product","3":"status-publish","4":"has-post-thumbnail","6":"product_cat-windows-servers","7":"product_tag-windows","9":"first","10":"instock","11":"sale","12":"virtual","13":"taxable","14":"purchasable","15":"product-type-simple"},"acf":[],"_links":{"self":[{"href":"https:\/\/softwarelizenzexpress.de\/pt\/wp-json\/wp\/v2\/product\/2490","targetHints":{"allow":["GET"]}}],"collection":[{"href":"https:\/\/softwarelizenzexpress.de\/pt\/wp-json\/wp\/v2\/product"}],"about":[{"href":"https:\/\/softwarelizenzexpress.de\/pt\/wp-json\/wp\/v2\/types\/product"}],"replies":[{"embeddable":true,"href":"https:\/\/softwarelizenzexpress.de\/pt\/wp-json\/wp\/v2\/comments?post=2490"}],"wp:featuredmedia":[{"embeddable":true,"href":"https:\/\/softwarelizenzexpress.de\/pt\/wp-json\/wp\/v2\/media\/53646"}],"wp:attachment":[{"href":"https:\/\/softwarelizenzexpress.de\/pt\/wp-json\/wp\/v2\/media?parent=2490"}],"wp:term":[{"taxonomy":"product_brand","embeddable":true,"href":"https:\/\/softwarelizenzexpress.de\/pt\/wp-json\/wp\/v2\/product_brand?post=2490"},{"taxonomy":"product_cat","embeddable":true,"href":"https:\/\/softwarelizenzexpress.de\/pt\/wp-json\/wp\/v2\/product_cat?post=2490"},{"taxonomy":"product_tag","embeddable":true,"href":"https:\/\/softwarelizenzexpress.de\/pt\/wp-json\/wp\/v2\/product_tag?post=2490"}],"curies":[{"name":"wp","href":"https:\/\/api.w.org\/{rel}","templated":true}]}}