{"id":2483,"date":"2021-01-10T16:42:42","date_gmt":"2021-01-10T15:42:42","guid":{"rendered":"http:\/\/shop.windowsandoffice.net\/product\/import-placeholder-for-389\/"},"modified":"2026-04-16T18:11:07","modified_gmt":"2026-04-16T16:11:07","slug":"windows-server-2012-r2-rds-device-user-cal","status":"publish","type":"product","link":"https:\/\/softwarelizenzexpress.de\/pt\/product\/windows-server-2012-r2-rds-device-user-cal\/","title":{"rendered":"Dispositivo RDS do Microsoft Windows Server 2012 R2 - CAL de utilizador"},"content":{"rendered":"<p>As licen\u00e7as de acesso (CAL) s\u00e3o necess\u00e1rias para\u00a0\u00a0<a href=\"http:\/\/softwarelizenzexpress.de\/pt\/product\/windows-server-2012-std-ess-dc-versions\/\">Windows Server 2012 R2 Standard<\/a>\u00a0e\u00a0<a href=\"http:\/\/softwarelizenzexpress.de\/pt\/product\/windows-server-2012-std-ess-dc-versions\/\">Centro de dados do Windows Server 2012 R2<\/a>. Est\u00e3o dispon\u00edveis em duas vers\u00f5es diferentes:<\/p>\n<ul>\n<li>Licen\u00e7a de acesso do cliente do utilizador RDS<\/li>\n<li>Licen\u00e7a de acesso de cliente de dispositivo RDS<\/li>\n<\/ul>\n<p>O Microsoft Windows Remote Desktop Services (RDS) \u00e9 uma plataforma centralizada de ambientes de trabalho e aplica\u00e7\u00f5es para o fornecimento e gest\u00e3o de ambientes de trabalho. Isto permite-lhe ligar totalmente os funcion\u00e1rios em locais remotos. O acesso ao servidor requer licen\u00e7as de acesso correspondentes, que s\u00e3o atribu\u00eddas a um utilizador ou a um dispositivo.<\/p>\n<ul>\n<li><span id=\"shop_result_box\">Acesso ao servidor com o Ambiente de Trabalho Remoto por utilizador<\/span><\/li>\n<li>Permite que um utilizador aceda a um servidor atrav\u00e9s do Ambiente de Trabalho Remoto<\/li>\n<li>Acesso ao servidor a partir de diferentes dispositivos<\/li>\n<li>Acesso mesmo a servidores com sistemas operativos Windows mais antigos<\/li>\n<li>Ideal para empresas cujos funcion\u00e1rios externos necessitam de acesso ao ambiente de trabalho e aos programas<\/li>\n<\/ul>\n<p><strong>Diferen\u00e7as entre a CAL do utilizador e a CAL do dispositivo<br \/>\n<\/strong><\/p>\n<p>A Licen\u00e7a de Acesso de Cliente de Utilizador (CAL de Utilizador) foi concebida para fornecer aos clientes uma forma f\u00e1cil de gerir e econ\u00f3mica de permitir o acesso do utilizador ao software do servidor a partir de qualquer dispositivo.<\/p>\n<p>Com a CAL de utilizador, adquire uma CAL para cada utilizador que acede ao servidor para utilizar servi\u00e7os como o armazenamento de ficheiros ou a impress\u00e3o, independentemente do n\u00famero de dispositivos utilizados para esse acesso. A aquisi\u00e7\u00e3o de uma CAL de utilizador pode fazer mais sentido se os funcion\u00e1rios da sua organiza\u00e7\u00e3o necessitarem de acesso em roaming \u00e0 rede empresarial, utilizando v\u00e1rios dispositivos ou dispositivos desconhecidos, ou se existirem simplesmente mais dispositivos do que utilizadores na sua organiza\u00e7\u00e3o.<\/p>\n<p>Com uma CAL de dispositivo, adquire uma CAL para cada dispositivo que acede ao seu servidor, independentemente do n\u00famero de utilizadores que utilizam esse dispositivo para aceder ao servidor. As CALs de dispositivo podem fazer mais sentido em termos econ\u00f3micos e administrativos se a sua organiza\u00e7\u00e3o tiver funcion\u00e1rios que partilham dispositivos, por exemplo, em turnos diferentes.<\/p>\n<p><strong>Apoio:<\/strong><\/p>\n<p class=\"translation-block\">Se tiver alguma d\u00favida, n\u00e3o hesite em contactar-nos <a href=\"mailto:deutschland@softwarelizenzexpress.de\" target=\"_self\" rel=\"noopener\">por correio eletr\u00f3nico<\/a>. O nosso apoio ao cliente est\u00e1 dispon\u00edvel 7 dias por semana, 24 horas por dia.<\/p>","protected":false},"excerpt":{"rendered":"<ul>\n<li>Microsoft Windows Server 2012 R2 - 10, 20, 50 CAL de dispositivo\/utilizador RDS<\/li>\n<li>Vers\u00f5es para sistemas de 32 e 64 bits dispon\u00edveis<\/li>\n<li>Envio por correio eletr\u00f3nico: Chave do produto, instru\u00e7\u00f5es, liga\u00e7\u00f5es de transfer\u00eancia, fatura<\/li>\n<li>Transfer\u00eancia imediata!<\/li>\n<li>Sem limite de tempo, sem subscri\u00e7\u00e3o<\/li>\n<li>Suporte gratuito para instala\u00e7\u00e3o e ativa\u00e7\u00e3o<\/li>\n<li>N\u00e3o entrega em suportes de dados (USB, CD, etc.)<\/li>\n<li>Ativa\u00e7\u00e3o online e por telefone<\/li>\n<\/ul>","protected":false},"featured_media":53569,"comment_status":"open","ping_status":"closed","template":"","meta":{"_acf_changed":false},"product_brand":[],"product_cat":[17],"product_tag":[105],"class_list":{"0":"post-2483","1":"product","2":"type-product","3":"status-publish","4":"has-post-thumbnail","6":"product_cat-windows-servers","7":"product_tag-windows","9":"first","10":"instock","11":"sale","12":"virtual","13":"taxable","14":"purchasable","15":"product-type-simple"},"acf":[],"_links":{"self":[{"href":"https:\/\/softwarelizenzexpress.de\/pt\/wp-json\/wp\/v2\/product\/2483","targetHints":{"allow":["GET"]}}],"collection":[{"href":"https:\/\/softwarelizenzexpress.de\/pt\/wp-json\/wp\/v2\/product"}],"about":[{"href":"https:\/\/softwarelizenzexpress.de\/pt\/wp-json\/wp\/v2\/types\/product"}],"replies":[{"embeddable":true,"href":"https:\/\/softwarelizenzexpress.de\/pt\/wp-json\/wp\/v2\/comments?post=2483"}],"wp:featuredmedia":[{"embeddable":true,"href":"https:\/\/softwarelizenzexpress.de\/pt\/wp-json\/wp\/v2\/media\/53569"}],"wp:attachment":[{"href":"https:\/\/softwarelizenzexpress.de\/pt\/wp-json\/wp\/v2\/media?parent=2483"}],"wp:term":[{"taxonomy":"product_brand","embeddable":true,"href":"https:\/\/softwarelizenzexpress.de\/pt\/wp-json\/wp\/v2\/product_brand?post=2483"},{"taxonomy":"product_cat","embeddable":true,"href":"https:\/\/softwarelizenzexpress.de\/pt\/wp-json\/wp\/v2\/product_cat?post=2483"},{"taxonomy":"product_tag","embeddable":true,"href":"https:\/\/softwarelizenzexpress.de\/pt\/wp-json\/wp\/v2\/product_tag?post=2483"}],"curies":[{"name":"wp","href":"https:\/\/api.w.org\/{rel}","templated":true}]}}