{"id":2470,"date":"2021-03-01T14:42:41","date_gmt":"2021-03-01T13:42:41","guid":{"rendered":"http:\/\/shop.windowsandoffice.net\/product\/import-placeholder-for-375\/"},"modified":"2026-04-16T18:11:07","modified_gmt":"2026-04-16T16:11:07","slug":"ms-office-2010","status":"publish","type":"product","link":"https:\/\/softwarelizenzexpress.de\/pt\/product\/ms-office-2010\/","title":{"rendered":"Licen\u00e7a do Microsoft Office 2010 Professional Plus para 3 PC"},"content":{"rendered":"<p>Com o Office 2010, a Microsoft est\u00e1 a integrar v\u00e1rias novas funcionalidades no software Office: no futuro, haver\u00e1 tamb\u00e9m aplica\u00e7\u00f5es Web para o Word, Excel &amp; Co. em paralelo com a vers\u00e3o para computador.<\/p>\n<p>O pacote Office tamb\u00e9m suporta, pela primeira vez, o formato Office Open XML com certifica\u00e7\u00e3o ISO. O Office 2010 tamb\u00e9m oferece uma navega\u00e7\u00e3o revista no menu da faixa de op\u00e7\u00f5es com o aspeto do Windows 7 e fun\u00e7\u00f5es poderosas para o bot\u00e3o Office.<\/p>\n<p>O Microsoft Office 2010 Professional Plus inclui estas aplica\u00e7\u00f5es:<\/p>\n<ul>\n<li><strong>Word 2010<\/strong>\u00a0- para a cria\u00e7\u00e3o de documentos apelativos<\/li>\n<li><strong>Excel 2010<\/strong>\u00a0- para an\u00e1lises e avalia\u00e7\u00f5es<\/li>\n<li><strong>PowerPoint 2010<\/strong>\u00a0- para apresenta\u00e7\u00f5es sofisticadas<\/li>\n<li><strong>Outlook 2010<\/strong>\u00a0- para gerir os seus e-mails, contactos, agendas e tarefas<\/li>\n<li><strong>OneNote 2010<\/strong>\u00a0- para as suas notas<\/li>\n<li><strong>Editora 2010<\/strong>\u00a0- para a cria\u00e7\u00e3o de publica\u00e7\u00f5es profissionais<\/li>\n<li><strong>Acesso 2010<\/strong>\u00a0- para aplica\u00e7\u00f5es de bases de dados baseadas no browser<\/li>\n<li><strong>Aplica\u00e7\u00f5es Web<\/strong>\u00a0(Word, Excel, PowerPoint, OneNote)<\/li>\n<li><strong>InfoPath<\/strong>\u00a0- para a conce\u00e7\u00e3o, distribui\u00e7\u00e3o e preenchimento de formul\u00e1rios electr\u00f3nicos<\/li>\n<li><strong>Comunicador<\/strong>\u00a0- para contacto com clientes e colegas<\/li>\n<li><strong>Espa\u00e7o de trabalho do SharePoint<\/strong>\u00a0- para uma colabora\u00e7\u00e3o independente da localiza\u00e7\u00e3o com clientes, colegas e fornecedores<\/li>\n<\/ul>\n<p><strong>Requisitos do sistema:<\/strong><\/p>\n<ul>\n<li>Processador: Processador de 500 megahertz (MHz) ou superior; 1 gigahertz (GHz) para Outlook com Business Contact Manager<\/li>\n<li>Mem\u00f3ria: 512 MB ou mais<\/li>\n<li>Espa\u00e7o dispon\u00edvel no disco r\u00edgido: 3,5 gigabytes (GB)<\/li>\n<li>Para a vers\u00e3o de 32 bits do Office 2010: Windows XP (SP 3), Windows Server 2003 (SP2), MSXML 6.0<\/li>\n<li>Para as vers\u00f5es de 32 ou 64 bits do Office 2010: Windows Vista (SP1), Windows Server 2008, Windows 7, Terminal Server, Windows on Windows (WOW)<\/li>\n<\/ul>\n<p><strong>Apoio:<\/strong><\/p>\n<p class=\"translation-block\">Se tiver alguma d\u00favida, n\u00e3o hesite em contactar-nos <a href=\"mailto:deutschland@softwarelizenzexpress.de\" target=\"_self\" rel=\"noopener\">por correio eletr\u00f3nico<\/a>. O nosso apoio ao cliente est\u00e1 dispon\u00edvel 7 dias por semana, 24 horas por dia.<\/p>","protected":false},"excerpt":{"rendered":"<ul>\n<li>Licen\u00e7a do Microsoft Office 2010 Professional Plus para 3 PC<\/li>\n<li><strong>Com esta licen\u00e7a, o software pode ser ativado em 3 dispositivos diferentes, por exemplo, PC dom\u00e9stico, computador port\u00e1til e PC de trabalho.<\/strong><\/li>\n<li>Vers\u00e3o para sistemas de 32 e 64 bits, vers\u00f5es completas ilimitadas do software <strong>do Microsoft Gold Partner certificado<\/strong><\/li>\n<li><strong>30 dias de reembolso total - Garantia de substitui\u00e7\u00e3o vital\u00edcia!<\/strong><\/li>\n<li>Entrega por correio eletr\u00f3nico: Chave do produto, instru\u00e7\u00f5es, liga\u00e7\u00f5es de transfer\u00eancia, fatura<\/li>\n<li>Transfer\u00eancia imediata!<\/li>\n<li>Sem limite de tempo, sem subscri\u00e7\u00e3o<\/li>\n<li>Suporte gratuito 24 horas por dia, 7 dias por semana, para problemas de instala\u00e7\u00e3o e ativa\u00e7\u00e3o<\/li>\n<li>N\u00e3o entrega em suportes de dados (USB, CD, etc.)<\/li>\n<li>Ativa\u00e7\u00e3o online e por telefone<\/li>\n<li>L\u00ednguas: Ingl\u00eas, espanhol, italiano, alem\u00e3o, franc\u00eas<\/li>\n<li><strong><span style=\"color: #008000;\"> Este produto \u00e9 compat\u00edvel com o Microsoft Windows.<\/span><\/strong><\/li>\n<li><strong><span style=\"color: #ff0000;\">N\u00c3O \u00e9 compat\u00edvel com Apple macOS\u2122, dispositivos Android e Chromebooks.<\/span><\/strong><\/li>\n<\/ul>","protected":false},"featured_media":53647,"comment_status":"open","ping_status":"closed","template":"","meta":{"_acf_changed":false},"product_brand":[],"product_cat":[15],"product_tag":[108,111],"class_list":{"0":"post-2470","1":"product","2":"type-product","3":"status-publish","4":"has-post-thumbnail","6":"product_cat-ms-office","7":"product_tag-ms-office","8":"product_tag-ms-office-2010","10":"first","11":"instock","12":"sale","13":"virtual","14":"taxable","15":"purchasable","16":"product-type-simple"},"acf":[],"_links":{"self":[{"href":"https:\/\/softwarelizenzexpress.de\/pt\/wp-json\/wp\/v2\/product\/2470","targetHints":{"allow":["GET"]}}],"collection":[{"href":"https:\/\/softwarelizenzexpress.de\/pt\/wp-json\/wp\/v2\/product"}],"about":[{"href":"https:\/\/softwarelizenzexpress.de\/pt\/wp-json\/wp\/v2\/types\/product"}],"replies":[{"embeddable":true,"href":"https:\/\/softwarelizenzexpress.de\/pt\/wp-json\/wp\/v2\/comments?post=2470"}],"wp:featuredmedia":[{"embeddable":true,"href":"https:\/\/softwarelizenzexpress.de\/pt\/wp-json\/wp\/v2\/media\/53647"}],"wp:attachment":[{"href":"https:\/\/softwarelizenzexpress.de\/pt\/wp-json\/wp\/v2\/media?parent=2470"}],"wp:term":[{"taxonomy":"product_brand","embeddable":true,"href":"https:\/\/softwarelizenzexpress.de\/pt\/wp-json\/wp\/v2\/product_brand?post=2470"},{"taxonomy":"product_cat","embeddable":true,"href":"https:\/\/softwarelizenzexpress.de\/pt\/wp-json\/wp\/v2\/product_cat?post=2470"},{"taxonomy":"product_tag","embeddable":true,"href":"https:\/\/softwarelizenzexpress.de\/pt\/wp-json\/wp\/v2\/product_tag?post=2470"}],"curies":[{"name":"wp","href":"https:\/\/api.w.org\/{rel}","templated":true}]}}