{"id":2464,"date":"2021-03-05T14:42:40","date_gmt":"2021-03-05T13:42:40","guid":{"rendered":"http:\/\/shop.windowsandoffice.net\/product\/import-placeholder-for-368\/"},"modified":"2026-04-16T18:11:07","modified_gmt":"2026-04-16T16:11:07","slug":"ms-office-2013","status":"publish","type":"product","link":"https:\/\/softwarelizenzexpress.de\/pt\/product\/ms-office-2013\/","title":{"rendered":"Licen\u00e7a do Microsoft Office 2013 Professional Plus para 3 PC"},"content":{"rendered":"<h2 data-no-translation=\"\" data-trp-gettext=\"\">Beschreibung<\/h2>\n<p>Com os programas inclu\u00eddos, o Microsoft Office 2013 Professional Plus satisfaz todos os requisitos de um software de escrit\u00f3rio completo. Quer pretenda criar formul\u00e1rios de carta, analisar n\u00fameros de neg\u00f3cios, conceber apresenta\u00e7\u00f5es, criar bases de dados ou gerir os seus e-mails - pode concluir os seus projectos profissionais e privados em pouco tempo com as aplica\u00e7\u00f5es do Office.<\/p>\n<p><strong>Que programas est\u00e3o inclu\u00eddos no Office 2013 Professional Pus?<\/strong><\/p>\n<ul>\n<li><strong>Word 2013\u00a0<\/strong>- para criar e editar os seus textos e documentos<\/li>\n<li><strong>Excel 2013\u00a0<\/strong>- para editar registos de dados em forma de tabela<\/li>\n<li><strong>PowerPoint 2013\u00a0<\/strong>- para a cria\u00e7\u00e3o de apresenta\u00e7\u00f5es cativantes<\/li>\n<li><strong>Outlook 2013<\/strong>\u00a0- para gerir e-mails, contactos, compromissos e tarefas<\/li>\n<li><strong>OneNote 2013<\/strong>\u00a0- para criar e gerir as suas notas<\/li>\n<li><strong>Editora 2013<\/strong>\u00a0- para a cria\u00e7\u00e3o simples de publica\u00e7\u00f5es com aspeto profissional<\/li>\n<li><strong>Acesso 2013<\/strong>\u00a0- para a cria\u00e7\u00e3o de bases de dados com acesso \u00e0 Internet<\/li>\n<\/ul>\n<p>Para al\u00e9m dos formatos OpenDocument, os programas do Office Suite tamb\u00e9m suportam os formatos Open XML. Uma carater\u00edstica especial: os ficheiros PDF podem ser visualizados e editados no Word. O Microsoft Office Professional Plus 2013 tamb\u00e9m d\u00e1 \u00eanfase \u00e0 mobilidade. O acesso centralizado aos dados a partir de v\u00e1rios dispositivos finais \u00e9 poss\u00edvel com a ajuda do armazenamento na nuvem OneDrive. Para o efeito, o programa tamb\u00e9m pode ser adaptado a dispositivos t\u00e1cteis. Isto permite ao utilizador aceder atrav\u00e9s de um PC de secret\u00e1ria, computador port\u00e1til, tablet, dispositivo h\u00edbrido ou smartphone.<\/p>\n<p>A aplica\u00e7\u00e3o de mensagens Lync (Skype for Business) simplifica a comunica\u00e7\u00e3o interna e externa das empresas. Os utilizadores podem conversar, utilizar a telefonia IP ou participar em videoconfer\u00eancias atrav\u00e9s de v\u00e1rios meios de comunica\u00e7\u00e3o. O InfoPath, por outro lado, permite integrar formul\u00e1rios electr\u00f3nicos no trabalho e partilh\u00e1-los com as pessoas desejadas. No geral, estas aplica\u00e7\u00f5es adicionais do Microsoft Office 2013 Pro Plus permitem que os canais de comunica\u00e7\u00e3o sejam utilizados de forma mais eficiente. Os dados s\u00e3o mais facilmente acess\u00edveis. O utilizador pode coligi-los e edit\u00e1-los mais facilmente.<\/p>\n<p><strong>Requisitos do sistema:<\/strong><\/p>\n<ul>\n<li>1,4 GHz, processador dual-core<\/li>\n<li>Windows 7, Windows 8, Windows 10<\/li>\n<li>1 GB (32 bits), 2 GB (64 bits) de RAM<\/li>\n<li>3 GB de espa\u00e7o dispon\u00edvel no disco r\u00edgido<\/li>\n<li>A acelera\u00e7\u00e3o gr\u00e1fica requer uma placa gr\u00e1fica compat\u00edvel com DirectX 9.<\/li>\n<\/ul>","protected":false},"excerpt":{"rendered":"<ul>\n<li>Licen\u00e7a do Microsoft Office 2013 Professional Plus para 3 PC<\/li>\n<li><strong>Com esta licen\u00e7a, o software pode ser ativado em 3 dispositivos diferentes, por exemplo, PC dom\u00e9stico, computador port\u00e1til e PC de trabalho.<\/strong><\/li>\n<li>Vers\u00e3o para sistemas de 32 e 64 bits, vers\u00f5es completas ilimitadas do software <strong>do Microsoft Gold Partner certificado<\/strong><\/li>\n<li><strong>30 dias de reembolso total - Garantia de substitui\u00e7\u00e3o vital\u00edcia!<\/strong><\/li>\n<li>Entrega por correio eletr\u00f3nico: Chave do produto, instru\u00e7\u00f5es, liga\u00e7\u00f5es de transfer\u00eancia, fatura<\/li>\n<li>Transfer\u00eancia imediata!<\/li>\n<li>Sem limite de tempo, sem subscri\u00e7\u00e3o<\/li>\n<li>Suporte gratuito 24 horas por dia, 7 dias por semana, para problemas de instala\u00e7\u00e3o e ativa\u00e7\u00e3o<\/li>\n<li>N\u00e3o entrega em suportes de dados (USB, CD, etc.)<\/li>\n<li>Ativa\u00e7\u00e3o online e por telefone<\/li>\n<li>L\u00ednguas: Ingl\u00eas, espanhol, italiano, alem\u00e3o, franc\u00eas<\/li>\n<li><strong><span style=\"color: #008000;\"> Este produto \u00e9 compat\u00edvel com o Microsoft Windows.<\/span><\/strong><\/li>\n<li><strong><span style=\"color: #ff0000;\">N\u00c3O \u00e9 compat\u00edvel com Apple macOS\u2122, dispositivos Android e Chromebooks.<\/span><\/strong><\/li>\n<\/ul>","protected":false},"featured_media":53533,"comment_status":"open","ping_status":"closed","template":"","meta":{"_acf_changed":false},"product_brand":[],"product_cat":[15],"product_tag":[108],"class_list":{"0":"post-2464","1":"product","2":"type-product","3":"status-publish","4":"has-post-thumbnail","6":"product_cat-ms-office","7":"product_tag-ms-office","9":"first","10":"instock","11":"sale","12":"virtual","13":"taxable","14":"purchasable","15":"product-type-simple"},"acf":[],"_links":{"self":[{"href":"https:\/\/softwarelizenzexpress.de\/pt\/wp-json\/wp\/v2\/product\/2464","targetHints":{"allow":["GET"]}}],"collection":[{"href":"https:\/\/softwarelizenzexpress.de\/pt\/wp-json\/wp\/v2\/product"}],"about":[{"href":"https:\/\/softwarelizenzexpress.de\/pt\/wp-json\/wp\/v2\/types\/product"}],"replies":[{"embeddable":true,"href":"https:\/\/softwarelizenzexpress.de\/pt\/wp-json\/wp\/v2\/comments?post=2464"}],"wp:featuredmedia":[{"embeddable":true,"href":"https:\/\/softwarelizenzexpress.de\/pt\/wp-json\/wp\/v2\/media\/53533"}],"wp:attachment":[{"href":"https:\/\/softwarelizenzexpress.de\/pt\/wp-json\/wp\/v2\/media?parent=2464"}],"wp:term":[{"taxonomy":"product_brand","embeddable":true,"href":"https:\/\/softwarelizenzexpress.de\/pt\/wp-json\/wp\/v2\/product_brand?post=2464"},{"taxonomy":"product_cat","embeddable":true,"href":"https:\/\/softwarelizenzexpress.de\/pt\/wp-json\/wp\/v2\/product_cat?post=2464"},{"taxonomy":"product_tag","embeddable":true,"href":"https:\/\/softwarelizenzexpress.de\/pt\/wp-json\/wp\/v2\/product_tag?post=2464"}],"curies":[{"name":"wp","href":"https:\/\/api.w.org\/{rel}","templated":true}]}}