{"id":2454,"date":"2021-03-13T14:42:27","date_gmt":"2021-03-13T13:42:27","guid":{"rendered":"http:\/\/shop.windowsandoffice.net\/product\/import-placeholder-for-361\/"},"modified":"2026-04-16T18:11:07","modified_gmt":"2026-04-16T16:11:07","slug":"ms-office-2016","status":"publish","type":"product","link":"https:\/\/softwarelizenzexpress.de\/pt\/product\/ms-office-2016\/","title":{"rendered":"Licen\u00e7a do Microsoft Office 2016 Professional Plus para 3 PC"},"content":{"rendered":"<p>Com os programas inclu\u00eddos, o Microsoft Office 2016 Professional Plus satisfaz todos os requisitos de um software de escrit\u00f3rio completo. Quer pretenda criar formul\u00e1rios de carta, analisar dados comerciais, conceber apresenta\u00e7\u00f5es, criar bases de dados ou gerir os seus e-mails - pode concluir os seus projectos profissionais e privados em pouco tempo com as aplica\u00e7\u00f5es do Office.<\/p>\n<p><strong>Que programas est\u00e3o inclu\u00eddos no Office 2016 Professional Pus?<\/strong><\/p>\n<ul>\n<li><strong>Word 2016\u00a0<\/strong>- para criar e editar os seus textos e documentos<\/li>\n<li><strong>Excel 2016\u00a0<\/strong>- para editar registos de dados em forma de tabela<\/li>\n<li><strong>PowerPoint 2016\u00a0<\/strong>- para a cria\u00e7\u00e3o de apresenta\u00e7\u00f5es cativantes<\/li>\n<li><strong>Outlook 2016<\/strong>\u00a0- para gerir e-mails, contactos, compromissos e tarefas<\/li>\n<li><strong>OneNote 2016<\/strong>\u00a0- para criar e gerir as suas notas<\/li>\n<li><strong>Editora 2016<\/strong>\u00a0- para a cria\u00e7\u00e3o simples de publica\u00e7\u00f5es com aspeto profissional<\/li>\n<li><strong>Acesso 2016<\/strong>\u00a0- para a cria\u00e7\u00e3o de bases de dados com acesso \u00e0 Internet<\/li>\n<li><strong>Skype para Empresas\u00a0<\/strong>- para maior produtividade atrav\u00e9s de mensagens instant\u00e2neas e comunica\u00e7\u00e3o simples<\/li>\n<\/ul>\n<p><strong>Novas fun\u00e7\u00f5es no Office 2016 Professional Plus<\/strong><\/p>\n<ul>\n<li>O \"Insights\" permite-lhe procurar informa\u00e7\u00f5es relevantes diretamente no documento em que est\u00e1 a trabalhar. Integra o motor de busca Bing no seu ambiente de trabalho O assistente \"Diga-me\" permite-lhe encontrar fun\u00e7\u00f5es do programa mais rapidamente<\/li>\n<li>\u00a0O assistente \"Tell Me\" permite-lhe encontrar mais rapidamente as fun\u00e7\u00f5es do programa<\/li>\n<li>A fun\u00e7\u00e3o de preenchimento autom\u00e1tico do Excel reconhece padr\u00f5es e completa automaticamente as s\u00e9ries de dados. As tend\u00eancias e os desenvolvimentos futuros podem ser facilmente previstos.<\/li>\n<li>A op\u00e7\u00e3o \"Photo Print\" integrada no Pulisher reduz o tempo de processamento e garante uma impress\u00e3o profissional<\/li>\n<li>As apresenta\u00e7\u00f5es em PowerPoint podem agora ser partilhadas online. N\u00e3o \u00e9 necess\u00e1rio instalar o PowerPoint para a reprodu\u00e7\u00e3o, por exemplo, nas instala\u00e7\u00f5es do cliente<\/li>\n<li>O modo noturno permite um trabalho apelativo e sem fadiga<\/li>\n<li>O servi\u00e7o de nuvem OneDrive oferece 5 GB de espa\u00e7o de armazenamento gratuito para uma colabora\u00e7\u00e3o e trabalho em equipa simples e eficaz<\/li>\n<\/ul>\n<p>A vers\u00e3o revista do popular software de escrit\u00f3rio vem com v\u00e1rias novas funcionalidades que lhe dar\u00e3o um excelente apoio no seu trabalho di\u00e1rio. A fun\u00e7\u00e3o \"Insights\" permite-lhe procurar informa\u00e7\u00f5es que pode utilizar para os seus fins diretamente em documentos na Internet atrav\u00e9s do Bing. Insira os resultados diretamente nos seus documentos e obtenha resultados ainda melhores. Se n\u00e3o conseguir encontrar a fun\u00e7\u00e3o que procura ou se precisar de ajuda para a utilizar, o assistente de pesquisa \"Diga-me\" est\u00e1 dispon\u00edvel para o ajudar. As fun\u00e7\u00f5es individuais dentro dos programas podem ser encontradas rapidamente com o seu apoio. O novo menu da faixa de op\u00e7\u00f5es tamb\u00e9m garante que tem sempre \u00e0 m\u00e3o todas as fun\u00e7\u00f5es importantes. A navega\u00e7\u00e3o intuitiva dentro dos programas \u00e9, portanto, garantida no Microsoft Office Professional Plus 2016. A liga\u00e7\u00e3o ao OneDrive permite-lhe trabalhar de forma flex\u00edvel e partilhar facilmente conte\u00fados com os colegas.<\/p>\n<p>O Skype for Business integrado no Office Pro Plus 2016 melhora a comunica\u00e7\u00e3o na sua empresa. Mantenha-se em contacto permanente com os funcion\u00e1rios e colegas. Gra\u00e7as ao Office 2016 Professional Plus, pode utilizar novas possibilidades de telefonia IP, mensagens instant\u00e2neas e videoconfer\u00eancia. Com apenas alguns cliques, pode trocar informa\u00e7\u00f5es, responder a perguntas sobre projectos e realizar reuni\u00f5es virtuais. Gra\u00e7as ao interc\u00e2mbio de dados atrav\u00e9s do OneDrive, \u00e9 mais flex\u00edvel do que nunca. Trabalhar em conjunto, independentemente da sua localiza\u00e7\u00e3o, permite que os seus projectos progridam de forma est\u00e1vel. Garanta mais produtividade na sua empresa com o Microsoft Office Professional Plus 2016.<\/p>\n<p><strong>Requisitos do sistema:<\/strong><\/p>\n<ul>\n<li>1,4 GHz, processador dual-core<\/li>\n<li>Windows 7 SP1, Windows 8, Windows 10<\/li>\n<li>1 GB (32 bits), 2 GB (64 bits) de RAM<\/li>\n<li>3 GB de espa\u00e7o dispon\u00edvel no disco r\u00edgido<\/li>\n<li>A acelera\u00e7\u00e3o gr\u00e1fica requer uma placa gr\u00e1fica compat\u00edvel com DirectX 9.<\/li>\n<\/ul>\n<p><strong>Apoio:<\/strong><\/p>\n<p class=\"translation-block\">Se tiver alguma d\u00favida, n\u00e3o hesite em contactar-nos <a href=\"mailto:deutschland@softwarelizenzexpress.de\" target=\"_self\" rel=\"noopener\">por correio eletr\u00f3nico<\/a>. O nosso apoio ao cliente est\u00e1 dispon\u00edvel 7 dias por semana, 24 horas por dia.<\/p>","protected":false},"excerpt":{"rendered":"<ul>\n<li>Licen\u00e7a do Microsoft Office 2016 Professional Plus para 3 PC<\/li>\n<li><strong>Com esta licen\u00e7a, o software pode ser ativado em 3 dispositivos diferentes, por exemplo, PC dom\u00e9stico, computador port\u00e1til e PC de trabalho.<\/strong><\/li>\n<li>Vers\u00e3o para sistemas de 32 e 64 bits, vers\u00f5es completas ilimitadas do software <strong>do Microsoft Gold Partner certificado<\/strong><\/li>\n<li><strong>30 dias de reembolso total - Garantia de substitui\u00e7\u00e3o vital\u00edcia!<\/strong><\/li>\n<li>Entrega por correio eletr\u00f3nico: Chave do produto, instru\u00e7\u00f5es, liga\u00e7\u00f5es de transfer\u00eancia, fatura<\/li>\n<li>Transfer\u00eancia imediata!<\/li>\n<li>Sem limite de tempo, sem subscri\u00e7\u00e3o<\/li>\n<li>Suporte gratuito 24 horas por dia, 7 dias por semana, para problemas de instala\u00e7\u00e3o e ativa\u00e7\u00e3o<\/li>\n<li>N\u00e3o entrega em suportes de dados (USB, CD, etc.)<\/li>\n<li>Ativa\u00e7\u00e3o online e por telefone<\/li>\n<li>L\u00ednguas: Ingl\u00eas, espanhol, italiano, alem\u00e3o, franc\u00eas<\/li>\n<li><strong><span style=\"color: #008000;\"> Este produto \u00e9 compat\u00edvel com o Microsoft Windows.<\/span><\/strong><\/li>\n<li><strong><span style=\"color: #ff0000;\">N\u00c3O \u00e9 compat\u00edvel com Apple macOS\u2122, dispositivos Android e Chromebooks.<\/span><\/strong><\/li>\n<\/ul>","protected":false},"featured_media":53536,"comment_status":"open","ping_status":"closed","template":"","meta":{"_acf_changed":false},"product_brand":[],"product_cat":[15],"product_tag":[108,110],"class_list":{"0":"post-2454","1":"product","2":"type-product","3":"status-publish","4":"has-post-thumbnail","6":"product_cat-ms-office","7":"product_tag-ms-office","8":"product_tag-ms-office-2016","10":"first","11":"instock","12":"sale","13":"virtual","14":"taxable","15":"purchasable","16":"product-type-simple"},"acf":[],"_links":{"self":[{"href":"https:\/\/softwarelizenzexpress.de\/pt\/wp-json\/wp\/v2\/product\/2454","targetHints":{"allow":["GET"]}}],"collection":[{"href":"https:\/\/softwarelizenzexpress.de\/pt\/wp-json\/wp\/v2\/product"}],"about":[{"href":"https:\/\/softwarelizenzexpress.de\/pt\/wp-json\/wp\/v2\/types\/product"}],"replies":[{"embeddable":true,"href":"https:\/\/softwarelizenzexpress.de\/pt\/wp-json\/wp\/v2\/comments?post=2454"}],"wp:featuredmedia":[{"embeddable":true,"href":"https:\/\/softwarelizenzexpress.de\/pt\/wp-json\/wp\/v2\/media\/53536"}],"wp:attachment":[{"href":"https:\/\/softwarelizenzexpress.de\/pt\/wp-json\/wp\/v2\/media?parent=2454"}],"wp:term":[{"taxonomy":"product_brand","embeddable":true,"href":"https:\/\/softwarelizenzexpress.de\/pt\/wp-json\/wp\/v2\/product_brand?post=2454"},{"taxonomy":"product_cat","embeddable":true,"href":"https:\/\/softwarelizenzexpress.de\/pt\/wp-json\/wp\/v2\/product_cat?post=2454"},{"taxonomy":"product_tag","embeddable":true,"href":"https:\/\/softwarelizenzexpress.de\/pt\/wp-json\/wp\/v2\/product_tag?post=2454"}],"curies":[{"name":"wp","href":"https:\/\/api.w.org\/{rel}","templated":true}]}}