{"id":2448,"date":"2021-03-23T14:42:26","date_gmt":"2021-03-23T13:42:26","guid":{"rendered":"http:\/\/shop.windowsandoffice.net\/product\/import-placeholder-for-336\/"},"modified":"2026-04-16T18:11:07","modified_gmt":"2026-04-16T16:11:07","slug":"ms-office-2019","status":"publish","type":"product","link":"https:\/\/softwarelizenzexpress.de\/pt\/product\/ms-office-2019\/","title":{"rendered":"Licen\u00e7a do Microsoft Office 2019 Professional Plus para 3 PC"},"content":{"rendered":"<p>Escolha hoje o Office 2019 Professional Plus e receber\u00e1 a mais recente solu\u00e7\u00e3o de escrit\u00f3rio da Microsoft. Para al\u00e9m das aplica\u00e7\u00f5es familiares, obt\u00e9m automaticamente acesso a aplica\u00e7\u00f5es baseadas no browser e ao Skype for Business. A comunica\u00e7\u00e3o simplificada permite-lhe colaborar de forma ainda mais eficaz com outras pessoas.<\/p>\n<p><strong>Tudo o que precisa num relance:<\/strong><\/p>\n<ul>\n<li><strong>Word 2019\u00a0<\/strong>- para criar e editar os seus textos e documentos<\/li>\n<li><strong>Excel 2019\u00a0<\/strong>- para editar registos de dados em forma de tabela<\/li>\n<li><strong>PowerPoint 2019\u00a0<\/strong>- para a cria\u00e7\u00e3o de apresenta\u00e7\u00f5es cativantes<\/li>\n<li><strong>Perspectivas para 2019<\/strong>\u00a0- para gerir e-mails, contactos, compromissos e tarefas<\/li>\n<li><strong>Editora 2019<\/strong>\u00a0- para a cria\u00e7\u00e3o simples de publica\u00e7\u00f5es com aspeto profissional<\/li>\n<li><strong>Acesso 2019<\/strong>\u00a0- para a cria\u00e7\u00e3o de bases de dados com acesso \u00e0 Internet<\/li>\n<li><strong>Lync 2019<\/strong>\u00a0(Skype for Business) - para maior produtividade atrav\u00e9s de mensagens instant\u00e2neas e comunica\u00e7\u00e3o e colabora\u00e7\u00e3o f\u00e1ceis com videoconfer\u00eancia HD<\/li>\n<li><strong>Aplica\u00e7\u00f5es Web<\/strong>\u00a0(Word, Excel, PowerPoint)<\/li>\n<\/ul>\n<p>O OneNote j\u00e1 n\u00e3o faz parte do pacote Office, mas est\u00e1 dispon\u00edvel como uma aplica\u00e7\u00e3o padr\u00e3o no Windows 10, que \u00e9 um pr\u00e9-requisito para utilizar o Office 2019.\u00a0<strong>As vers\u00f5es mais antigas do Windows n\u00e3o s\u00e3o suportadas.<\/strong><\/p>\n<p><strong>Coopera\u00e7\u00e3o<\/strong><\/p>\n<p>O trabalho colaborativo \u00e9 uma nova carater\u00edstica importante e decisiva do pacote Microsoft Office. Os seus empregados podem fazer altera\u00e7\u00f5es a um ficheiro ou continuar o documento ao mesmo tempo. Esta op\u00e7\u00e3o est\u00e1 dispon\u00edvel para todos os componentes do Microsoft Office, desde o Word, Excel e PowerPoint at\u00e9 ao OneNote. Os ficheiros s\u00f3 t\u00eam de ser guardados no OneDrive ou no OneDrive for Business ou no SharePoint Online e partilhados com os funcion\u00e1rios relevantes. A partilha \u00e9 feita facilmente atrav\u00e9s de um bot\u00e3o no programa.<\/p>\n<p>O Skype for Business \u00e9 outra ferramenta do pacote Office 2019 Professional Plus que promove a colabora\u00e7\u00e3o. Os utilizadores podem ver rapidamente o estado online dos membros da equipa e iniciar um chat, uma chamada pela Internet, uma chamada de grupo ou uma transmiss\u00e3o de v\u00eddeo, conforme necess\u00e1rio.<\/p>\n<p><strong>Utilize o tempo de forma mais eficaz com um programa de correio inteligente<\/strong><\/p>\n<p>A sua caixa de entrada pode ficar rapidamente sobrecarregada com mensagens de correio eletr\u00f3nico sem import\u00e2ncia e spam. Isto significa que o utilizador ou os seus funcion\u00e1rios n\u00e3o podem trabalhar de forma eficiente e perde-se tempo. O Microsoft Outlook 2019 foi desenvolvido e a fun\u00e7\u00e3o \"Clutter\" foi adicionada para que o pr\u00f3prio programa reconhe\u00e7a os emails irrelevantes e os separe imediatamente. Isto torna a sua caixa de entrada mais clara e permite-lhe concentrar-se nas tarefas realmente importantes.<\/p>\n<p><strong>Seguran\u00e7a melhorada para o seu escrit\u00f3rio digital<\/strong><\/p>\n<p>Outra nova carater\u00edstica \u00e9 a seguran\u00e7a melhorada com a \"Preven\u00e7\u00e3o da perda de dados\". Os programas facilitam o controlo das informa\u00e7\u00f5es que s\u00e3o integradas nos documentos e transmitidas. Os administradores tamb\u00e9m t\u00eam a op\u00e7\u00e3o de bloquear ou restringir o acesso a determinados dados. Os utilizadores s\u00e3o tamb\u00e9m sensibilizados para o risco de perda de dados atrav\u00e9s de notifica\u00e7\u00f5es sobre riscos potenciais. Os servi\u00e7os na nuvem, como o OneDrive, significam que os seus dados n\u00e3o se perdem, mesmo que um servidor ou dispositivo falhe. Pode aceder e editar facilmente os ficheiros a partir de qualquer parte do mundo.<\/p>\n<p><strong>Requisitos do sistema:<br \/>\n<\/strong><\/p>\n<ul>\n<li>1,6 GHz, processador dual-core<\/li>\n<li>Sistema operativo Windows 10<\/li>\n<li>2 GB (32 bits), 4 GB (64 bits) de RAM<\/li>\n<li>4 GB de espa\u00e7o dispon\u00edvel no disco r\u00edgido<\/li>\n<li>A acelera\u00e7\u00e3o gr\u00e1fica requer uma placa gr\u00e1fica compat\u00edvel com DirectX 10<\/li>\n<\/ul>\n<p><strong>Apoio:<\/strong><\/p>\n<p class=\"translation-block\">Se tiver alguma d\u00favida, n\u00e3o hesite em contactar-nos <a href=\"mailto:deutschland@softwarelizenzexpress.de\" target=\"_self\" rel=\"noopener\">por correio eletr\u00f3nico<\/a>. O nosso apoio ao cliente est\u00e1 dispon\u00edvel 7 dias por semana, 24 horas por dia.<\/p>","protected":false},"excerpt":{"rendered":"<ul>\n<li>Licen\u00e7a do Microsoft Office 2019 Professional Plus para 3 PC<\/li>\n<li>Vers\u00f5es para sistemas de 32 e 64 bits dispon\u00edveis<\/li>\n<li>Envio por correio eletr\u00f3nico: Chave do produto, instru\u00e7\u00f5es, liga\u00e7\u00f5es de transfer\u00eancia, fatura<\/li>\n<li>Transfer\u00eancia imediata!<\/li>\n<li>Sem limite de tempo, sem subscri\u00e7\u00e3o<\/li>\n<li>Suporte gratuito para instala\u00e7\u00e3o e ativa\u00e7\u00e3o<\/li>\n<li>N\u00e3o entrega em suportes de dados (USB, CD, etc.)<\/li>\n<li>Ativa\u00e7\u00e3o online e por telefone<\/li>\n<li class=\"translation-block\">Este produto <strong>N\u00c3O \u00e9 compat\u00edvel com os sistemas operativos da Apple<\/strong> (MacOS, iPadOS, iOS), <strong>Chromebooks<\/strong><\/li>\n<li><strong>N\u00c3O compat\u00edvel com dispositivos Android<\/strong><\/li>\n<\/ul>","protected":false},"featured_media":53538,"comment_status":"open","ping_status":"closed","template":"","meta":{"_acf_changed":false},"product_brand":[],"product_cat":[15],"product_tag":[107,108,109],"class_list":{"0":"post-2448","1":"product","2":"type-product","3":"status-publish","4":"has-post-thumbnail","6":"product_cat-ms-office","7":"product_tag-excellence","8":"product_tag-ms-office","9":"product_tag-security","11":"first","12":"instock","13":"sale","14":"virtual","15":"taxable","16":"purchasable","17":"product-type-simple"},"acf":[],"_links":{"self":[{"href":"https:\/\/softwarelizenzexpress.de\/pt\/wp-json\/wp\/v2\/product\/2448","targetHints":{"allow":["GET"]}}],"collection":[{"href":"https:\/\/softwarelizenzexpress.de\/pt\/wp-json\/wp\/v2\/product"}],"about":[{"href":"https:\/\/softwarelizenzexpress.de\/pt\/wp-json\/wp\/v2\/types\/product"}],"replies":[{"embeddable":true,"href":"https:\/\/softwarelizenzexpress.de\/pt\/wp-json\/wp\/v2\/comments?post=2448"}],"wp:featuredmedia":[{"embeddable":true,"href":"https:\/\/softwarelizenzexpress.de\/pt\/wp-json\/wp\/v2\/media\/53538"}],"wp:attachment":[{"href":"https:\/\/softwarelizenzexpress.de\/pt\/wp-json\/wp\/v2\/media?parent=2448"}],"wp:term":[{"taxonomy":"product_brand","embeddable":true,"href":"https:\/\/softwarelizenzexpress.de\/pt\/wp-json\/wp\/v2\/product_brand?post=2448"},{"taxonomy":"product_cat","embeddable":true,"href":"https:\/\/softwarelizenzexpress.de\/pt\/wp-json\/wp\/v2\/product_cat?post=2448"},{"taxonomy":"product_tag","embeddable":true,"href":"https:\/\/softwarelizenzexpress.de\/pt\/wp-json\/wp\/v2\/product_tag?post=2448"}],"curies":[{"name":"wp","href":"https:\/\/api.w.org\/{rel}","templated":true}]}}