{"id":2430,"date":"2021-04-16T14:42:25","date_gmt":"2021-04-16T12:42:25","guid":{"rendered":"http:\/\/shop.windowsandoffice.net\/product\/import-placeholder-for-208\/"},"modified":"2026-04-16T18:11:07","modified_gmt":"2026-04-16T16:11:07","slug":"windows-10-pro","status":"publish","type":"product","link":"https:\/\/softwarelizenzexpress.de\/pt\/product\/windows-10-pro\/","title":{"rendered":"Licen\u00e7a do Microsoft Windows 10 Professional para 3 PC"},"content":{"rendered":"<p>O Windows 10 Professional \u00e9 o sistema operativo mais avan\u00e7ado e seguro de todos os tempos. Com as suas aplica\u00e7\u00f5es universais, funcionalidades e fun\u00e7\u00f5es de seguran\u00e7a, \u00e9 ideal para PCs de secret\u00e1ria, computadores port\u00e1teis e tablets. Novas vers\u00f5es e actualiza\u00e7\u00f5es autom\u00e1ticas para as suas aplica\u00e7\u00f5es e funcionalidades garantem a efici\u00eancia e a seguran\u00e7a do seu dispositivo.<\/p>\n<p>Com o Windows 10 Professional no centro do seu computador, pode fazer tudo o que quiser<\/p>\n<ul>\n<li>Carater\u00edsticas de seguran\u00e7a integradas, tais como software antiv\u00edrus, firewall e mecanismos de prote\u00e7\u00e3o da Internet<\/li>\n<li>Digitalize o seu rosto ou impress\u00e3o digital com o Windows Hello para desbloquear o seu computador de forma r\u00e1pida, segura e sem uma palavra-passe<\/li>\n<li>Com o assistente de notifica\u00e7\u00f5es, pode bloquear notifica\u00e7\u00f5es, sons e alertas para n\u00e3o se distrair enquanto trabalha<\/li>\n<li>Pode utilizar a linha do tempo para percorrer r\u00e1pida e facilmente os documentos, aplica\u00e7\u00f5es e s\u00edtios Web utilizados mais recentemente<\/li>\n<li>O Microsoft Photos facilita a organiza\u00e7\u00e3o, navega\u00e7\u00e3o, edi\u00e7\u00e3o e partilha das suas fotografias e v\u00eddeos<\/li>\n<li>Com a Game Bar, pode transmitir instantaneamente os seus jogos em direto, fazer grava\u00e7\u00f5es de ecr\u00e3 e ajustar com precis\u00e3o as defini\u00e7\u00f5es de \u00e1udio<\/li>\n<li>O Ambiente de Trabalho Remoto d\u00e1-lhe acesso remoto atrav\u00e9s da Internet ao seu pr\u00f3prio PC, ou seja, a todos os ficheiros, pastas e aplica\u00e7\u00f5es<\/li>\n<li>A Prote\u00e7\u00e3o de Informa\u00e7\u00e3o do Windows (WIP) protege-o contra o poss\u00edvel roubo de dados sem restringir a capacidade de utiliza\u00e7\u00e3o do sistema<\/li>\n<li>A encripta\u00e7\u00e3o de unidade BitLocker \u00e9 uma funcionalidade de prote\u00e7\u00e3o de dados integrada no sistema operativo. Protege contra o roubo de dados, especialmente em computadores roubados<\/li>\n<li>Ferramentas para aplica\u00e7\u00f5es empresariais<\/li>\n<\/ul>\n<p>Beneficia de arranques mais r\u00e1pidos do sistema, de um menu Iniciar familiar mas melhorado e de novas formas de concluir tarefas de forma r\u00e1pida e eficaz. Tamb\u00e9m obt\u00e9m novas funcionalidades, como um novo browser para o ajudar a navegar na Web e a sua assistente pessoal digital Cortana. A Cortana acompanha-o em todos os seus dispositivos Windows 10 e ajuda-o a fazer as coisas. Ela aprende cada vez mais sobre si ao longo do tempo e pode ajud\u00e1-lo melhor todos os dias.<\/p>\n<p><strong>Windows 10 Professional\u00a0<\/strong>apoia-o da melhor forma em tudo o que faz. Mantenha uma vis\u00e3o geral, bastando acoplar aplica\u00e7\u00f5es e otimizar o ecr\u00e3 para um trabalho mais produtivo. Coloque at\u00e9 quatro aplica\u00e7\u00f5es em simult\u00e2neo e crie ambientes de trabalho virtuais se precisar de mais espa\u00e7o ou quiser agrupar conte\u00fados para um projeto, por exemplo, aplica\u00e7\u00f5es de escrit\u00f3rio para o trabalho e jogos para lazer.<\/p>\n<p class=\"translation-block\">O <strong>Windows 10<\/strong> \u00e9 compat\u00edvel com o hardware, o software e os perif\u00e9ricos que j\u00e1 utiliza. Mantenha o seu sistema atualizado com funcionalidades e seguran\u00e7a durante o tempo de vida \u00fatil suportado do seu dispositivo.<\/p>\n<p><strong>Requisitos do sistema:<br \/>\n<\/strong><\/p>\n<ul>\n<li>M\u00ednimo. Processador de 1 GHz ou mais r\u00e1pido<\/li>\n<li>1 GB (32 bits), 2 GB (64 bits) de RAM<\/li>\n<li>20 GB de espa\u00e7o dispon\u00edvel no disco r\u00edgido<\/li>\n<li>Placa gr\u00e1fica com processador gr\u00e1fico DirectX 9 e controlador WDDM<\/li>\n<\/ul>\n<p><strong>Apoio:<\/strong><\/p>\n<p class=\"translation-block\">Se tiver alguma d\u00favida, n\u00e3o hesite em contactar-nos <a href=\"mailto:deutschland@softwarelizenzexpress.de\" target=\"_self\" rel=\"noopener\">por correio eletr\u00f3nico<\/a>. O nosso apoio ao cliente est\u00e1 dispon\u00edvel 7 dias por semana, 24 horas por dia.<\/p>","protected":false},"excerpt":{"rendered":"<ul>\n<li>Licen\u00e7a do Microsoft Windows 10 Professional para 3 PC<\/li>\n<li>Vers\u00f5es para sistemas de 32 e 64 bits dispon\u00edveis<\/li>\n<li>Envio por correio eletr\u00f3nico: Chave do produto, instru\u00e7\u00f5es, liga\u00e7\u00f5es de transfer\u00eancia, fatura<\/li>\n<li>Transfer\u00eancia imediata!<\/li>\n<li>Sem limite de tempo, sem subscri\u00e7\u00e3o<\/li>\n<li>Suporte gratuito para instala\u00e7\u00e3o e ativa\u00e7\u00e3o<\/li>\n<li>N\u00e3o entrega em suportes de dados (USB, CD, etc.)<\/li>\n<li>Ativa\u00e7\u00e3o online e por telefone<\/li>\n<li class=\"translation-block\">Este produto <strong>N\u00c3O \u00e9 compat\u00edvel com os sistemas operativos da Apple<\/strong> (MacOS, iPadOS, iOS), <strong>Chromebooks<\/strong><\/li>\n<li><strong>N\u00c3O compat\u00edvel com dispositivos Android<\/strong><\/li>\n<\/ul>","protected":false},"featured_media":53552,"comment_status":"open","ping_status":"closed","template":"","meta":{"_acf_changed":false},"product_brand":[],"product_cat":[23],"product_tag":[105,106],"class_list":{"0":"post-2430","1":"product","2":"type-product","3":"status-publish","4":"has-post-thumbnail","6":"product_cat-windows-desktop","7":"product_tag-windows","8":"product_tag-windows-10-pro","10":"first","11":"instock","12":"sale","13":"virtual","14":"taxable","15":"purchasable","16":"product-type-simple"},"acf":[],"_links":{"self":[{"href":"https:\/\/softwarelizenzexpress.de\/pt\/wp-json\/wp\/v2\/product\/2430","targetHints":{"allow":["GET"]}}],"collection":[{"href":"https:\/\/softwarelizenzexpress.de\/pt\/wp-json\/wp\/v2\/product"}],"about":[{"href":"https:\/\/softwarelizenzexpress.de\/pt\/wp-json\/wp\/v2\/types\/product"}],"replies":[{"embeddable":true,"href":"https:\/\/softwarelizenzexpress.de\/pt\/wp-json\/wp\/v2\/comments?post=2430"}],"wp:featuredmedia":[{"embeddable":true,"href":"https:\/\/softwarelizenzexpress.de\/pt\/wp-json\/wp\/v2\/media\/53552"}],"wp:attachment":[{"href":"https:\/\/softwarelizenzexpress.de\/pt\/wp-json\/wp\/v2\/media?parent=2430"}],"wp:term":[{"taxonomy":"product_brand","embeddable":true,"href":"https:\/\/softwarelizenzexpress.de\/pt\/wp-json\/wp\/v2\/product_brand?post=2430"},{"taxonomy":"product_cat","embeddable":true,"href":"https:\/\/softwarelizenzexpress.de\/pt\/wp-json\/wp\/v2\/product_cat?post=2430"},{"taxonomy":"product_tag","embeddable":true,"href":"https:\/\/softwarelizenzexpress.de\/pt\/wp-json\/wp\/v2\/product_tag?post=2430"}],"curies":[{"name":"wp","href":"https:\/\/api.w.org\/{rel}","templated":true}]}}