{"id":23028,"date":"2022-02-04T22:49:48","date_gmt":"2022-02-04T21:49:48","guid":{"rendered":"https:\/\/shop.softwarelizenzexpress.de\/?post_type=product&#038;p=23028"},"modified":"2026-04-16T18:11:24","modified_gmt":"2026-04-16T16:11:24","slug":"microsoft-office-2021-professional-plus","status":"publish","type":"product","link":"https:\/\/softwarelizenzexpress.de\/pt\/product\/microsoft-office-2021-professional-plus\/","title":{"rendered":"Licen\u00e7a Microsoft Office 2021 Professional Plus para 3 PC"},"content":{"rendered":"<h2>Microsoft Office 2021 Professional Plus<\/h2>\n<div class=\"J0lOec\">\n<p>O Office 2021 Professional Plus Edition \u00e9 ideal para os utilizadores que utilizam a gama completa de aplica\u00e7\u00f5es em casa ou no escrit\u00f3rio. Inclui toda a gama de aplica\u00e7\u00f5es do Microsoft Office: Word, Excel, Outlook, PowerPoint, Publisher e Access. O OneNote pode ser descarregado a partir da Windows Store e permite-lhe criar rapidamente notas e disponibiliz\u00e1-las em todos os dispositivos atrav\u00e9s da nuvem. Experimente um melhor desempenho, estabilidade e velocidade no Word, Excel, PowerPoint e Outlook. Obtenha pesquisa nova e melhorada, ferramentas \u00e0 m\u00e3o livre, tipos de dados, fun\u00e7\u00f5es, ferramentas de tradu\u00e7\u00e3o e edi\u00e7\u00e3o, gr\u00e1ficos animados, funcionalidades de f\u00e1cil utiliza\u00e7\u00e3o e muito mais no <a style=\"text-decoration: none; color: #333;\" title=\"o que \u00e9 que a tren faz\" href=\"https:\/\/www.canarykc.com\/tren-hex-half-life-and-how-relevant-it-is-for-your-bodybuilding-cycles\/\">o que \u00e9 que a tren faz<\/a> todo o pacote Office 2021.<\/p>\n<\/div>\n<ul>\n<li class=\"J0lOec\"><span class=\"VIiyi\" lang=\"en\"><span class=\"JLqJ4b ChMk0b\" data-language-for-alternatives=\"en\" data-language-to-translate-into=\"de\" data-phrase-index=\"9\" data-number-of-phrases=\"18\"><strong>Palavra<\/strong>Crie documentos de texto com qualidade profissional em pouco tempo.<\/span><\/span><\/li>\n<li class=\"J0lOec\"><span class=\"VIiyi\" lang=\"en\"><span class=\"JLqJ4b ChMk0b\" data-language-for-alternatives=\"en\" data-language-to-translate-into=\"de\" data-phrase-index=\"11\" data-number-of-phrases=\"18\"><strong>Excel<\/strong>Folhas de c\u00e1lculo inteligentes, agora com novas fun\u00e7\u00f5es como o XLOOKUP<\/span><\/span><\/li>\n<li class=\"J0lOec\"><span class=\"VIiyi\" lang=\"en\"><span class=\"JLqJ4b ChMk0b\" data-language-for-alternatives=\"en\" data-language-to-translate-into=\"de\" data-phrase-index=\"13\" data-number-of-phrases=\"18\"><strong>PowerPoint<\/strong>Fun\u00e7\u00f5es novas e melhoradas para criar<\/span><\/span><span class=\"VIiyi\" lang=\"en\"><span class=\"JLqJ4b ChMk0b\" data-language-for-alternatives=\"en\" data-language-to-translate-into=\"de\" data-phrase-index=\"13\" data-number-of-phrases=\"18\">\u00a0apresenta\u00e7\u00f5es din\u00e2micas impressionantes.<\/span><\/span><\/li>\n<li class=\"J0lOec\"><span class=\"VIiyi\" lang=\"en\"><span class=\"JLqJ4b ChMk0b\" data-language-for-alternatives=\"en\" data-language-to-translate-into=\"de\" data-phrase-index=\"15\" data-number-of-phrases=\"18\"><strong>OneNote<\/strong>: O seu bloco de notas digital na nuvem.<\/span><\/span><\/li>\n<li class=\"J0lOec\"><span class=\"VIiyi\" lang=\"en\"><span class=\"JLqJ4b ChMk0b\" data-language-for-alternatives=\"en\" data-language-to-translate-into=\"de\" data-phrase-index=\"17\" data-number-of-phrases=\"18\"><strong>Perspectivas<\/strong>Comunica\u00e7\u00e3o facilitada; agora inclui poderosas fun\u00e7\u00f5es de tradu\u00e7\u00e3o.<\/span><\/span><\/li>\n<li><strong>Editora<\/strong>Cria\u00e7\u00e3o de layouts para publica\u00e7\u00f5es profissionais<\/li>\n<li><strong>Acesso<\/strong>Cria\u00e7\u00e3o de bases de dados simples e potente<\/li>\n<li><strong>Microsoft Teams<\/strong>Mais produtividade atrav\u00e9s de mensagens instant\u00e2neas e videoconfer\u00eancia HD (dispon\u00edvel para transfer\u00eancia em separado)<\/li>\n<\/ul>\n<p>NOTA: Devido a um <a href=\"https:\/\/blogs.microsoft.com\/eupolicy\/2023\/08\/31\/european-competition-teams-office-microsoft-365\/\" target=\"_blank\">Inqu\u00e9rito da Comiss\u00e3o Europeia<\/a>A Microsoft j\u00e1 n\u00e3o inclui uma licen\u00e7a do Teams nos produtos Office. \u00c9 poss\u00edvel <a href=\"https:\/\/www.microsoft.com\/en-us\/microsoft-teams\/download-app\" target=\"_blank\"> Equipas de descarregamento<\/a>para o utilizar com uma licen\u00e7a gratuita ou paga (a adquirir separadamente), consoante as suas necessidades.<br \/>\n<strong>REQUER O WINDOWS 10 OU 11!<\/strong><\/p>","protected":false},"excerpt":{"rendered":"<div class=\"woocommerce-product-details__short-description\">\n<ul>\n<li>Licen\u00e7a Microsoft Office 2021 Professional Plus para 3 PC<\/li>\n<li>Vers\u00e3o para sistemas de 64 bits<\/li>\n<li>Envio por correio eletr\u00f3nico: Chave do produto, instru\u00e7\u00f5es, liga\u00e7\u00f5es de transfer\u00eancia, fatura<\/li>\n<li>Transfer\u00eancia imediata!<\/li>\n<li>Sem limite de tempo, sem subscri\u00e7\u00e3o<\/li>\n<li>Suporte gratuito para instala\u00e7\u00e3o e ativa\u00e7\u00e3o<\/li>\n<li>N\u00e3o entrega em suportes de dados (USB, CD, etc.)<\/li>\n<li>Ativa\u00e7\u00e3o online e por telefone<\/li>\n<li class=\"translation-block\"><strong>NOTA<\/strong>: apenas dispon\u00edvel em alem\u00e3o e ingl\u00eas!<\/li>\n<li class=\"translation-block\">Este produto <strong>N\u00c3O \u00e9 compat\u00edvel com os sistemas operativos da Apple<\/strong> (MacOS, iPadOS, iOS), <strong>Chromebooks<\/strong><\/li>\n<li><strong>N\u00c3O compat\u00edvel com dispositivos Android<\/strong><\/li>\n<\/ul>\n<\/div>","protected":false},"featured_media":53541,"comment_status":"open","ping_status":"closed","template":"","meta":{"_acf_changed":false},"product_brand":[],"product_cat":[15],"product_tag":[],"class_list":{"0":"post-23028","1":"product","2":"type-product","3":"status-publish","4":"has-post-thumbnail","6":"product_cat-ms-office","8":"first","9":"instock","10":"sale","11":"virtual","12":"taxable","13":"purchasable","14":"product-type-simple"},"acf":[],"_links":{"self":[{"href":"https:\/\/softwarelizenzexpress.de\/pt\/wp-json\/wp\/v2\/product\/23028","targetHints":{"allow":["GET"]}}],"collection":[{"href":"https:\/\/softwarelizenzexpress.de\/pt\/wp-json\/wp\/v2\/product"}],"about":[{"href":"https:\/\/softwarelizenzexpress.de\/pt\/wp-json\/wp\/v2\/types\/product"}],"replies":[{"embeddable":true,"href":"https:\/\/softwarelizenzexpress.de\/pt\/wp-json\/wp\/v2\/comments?post=23028"}],"wp:featuredmedia":[{"embeddable":true,"href":"https:\/\/softwarelizenzexpress.de\/pt\/wp-json\/wp\/v2\/media\/53541"}],"wp:attachment":[{"href":"https:\/\/softwarelizenzexpress.de\/pt\/wp-json\/wp\/v2\/media?parent=23028"}],"wp:term":[{"taxonomy":"product_brand","embeddable":true,"href":"https:\/\/softwarelizenzexpress.de\/pt\/wp-json\/wp\/v2\/product_brand?post=23028"},{"taxonomy":"product_cat","embeddable":true,"href":"https:\/\/softwarelizenzexpress.de\/pt\/wp-json\/wp\/v2\/product_cat?post=23028"},{"taxonomy":"product_tag","embeddable":true,"href":"https:\/\/softwarelizenzexpress.de\/pt\/wp-json\/wp\/v2\/product_tag?post=23028"}],"curies":[{"name":"wp","href":"https:\/\/api.w.org\/{rel}","templated":true}]}}