{"id":22940,"date":"2022-03-05T12:59:41","date_gmt":"2022-03-05T11:59:41","guid":{"rendered":"https:\/\/shop.softwarelizenzexpress.de\/?post_type=product&#038;p=22940"},"modified":"2026-04-16T18:11:24","modified_gmt":"2026-04-16T16:11:24","slug":"windows-11-professional","status":"publish","type":"product","link":"https:\/\/softwarelizenzexpress.de\/pt\/product\/windows-11-professional\/","title":{"rendered":"Licen\u00e7a Microsoft Windows 11 Professional para 3 PC"},"content":{"rendered":"<div id=\"primaryR2\" data-grid=\"container\" data-region-key=\"primaryr2\" data-m=\"{&quot;cN&quot;:&quot;primaryR2 1&quot;,&quot;cT&quot;:&quot;Region_coreui-region&quot;,&quot;id&quot;:&quot;r2a2&quot;,&quot;sN&quot;:2,&quot;aN&quot;:&quot;a2&quot;}\">\n<div id=\"coreui-banner-l03vzh8\" data-m=\"{&quot;cN&quot;:&quot;R2Banner 1&quot;,&quot;cT&quot;:&quot;Module_coreui-banner&quot;,&quot;id&quot;:&quot;m1r2a2&quot;,&quot;sN&quot;:1,&quot;aN&quot;:&quot;r2a2&quot;}\" data-module-id=\"WDG-Windows|primaryR2|coreui-region|coreui-banner-l03vzh8|coreui-banner\">\n<div class=\"m-banner f-align-left\" data-grid=\"col-12\">\n<h2>Windows 11 Professional<\/h2>\n<div id=\"primaryR2\" data-grid=\"container\" data-region-key=\"primaryr2\" data-m=\"{&quot;cN&quot;:&quot;primaryR2 1&quot;,&quot;cT&quot;:&quot;Region_coreui-region&quot;,&quot;id&quot;:&quot;r2a2&quot;,&quot;sN&quot;:2,&quot;aN&quot;:&quot;a2&quot;}\">\n<div id=\"coreui-banner-l03vzh8\" data-m=\"{&quot;cN&quot;:&quot;R2Banner 1&quot;,&quot;cT&quot;:&quot;Module_coreui-banner&quot;,&quot;id&quot;:&quot;m1r2a2&quot;,&quot;sN&quot;:1,&quot;aN&quot;:&quot;r2a2&quot;}\" data-module-id=\"WDG-Windows|primaryR2|coreui-region|coreui-banner-l03vzh8|coreui-banner\">\n<div class=\"m-banner f-align-left\" data-grid=\"col-12\">\n<h2 class=\"c-heading-3\">Requisitos do sistema:<\/h2>\n<\/div>\n<\/div>\n<div id=\"coreui-divider-f6wmnt9\" data-m=\"{&quot;cN&quot;:&quot;R2Divider 1&quot;,&quot;cT&quot;:&quot;Module_coreui-divider&quot;,&quot;id&quot;:&quot;m2r2a2&quot;,&quot;sN&quot;:2,&quot;aN&quot;:&quot;r2a2&quot;}\" data-module-id=\"WDG-Windows|primaryR2|coreui-region|coreui-divider-f6wmnt9|coreui-divider\">\n<hr class=\"c-divider f-pad-top-3x\" data-grid=\"col-12\" \/>\n<\/div>\n<div id=\"coreui-contentrichblock-o5iouct\" data-m=\"{&quot;cN&quot;:&quot;R2ContentRichBlock 1&quot;,&quot;cT&quot;:&quot;Module_coreui-contentrichblock&quot;,&quot;id&quot;:&quot;m3r2a2&quot;,&quot;sN&quot;:3,&quot;aN&quot;:&quot;r2a2&quot;}\" data-module-id=\"WDG-Windows|primaryR2|coreui-region|coreui-contentrichblock-o5iouct|coreui-contentrichblock\">\n<div class=\"m-rich-content-block context-ucx\" data-grid=\"col-12\">\n<p>Certifique-se de que est\u00e1 preparado para o melhor e mais recente sistema operativo da Microsoft!<\/p>\n<p class=\"translation-block\">Estes s\u00e3o os requisitos b\u00e1sicos para instalar o Windows 11 num PC. Se o seu dispositivo n\u00e3o cumprir estes requisitos, poder\u00e1 n\u00e3o conseguir instalar o Windows 11 no seu dispositivo e dever\u00e1 considerar a compra de um novo PC. Se n\u00e3o tiver a certeza de que o seu PC cumpre estes requisitos, pode consultar o fabricante do equipamento original (OEM) do seu PC ou, se o seu dispositivo j\u00e1 estiver a executar o Windows 10, utilizar a aplica\u00e7\u00e3o Verifica\u00e7\u00e3o de Estado do PC para verificar a compatibilidade (<a href=\"https:\/\/aka.ms\/GetPCHealthCheckApp\" target=\"_self\" rel=\"noopener\"><b>download<\/b><\/a>).<\/p>\n<\/div>\n<\/div>\n<div id=\"coreui-tablev2-62jrfm3\" data-m=\"{&quot;cN&quot;:&quot;R2TableV2 1&quot;,&quot;cT&quot;:&quot;Module_coreui-tablev2&quot;,&quot;id&quot;:&quot;m4r2a2&quot;,&quot;sN&quot;:4,&quot;aN&quot;:&quot;r2a2&quot;}\" data-module-id=\"WDG-Windows|primaryR2|coreui-region|coreui-tablev2-62jrfm3|coreui-tablev2\">\n<div class=\"m-table\">\n<div class=\"c-table\" data-f-loc-ascending=\"Sorted by {0} - ascending\" data-f-loc-descending=\"Sorted by {0} - descending\">\n<table>\n<tbody>\n<tr>\n<td class=\"f-divided\"><strong>Processador:<\/strong><\/td>\n<td class=\"f-divided\">\n<p class=\"translation-block\">1 gigahertz (GHz) ou mais r\u00e1pido com 2 ou mais n\u00facleos num <strong><a href=\"https:\/\/www.microsoft.com\/de-de\/windows\/windows-11-specifications\" target=\"_self\" rel=\"noopener\">processador de 64 bits compat\u00edvel<\/a><\/strong> ou SoC (System on a Chip).<\/p>\n<\/td>\n<\/tr>\n<tr>\n<td class=\"f-divided\"><strong>RAM:<\/strong><\/td>\n<td class=\"f-divided\">4 gigabytes (GB)<\/td>\n<\/tr>\n<tr>\n<td class=\"f-divided\"><strong>Espa\u00e7o de armazenamento:<\/strong><\/td>\n<td class=\"f-divided\">64 GB ou mais<\/p>\n<p>Nota: Consulte a sec\u00e7\u00e3o \"Mais informa\u00e7\u00f5es sobre o espa\u00e7o de armazenamento para manter o Windows 11 atualizado\" para obter mais informa\u00e7\u00f5es.<\/td>\n<\/tr>\n<tr>\n<td class=\"f-divided\"><strong>Firmware do sistema:<\/strong><\/td>\n<td class=\"f-divided\">UEFI, com capacidade de arranque seguro<\/td>\n<\/tr>\n<tr>\n<td class=\"f-divided\"><strong>TPM:<\/strong><\/td>\n<td class=\"f-divided\">Trusted Platform Module (TPM) vers\u00e3o 2.0<\/td>\n<\/tr>\n<tr>\n<td class=\"f-divided\"><strong>Placa gr\u00e1fica:<\/strong><\/td>\n<td class=\"f-divided\">Compat\u00edvel com DirectX 12 ou superior com controlador WDDM 2.0<\/td>\n<\/tr>\n<tr>\n<td class=\"f-divided\"><strong>Ecr\u00e3:<\/strong><\/td>\n<td class=\"f-divided\">Ecr\u00e3 de alta resolu\u00e7\u00e3o (720p) com uma diagonal de mais de 9\u2033, 8 bits por canal de cor<\/td>\n<\/tr>\n<tr>\n<td class=\"f-divided\"><strong>Liga\u00e7\u00e3o \u00e0 Internet e contas Microsoft:\u00a0<\/strong><\/td>\n<td class=\"f-divided\">O Windows 11 Home Edition requer uma liga\u00e7\u00e3o \u00e0 Internet e uma conta Microsoft para concluir a configura\u00e7\u00e3o do dispositivo na primeira utiliza\u00e7\u00e3o.<\/p>\n<p>Mudar um dispositivo do Windows 11 Home no modo S tamb\u00e9m requer uma liga\u00e7\u00e3o \u00e0 Internet.<\/p>\n<p>O acesso \u00e0 Internet \u00e9 necess\u00e1rio para todas as edi\u00e7\u00f5es do Windows 11 para efetuar actualiza\u00e7\u00f5es e para descarregar e utilizar algumas fun\u00e7\u00f5es. \u00c9 necess\u00e1ria uma conta Microsoft para algumas fun\u00e7\u00f5es.<\/td>\n<\/tr>\n<\/tbody>\n<\/table>\n<\/div>\n<\/div>\n<\/div>\n<div id=\"coreui-contentrichblock-wqm7a2a\" data-m=\"{&quot;cN&quot;:&quot;R2ContentRichBlock 2&quot;,&quot;cT&quot;:&quot;Module_coreui-contentrichblock&quot;,&quot;id&quot;:&quot;m5r2a2&quot;,&quot;sN&quot;:5,&quot;aN&quot;:&quot;r2a2&quot;}\" data-module-id=\"WDG-Windows|primaryR2|coreui-region|coreui-contentrichblock-wqm7a2a|coreui-contentrichblock\">\n<div class=\"m-rich-content-block context-ucx\" data-grid=\"col-12\">\n<p>Ao longo do tempo, podem existir requisitos adicionais para actualiza\u00e7\u00f5es e requisitos para ativar determinadas fun\u00e7\u00f5es no sistema operativo.<\/p>\n<\/div>\n<\/div>\n<\/div>\n<div id=\"primaryR3\" data-grid=\"container\" data-region-key=\"primaryr3\" data-m=\"{&quot;cN&quot;:&quot;primaryR3 1&quot;,&quot;cT&quot;:&quot;Region_coreui-region&quot;,&quot;id&quot;:&quot;r3a2&quot;,&quot;sN&quot;:3,&quot;aN&quot;:&quot;a2&quot;}\">\n<div id=\"coreui-banner-iods39j\" data-m=\"{&quot;cN&quot;:&quot;R3Banner 1&quot;,&quot;cT&quot;:&quot;Module_coreui-banner&quot;,&quot;id&quot;:&quot;m1r3a2&quot;,&quot;sN&quot;:1,&quot;aN&quot;:&quot;r3a2&quot;}\" data-module-id=\"WDG-Windows|primaryR3|coreui-region|coreui-banner-iods39j|coreui-banner\">\n<div class=\"m-banner f-align-left\" data-grid=\"col-12\">\n<h2 class=\"c-heading-3\"><a href=\"https:\/\/www.microsoft.com\/en-us\/windows\/windows-11\" target=\"_blank\" rel=\"noopener\">Requisitos espec\u00edficos da fun\u00e7\u00e3o para o Windows 11<\/a><\/h2>\n<\/div>\n<\/div>\n<div id=\"coreui-divider-xjbne9z\" data-m=\"{&quot;cN&quot;:&quot;R2Divider 1&quot;,&quot;cT&quot;:&quot;Module_coreui-divider&quot;,&quot;id&quot;:&quot;m2r3a2&quot;,&quot;sN&quot;:2,&quot;aN&quot;:&quot;r3a2&quot;}\" data-module-id=\"WDG-Windows|primaryR3|coreui-region|coreui-divider-xjbne9z|coreui-divider\">\n<hr class=\"c-divider f-pad-top-3x\" data-grid=\"col-12\" \/>\n<\/div>\n<div id=\"coreui-contentrichblock-rhi1sei\" data-m=\"{&quot;cN&quot;:&quot;R2ContentRichBlock 1&quot;,&quot;cT&quot;:&quot;Module_coreui-contentrichblock&quot;,&quot;id&quot;:&quot;m3r3a2&quot;,&quot;sN&quot;:3,&quot;aN&quot;:&quot;r3a2&quot;}\" data-module-id=\"WDG-Windows|primaryR3|coreui-region|coreui-contentrichblock-rhi1sei|coreui-contentrichblock\">\n<div class=\"m-rich-content-block context-ucx\" data-grid=\"col-12\">\n<p>Algumas funcionalidades do Windows 11 t\u00eam requisitos mais exigentes do que os indicados na sec\u00e7\u00e3o de requisitos m\u00ednimos acima. Abaixo encontrar\u00e1 alguns detalhes adicionais sobre os requisitos para fun\u00e7\u00f5es importantes:<\/p>\n<div>\n<ul class=\"c-list\">\n<li class=\"translation-block\">O <strong>suporte 5G<\/strong> requer um modem com capacidade 5G.<\/li>\n<li class=\"translation-block\">O <strong>Auto HDR<\/strong> requer um monitor HDR.<\/li>\n<li class=\"translation-block\">O <strong>BitLocker to Go<\/strong> requer uma unidade flash USB (dispon\u00edvel nas edi\u00e7\u00f5es Windows Pro e superiores).<\/li>\n<li class=\"translation-block\">O <strong>Cliente Hyper-V<\/strong> requer um processador com capacidades SLAT (Tradu\u00e7\u00e3o de endere\u00e7os de segundo n\u00edvel) (dispon\u00edvel no Windows Pro e em edi\u00e7\u00f5es superiores).<\/li>\n<li class=\"translation-block\">O <strong>Cortana<\/strong> requer um microfone e um altifalante e est\u00e1 atualmente dispon\u00edvel no Windows 11 para a Austr\u00e1lia, Brasil, Canad\u00e1, China, Fran\u00e7a, Alemanha, \u00cdndia, It\u00e1lia, Jap\u00e3o, M\u00e9xico, Espanha, Reino Unido e EUA.<\/li>\n<li class=\"translation-block\">O <strong>DirectStorage<\/strong> requer um SSD NVMe para armazenar e executar jogos que utilizam o controlador \"Standard NVM Express Controller\" e uma GPU DirectX12 com suporte para Shader Model 6.0.<\/li>\n<li class=\"translation-block\">O <strong>DirectX 12 Ultimate<\/strong> est\u00e1 dispon\u00edvel com jogos e chips gr\u00e1ficos suportados.<\/li>\n<li class=\"translation-block\">A <strong>presen\u00e7a<\/strong> requer um sensor que possa reconhecer a dist\u00e2ncia da pessoa ao dispositivo ou a inten\u00e7\u00e3o de interagir com o dispositivo.<\/li>\n<li class=\"translation-block\">A <strong>videoconfer\u00eancia inteligente<\/strong> requer uma c\u00e2mara de v\u00eddeo, um microfone e um altifalante (sa\u00edda de \u00e1udio).<\/li>\n<li class=\"translation-block\">O <strong>Multiple Voice Assistant (MVA)<\/strong> requer um microfone e um altifalante.<\/li>\n<li class=\"translation-block\">Os layouts de tr\u00eas colunas do <strong>Snap<\/strong> requerem um ecr\u00e3 com uma largura de 1920 pixels efectivos ou mais.<\/li>\n<li class=\"translation-block\"><strong>Mudar\/desativar o som da barra de tarefas<\/strong> requer c\u00e2mara de v\u00eddeo, microfone e altifalante (sa\u00edda de \u00e1udio). A aplica\u00e7\u00e3o tem de ser compat\u00edvel com a fun\u00e7\u00e3o para cancelar o silenciamento global.<\/li>\n<li class=\"translation-block\">O <strong>Som espacial<\/strong> requer hardware e software de suporte.<\/li>\n<li class=\"translation-block\">O <strong>Teams<\/strong> requer uma c\u00e2mara de v\u00eddeo, um microfone e um altifalante (sa\u00edda de \u00e1udio).<\/li>\n<li class=\"translation-block\">O <strong>Touch<\/strong> requer um ecr\u00e3 ou monitor que suporte o multi-toque.<\/li>\n<li class=\"translation-block\">A <strong>autentica\u00e7\u00e3o de dois factores<\/strong> requer a utiliza\u00e7\u00e3o de um PIN, de dados biom\u00e9tricos (leitor de impress\u00f5es digitais ou c\u00e2mara de infravermelhos iluminada) ou de um telem\u00f3vel com fun\u00e7\u00f5es Wi-Fi ou Bluetooth.<\/li>\n<li class=\"translation-block\">O <strong>Voice Typing<\/strong> requer um PC com um microfone.<\/li>\n<li class=\"translation-block\">O <strong>Wake on Voice<\/strong> requer um modelo moderno de alimenta\u00e7\u00e3o em modo de espera e um microfone.<\/li>\n<li class=\"translation-block\">O <strong>Wi-Fi 6E<\/strong> requer novo hardware e controladores WLAN-IHV, bem como um AP\/router com capacidade para Wi-Fi 6E.<\/li>\n<li class=\"translation-block\">O <strong>Windows Hello<\/strong> requer uma c\u00e2mara configurada para infravermelhos pr\u00f3ximos (IR) ou um leitor de impress\u00f5es digitais para autentica\u00e7\u00e3o biom\u00e9trica. Os dispositivos sem sensores biom\u00e9tricos podem utilizar o Windows Hello com um PIN ou uma chave de seguran\u00e7a port\u00e1til compat\u00edvel com a Microsoft.<\/li>\n<li class=\"translation-block\">O <strong>Windows Projection<\/strong> requer um adaptador de ecr\u00e3 que suporte o Windows Display Driver Model (WDDM) 2.0 e um adaptador Wi-Fi que suporte Wi-Fi Diret.<\/li>\n<li class=\"translation-block\">O <strong>Xbox (App)<\/strong> requer uma conta Xbox Live, que n\u00e3o est\u00e1 dispon\u00edvel em todas as regi\u00f5es. Consulte Pa\u00edses e regi\u00f5es do Xbox Live para obter as informa\u00e7\u00f5es mais recentes sobre a disponibilidade. Algumas funcionalidades da aplica\u00e7\u00e3o Xbox requerem uma subscri\u00e7\u00e3o ativa do Xbox Game Pass. Saiba mais sobre o passe.<\/li>\n<\/ul>\n<\/div>\n<\/div>\n<\/div>\n<\/div>\n<\/div>\n<\/div>\n<\/div>","protected":false},"excerpt":{"rendered":"<ul>\n<li>Licen\u00e7a Microsoft Windows 11 Professional para 3 PC<\/li>\n<li>Vers\u00e3o para sistemas de 64 bits<\/li>\n<li>Envio por correio eletr\u00f3nico: Chave do produto, instru\u00e7\u00f5es, liga\u00e7\u00f5es de transfer\u00eancia, fatura<\/li>\n<li>Transfer\u00eancia imediata!<\/li>\n<li>Sem limite de tempo, sem subscri\u00e7\u00e3o<\/li>\n<li>Suporte gratuito para instala\u00e7\u00e3o e ativa\u00e7\u00e3o<\/li>\n<li>N\u00e3o entrega em suportes de dados (USB, CD, etc.)<\/li>\n<li>Ativa\u00e7\u00e3o online e por telefone<\/li>\n<li class=\"translation-block\">Este produto <strong>N\u00c3O \u00e9 compat\u00edvel com os sistemas operativos da Apple<\/strong> (MacOS, iPadOS, iOS), <strong>Chromebooks<\/strong><\/li>\n<li><strong>N\u00c3O compat\u00edvel com dispositivos Android<\/strong><\/li>\n<\/ul>","protected":false},"featured_media":53562,"comment_status":"open","ping_status":"closed","template":"","meta":{"_acf_changed":false},"product_brand":[],"product_cat":[23],"product_tag":[],"class_list":{"0":"post-22940","1":"product","2":"type-product","3":"status-publish","4":"has-post-thumbnail","6":"product_cat-windows-desktop","8":"first","9":"instock","10":"sale","11":"virtual","12":"taxable","13":"purchasable","14":"product-type-simple"},"acf":[],"_links":{"self":[{"href":"https:\/\/softwarelizenzexpress.de\/pt\/wp-json\/wp\/v2\/product\/22940","targetHints":{"allow":["GET"]}}],"collection":[{"href":"https:\/\/softwarelizenzexpress.de\/pt\/wp-json\/wp\/v2\/product"}],"about":[{"href":"https:\/\/softwarelizenzexpress.de\/pt\/wp-json\/wp\/v2\/types\/product"}],"replies":[{"embeddable":true,"href":"https:\/\/softwarelizenzexpress.de\/pt\/wp-json\/wp\/v2\/comments?post=22940"}],"wp:featuredmedia":[{"embeddable":true,"href":"https:\/\/softwarelizenzexpress.de\/pt\/wp-json\/wp\/v2\/media\/53562"}],"wp:attachment":[{"href":"https:\/\/softwarelizenzexpress.de\/pt\/wp-json\/wp\/v2\/media?parent=22940"}],"wp:term":[{"taxonomy":"product_brand","embeddable":true,"href":"https:\/\/softwarelizenzexpress.de\/pt\/wp-json\/wp\/v2\/product_brand?post=22940"},{"taxonomy":"product_cat","embeddable":true,"href":"https:\/\/softwarelizenzexpress.de\/pt\/wp-json\/wp\/v2\/product_cat?post=22940"},{"taxonomy":"product_tag","embeddable":true,"href":"https:\/\/softwarelizenzexpress.de\/pt\/wp-json\/wp\/v2\/product_tag?post=22940"}],"curies":[{"name":"wp","href":"https:\/\/api.w.org\/{rel}","templated":true}]}}