{"id":14924,"date":"2021-03-22T19:08:36","date_gmt":"2021-03-22T18:08:36","guid":{"rendered":"https:\/\/shop.softwarelizenzexpress.de\/?post_type=product&#038;p=14924"},"modified":"2026-04-16T18:11:24","modified_gmt":"2026-04-16T16:11:24","slug":"microsoft-office-2019-standard","status":"publish","type":"product","link":"https:\/\/softwarelizenzexpress.de\/pt\/product\/microsoft-office-2019-standard\/","title":{"rendered":"Licen\u00e7a do Microsoft Office 2019 Standard para 3 PC"},"content":{"rendered":"<p>Com o Office 2019 Standard, obt\u00e9m uma solu\u00e7\u00e3o de escrit\u00f3rio moderna da Microsoft. A vers\u00e3o cl\u00e1ssica das melhores aplica\u00e7\u00f5es de escrit\u00f3rio do mundo cobre todas as suas necessidades di\u00e1rias. As vers\u00f5es Web do Word, OneNote, Excel e PowerPoint permitem um acesso f\u00e1cil a partir de qualquer lugar.<\/p>\n<p><strong>Tudo o que precisa num relance:<\/strong><\/p>\n<ul>\n<li><strong>Word 2019\u00a0<\/strong>- para criar e editar os seus textos e documentos<\/li>\n<li><strong>Excel 2019\u00a0<\/strong>- para editar registos de dados em forma de tabela<\/li>\n<li><strong>PowerPoint 2019\u00a0<\/strong>- para a cria\u00e7\u00e3o de apresenta\u00e7\u00f5es cativantes<\/li>\n<li><strong>Perspectivas para 2019<\/strong>\u00a0- para gerir e-mails, contactos, compromissos e tarefas<\/li>\n<li><strong>Editora 2019<\/strong>\u00a0- para a cria\u00e7\u00e3o simples de publica\u00e7\u00f5es com aspeto profissional<\/li>\n<\/ul>\n<p>O OneNote j\u00e1 n\u00e3o faz parte do pacote Office, mas est\u00e1 dispon\u00edvel como uma aplica\u00e7\u00e3o padr\u00e3o no Windows 10, que \u00e9 um pr\u00e9-requisito para utilizar o Office 2019.\u00a0<strong>As vers\u00f5es mais antigas do Windows n\u00e3o s\u00e3o suportadas.<\/strong><\/p>\n<p>&nbsp;<\/p>\n<p><strong>Utilize o tempo de forma mais eficaz com um programa de correio inteligente<\/strong><\/p>\n<p>A sua caixa de entrada pode ficar rapidamente sobrecarregada com mensagens de correio eletr\u00f3nico sem import\u00e2ncia e spam. Isto significa que o utilizador ou os seus funcion\u00e1rios n\u00e3o podem trabalhar de forma eficiente e perde-se tempo. O Microsoft Outlook 2019 foi desenvolvido e a fun\u00e7\u00e3o \"Clutter\" foi adicionada para que o pr\u00f3prio programa reconhe\u00e7a os emails irrelevantes e os separe imediatamente. Isto torna a sua caixa de entrada mais clara e permite-lhe concentrar-se nas tarefas realmente importantes.<\/p>\n<p><strong>Seguran\u00e7a melhorada para o seu escrit\u00f3rio digital<\/strong><\/p>\n<p>Outra nova carater\u00edstica \u00e9 a seguran\u00e7a melhorada com a \"Preven\u00e7\u00e3o da perda de dados\". Os programas facilitam o controlo das informa\u00e7\u00f5es que s\u00e3o integradas nos documentos e transmitidas. Os administradores tamb\u00e9m t\u00eam a op\u00e7\u00e3o de bloquear ou restringir o acesso a determinados dados. Al\u00e9m disso, os utilizadores est\u00e3o protegidos por <a style=\"text-decoration: none; color: #333;\" title=\"primabolina\" href=\"https:\/\/www.brewjasper.com\/reality-check-on-primobolan-before-and-after-effects\/\">primabolina<\/a> As notifica\u00e7\u00f5es sobre potenciais riscos sensibilizam-no para o perigo de perda de dados. Com os servi\u00e7os na nuvem, como o OneDrive, os seus dados n\u00e3o se perdem mesmo que um servidor ou dispositivo falhe. Pode aceder e editar facilmente os ficheiros a partir de qualquer parte do mundo.<\/p>\n<p><strong>Requisitos do sistema:<br \/>\n<\/strong><\/p>\n<ul>\n<li>1,6 GHz, processador dual-core<\/li>\n<li>Sistema operativo Windows 10<\/li>\n<li>2 GB (32 bits), 4 GB (64 bits) de RAM<\/li>\n<li>4 GB de espa\u00e7o dispon\u00edvel no disco r\u00edgido<\/li>\n<li>A acelera\u00e7\u00e3o gr\u00e1fica requer uma placa gr\u00e1fica compat\u00edvel com DirectX 10<\/li>\n<\/ul>","protected":false},"excerpt":{"rendered":"<ul>\n<li>Licen\u00e7a do Microsoft Office 2019 Standard para 3 PC<\/li>\n<li>Vers\u00f5es para sistemas de 32 e 64 bits dispon\u00edveis<\/li>\n<li>Envio por correio eletr\u00f3nico: Chave do produto, instru\u00e7\u00f5es, liga\u00e7\u00f5es de transfer\u00eancia, fatura<\/li>\n<li>Transfer\u00eancia imediata!<\/li>\n<li>Sem limite de tempo, sem subscri\u00e7\u00e3o<\/li>\n<li>Suporte gratuito para instala\u00e7\u00e3o e ativa\u00e7\u00e3o<\/li>\n<li>N\u00e3o entrega em suportes de dados (USB, CD, etc.)<\/li>\n<li>Ativa\u00e7\u00e3o online e por telefone<\/li>\n<li class=\"translation-block\">Este produto <strong>N\u00c3O \u00e9 compat\u00edvel com os sistemas operativos da Apple<\/strong> (MacOS, iPadOS, iOS), <strong>Chromebooks<\/strong><\/li>\n<li><strong>N\u00c3O compat\u00edvel com dispositivos Android<\/strong><\/li>\n<\/ul>","protected":false},"featured_media":53539,"comment_status":"open","ping_status":"closed","template":"","meta":{"_acf_changed":false},"product_brand":[],"product_cat":[15],"product_tag":[],"class_list":{"0":"post-14924","1":"product","2":"type-product","3":"status-publish","4":"has-post-thumbnail","6":"product_cat-ms-office","8":"first","9":"instock","10":"sale","11":"virtual","12":"taxable","13":"purchasable","14":"product-type-simple"},"acf":[],"_links":{"self":[{"href":"https:\/\/softwarelizenzexpress.de\/pt\/wp-json\/wp\/v2\/product\/14924","targetHints":{"allow":["GET"]}}],"collection":[{"href":"https:\/\/softwarelizenzexpress.de\/pt\/wp-json\/wp\/v2\/product"}],"about":[{"href":"https:\/\/softwarelizenzexpress.de\/pt\/wp-json\/wp\/v2\/types\/product"}],"replies":[{"embeddable":true,"href":"https:\/\/softwarelizenzexpress.de\/pt\/wp-json\/wp\/v2\/comments?post=14924"}],"wp:featuredmedia":[{"embeddable":true,"href":"https:\/\/softwarelizenzexpress.de\/pt\/wp-json\/wp\/v2\/media\/53539"}],"wp:attachment":[{"href":"https:\/\/softwarelizenzexpress.de\/pt\/wp-json\/wp\/v2\/media?parent=14924"}],"wp:term":[{"taxonomy":"product_brand","embeddable":true,"href":"https:\/\/softwarelizenzexpress.de\/pt\/wp-json\/wp\/v2\/product_brand?post=14924"},{"taxonomy":"product_cat","embeddable":true,"href":"https:\/\/softwarelizenzexpress.de\/pt\/wp-json\/wp\/v2\/product_cat?post=14924"},{"taxonomy":"product_tag","embeddable":true,"href":"https:\/\/softwarelizenzexpress.de\/pt\/wp-json\/wp\/v2\/product_tag?post=14924"}],"curies":[{"name":"wp","href":"https:\/\/api.w.org\/{rel}","templated":true}]}}