{"id":980,"date":"2019-07-25T07:45:18","date_gmt":"2019-07-25T07:45:18","guid":{"rendered":"http:\/\/windowsandoffice.net\/?page_id=980"},"modified":"2025-10-29T15:32:06","modified_gmt":"2025-10-29T14:32:06","slug":"about","status":"publish","type":"page","link":"https:\/\/softwarelizenzexpress.de\/pt\/about\/","title":{"rendered":"Sobre n\u00f3s"},"content":{"rendered":"<p><main class=\"elementor-column elementor-col-50 elementor-top-column elementor-element elementor-element-bce54dc\" data-id=\"bce54dc\" data-element_type=\"column\"><\/p>\n<div class=\"elementor-widget-wrap elementor-element-populated\">\n<div class=\"elementor-element elementor-element-75591e8 elementor-widget__width-initial elementor-widget elementor-widget-text-editor\" data-id=\"75591e8\" data-element_type=\"widget\" data-widget_type=\"text-editor.default\">\n<div class=\"elementor-widget-container\">\n<p><strong>Tudo sobre o Software Licence Express, o seu parceiro de confian\u00e7a da Microsoft<\/strong><\/p>\n<p>Desde a nossa funda\u00e7\u00e3o em 2015, a Software Licence Express tem-se esfor\u00e7ado por oferecer aos nossos clientes particulares e empresariais uma grande variedade de solu\u00e7\u00f5es de software aos melhores pre\u00e7os na nossa loja online. O nosso objetivo n\u00e3o \u00e9 apenas vender software de forma barata e segura, mas tamb\u00e9m oferecer o mais alto n\u00edvel de servi\u00e7o ao cliente.<\/p>\n<p>A nossa equipa de servi\u00e7o ao cliente, motivada e multilingue, esfor\u00e7a-se sempre por exceder os seus requisitos e expectativas. Quer nos contacte atrav\u00e9s de chat ao vivo, e-mail ou telefone, teremos todo o gosto em ajudar.<\/p>\n<p><strong>Solu\u00e7\u00f5es de software<\/strong><\/p>\n<p>Na nossa loja online, oferecemos licen\u00e7as OEM e produtos de retalho de distribuidores alem\u00e3es de renome. Para al\u00e9m de garantir os melhores pre\u00e7os, a nossa miss\u00e3o \u00e9 prestar-lhe o melhor apoio durante e ap\u00f3s o processo de compra. A nossa equipa qualificada est\u00e1 \u00e0 sua disposi\u00e7\u00e3o para qualquer d\u00favida que possa ter, apoiada pelo nosso envio r\u00e1pido em 2 minutos e pela liga\u00e7\u00e3o SSL encriptada via e-mail que o encaminhar\u00e1 para o nosso guia de instala\u00e7\u00e3o e centro de transfer\u00eancia.<\/p>\n<p><strong>Chave do produto<\/strong><\/p>\n<p>Asseguramos-lhe que cada chave de produto \u00e9 \u00fanica e s\u00f3 \u00e9 utilizada uma vez. Em caso de problemas de ativa\u00e7\u00e3o, a nossa equipa tratar\u00e1 imediatamente do seu pedido para identificar e resolver a causa. A sua satisfa\u00e7\u00e3o \u00e9 importante para n\u00f3s, e \u00e9 por isso que tamb\u00e9m lhe oferecemos uma prova de origem para todos os nossos produtos.<\/p>\n<p><strong>Clientes empresariais<\/strong><\/p>\n<p>Para os nossos parceiros comerciais, oferecemos consultas individuais e ofertas, especialmente para encomendas maiores. Se estiver \u00e0 procura de software especializado que n\u00e3o esteja diretamente listado na nossa gama de produtos, pode contactar-nos. Gra\u00e7as aos nossos vastos contactos na ind\u00fastria do software, podemos satisfazer quase todos os pedidos. Cada fatura ser\u00e1, naturalmente, identificada com o nosso n\u00famero de IVA para tornar o processo de compra o mais transparente poss\u00edvel.<\/p>\n<p><strong>Qualidade e garantia vital\u00edcia<\/strong><\/p>\n<p>Embora nos esforcemos sempre por oferecer pre\u00e7os competitivos, nunca comprometemos a qualidade. Os nossos produtos s\u00e3o submetidos a uma gest\u00e3o rigorosa da qualidade e garantimos que s\u00f3 \u00e9 distribu\u00eddo software proveniente do Espa\u00e7o Econ\u00f3mico Europeu. Oferecemos tamb\u00e9m uma garantia vital\u00edcia para os nossos produtos, pelo que estar\u00e1 sempre a comprar numa loja online fi\u00e1vel e de confian\u00e7a.<\/p>\n<\/div>\n<\/div>\n<\/div>\n<p><\/main><\/p>","protected":false},"excerpt":{"rendered":"<p>Alles \u00fcber Software Lizenz Express, Ihr vertrauensw\u00fcrdiger Microsoft-Partner Seit unserer Gr\u00fcndung im Jahr 2015 streben wir bei Software Lizenz Express danach, sowohl unseren Privat- als auch Gesch\u00e4ftskunden in unseren Onlineshop die unterschiedlichsten Softwarel\u00f6sungen zu den besten Preisen anzubieten. Unser Ziel ist nicht nur, Software g\u00fcnstig und sicher zu verkaufen, sondern&hellip; <\/p>","protected":false},"author":396,"featured_media":0,"parent":0,"menu_order":0,"comment_status":"closed","ping_status":"closed","template":"","meta":{"_acf_changed":false,"footnotes":""},"class_list":["post-980","page","type-page","status-publish","hentry"],"acf":[],"_links":{"self":[{"href":"https:\/\/softwarelizenzexpress.de\/pt\/wp-json\/wp\/v2\/pages\/980","targetHints":{"allow":["GET"]}}],"collection":[{"href":"https:\/\/softwarelizenzexpress.de\/pt\/wp-json\/wp\/v2\/pages"}],"about":[{"href":"https:\/\/softwarelizenzexpress.de\/pt\/wp-json\/wp\/v2\/types\/page"}],"author":[{"embeddable":true,"href":"https:\/\/softwarelizenzexpress.de\/pt\/wp-json\/wp\/v2\/users\/396"}],"replies":[{"embeddable":true,"href":"https:\/\/softwarelizenzexpress.de\/pt\/wp-json\/wp\/v2\/comments?post=980"}],"version-history":[{"count":0,"href":"https:\/\/softwarelizenzexpress.de\/pt\/wp-json\/wp\/v2\/pages\/980\/revisions"}],"wp:attachment":[{"href":"https:\/\/softwarelizenzexpress.de\/pt\/wp-json\/wp\/v2\/media?parent=980"}],"curies":[{"name":"wp","href":"https:\/\/api.w.org\/{rel}","templated":true}]}}