{"id":95149,"date":"2025-11-11T14:09:56","date_gmt":"2025-11-11T13:09:56","guid":{"rendered":"https:\/\/softwarelizenzexpress.de\/?page_id=95149"},"modified":"2025-12-29T17:08:31","modified_gmt":"2025-12-29T16:08:31","slug":"coupons","status":"publish","type":"page","link":"https:\/\/softwarelizenzexpress.de\/pt\/coupons\/","title":{"rendered":"cup\u00f5es"},"content":{"rendered":"<div class=\"cupones\">\n<h2>C\u00f3digos de desconto v\u00e1lidos uma vez para si<\/h2>\n<div>\n<p><!-- Alineado izquierda al 70% --><\/p>\n<h3>Desconto de boas-vindas para novos clientes<\/h3>\n<p><code>NOVO10<\/code><\/p>\n<p>Na sua primeira encomenda, receber\u00e1 um desconto de 10 % em licen\u00e7as de software participantes.<br \/>\nCopie o c\u00f3digo e cole-o no campo do cup\u00e3o no momento do pagamento - o c\u00f3digo s\u00f3 \u00e9 v\u00e1lido uma vez por cliente.<\/p>\n<\/div>\n<div>\n<p><!-- Alineado derecha al 70% --><\/p>\n<h3>Desconto de fidelidade para clientes existentes<\/h3>\n<p><code>TREUE15<\/code><\/p>\n<p>Se j\u00e1 fez uma encomenda connosco, receber\u00e1 um desconto de 15 % na sua pr\u00f3xima encomenda.<br \/>\nCopie o c\u00f3digo e cole-o no campo do cup\u00e3o no momento do pagamento - o c\u00f3digo s\u00f3 \u00e9 v\u00e1lido uma vez por cliente.<\/p>\n<\/div>\n<\/div>","protected":false},"excerpt":{"rendered":"<p>C\u00f3digos de desconto v\u00e1lidos uma vez para si Desconto de boas-vindas para novos clientes NEW10 Na sua primeira encomenda, receber\u00e1 um desconto de 10 % nas licen\u00e7as de software participantes. Copie o c\u00f3digo e cole-o no campo do voucher durante o checkout - o c\u00f3digo s\u00f3 \u00e9 v\u00e1lido uma vez por cliente. Desconto de fidelidade para clientes actuais TREUE15 Se j\u00e1 \u00e9 um cliente... <\/p>","protected":false},"author":9,"featured_media":0,"parent":0,"menu_order":0,"comment_status":"closed","ping_status":"closed","template":"elementor_header_footer","meta":{"_acf_changed":false,"footnotes":""},"class_list":["post-95149","page","type-page","status-publish","hentry"],"acf":[],"_links":{"self":[{"href":"https:\/\/softwarelizenzexpress.de\/pt\/wp-json\/wp\/v2\/pages\/95149","targetHints":{"allow":["GET"]}}],"collection":[{"href":"https:\/\/softwarelizenzexpress.de\/pt\/wp-json\/wp\/v2\/pages"}],"about":[{"href":"https:\/\/softwarelizenzexpress.de\/pt\/wp-json\/wp\/v2\/types\/page"}],"author":[{"embeddable":true,"href":"https:\/\/softwarelizenzexpress.de\/pt\/wp-json\/wp\/v2\/users\/9"}],"replies":[{"embeddable":true,"href":"https:\/\/softwarelizenzexpress.de\/pt\/wp-json\/wp\/v2\/comments?post=95149"}],"version-history":[{"count":0,"href":"https:\/\/softwarelizenzexpress.de\/pt\/wp-json\/wp\/v2\/pages\/95149\/revisions"}],"wp:attachment":[{"href":"https:\/\/softwarelizenzexpress.de\/pt\/wp-json\/wp\/v2\/media?parent=95149"}],"curies":[{"name":"wp","href":"https:\/\/api.w.org\/{rel}","templated":true}]}}