{"id":6,"date":"2019-03-19T06:44:04","date_gmt":"2019-03-19T06:44:04","guid":{"rendered":"https:\/\/demo.themefreesia.com\/shoppingcart\/?page_id=6"},"modified":"2025-11-11T13:50:51","modified_gmt":"2025-11-11T12:50:51","slug":"home","status":"publish","type":"page","link":"https:\/\/softwarelizenzexpress.de\/pt\/","title":{"rendered":"In\u00edcio"},"content":{"rendered":"<p><!-- START: Promo 3 Spalten --><\/p>\n<section>\n  <!-- Spalte 1 --><\/p>\n<article>\n<h3>Ofertas de desconto e promo\u00e7\u00f5es especiais<\/h3>\n<p>\n      Tire partido das nossas ofertas por tempo limitado e poupe em licen\u00e7as originais para o seu PC.\n    <\/p>\n<\/article>\n<p>  <!-- Spalte 2 --><\/p>\n<article>\n<h3>C\u00f3digos de voucher e de desconto<\/h3>\n<p>\n      Introduza o seu c\u00f3digo de voucher exclusivo no checkout e receba um desconto imediato nos seus produtos favoritos.\n    <\/p>\n<\/article>\n<p>  <!-- Spalte 3 --><\/p>\n<article>\n<h3>Ofertas sazonais de inverno<\/h3>\n<p>\n      Ofertas especiais de inverno: mais poupan\u00e7as, as mesmas 100 licen\u00e7as de software originais %.\n    <\/p>\n<\/article>\n<\/section>\n<p><!-- END: Promo 3 Spalten --><\/p>","protected":false},"excerpt":{"rendered":"<p>Ofertas de desconto e promo\u00e7\u00f5es especiais Tire partido das nossas ofertas por tempo limitado e poupe em licen\u00e7as originais para o seu PC. C\u00f3digos de voucher e de desconto Introduza o seu c\u00f3digo de voucher exclusivo no checkout e obtenha um desconto imediato nos seus produtos favoritos. Ofertas sazonais de inverno Ofertas especiais de inverno: mais poupan\u00e7as, as mesmas 100 licen\u00e7as de software originais %.<\/p>","protected":false},"author":2,"featured_media":0,"parent":0,"menu_order":0,"comment_status":"open","ping_status":"open","template":"page-templates\/shoppingcart-template.php","meta":{"_acf_changed":false,"footnotes":""},"class_list":["post-6","page","type-page","status-publish","hentry"],"acf":[],"_links":{"self":[{"href":"https:\/\/softwarelizenzexpress.de\/pt\/wp-json\/wp\/v2\/pages\/6","targetHints":{"allow":["GET"]}}],"collection":[{"href":"https:\/\/softwarelizenzexpress.de\/pt\/wp-json\/wp\/v2\/pages"}],"about":[{"href":"https:\/\/softwarelizenzexpress.de\/pt\/wp-json\/wp\/v2\/types\/page"}],"author":[{"embeddable":true,"href":"https:\/\/softwarelizenzexpress.de\/pt\/wp-json\/wp\/v2\/users\/2"}],"replies":[{"embeddable":true,"href":"https:\/\/softwarelizenzexpress.de\/pt\/wp-json\/wp\/v2\/comments?post=6"}],"version-history":[{"count":0,"href":"https:\/\/softwarelizenzexpress.de\/pt\/wp-json\/wp\/v2\/pages\/6\/revisions"}],"wp:attachment":[{"href":"https:\/\/softwarelizenzexpress.de\/pt\/wp-json\/wp\/v2\/media?parent=6"}],"curies":[{"name":"wp","href":"https:\/\/api.w.org\/{rel}","templated":true}]}}