{"id":3559,"date":"2020-12-10T13:54:51","date_gmt":"2020-12-10T13:54:51","guid":{"rendered":"https:\/\/shop.softwarelizenzexpress.de\/?page_id=3559"},"modified":"2025-04-22T17:03:50","modified_gmt":"2025-04-22T15:03:50","slug":"warranty-policy","status":"publish","type":"page","link":"https:\/\/softwarelizenzexpress.de\/pt\/warranty-policy\/","title":{"rendered":"Condi\u00e7\u00f5es de garantia"},"content":{"rendered":"<section style=\"font-family: Arial, sans-serif; line-height: 1.6; max-width: 800px; margin: auto;\">\n<h2 style=\"color: #2c3e50;\">Garantia de reembolso de 30 dias e garantia de substitui\u00e7\u00e3o vital\u00edcia<\/h2>\n<p><strong>Licen\u00e7a de software de loja Express<\/strong> oferece uma garantia de reembolso de 30 dias para todos os produtos adquiridos. Se n\u00e3o ficar satisfeito com a sua compra, pode devolv\u00ea-la no prazo de 30 dias para obter um reembolso total.<\/p>\n<p>Ap\u00f3s estes 30 dias, oferecemos uma <strong>Garantia de substitui\u00e7\u00e3o vital\u00edcia<\/strong> para todos os produtos defeituosos.<\/p>\n<h3 style=\"color: #34495e;\">Garantia legal<\/h3>\n<p>O per\u00edodo de garantia legal de acordo com a lei alem\u00e3 \u00e9 <strong>1 ano<\/strong> a partir da data de compra, para defeitos causados por conce\u00e7\u00e3o, materiais ou m\u00e3o de obra defeituosos.<\/p>\n<hr style=\"border: none; border-top: 1px dashed #bbb; margin: 30px 0;\" \/>\n<h3 style=\"color: #34495e;\">Condi\u00e7\u00f5es para mercadorias defeituosas<\/h3>\n<p>Em caso de produtos defeituosos <strong>Licen\u00e7a de software de loja Express<\/strong> \u00e0 sua discri\u00e7\u00e3o, reparar ou substituir os bens defeituosos - <strong>gratuito<\/strong> - desde que estejam preenchidas as seguintes condi\u00e7\u00f5es:<\/p>\n<ol style=\"padding-left: 20px;\">\n<li>O comprador deve informar imediatamente o vendedor <strong>Por escrito<\/strong> sobre o defeito.<\/li>\n<li>O defeito deve ser <strong>Defeito de conce\u00e7\u00e3o, de materiais ou de fabrico<\/strong> pelo fabricante ou vendedor.<\/li>\n<li>As mercadorias defeituosas devem ser <strong>Exig\u00eancia do vendedor<\/strong> ser devolvido.<\/li>\n<li>Se as mercadorias foram entregues por um <strong>Fornecedor terceiro<\/strong> fabricado e entregue ao vendedor, qualquer garantia concedida ao vendedor \u00e9 transferida para o comprador.<\/li>\n<li>O vendedor est\u00e1 autorizado, <strong>\u00e0 sua discri\u00e7\u00e3o<\/strong> reembolsar o pre\u00e7o de compra dos bens defeituosos, se este j\u00e1 tiver sido pago.<\/li>\n<\/ol>\n<\/section>","protected":false},"excerpt":{"rendered":"<p>Garantia de devolu\u00e7\u00e3o do dinheiro em 30 dias e garantia de substitui\u00e7\u00e3o vital\u00edcia oferece uma garantia de devolu\u00e7\u00e3o do dinheiro em 30 dias para todos os produtos adquiridos. Se n\u00e3o ficar satisfeito com a sua compra, pode devolv\u00ea-la no prazo de 30 dias para obter um reembolso total. Ap\u00f3s os 30 dias, oferecemos uma garantia de substitui\u00e7\u00e3o vital\u00edcia para todos os produtos defeituosos. Garantia legal A garantia legal... <\/p>","protected":false},"author":9,"featured_media":0,"parent":0,"menu_order":0,"comment_status":"closed","ping_status":"closed","template":"","meta":{"_acf_changed":false,"footnotes":""},"class_list":["post-3559","page","type-page","status-publish","hentry"],"acf":[],"_links":{"self":[{"href":"https:\/\/softwarelizenzexpress.de\/pt\/wp-json\/wp\/v2\/pages\/3559","targetHints":{"allow":["GET"]}}],"collection":[{"href":"https:\/\/softwarelizenzexpress.de\/pt\/wp-json\/wp\/v2\/pages"}],"about":[{"href":"https:\/\/softwarelizenzexpress.de\/pt\/wp-json\/wp\/v2\/types\/page"}],"author":[{"embeddable":true,"href":"https:\/\/softwarelizenzexpress.de\/pt\/wp-json\/wp\/v2\/users\/9"}],"replies":[{"embeddable":true,"href":"https:\/\/softwarelizenzexpress.de\/pt\/wp-json\/wp\/v2\/comments?post=3559"}],"version-history":[{"count":0,"href":"https:\/\/softwarelizenzexpress.de\/pt\/wp-json\/wp\/v2\/pages\/3559\/revisions"}],"wp:attachment":[{"href":"https:\/\/softwarelizenzexpress.de\/pt\/wp-json\/wp\/v2\/media?parent=3559"}],"curies":[{"name":"wp","href":"https:\/\/api.w.org\/{rel}","templated":true}]}}