{"id":3555,"date":"2020-12-10T13:52:59","date_gmt":"2020-12-10T13:52:59","guid":{"rendered":"https:\/\/shop.softwarelizenzexpress.de\/?page_id=3555"},"modified":"2026-01-14T11:53:01","modified_gmt":"2026-01-14T10:53:01","slug":"delivery","status":"publish","type":"page","link":"https:\/\/softwarelizenzexpress.de\/pt\/delivery\/","title":{"rendered":"Pagamento e expedi\u00e7\u00e3o"},"content":{"rendered":"<h2 class=\"wp-block-heading\">Expedi\u00e7\u00e3o<\/h2>\r\n\r\n\r\n\r\n<p>Os nossos produtos s\u00e3o enviados em formato digital. Assim que confirmarmos a rece\u00e7\u00e3o do seu pagamento, receber\u00e1 um e-mail com todas as informa\u00e7\u00f5es necess\u00e1rias para descarregar, instalar e ativar.<\/p>\r\n\r\n\r\n\r\n<p>Para garantir o envio dos produtos, deve certificar-se de que introduz corretamente o seu endere\u00e7o de correio eletr\u00f3nico no momento da encomenda!<\/p>\r\n\r\n\r\n\r\n<p>O envio por correio eletr\u00f3nico n\u00e3o implica custos de envio.<\/p>\r\n\r\n\r\n\r\n<p>&nbsp;<\/p>\r\n\r\n\r\n\r\n<h2 class=\"wp-block-heading\">Op\u00e7\u00f5es e condi\u00e7\u00f5es de pagamento<\/h2>\r\n\r\n\r\n\r\n<p><strong>PayPal<\/strong><\/p>\r\n<p>Pague de forma r\u00e1pida e c\u00f3moda com PayPal. Esta \u00e9 a forma mais r\u00e1pida de receber a sua encomenda, normalmente no prazo de 15 minutos.<\/p>\r\n<p>Tamb\u00e9m pode pagar com cart\u00e3o de cr\u00e9dito atrav\u00e9s do sistema PayPal. Tal como no caso do pagamento por PayPal, o pagamento \u00e9 confirmado no nosso sistema em poucos minutos e a encomenda \u00e9 enviada pouco tempo depois.<\/p>\r\n<p><strong>Cart\u00e3o de cr\u00e9dito\/d\u00e9bito (Visa, MasterCard, American Express)<\/strong><br \/>Pague comodamente com o seu cart\u00e3o banc\u00e1rio. O processamento \u00e9 encriptado e tem lugar em tempo real. Visa, MasterCard e American Express s\u00e3o aceites.<\/p>\r\n<p><strong>Google Pay<\/strong><br \/>Pagamento r\u00e1pido atrav\u00e9s da sua conta Google - simples, sem contacto e seguro. Perfeito para dispositivos Android e utilizadores do Chrome.<\/p>\r\n<p><strong>Apple Pay<\/strong><br \/>Pague diretamente atrav\u00e9s do seu dispositivo Apple - de forma segura, sem introduzir um cart\u00e3o, com o Face ID ou o Touch ID.<\/p>\r\n<p><strong>Klarna<\/strong><br \/>Utilize a plataforma de pagamento flex\u00edvel com tr\u00eas op\u00e7\u00f5es:<br \/>- Pagar mais tarde: Receba os seus bens primeiro, pague depois.<br \/>- Pagar agora: Transfer\u00eancia banc\u00e1ria instant\u00e2nea via Klarna.<br \/>- Pagamento em presta\u00e7\u00f5es: pagar de forma flex\u00edvel ao longo de v\u00e1rios meses.<\/p>\r\n<p><strong>2Checkout<\/strong><br \/>Transac\u00e7\u00f5es r\u00e1pidas e seguras, compat\u00edveis com v\u00e1rios m\u00e9todos de pagamento. Ideal para compras internacionais com a m\u00e1xima seguran\u00e7a.<\/p>\r\n<p>.<\/p>","protected":false},"excerpt":{"rendered":"<p>Envio Os nossos produtos s\u00e3o enviados em formato digital. Assim que confirmarmos a rece\u00e7\u00e3o do seu pagamento, receber\u00e1 um e-mail com todas as informa\u00e7\u00f5es necess\u00e1rias para a transfer\u00eancia, instala\u00e7\u00e3o e ativa\u00e7\u00e3o. Para garantir o envio dos produtos, deve certificar-se de que introduz corretamente o seu endere\u00e7o de correio eletr\u00f3nico no momento da encomenda! Para o envio... <\/p>","protected":false},"author":9,"featured_media":0,"parent":0,"menu_order":0,"comment_status":"closed","ping_status":"closed","template":"","meta":{"_acf_changed":false,"footnotes":""},"class_list":["post-3555","page","type-page","status-publish","hentry"],"acf":[],"_links":{"self":[{"href":"https:\/\/softwarelizenzexpress.de\/pt\/wp-json\/wp\/v2\/pages\/3555","targetHints":{"allow":["GET"]}}],"collection":[{"href":"https:\/\/softwarelizenzexpress.de\/pt\/wp-json\/wp\/v2\/pages"}],"about":[{"href":"https:\/\/softwarelizenzexpress.de\/pt\/wp-json\/wp\/v2\/types\/page"}],"author":[{"embeddable":true,"href":"https:\/\/softwarelizenzexpress.de\/pt\/wp-json\/wp\/v2\/users\/9"}],"replies":[{"embeddable":true,"href":"https:\/\/softwarelizenzexpress.de\/pt\/wp-json\/wp\/v2\/comments?post=3555"}],"version-history":[{"count":0,"href":"https:\/\/softwarelizenzexpress.de\/pt\/wp-json\/wp\/v2\/pages\/3555\/revisions"}],"wp:attachment":[{"href":"https:\/\/softwarelizenzexpress.de\/pt\/wp-json\/wp\/v2\/media?parent=3555"}],"curies":[{"name":"wp","href":"https:\/\/api.w.org\/{rel}","templated":true}]}}