{"id":3290,"date":"2020-10-22T23:33:43","date_gmt":"2020-10-22T23:33:43","guid":{"rendered":"https:\/\/shop.softwarelizenzexpress.de\/?page_id=3290"},"modified":"2025-04-22T16:58:52","modified_gmt":"2025-04-22T14:58:52","slug":"widerrufsrecht","status":"publish","type":"page","link":"https:\/\/softwarelizenzexpress.de\/pt\/widerrufsrecht\/","title":{"rendered":"Cancelamento e devolu\u00e7\u00e3o"},"content":{"rendered":"<ul style=\"padding-left: 20px;\">\n<li>Sem taxas de devolu\u00e7\u00e3o<\/li>\n<li>Sem custos de envio<\/li>\n<li>30 dias de reembolso total<\/li>\n<li>Garantia de substitui\u00e7\u00e3o vital\u00edcia<\/li>\n<\/ul>\n<p><strong>Pol\u00edtica de cancelamento<\/strong><\/p>\n<p>O consumidor tem o direito de rescindir o contrato sem indicar qualquer motivo, no prazo de 30 dias a contar da data de rece\u00e7\u00e3o dos bens.<\/p>\n<p>Para exercer o seu direito de rescis\u00e3o, deve informar-nos da sua decis\u00e3o de rescindir este contrato atrav\u00e9s de uma declara\u00e7\u00e3o clara (por exemplo, uma carta enviada por correio, fax ou correio eletr\u00f3nico). Pode utilizar o formul\u00e1rio de rescis\u00e3o em anexo.<\/p>\n<div style=\"border: dashed 1px gray; border-radius: 5px; background-color: #f5f5f5; padding: 5px; margin-bottom: 15px;\">\n<p><strong>Propriet\u00e1rio:<\/strong> STEPHAN M\u00dcLLER<\/p>\n<p><strong>Sede social:<\/strong> Wernher-von-Braun Str. 16, 63303 Dreieich, Alemanha<\/p>\n<p><strong>Localiza\u00e7\u00e3o Alemanha:<\/strong> Wernher-von-Braun Str. 16, 63303 Dreieich Alemanha<\/p>\n<p><strong>Tel:<\/strong> +49 60748160523<\/p>\n<p><strong>correio eletr\u00f3nico:<\/strong> <a href='mailto:deutschland@softwarelizenzexpress.de'>deutschland@softwarelizenzexpress.de<\/a><\/p>\n<\/div>\n<p><strong>Modelo de formul\u00e1rio de cancelamento<\/strong><\/p>\n<p>(Se desejar rescindir o contrato, preencha e devolva este formul\u00e1rio).<\/p>\n<div style=\"border: dashed 1px gray; border-radius: 5px; background-color: #f5f5f5; padding: 5px; margin-bottom: 15px;\">\n<p>Eu\/n\u00f3s () resolvo\/resolvemos o contrato celebrado por mim\/n\u00f3s () para a compra dos seguintes bens ()\/a presta\u00e7\u00e3o do seguinte servi\u00e7o ():<\/p>\n<ul style=\"padding-left: 20px;\">\n<li>Encomendado em () \/ recebido em ()<\/li>\n<li>Nome do(s) consumidor(es)<\/li>\n<li>Endere\u00e7o do(s) consumidor(es)<\/li>\n<li>Assinatura do(s) consumidor(es) (apenas para notifica\u00e7\u00e3o em papel)<\/li>\n<li>data<\/li>\n<\/ul>\n<\/div>\n<p><em>(*) Riscar o que n\u00e3o interessa.<\/em><\/p>\n<p>Para respeitar o prazo de anula\u00e7\u00e3o, basta enviar a notifica\u00e7\u00e3o do exerc\u00edcio do direito de anula\u00e7\u00e3o antes do termo do prazo.<\/p>\n<p><strong>Consequ\u00eancias da anula\u00e7\u00e3o<\/strong><\/p>\n<p>Se o utilizador rescindir o contrato, devemos reembolsar imediatamente todos os pagamentos que recebemos do utilizador, incluindo os custos de entrega (com exce\u00e7\u00e3o dos custos adicionais resultantes do facto de o utilizador ter escolhido um tipo de entrega diferente da entrega normal mais barata oferecida por n\u00f3s). Para este reembolso, utilizaremos os mesmos meios de pagamento que o utilizador utilizou para a transa\u00e7\u00e3o original, salvo acordo expresso em contr\u00e1rio com o utilizador; em caso algum lhe ser\u00e3o cobradas quaisquer taxas por este reembolso.<\/p>\n<p><strong>Garantia de substitui\u00e7\u00e3o vital\u00edcia:<\/strong><\/p>\n<p>Se o per\u00edodo de reembolso de 30 dias n\u00e3o tiver sido cumprido, oferecemos-lhe uma garantia vital\u00edcia de substitui\u00e7\u00e3o do produto. Se o produto estiver defeituoso durante a utiliza\u00e7\u00e3o, receber\u00e1 uma substitui\u00e7\u00e3o gratuita.<\/p>\n<div style=\"border: dashed 1px gray; border-radius: 5px; background-color: #f5f5f5; padding: 5px; margin-bottom: 15px;\"><strong>Propriet\u00e1rio:<\/strong> STEPHAN M\u00dcLLER<br \/>\n<strong>Sede social:<\/strong> Wernher-von-Braun Str. 16, 63303 Dreieich, Alemanha<br \/>\n<strong>Localiza\u00e7\u00e3o Alemanha:<\/strong> Wernher-von-Braun Str. 16, 63303 Dreieich Alemanha<br \/>\n<strong>Tel:<\/strong> +49 60748160523<br \/>\n<strong>correio eletr\u00f3nico:<\/strong> <a href='mailto:deutschland@softwarelizenzexpress.de'>deutschland@softwarelizenzexpress.de<\/a><\/div>","protected":false},"excerpt":{"rendered":"<p>Keine R\u00fccksendegeb\u00fchren Keine Versandkosten 30 Tage volle R\u00fcckerstattung Lebenslange Ersatzgarantie Widerrufsbelehrung Sie haben das Recht, diesen Vertrag ohne Angabe von Gr\u00fcnden innerhalb von 30 Tagen nach Erhalt der Ware zu widerrufen. Um Ihr Widerrufsrecht auszu\u00fcben, m\u00fcssen Sie uns mittels einer eindeutigen Erkl\u00e4rung (z. B. ein mit der Post versandter Brief,&hellip; <\/p>","protected":false},"author":396,"featured_media":0,"parent":0,"menu_order":0,"comment_status":"closed","ping_status":"closed","template":"","meta":{"_acf_changed":false,"footnotes":""},"class_list":["post-3290","page","type-page","status-publish","hentry"],"acf":[],"_links":{"self":[{"href":"https:\/\/softwarelizenzexpress.de\/pt\/wp-json\/wp\/v2\/pages\/3290","targetHints":{"allow":["GET"]}}],"collection":[{"href":"https:\/\/softwarelizenzexpress.de\/pt\/wp-json\/wp\/v2\/pages"}],"about":[{"href":"https:\/\/softwarelizenzexpress.de\/pt\/wp-json\/wp\/v2\/types\/page"}],"author":[{"embeddable":true,"href":"https:\/\/softwarelizenzexpress.de\/pt\/wp-json\/wp\/v2\/users\/396"}],"replies":[{"embeddable":true,"href":"https:\/\/softwarelizenzexpress.de\/pt\/wp-json\/wp\/v2\/comments?post=3290"}],"version-history":[{"count":0,"href":"https:\/\/softwarelizenzexpress.de\/pt\/wp-json\/wp\/v2\/pages\/3290\/revisions"}],"wp:attachment":[{"href":"https:\/\/softwarelizenzexpress.de\/pt\/wp-json\/wp\/v2\/media?parent=3290"}],"curies":[{"name":"wp","href":"https:\/\/api.w.org\/{rel}","templated":true}]}}