{"id":13423,"date":"2021-03-03T15:10:17","date_gmt":"2021-03-03T14:10:17","guid":{"rendered":"https:\/\/shop.softwarelizenzexpress.de\/?page_id=13423"},"modified":"2025-03-11T15:10:05","modified_gmt":"2025-03-11T14:10:05","slug":"legal-basis","status":"publish","type":"page","link":"https:\/\/softwarelizenzexpress.de\/pt\/legal-basis\/","title":{"rendered":"Base jur\u00eddica"},"content":{"rendered":"<article id=\"page-11056\" class=\"post-11056 page type-page status-publish hentry\">\n<div class=\"entry-content\">\n<h4>Lei de distribui\u00e7\u00e3o<\/h4>\n<p>Os fabricantes de software, como a Microsoft ou a Corel, autorizam os parceiros de vendas certificados (revendedores) a vender produtos aos consumidores. Isto concede os chamados direitos de revendedor. Apenas os parceiros autorizados t\u00eam o direito de vender licen\u00e7as de software e devem ser membros do programa de parceiros do fabricante. Aos revendedores \u00e9 concedido o direito n\u00e3o exclusivo de comercializar e distribuir ativamente software com uma licen\u00e7a na UE\/EFTA. N\u00e3o obstante, os revendedores tamb\u00e9m podem exercer a sua atividade noutras regi\u00f5es, o que requer um acordo escrito.<\/p>\n<p>O revendedor \u00e9 obrigado a oferecer os produtos de software sob os respectivos nomes de produto do fabricante. Os direitos de propriedade e os avisos de direitos de autor relevantes devem ser observados ou efectuados. Todos os nomes de marcas e marcas registadas s\u00e3o propriedade do respetivo fabricante. As informa\u00e7\u00f5es t\u00e9cnicas devem corresponder sempre \u00e0s especifica\u00e7\u00f5es do fabricante. As ilustra\u00e7\u00f5es, os \u00edcones e os log\u00f3tipos servem para identificar o artigo. Os bens vendidos permanecem propriedade do retalhista at\u00e9 \u00e0 rece\u00e7\u00e3o do pagamento integral.<\/p>\n<h4>Direito das licen\u00e7as<\/h4>\n<p>De acordo com a atual jurisprud\u00eancia do Tribunal Federal de Justi\u00e7a (BGH, ac\u00f3rd\u00e3o de 17 de julho de 2013 - I ZR 129\/08), os retalhistas especializados s\u00e3o obrigados a documentar a legalidade e a licitude do software oferecido. As licen\u00e7as de software s\u00f3 podem ser colocadas no mercado com o consentimento do titular dos direitos. A licen\u00e7a \u00e9 concedida em troca de um pagamento que permita obter uma remunera\u00e7\u00e3o correspondente ao valor econ\u00f3mico do software. O titular dos direitos obriga o concession\u00e1rio a vender o software de forma permanente, sem limite de tempo para a sua utiliza\u00e7\u00e3o. O consumidor \u00e9 informado de que o software est\u00e1 sujeito \u00e0s condi\u00e7\u00f5es de licen\u00e7a e aos direitos de utiliza\u00e7\u00e3o do produto do fabricante do software.<\/p>\n<p>O comprador tem um direito simples e ilimitado de utilizar o software. N\u00e3o o pode copiar nem permitir que outros o utilizem. Um direito de utiliza\u00e7\u00e3o m\u00faltipla requer um acordo separado.<\/p>\n<\/div>\n<\/article>","protected":false},"excerpt":{"rendered":"<p>Direitos de distribui\u00e7\u00e3o Os fabricantes de software, como a Microsoft ou a Corel, autorizam os parceiros de vendas certificados (revendedores) a vender produtos aos consumidores. Isto concede os chamados direitos de revendedor. Apenas os parceiros autorizados t\u00eam o direito de vender licen\u00e7as de software e devem ser membros do programa de parceiros do fabricante. Aos revendedores \u00e9 concedido o direito n\u00e3o exclusivo de vender licen\u00e7as de software na UE\/EFTA com... <\/p>","protected":false},"author":9,"featured_media":0,"parent":0,"menu_order":0,"comment_status":"closed","ping_status":"closed","template":"","meta":{"_acf_changed":false,"footnotes":""},"class_list":["post-13423","page","type-page","status-publish","hentry"],"acf":[],"_links":{"self":[{"href":"https:\/\/softwarelizenzexpress.de\/pt\/wp-json\/wp\/v2\/pages\/13423","targetHints":{"allow":["GET"]}}],"collection":[{"href":"https:\/\/softwarelizenzexpress.de\/pt\/wp-json\/wp\/v2\/pages"}],"about":[{"href":"https:\/\/softwarelizenzexpress.de\/pt\/wp-json\/wp\/v2\/types\/page"}],"author":[{"embeddable":true,"href":"https:\/\/softwarelizenzexpress.de\/pt\/wp-json\/wp\/v2\/users\/9"}],"replies":[{"embeddable":true,"href":"https:\/\/softwarelizenzexpress.de\/pt\/wp-json\/wp\/v2\/comments?post=13423"}],"version-history":[{"count":0,"href":"https:\/\/softwarelizenzexpress.de\/pt\/wp-json\/wp\/v2\/pages\/13423\/revisions"}],"wp:attachment":[{"href":"https:\/\/softwarelizenzexpress.de\/pt\/wp-json\/wp\/v2\/media?parent=13423"}],"curies":[{"name":"wp","href":"https:\/\/api.w.org\/{rel}","templated":true}]}}