{"id":13412,"date":"2021-03-03T14:37:17","date_gmt":"2021-03-03T13:37:17","guid":{"rendered":"https:\/\/shop.softwarelizenzexpress.de\/?page_id=13412"},"modified":"2025-03-11T15:20:27","modified_gmt":"2025-03-11T14:20:27","slug":"services","status":"publish","type":"page","link":"https:\/\/softwarelizenzexpress.de\/pt\/services\/","title":{"rendered":"Servi\u00e7o"},"content":{"rendered":"<h4>Servi\u00e7o ao cliente<\/h4>\n<ul>\n<li>\n<h4>Com voc\u00ea rapidamente gra\u00e7as \u00e0 entrega expressa 24\/7<\/h4>\n<ul>\n<li>2 minutos ap\u00f3s a rece\u00e7\u00e3o do pagamento, enviaremos a chave do produto<\/li>\n<li>Receber\u00e1 uma liga\u00e7\u00e3o de transfer\u00eancia e instru\u00e7\u00f5es de instala\u00e7\u00e3o por correio eletr\u00f3nico<\/li>\n<li>O software e as instru\u00e7\u00f5es est\u00e3o dispon\u00edveis em cinco l\u00ednguas (alem\u00e3o, ingl\u00eas, franc\u00eas, italiano, espanhol)<\/li>\n<\/ul>\n<\/li>\n<\/ul>\n<ul>\n<li>\n<h4>Parceiros fortes<\/h4>\n<ul>\n<li>Parceiro oficial de contrato da Corel<\/li>\n<li>Parceiro Microsoft Gold com MSPN<\/li>\n<li>Membro do programa VeRI<\/li>\n<\/ul>\n<\/li>\n<\/ul>\n<ul>\n<li>\n<h4>Fatura<\/h4>\n<ul>\n<li>No prazo de 24 horas, receber\u00e1 uma fatura com o n\u00famero de identifica\u00e7\u00e3o de IVA e o n\u00famero de parceiro Microsoft (se necess\u00e1rio)<\/li>\n<li>Recebe tamb\u00e9m um certificado de licen\u00e7a que documenta de forma transparente a origem do software<\/li>\n<li>Mais seguran\u00e7a com software jur\u00eddico<\/li>\n<li>Software da Alemanha com prova de origem<\/li>\n<li>Receber\u00e1 uma fatura e um certificado de transfer\u00eancia da licen\u00e7a<\/li>\n<li>As licen\u00e7as s\u00e3o \u00e0 prova de auditoria gra\u00e7as \u00e0 utiliza\u00e7\u00e3o da tecnologia blockchain.<\/li>\n<\/ul>\n<\/li>\n<\/ul>\n<ul>\n<li>\n<h4>Garantia do produto<\/h4>\n<ul>\n<li>Garantia de reembolso de 30 dias<\/li>\n<li>100% Ativa\u00e7\u00e3o online<\/li>\n<li>Garantia vital\u00edcia<\/li>\n<li>Novas cartas de condu\u00e7\u00e3o alem\u00e3s sem propriet\u00e1rios anteriores<\/li>\n<li>O controlo de qualidade das chaves de produto \u00e9 efectuado pelo servi\u00e7o de expedi\u00e7\u00e3o<\/li>\n<\/ul>\n<\/li>\n<\/ul>\n<ul>\n<li>\n<h4>Obriga\u00e7\u00e3o de transpar\u00eancia<\/h4>\n<p>Cumprimos todos os requisitos legais de informa\u00e7\u00e3o:<\/p>\n<ul>\n<li>Liga\u00e7\u00e3o \u00e0 plataforma de resolu\u00e7\u00e3o de lit\u00edgios em linha<\/li>\n<li>Proibida a venda de chaves de produto puras sem a respectiva licen\u00e7a<\/li>\n<li>Prova de origem das licen\u00e7as<\/li>\n<\/ul>\n<\/li>\n<\/ul>\n<ul>\n<li>\n<h4>Pagamento seguro e r\u00e1pido<\/h4>\n<p>Connosco, pode pagar de forma segura e r\u00e1pida utilizando v\u00e1rios m\u00e9todos de pagamento. Os m\u00e9todos de pagamento dispon\u00edveis para o seu pa\u00eds (de acordo com o endere\u00e7o de fatura\u00e7\u00e3o) s\u00e3o apresentados na p\u00e1gina de finaliza\u00e7\u00e3o da compra. Os m\u00e9todos dispon\u00edveis incluem<\/p>\n<ul>\n<li>Klarna<\/li>\n<li>Amazon Pay<\/li>\n<li>Apple Pay<\/li>\n<li>Google Pay<\/li>\n<li>Cart\u00e3o de cr\u00e9dito<\/li>\n<\/ul>\n<\/li>\n<\/ul>\n<ul>\n<li>\n<h4>Descarregamento de software<\/h4>\n<ul>\n<li>Descarregamento r\u00e1pido e seguro sem necessidade de registo no nosso portal de descarregamento<\/li>\n<li>O software \u00e9 verificado quanto a v\u00edrus<\/li>\n<li>O portal de descarregamento est\u00e1 dispon\u00edvel em cinco l\u00ednguas<\/li>\n<\/ul>\n<\/li>\n<\/ul>\n<ul>\n<li>\n<h4>Sempre dispon\u00edvel para si: o nosso servi\u00e7o de apoio ao cliente<\/h4>\n<ul>\n<li>Disponibilidade de telefone 4 horas \/ dia<\/li>\n<li>Servi\u00e7o de apoio ao cliente 24\/7 atrav\u00e9s de correio eletr\u00f3nico multilingue<\/li>\n<li>Suporte (alem\u00e3o, ingl\u00eas, franc\u00eas, italiano, espanhol)<\/li>\n<\/ul>\n<\/li>\n<\/ul>\n<p>&nbsp;<\/p>\n<blockquote><p><strong>A Shop Software Licence Express n\u00e3o se limita a vender uma chave. Quando compra o seu produto, recebe um servi\u00e7o e apoio completos.<\/strong><\/p><\/blockquote>","protected":false},"excerpt":{"rendered":"<p>Servi\u00e7o ao cliente Rapidamente consigo atrav\u00e9s do envio expresso 24\/7 2 minutos ap\u00f3s a rece\u00e7\u00e3o do pagamento, enviaremos a chave do produto Receber\u00e1 uma liga\u00e7\u00e3o de transfer\u00eancia e instru\u00e7\u00f5es de instala\u00e7\u00e3o por correio eletr\u00f3nico O software e as instru\u00e7\u00f5es est\u00e3o dispon\u00edveis em cinco idiomas (alem\u00e3o, ingl\u00eas, franc\u00eas, italiano, espanhol) Parceiros fortes Parceiro oficial de contrato da Corel Parceiro Microsoft Gold com membro MSPN... <\/p>","protected":false},"author":9,"featured_media":0,"parent":0,"menu_order":0,"comment_status":"closed","ping_status":"closed","template":"","meta":{"_acf_changed":false,"footnotes":""},"class_list":["post-13412","page","type-page","status-publish","hentry"],"acf":[],"_links":{"self":[{"href":"https:\/\/softwarelizenzexpress.de\/pt\/wp-json\/wp\/v2\/pages\/13412","targetHints":{"allow":["GET"]}}],"collection":[{"href":"https:\/\/softwarelizenzexpress.de\/pt\/wp-json\/wp\/v2\/pages"}],"about":[{"href":"https:\/\/softwarelizenzexpress.de\/pt\/wp-json\/wp\/v2\/types\/page"}],"author":[{"embeddable":true,"href":"https:\/\/softwarelizenzexpress.de\/pt\/wp-json\/wp\/v2\/users\/9"}],"replies":[{"embeddable":true,"href":"https:\/\/softwarelizenzexpress.de\/pt\/wp-json\/wp\/v2\/comments?post=13412"}],"version-history":[{"count":0,"href":"https:\/\/softwarelizenzexpress.de\/pt\/wp-json\/wp\/v2\/pages\/13412\/revisions"}],"wp:attachment":[{"href":"https:\/\/softwarelizenzexpress.de\/pt\/wp-json\/wp\/v2\/media?parent=13412"}],"curies":[{"name":"wp","href":"https:\/\/api.w.org\/{rel}","templated":true}]}}