{"id":56266,"date":"2024-12-02T04:55:04","date_gmt":"2024-12-02T03:55:04","guid":{"rendered":"https:\/\/softwarelizenzexpress.de\/?post_type=product&#038;p=56266"},"modified":"2026-04-16T18:11:50","modified_gmt":"2026-04-16T16:11:50","slug":"microsoft-windows-11-professional-microsoft-office-2024-professional-plus-microsoft-project-2024-professional-microsoft-visio-2024-professional","status":"publish","type":"product","link":"https:\/\/softwarelizenzexpress.de\/nl\/product\/microsoft-windows-11-professional-microsoft-office-2024-professional-plus-microsoft-project-2024-professional-microsoft-visio-2024-professional\/","title":{"rendered":"Microsoft Windows 11 Professional + Microsoft Office 2024 Professional Plus + Microsoft Project 2024 Professional + Microsoft Visio 2024 Professional Licentie voor 3 PC's"},"content":{"rendered":"<p>Bespaar tijd en geld met onze Microsoft-combinatie van de nieuwste versies van Windows, Office, Visio en Project.<\/p>\n<ul>\n<li>Windows 11 Professional<\/li>\n<li>Office 2024 Professional Plus<\/li>\n<li>Visio 2024 Professional<\/li>\n<li>Project 2024 Professioneel<\/li>\n<\/ul>\n<hr \/>\n<p><strong>Microsoft Windows 11 Professional<\/strong><\/p>\n<p>Met Windows 11 Professional heb je een betrouwbaar besturingssysteem op je apparaat. Je profiteert van sneller opstarten van het systeem, een vertrouwd maar verbeterd Startmenu en nieuwe manieren om snel dingen gedaan te krijgen. Je krijgt ook nieuwe functies zoals een gloednieuwe browser om je te helpen surfen op het web en je persoonlijke digitale assistent Cortana. Cortana is je persoonlijke digitale assistent die je op al je Windows 11-apparaten volgt en je helpt om dingen gedaan te krijgen. Cortana leert na verloop van tijd meer over jou en kan je elke dag beter ondersteunen. Windows 11 Professional ondersteunt je optimaal bij alles wat je doet.<\/p>\n<p><strong>Microsoft Office 2024 Professional Plus<\/strong><\/p>\n<p>Kies vandaag nog voor Office 2024 Professional Plus en je ontvangt de nieuwste en modernste Office-oplossing van Microsoft. Naast de klassieke toepassingen krijg je automatisch toegang tot browsergebaseerde apps en Skype for Business. Dankzij vereenvoudigde communicatie kun je effectiever samenwerken met anderen.<\/p>\n<p>Alles wat je nodig hebt in \u00e9\u00e9n oogopslag<\/p>\n<ul>\n<li><strong>Woord <\/strong> - voor het maken en bewerken van uw teksten en documenten<\/li>\n<li><strong>Excel <\/strong> - voor het verwerken van gegevensrecords in tabelvorm<\/li>\n<li><strong>PowerPoint <\/strong> - voor het maken van inspirerende presentaties<\/li>\n<li><strong>Outlook <\/strong> - om je e-mails, contactpersonen, afspraken en taken te beheren<\/li>\n<li><strong>Toegang <\/strong> - voor het maken van databases met internettoegang<\/li>\n<li><strong>OneNote<\/strong> - Je digitale notitieboek<\/li>\n<\/ul>\n<p><strong>Belangrijke opmerking: Teams<\/strong> is beschikbaar in deze versie van Office <strong>NIET<\/strong> inbegrepen!<\/p>\n<p><strong>Microsoft Visio 2024 Professional<\/strong><\/p>\n<p>Visio 2024 is een krachtige diagramtoepassing waarmee je visueel kunt werken en alle soorten diagrammen kunt maken. Met meer dan 12 miljoen gebruikers is het marktleider. Met Visio 2024 is het eenvoudig om bedrijfsprocessen te defini\u00ebren, best practices te documenteren, de toekomstige staat van transformatieve initiatieven te visualiseren en operationele inzichten in uw organisatie te behouden.<\/p>\n<p><strong>Microsoft Project 2024 Professional<\/strong><\/p>\n<p>Werk samen met anderen om in een mum van tijd succesvolle projecten op te starten en af te leveren. Bevat alle functies van Project Standard plus samenwerking op het gebied van resourcebeheer, taaksynchronisatie met SharePoint, tijdregistratie en meer. Microsoft Project Professional 2024 biedt flexibele functies waarmee u projecten kunt plannen, de status kunt bijhouden en met anderen kunt samenwerken vanaf vrijwel elke locatie. De toepassing biedt realtime communicatie en instant messaging, die direct in uw projectplan worden geactiveerd, en consolideert alle potenti\u00eble projectmiddelen in \u00e9\u00e9n overzicht.<\/p>\n<p><strong>Ondersteuning:<\/strong><\/p>\n<p>Als je vragen hebt, aarzel dan niet om <a href=\"mailto:deutschland@softwarelizenzexpress.de\">per e-mail<\/a> contact met ons opnemen. Onze klantenservice is 7 dagen per week, 24 uur per dag bereikbaar.<\/p>","protected":false},"excerpt":{"rendered":"<ul>\n<li>Windows 11 Professional-licentie voor 3 pc's<\/li>\n<li>Office 2024 Professional Plus-licentie voor 3 PC<\/li>\n<li>Visio 2024 Professional-licentie voor 3 pc's<\/li>\n<li>Project 2024 Professional-licentie voor 3 pc's<\/li>\n<li><strong>Met deze licentie kan de software worden geactiveerd op 3 verschillende apparaten, bijv. thuis-pc, notebook en werk-pc.<\/strong><\/li>\n<li>Versie voor 32- en 64-bits systemen, onbeperkte volledige versies van de software <strong>van de gecertificeerde Microsoft Gold Partner<\/strong><\/li>\n<li><strong>30 dagen volledige terugbetaling - levenslange vervangingsgarantie!<\/strong><\/li>\n<li>Levering per e-mail: Productsleutel, instructies, downloadlinks, factuur<\/li>\n<li>Direct downloaden!<\/li>\n<li>Geen tijdslimiet, geen abonnement<\/li>\n<li>Gratis 24\/7 ondersteuning bij problemen met installatie en activering<\/li>\n<li>Geen levering op gegevensdragers (USB, CD, enz.)<\/li>\n<li>Online en telefonisch activeren<\/li>\n<li>Talen: Engels, Spaans, Italiaans, Duits, Frans<\/li>\n<li><strong><span style=\"color: #008000;\"> Dit product is compatibel met Microsoft Windows.<\/span><\/strong><\/li>\n<li><strong><span style=\"color: #ff0000;\">NIET compatibel met Apple macOS\u2122, Android-apparaten en Chromebooks.<\/span><\/strong><\/li>\n<\/ul>","protected":false},"featured_media":56265,"comment_status":"open","ping_status":"closed","template":"","meta":{"_acf_changed":false},"product_brand":[],"product_cat":[25,227,15,27,28,228,252,23,26],"product_tag":[],"class_list":{"0":"post-56266","1":"product","2":"type-product","3":"status-publish","4":"has-post-thumbnail","6":"product_cat-combos","7":"product_cat-microsoft-office","8":"product_cat-ms-office","9":"product_cat-project","10":"product_cat-visio","11":"product_cat-228","12":"product_cat-windows-11","13":"product_cat-windows-desktop","14":"product_cat-special-offers","16":"first","17":"instock","18":"sale","19":"virtual","20":"taxable","21":"purchasable","22":"product-type-simple"},"acf":[],"_links":{"self":[{"href":"https:\/\/softwarelizenzexpress.de\/nl\/wp-json\/wp\/v2\/product\/56266","targetHints":{"allow":["GET"]}}],"collection":[{"href":"https:\/\/softwarelizenzexpress.de\/nl\/wp-json\/wp\/v2\/product"}],"about":[{"href":"https:\/\/softwarelizenzexpress.de\/nl\/wp-json\/wp\/v2\/types\/product"}],"replies":[{"embeddable":true,"href":"https:\/\/softwarelizenzexpress.de\/nl\/wp-json\/wp\/v2\/comments?post=56266"}],"wp:featuredmedia":[{"embeddable":true,"href":"https:\/\/softwarelizenzexpress.de\/nl\/wp-json\/wp\/v2\/media\/56265"}],"wp:attachment":[{"href":"https:\/\/softwarelizenzexpress.de\/nl\/wp-json\/wp\/v2\/media?parent=56266"}],"wp:term":[{"taxonomy":"product_brand","embeddable":true,"href":"https:\/\/softwarelizenzexpress.de\/nl\/wp-json\/wp\/v2\/product_brand?post=56266"},{"taxonomy":"product_cat","embeddable":true,"href":"https:\/\/softwarelizenzexpress.de\/nl\/wp-json\/wp\/v2\/product_cat?post=56266"},{"taxonomy":"product_tag","embeddable":true,"href":"https:\/\/softwarelizenzexpress.de\/nl\/wp-json\/wp\/v2\/product_tag?post=56266"}],"curies":[{"name":"wp","href":"https:\/\/api.w.org\/{rel}","templated":true}]}}