{"id":980,"date":"2019-07-25T07:45:18","date_gmt":"2019-07-25T07:45:18","guid":{"rendered":"http:\/\/windowsandoffice.net\/?page_id=980"},"modified":"2025-10-29T15:32:06","modified_gmt":"2025-10-29T14:32:06","slug":"about","status":"publish","type":"page","link":"https:\/\/softwarelizenzexpress.de\/nl\/about\/","title":{"rendered":"Over ons"},"content":{"rendered":"<p><main class=\"elementor-column elementor-col-50 elementor-top-column elementor-element elementor-element-bce54dc\" data-id=\"bce54dc\" data-element_type=\"column\"><\/p>\n<div class=\"elementor-widget-wrap elementor-element-populated\">\n<div class=\"elementor-element elementor-element-75591e8 elementor-widget__width-initial elementor-widget elementor-widget-text-editor\" data-id=\"75591e8\" data-element_type=\"widget\" data-widget_type=\"text-editor.default\">\n<div class=\"elementor-widget-container\">\n<p><strong>Alles over Software Licence Express, uw vertrouwde Microsoft-partner<\/strong><\/p>\n<p>Sinds onze oprichting in 2015 hebben we er bij Software Licence Express naar gestreefd om zowel onze particuliere als zakelijke klanten een breed scala aan softwareoplossingen te bieden tegen de beste prijzen in onze online winkel. Ons doel is niet alleen om software goedkoop en veilig te verkopen, maar ook om klantenservice van het hoogste niveau te bieden.<\/p>\n<p>Ons gemotiveerde, meertalige klantenserviceteam doet er altijd alles aan om je eisen en verwachtingen te overtreffen. Of je nu contact met ons opneemt via live chat, e-mail of telefoon, we helpen je graag verder.<\/p>\n<p><strong>Software-oplossingen<\/strong><\/p>\n<p>In onze online shop bieden we OEM-licenties en retailproducten van gerenommeerde Duitse distributeurs. Naast het garanderen van de beste prijzen is het onze missie om je optimale ondersteuning te bieden tijdens en na het aankoopproces. Ons getrainde team staat tot je beschikking voor al je vragen, ondersteund door onze snelle 2-minuten verzending en gecodeerde SSL-link via e-mail die je doorverwijst naar onze installatiegids en downloadcentrum.<\/p>\n<p><strong>Productsleutel<\/strong><\/p>\n<p>We verzekeren je dat elke productsleutel uniek is en slechts \u00e9\u00e9n keer wordt gebruikt. In het geval van activeringsproblemen zal ons team je verzoek onmiddellijk in behandeling nemen om de oorzaak vast te stellen en op te lossen. Jouw tevredenheid is belangrijk voor ons, daarom bieden we je ook een bewijs van oorsprong voor al onze producten.<\/p>\n<p><strong>Zakelijke klanten<\/strong><\/p>\n<p>Voor onze zakenpartners bieden we individueel advies en aanbiedingen, vooral voor grotere bestellingen. Als u op zoek bent naar gespecialiseerde software die niet direct in ons assortiment is opgenomen, kunt u nog steeds contact met ons opnemen. Dankzij onze uitgebreide contacten in de software-industrie kunnen we aan bijna elk verzoek voldoen. Elke factuur bevat uiteraard ons BTW-nummer om het aankoopproces zo transparant mogelijk te maken.<\/p>\n<p><strong>Kwaliteit en levenslange garantie<\/strong><\/p>\n<p>Hoewel we er altijd naar streven om concurrerende prijzen te bieden, doen we nooit concessies aan de kwaliteit. Onze producten ondergaan een streng kwaliteitsbeheer en we garanderen dat alleen software uit de Europese Economische Ruimte wordt gedistribueerd. We bieden ook levenslange garantie op onze producten, zodat je altijd koopt bij een betrouwbare online winkel.<\/p>\n<\/div>\n<\/div>\n<\/div>\n<p><\/main><\/p>","protected":false},"excerpt":{"rendered":"<p>Alles \u00fcber Software Lizenz Express, Ihr vertrauensw\u00fcrdiger Microsoft-Partner Seit unserer Gr\u00fcndung im Jahr 2015 streben wir bei Software Lizenz Express danach, sowohl unseren Privat- als auch Gesch\u00e4ftskunden in unseren Onlineshop die unterschiedlichsten Softwarel\u00f6sungen zu den besten Preisen anzubieten. Unser Ziel ist nicht nur, Software g\u00fcnstig und sicher zu verkaufen, sondern&hellip; <\/p>","protected":false},"author":396,"featured_media":0,"parent":0,"menu_order":0,"comment_status":"closed","ping_status":"closed","template":"","meta":{"_acf_changed":false,"footnotes":""},"class_list":["post-980","page","type-page","status-publish","hentry"],"acf":[],"_links":{"self":[{"href":"https:\/\/softwarelizenzexpress.de\/nl\/wp-json\/wp\/v2\/pages\/980","targetHints":{"allow":["GET"]}}],"collection":[{"href":"https:\/\/softwarelizenzexpress.de\/nl\/wp-json\/wp\/v2\/pages"}],"about":[{"href":"https:\/\/softwarelizenzexpress.de\/nl\/wp-json\/wp\/v2\/types\/page"}],"author":[{"embeddable":true,"href":"https:\/\/softwarelizenzexpress.de\/nl\/wp-json\/wp\/v2\/users\/396"}],"replies":[{"embeddable":true,"href":"https:\/\/softwarelizenzexpress.de\/nl\/wp-json\/wp\/v2\/comments?post=980"}],"version-history":[{"count":0,"href":"https:\/\/softwarelizenzexpress.de\/nl\/wp-json\/wp\/v2\/pages\/980\/revisions"}],"wp:attachment":[{"href":"https:\/\/softwarelizenzexpress.de\/nl\/wp-json\/wp\/v2\/media?parent=980"}],"curies":[{"name":"wp","href":"https:\/\/api.w.org\/{rel}","templated":true}]}}