{"id":3290,"date":"2020-10-22T23:33:43","date_gmt":"2020-10-22T23:33:43","guid":{"rendered":"https:\/\/shop.softwarelizenzexpress.de\/?page_id=3290"},"modified":"2025-04-22T16:58:52","modified_gmt":"2025-04-22T14:58:52","slug":"widerrufsrecht","status":"publish","type":"page","link":"https:\/\/softwarelizenzexpress.de\/nl\/widerrufsrecht\/","title":{"rendered":"Annulering en terugzending"},"content":{"rendered":"<ul style=\"padding-left: 20px;\">\n<li>Geen retourkosten<\/li>\n<li>Geen verzendkosten<\/li>\n<li>30 dagen volledige terugbetaling<\/li>\n<li>Levenslange vervangingsgarantie<\/li>\n<\/ul>\n<p><strong>Annuleringsvoorwaarden<\/strong><\/p>\n<p>Je hebt het recht om dit contract zonder opgaaf van reden binnen 30 dagen na ontvangst van de goederen te annuleren.<\/p>\n<p>Om uw recht op annulering uit te oefenen, moet u ons op de hoogte stellen van uw beslissing om dit contract te annuleren door middel van een duidelijke verklaring (bijvoorbeeld een brief per post, fax of e-mail). U kunt het bijgevoegde annuleringsformulier gebruiken.<\/p>\n<div style=\"border: dashed 1px gray; border-radius: 5px; background-color: #f5f5f5; padding: 5px; margin-bottom: 15px;\">\n<p><strong>Eigenaar:<\/strong> STEPHAN M\u00dcLLER<\/p>\n<p><strong>Hoofdkantoor:<\/strong> Wernher-von-Braun Str. 16, 63303 Dreieich, Duitsland<\/p>\n<p><strong>Locatie Duitsland:<\/strong> Wernher-von-Braun Str. 16, 63303 Dreieich Duitsland<\/p>\n<p><strong>Tel:<\/strong> +49 60748160523<\/p>\n<p><strong>e-mail:<\/strong> <a href='mailto:deutschland@softwarelizenzexpress.de'>deutschland@softwarelizenzexpress.de<\/a><\/p>\n<\/div>\n<p><strong>Voorbeeld annuleringsformulier<\/strong><\/p>\n<p>(Als je het contract wilt annuleren, vul dan dit formulier in en stuur het terug).<\/p>\n<div style=\"border: dashed 1px gray; border-radius: 5px; background-color: #f5f5f5; padding: 5px; margin-bottom: 15px;\">\n<p>Ik\/wij () annuleren hierbij het door mij\/ons () gesloten contract voor de aankoop van de volgende goederen ()\/het leveren van de volgende dienst ():<\/p>\n<ul style=\"padding-left: 20px;\">\n<li>Besteld op () \/ ontvangen op ()<\/li>\n<li>Naam van de consument(en)<\/li>\n<li>Adres van de consument(en)<\/li>\n<li>Handtekening van de consument(en) (alleen voor kennisgeving op papier)<\/li>\n<li>datum<\/li>\n<\/ul>\n<\/div>\n<p><em>(*) Doorhalen wat niet van toepassing is.<\/em><\/p>\n<p>Om de annuleringstermijn in acht te nemen, is het voldoende dat u uw kennisgeving van de uitoefening van uw annuleringsrecht verzendt voordat de termijn is verstreken.<\/p>\n<p><strong>Gevolgen van annulering<\/strong><\/p>\n<p>Als u dit contract annuleert, moeten we onmiddellijk alle betalingen terugbetalen die we van u hebben ontvangen, inclusief leveringskosten (met uitzondering van extra kosten die voortvloeien uit het feit dat u een ander type levering hebt gekozen dan de goedkoopste standaardlevering die door ons wordt aangeboden). Voor deze terugbetaling gebruiken we hetzelfde betaalmiddel dat u voor de oorspronkelijke transactie hebt gebruikt, tenzij uitdrukkelijk anders met u is overeengekomen; in geen geval worden u voor deze terugbetaling kosten in rekening gebracht.<\/p>\n<p><strong>Levenslange vervangingsgarantie:<\/strong><\/p>\n<p>Als je de terugbetaalperiode van 30 dagen hebt gemist, bieden we je een levenslange vervangingsgarantie voor het product. Als het product tijdens het gebruik defect raakt, ontvang je een gratis vervangend product.<\/p>\n<div style=\"border: dashed 1px gray; border-radius: 5px; background-color: #f5f5f5; padding: 5px; margin-bottom: 15px;\"><strong>Eigenaar:<\/strong> STEPHAN M\u00dcLLER<br \/>\n<strong>Hoofdkantoor:<\/strong> Wernher-von-Braun Str. 16, 63303 Dreieich, Duitsland<br \/>\n<strong>Locatie Duitsland:<\/strong> Wernher-von-Braun Str. 16, 63303 Dreieich Duitsland<br \/>\n<strong>Tel:<\/strong> +49 60748160523<br \/>\n<strong>e-mail:<\/strong> <a href='mailto:deutschland@softwarelizenzexpress.de'>deutschland@softwarelizenzexpress.de<\/a><\/div>","protected":false},"excerpt":{"rendered":"<p>Keine R\u00fccksendegeb\u00fchren Keine Versandkosten 30 Tage volle R\u00fcckerstattung Lebenslange Ersatzgarantie Widerrufsbelehrung Sie haben das Recht, diesen Vertrag ohne Angabe von Gr\u00fcnden innerhalb von 30 Tagen nach Erhalt der Ware zu widerrufen. Um Ihr Widerrufsrecht auszu\u00fcben, m\u00fcssen Sie uns mittels einer eindeutigen Erkl\u00e4rung (z. B. ein mit der Post versandter Brief,&hellip; <\/p>","protected":false},"author":396,"featured_media":0,"parent":0,"menu_order":0,"comment_status":"closed","ping_status":"closed","template":"","meta":{"_acf_changed":false,"footnotes":""},"class_list":["post-3290","page","type-page","status-publish","hentry"],"acf":[],"_links":{"self":[{"href":"https:\/\/softwarelizenzexpress.de\/nl\/wp-json\/wp\/v2\/pages\/3290","targetHints":{"allow":["GET"]}}],"collection":[{"href":"https:\/\/softwarelizenzexpress.de\/nl\/wp-json\/wp\/v2\/pages"}],"about":[{"href":"https:\/\/softwarelizenzexpress.de\/nl\/wp-json\/wp\/v2\/types\/page"}],"author":[{"embeddable":true,"href":"https:\/\/softwarelizenzexpress.de\/nl\/wp-json\/wp\/v2\/users\/396"}],"replies":[{"embeddable":true,"href":"https:\/\/softwarelizenzexpress.de\/nl\/wp-json\/wp\/v2\/comments?post=3290"}],"version-history":[{"count":0,"href":"https:\/\/softwarelizenzexpress.de\/nl\/wp-json\/wp\/v2\/pages\/3290\/revisions"}],"wp:attachment":[{"href":"https:\/\/softwarelizenzexpress.de\/nl\/wp-json\/wp\/v2\/media?parent=3290"}],"curies":[{"name":"wp","href":"https:\/\/api.w.org\/{rel}","templated":true}]}}