{"id":56266,"date":"2024-12-02T04:55:04","date_gmt":"2024-12-02T03:55:04","guid":{"rendered":"https:\/\/softwarelizenzexpress.de\/?post_type=product&#038;p=56266"},"modified":"2026-04-16T18:11:50","modified_gmt":"2026-04-16T16:11:50","slug":"microsoft-windows-11-professional-microsoft-office-2024-professional-plus-microsoft-project-2024-professional-microsoft-visio-2024-professional","status":"publish","type":"product","link":"https:\/\/softwarelizenzexpress.de\/it\/product\/microsoft-windows-11-professional-microsoft-office-2024-professional-plus-microsoft-project-2024-professional-microsoft-visio-2024-professional\/","title":{"rendered":"Microsoft Windows 11 Professional + Microsoft Office 2024 Professional Plus + Microsoft Project 2024 Professional + Microsoft Visio 2024 Professional Licenza per 3 PC"},"content":{"rendered":"<p>Risparmiate tempo e denaro con la nostra combinazione Microsoft delle ultime versioni di Windows, Office, Visio e Project.<\/p>\n<ul>\n<li>Windows 11 Professional<\/li>\n<li>Ufficio 2024 Professional Plus<\/li>\n<li>Visio 2024 Professional<\/li>\n<li>Progetto 2024 Professionale<\/li>\n<\/ul>\n<hr \/>\n<p><strong>Microsoft Windows 11 Professional<\/strong><\/p>\n<p>Con Windows 11 Professional, avete un sistema operativo affidabile sul vostro dispositivo. Potrete usufruire di un avvio pi\u00f9 rapido del sistema, di un menu Start familiare ma migliorato e di nuovi modi per svolgere rapidamente le vostre attivit\u00e0. Inoltre, avrete a disposizione nuove funzionalit\u00e0 come un nuovissimo browser che vi aiuter\u00e0 a navigare sul web e il vostro assistente digitale personale Cortana. Cortana \u00e8 il vostro assistente digitale personale che vi segue su tutti i dispositivi Windows 11 e vi aiuta a fare le cose. Cortana impara a conoscervi meglio nel corso del tempo e pu\u00f2 aiutarvi ogni giorno di pi\u00f9. Windows 11 Professional vi supporta in modo ottimale in tutto ci\u00f2 che fate.<\/p>\n<p><strong>Microsoft Office 2024 Professional Plus<\/strong><\/p>\n<p>Scegliete Office 2024 Professional Plus oggi stesso e riceverete la soluzione Office pi\u00f9 recente e moderna di Microsoft. Oltre alle applicazioni classiche, avrete automaticamente accesso alle applicazioni basate su browser e a Skype for Business. La comunicazione semplificata consente di collaborare in modo pi\u00f9 efficace con gli altri.<\/p>\n<p>Tutto ci\u00f2 che serve in un colpo d'occhio<\/p>\n<ul>\n<li><strong>Parola <\/strong> - per creare e modificare testi e documenti<\/li>\n<li><strong>Excel <\/strong> - per l'elaborazione di record di dati in forma tabellare<\/li>\n<li><strong>PowerPoint <\/strong> - per creare presentazioni stimolanti<\/li>\n<li><strong>Prospettiva <\/strong> - per gestire e-mail, contatti, appuntamenti e attivit\u00e0<\/li>\n<li><strong>Accesso <\/strong> - per la creazione di database con accesso a Internet<\/li>\n<li><strong>OneNote<\/strong> - Il vostro taccuino digitale<\/li>\n<\/ul>\n<p><strong>Nota importante: le squadre<\/strong> \u00e8 disponibile in questa versione di Office <strong>NON<\/strong> incluso!<\/p>\n<p><strong>Microsoft Visio 2024 Professional<\/strong><\/p>\n<p>Visio 2024 \u00e8 una potente applicazione di diagrammi che consente di lavorare in modo visivo e di creare tutti i tipi di diagrammi. Con oltre 12 milioni di utenti, \u00e8 il leader del settore. Visio 2024 semplifica la definizione dei processi aziendali, la documentazione delle best practice, la visualizzazione dello stato futuro delle iniziative di trasformazione e il mantenimento delle conoscenze operative in tutta l'organizzazione.<\/p>\n<p><strong>Microsoft Project 2024 Professional<\/strong><\/p>\n<p>Collaborate con gli altri per lanciare e realizzare progetti di successo in pochissimo tempo. Include tutte le funzionalit\u00e0 di Project Standard pi\u00f9 la collaborazione nella gestione delle risorse, la sincronizzazione delle attivit\u00e0 in SharePoint, il monitoraggio dei tempi e altro ancora. Microsoft Project Professional 2024 offre funzioni flessibili che consentono di pianificare i progetti, monitorare lo stato e collaborare con gli altri praticamente ovunque. L'applicazione offre comunicazione in tempo reale e messaggistica istantanea, attivabili direttamente nel piano di progetto, e consolida tutte le potenziali risorse del progetto in un'unica vista.<\/p>\n<p><strong>Supporto:<\/strong><\/p>\n<p>In caso di domande, non esitate a <a href=\"mailto:deutschland@softwarelizenzexpress.de\">via e-mail<\/a> contattateci. La nostra assistenza clienti \u00e8 disponibile 7 giorni su 7, 24 ore al giorno.<\/p>","protected":false},"excerpt":{"rendered":"<ul>\n<li>Licenza Windows 11 Professional per 3 PC<\/li>\n<li>Licenza Office 2024 Professional Plus per 3 PC<\/li>\n<li>Licenza Visio 2024 Professional per 3 PC<\/li>\n<li>Licenza Project 2024 Professional per 3 PC<\/li>\n<li><strong>Con questa licenza, il software pu\u00f2 essere attivato su 3 diversi dispositivi, ad esempio PC di casa, notebook e PC di lavoro.<\/strong><\/li>\n<li>Versione per sistemi a 32 e 64 bit, versioni complete illimitate del software <strong>dal partner certificato Microsoft Gold<\/strong><\/li>\n<li><strong>30 giorni di rimborso completo - Garanzia di sostituzione a vita!<\/strong><\/li>\n<li>Consegna via e-mail: Codice prodotto, istruzioni, link per il download, fattura<\/li>\n<li>Download immediato!<\/li>\n<li>Nessun limite di tempo, nessun abbonamento<\/li>\n<li>Assistenza gratuita 24 ore su 24, 7 giorni su 7, per problemi di installazione e attivazione.<\/li>\n<li>Nessuna consegna su supporti dati (USB, CD, ecc.)<\/li>\n<li>Attivazione online e per telefono<\/li>\n<li>Lingue: Inglese, spagnolo, italiano, tedesco, francese<\/li>\n<li><strong><span style=\"color: #008000;\"> Questo prodotto \u00e8 compatibile con Microsoft Windows.<\/span><\/strong><\/li>\n<li><strong><span style=\"color: #ff0000;\">NON \u00e8 compatibile con Apple macOS\u2122, dispositivi Android e Chromebook.<\/span><\/strong><\/li>\n<\/ul>","protected":false},"featured_media":56265,"comment_status":"open","ping_status":"closed","template":"","meta":{"_acf_changed":false},"product_brand":[],"product_cat":[25,227,15,27,28,228,252,23,26],"product_tag":[],"class_list":{"0":"post-56266","1":"product","2":"type-product","3":"status-publish","4":"has-post-thumbnail","6":"product_cat-combos","7":"product_cat-microsoft-office","8":"product_cat-ms-office","9":"product_cat-project","10":"product_cat-visio","11":"product_cat-228","12":"product_cat-windows-11","13":"product_cat-windows-desktop","14":"product_cat-special-offers","16":"first","17":"instock","18":"sale","19":"virtual","20":"taxable","21":"purchasable","22":"product-type-simple"},"acf":[],"_links":{"self":[{"href":"https:\/\/softwarelizenzexpress.de\/it\/wp-json\/wp\/v2\/product\/56266","targetHints":{"allow":["GET"]}}],"collection":[{"href":"https:\/\/softwarelizenzexpress.de\/it\/wp-json\/wp\/v2\/product"}],"about":[{"href":"https:\/\/softwarelizenzexpress.de\/it\/wp-json\/wp\/v2\/types\/product"}],"replies":[{"embeddable":true,"href":"https:\/\/softwarelizenzexpress.de\/it\/wp-json\/wp\/v2\/comments?post=56266"}],"wp:featuredmedia":[{"embeddable":true,"href":"https:\/\/softwarelizenzexpress.de\/it\/wp-json\/wp\/v2\/media\/56265"}],"wp:attachment":[{"href":"https:\/\/softwarelizenzexpress.de\/it\/wp-json\/wp\/v2\/media?parent=56266"}],"wp:term":[{"taxonomy":"product_brand","embeddable":true,"href":"https:\/\/softwarelizenzexpress.de\/it\/wp-json\/wp\/v2\/product_brand?post=56266"},{"taxonomy":"product_cat","embeddable":true,"href":"https:\/\/softwarelizenzexpress.de\/it\/wp-json\/wp\/v2\/product_cat?post=56266"},{"taxonomy":"product_tag","embeddable":true,"href":"https:\/\/softwarelizenzexpress.de\/it\/wp-json\/wp\/v2\/product_tag?post=56266"}],"curies":[{"name":"wp","href":"https:\/\/api.w.org\/{rel}","templated":true}]}}