{"id":56031,"date":"2024-11-04T23:42:11","date_gmt":"2024-11-04T22:42:11","guid":{"rendered":"https:\/\/softwarelizenzexpress.de\/?post_type=product&#038;p=56031"},"modified":"2026-04-16T18:11:50","modified_gmt":"2026-04-16T16:11:50","slug":"microsoft-office-2021-professional-plus-microsoft-visio-2024-professional-lizenz-fuer-3-pc","status":"publish","type":"product","link":"https:\/\/softwarelizenzexpress.de\/it\/product\/microsoft-office-2021-professional-plus-microsoft-visio-2024-professional-lizenz-fuer-3-pc\/","title":{"rendered":"Microsoft Office 2021 Professional Plus + licenza Microsoft Visio 2024 Professional per 3 PC"},"content":{"rendered":"<div id=\"coreui-banner-l03vzh8\" data-m=\"{&quot;cN&quot;:&quot;R2Banner 1&quot;,&quot;cT&quot;:&quot;Module_coreui-banner&quot;,&quot;id&quot;:&quot;m1r2a2&quot;,&quot;sN&quot;:1,&quot;aN&quot;:&quot;r2a2&quot;}\" data-module-id=\"WDG-Microsoft Windows|primaryR2|coreui-region|coreui-banner-l03vzh8|coreui-banner\">\n<div class=\"m-banner f-align-left\" data-grid=\"col-12\"><\/div>\n<\/div>\n<div id=\"coreui-contentrichblock-o5iouct\" data-m=\"{&quot;cN&quot;:&quot;R2ContentRichBlock 1&quot;,&quot;cT&quot;:&quot;Module_coreui-contentrichblock&quot;,&quot;id&quot;:&quot;m3r2a2&quot;,&quot;sN&quot;:3,&quot;aN&quot;:&quot;r2a2&quot;}\" data-module-id=\"WDG-Microsoft Windows|primaryR2|coreui-region|coreui-contentrichblock-o5iouct|coreui-contentrichblock\">\n<div id=\"primaryR3\" data-grid=\"container\" data-region-key=\"primaryr3\" data-m=\"{&quot;cN&quot;:&quot;primaryR3 1&quot;,&quot;cT&quot;:&quot;Region_coreui-region&quot;,&quot;id&quot;:&quot;r3a2&quot;,&quot;sN&quot;:3,&quot;aN&quot;:&quot;a2&quot;}\">\n<div id=\"coreui-contentrichblock-rhi1sei\" data-m=\"{&quot;cN&quot;:&quot;R2ContentRichBlock 1&quot;,&quot;cT&quot;:&quot;Module_coreui-contentrichblock&quot;,&quot;id&quot;:&quot;m3r3a2&quot;,&quot;sN&quot;:3,&quot;aN&quot;:&quot;r3a2&quot;}\" data-module-id=\"WDG-Microsoft Windows|primaryR3|coreui-region|coreui-contentrichblock-rhi1sei|coreui-contentrichblock\">\n<div class=\"m-rich-content-block context-ucx\" data-grid=\"col-12\">\n<h2>Licenza Microsoft Office 2021 Professional Plus per 3 PC<\/h2>\n<p><strong>Con questa licenza, il software pu\u00f2 essere attivato su 3 diversi dispositivi, ad esempio PC di casa, notebook e PC di lavoro.<\/strong><\/p>\n<p><strong>30 giorni di rimborso completo - Garanzia di sostituzione a vita!!!<\/strong><\/p>\n<div class=\"J0lOec\">\n<p>Microsoft Office 2021 Professional Plus Edition \u00e8 ideale per gli utenti che utilizzano l'intera gamma di applicazioni a casa o in ufficio. Include l'intera gamma di applicazioni Microsoft Office: Word, Excel, Outlook, PowerPoint, Publisher e Access. OneNote pu\u00f2 essere scaricato dal Microsoft Windows Store e consente di creare rapidamente note e renderle disponibili su tutti i dispositivi tramite il cloud. Prestazioni, stabilit\u00e0 e velocit\u00e0 migliorate in Word, Excel, PowerPoint e Outlook. La ricerca, gli strumenti a mano libera, i tipi di dati, le funzioni, gli strumenti di traduzione e di modifica, la grafica animata, le funzioni di facile utilizzo e molto altro ancora sono disponibili in tutta la suite Microsoft Office 2021.<\/p>\n<\/div>\n<ul>\n<li class=\"J0lOec\"><span class=\"VIiyi\" lang=\"en\"><span class=\"JLqJ4b ChMk0b\" data-language-for-alternatives=\"en\" data-language-to-translate-into=\"de\" data-phrase-index=\"9\" data-number-of-phrases=\"18\"><strong>Parola<\/strong>Create documenti di testo di qualit\u00e0 professionale in pochissimo tempo.<\/span><\/span><\/li>\n<li class=\"J0lOec\"><span class=\"VIiyi\" lang=\"en\"><span class=\"JLqJ4b ChMk0b\" data-language-for-alternatives=\"en\" data-language-to-translate-into=\"de\" data-phrase-index=\"11\" data-number-of-phrases=\"18\"><strong>Excel<\/strong>Fogli di calcolo intelligenti, ora con nuove funzioni come XLOOKUP<\/span><\/span><\/li>\n<li class=\"J0lOec\"><span class=\"VIiyi\" lang=\"en\"><span class=\"JLqJ4b ChMk0b\" data-language-for-alternatives=\"en\" data-language-to-translate-into=\"de\" data-phrase-index=\"13\" data-number-of-phrases=\"18\"><strong>Punto di forza<\/strong>Nuove e migliorate funzioni per la creazione di<\/span><\/span><span class=\"VIiyi\" lang=\"en\"><span class=\"JLqJ4b ChMk0b\" data-language-for-alternatives=\"en\" data-language-to-translate-into=\"de\" data-phrase-index=\"13\" data-number-of-phrases=\"18\">\u00a0presentazioni dinamiche di grande effetto.<\/span><\/span><\/li>\n<li class=\"J0lOec\"><span class=\"VIiyi\" lang=\"en\"><span class=\"JLqJ4b ChMk0b\" data-language-for-alternatives=\"en\" data-language-to-translate-into=\"de\" data-phrase-index=\"15\" data-number-of-phrases=\"18\"><strong>OneNote<\/strong>Il vostro taccuino digitale nel cloud.<\/span><\/span><\/li>\n<li class=\"J0lOec\"><span class=\"VIiyi\" lang=\"en\"><span class=\"JLqJ4b ChMk0b\" data-language-for-alternatives=\"en\" data-language-to-translate-into=\"de\" data-phrase-index=\"17\" data-number-of-phrases=\"18\"><strong>Prospettiva<\/strong>Comunicazione semplificata; ora include potenti funzioni di traduzione.<\/span><\/span><\/li>\n<li><strong>Editore<\/strong>Creazione di layout per pubblicazioni professionali<\/li>\n<li><strong>Accesso<\/strong>Creazione di database semplice e potente<\/li>\n<li><strong>Microsoft Teams<\/strong>Maggiore produttivit\u00e0 grazie alla messaggistica istantanea e alle videoconferenze HD (scaricabili separatamente)<\/li>\n<\/ul>\n<p>NOTA: a causa di un <a href=\"https:\/\/blogs.microsoft.com\/eupolicy\/2023\/08\/31\/european-competition-teams-office-microsoft-365\/\" target=\"_blank\" rel=\"noopener\">Indagine della Commissione europea<\/a>Microsoft non offre pi\u00f9 una licenza di Teams in bundle con i prodotti Office. \u00c8 possibile <a href=\"https:\/\/www.microsoft.com\/en-us\/microsoft-teams\/download-app\" target=\"_blank\" rel=\"noopener\"> Scarica i team<\/a>di utilizzarlo con una licenza gratuita o a pagamento (da acquistare separatamente), a seconda delle vostre esigenze.<\/p>\n<h2>Microsoft Visio 2024 Professional Licenza per 3 PC<\/h2>\n<p>Microsoft Visio 2024 rende pi\u00f9 facile che mai per i singoli e i team creare e condividere diagrammi professionali e versatili per qualsiasi esigenza. Include forme, modelli e stili aggiornati, oltre a una nuova barra di ricerca intuitiva e a un look and feel aggiornato che offre un'esperienza utente familiare, in linea con le altre applicazioni di Office.<\/p>\n<p>In Microsoft Visio 2024 troverete ancora tutte le funzioni a cui siete abituati e ne avrete di nuove:<\/p>\n<ul>\n<li>Microsoft Visio 2024 offre ancora pi\u00f9 forme, stencil e modelli per aiutarvi a creare i vostri diagrammi in meno tempo.<\/li>\n<li>Un aspetto aggiornato con un moderno effetto di trasparenza applicato dietro l'area di disegno e i menu conferisce a Visio 2024 un aspetto pi\u00f9 moderno ed elegante.<\/li>\n<li>Visio 2024 offre il nuovo design e la nuova combinazione di colori di Office 2024, compresa la modalit\u00e0 scura, un'interfaccia utente personalizzabile e miglioramenti dell'accessibilit\u00e0.<\/li>\n<li>La ricerca in Visio \u00e8 ora disponibile nella barra del titolo ed \u00e8 quindi pi\u00f9 accessibile.<\/li>\n<li>Strumenti avanzati di analisi dei processi, come i blocchi dinamici per l'analisi dei processi aziendali e la visualizzazione dei flussi di dati.<\/li>\n<\/ul>\n<\/div>\n<\/div>\n<\/div>\n<\/div>","protected":false},"excerpt":{"rendered":"<ul>\n<li>Licenza Microsoft Office 2021 Professional Plus per 3 PC<\/li>\n<li>Microsoft Visio 2024 Professional Licenza per 3 PC<\/li>\n<li><strong>Con questa licenza, il software pu\u00f2 essere attivato su 3 diversi dispositivi<\/strong>Ad esempio, PC di casa, notebook e PC di lavoro.<\/li>\n<li><strong>30 giorni di rimborso completo - Garanzia di sostituzione a vita!!!<\/strong><\/li>\n<li>Versione per sistemi a 64 bit<\/li>\n<li>Spedizione via e-mail: Codice prodotto, istruzioni, link per il download, fattura<\/li>\n<li>Download immediato!<\/li>\n<li>Nessun limite di tempo, nessun abbonamento<\/li>\n<li>Assistenza gratuita per l'installazione e l'attivazione<\/li>\n<li>Nessuna consegna su supporti dati (USB, CD, ecc.)<\/li>\n<li>Attivazione online e per telefono<\/li>\n<li>Per Microsoft Windows<\/li>\n<li><span style=\"color: #339966\"><strong>Questo prodotto \u00e8 compatibile con Windows.<\/strong><\/span><\/li>\n<li><span style=\"color: #ff0000\"><strong>NON \u00e8 compatibile con Apple macOS\u2122\ufe0f, dispositivi Android o Chromebook.<\/strong><\/span><\/li>\n<\/ul>","protected":false},"featured_media":56041,"comment_status":"open","ping_status":"closed","template":"","meta":{"_acf_changed":false},"product_brand":[],"product_cat":[250,251,227,248],"product_tag":[253,254,255],"class_list":{"0":"post-56031","1":"product","2":"type-product","3":"status-publish","4":"has-post-thumbnail","6":"product_cat-bestseller","7":"product_cat-combo","8":"product_cat-microsoft-office","9":"product_cat-visio-microsoft-office","10":"product_tag-combo-microsoft-windows-11-pro-office-2021-professional-plus","11":"product_tag-microsoft-office-2021-professional-plus","12":"product_tag-microsoft-windows-11-pro","14":"first","15":"instock","16":"sale","17":"virtual","18":"taxable","19":"purchasable","20":"product-type-simple"},"acf":[],"_links":{"self":[{"href":"https:\/\/softwarelizenzexpress.de\/it\/wp-json\/wp\/v2\/product\/56031","targetHints":{"allow":["GET"]}}],"collection":[{"href":"https:\/\/softwarelizenzexpress.de\/it\/wp-json\/wp\/v2\/product"}],"about":[{"href":"https:\/\/softwarelizenzexpress.de\/it\/wp-json\/wp\/v2\/types\/product"}],"replies":[{"embeddable":true,"href":"https:\/\/softwarelizenzexpress.de\/it\/wp-json\/wp\/v2\/comments?post=56031"}],"wp:featuredmedia":[{"embeddable":true,"href":"https:\/\/softwarelizenzexpress.de\/it\/wp-json\/wp\/v2\/media\/56041"}],"wp:attachment":[{"href":"https:\/\/softwarelizenzexpress.de\/it\/wp-json\/wp\/v2\/media?parent=56031"}],"wp:term":[{"taxonomy":"product_brand","embeddable":true,"href":"https:\/\/softwarelizenzexpress.de\/it\/wp-json\/wp\/v2\/product_brand?post=56031"},{"taxonomy":"product_cat","embeddable":true,"href":"https:\/\/softwarelizenzexpress.de\/it\/wp-json\/wp\/v2\/product_cat?post=56031"},{"taxonomy":"product_tag","embeddable":true,"href":"https:\/\/softwarelizenzexpress.de\/it\/wp-json\/wp\/v2\/product_tag?post=56031"}],"curies":[{"name":"wp","href":"https:\/\/api.w.org\/{rel}","templated":true}]}}