{"id":56030,"date":"2024-11-04T23:42:11","date_gmt":"2024-11-04T22:42:11","guid":{"rendered":"https:\/\/softwarelizenzexpress.de\/?post_type=product&#038;p=56030"},"modified":"2026-04-16T18:11:50","modified_gmt":"2026-04-16T16:11:50","slug":"microsoft-windows-10-professional-microsoft-project-2024-professional-lizenz-fuer-3-pc","status":"publish","type":"product","link":"https:\/\/softwarelizenzexpress.de\/it\/product\/microsoft-windows-10-professional-microsoft-project-2024-professional-lizenz-fuer-3-pc\/","title":{"rendered":"Microsoft Windows 10 Professional + licenza Microsoft Project 2024 Professional per 3 PC"},"content":{"rendered":"<h2><strong>Licenza Microsoft Windows 10 Professional per 3 PC<\/strong><\/h2>\n<p><strong>Con questa licenza, il software pu\u00f2 essere attivato su 3 diversi dispositivi, ad esempio PC di casa, notebook e PC di lavoro.<\/strong><\/p>\n<p>Con Microsoft Windows 10 Professional, avete un sistema operativo affidabile sul vostro dispositivo. Potrete usufruire di un avvio pi\u00f9 rapido del sistema, di un menu di avvio familiare ma migliorato e di nuovi modi per svolgere rapidamente le vostre attivit\u00e0. Avrete inoltre a disposizione nuove funzionalit\u00e0 come un nuovissimo browser per una navigazione web ancora migliore e il vostro assistente digitale personale Cortana. Cortana \u00e8 il vostro assistente digitale personale che vi segue su tutti i dispositivi Microsoft Windows 10 e vi aiuta a fare le cose. Nel corso del tempo Cortana impara a conoscervi sempre meglio e pu\u00f2 aiutarvi ogni giorno di pi\u00f9. Microsoft Windows 10 Professional vi supporta in modo ottimale in tutto ci\u00f2 che fate.<\/p>\n<h2><strong>Microsoft Project 2024 Professional Licenza per 3 PC<\/strong><\/h2>\n<p><strong>Con questa licenza, il software pu\u00f2 essere attivato su 3 diversi dispositivi, ad esempio PC di casa, notebook e PC di lavoro.<\/strong><\/p>\n<p>Microsoft Project 2024 offre nuove funzionalit\u00e0 e miglioramenti per aiutare i team a organizzare il lavoro in modo pi\u00f9 efficace, a gestire le attivit\u00e0 e a gestire budget e risorse. Questa nuova versione offre nuove importanti funzionalit\u00e0 che saranno utili sia ai principianti che ai professionisti che lavorano su progetti di qualsiasi complessit\u00e0:<\/p>\n<ul>\n<li>Nuova interfaccia utente pi\u00f9 intuitiva e personalizzabile e navigazione migliorata con visualizzazione flessibile dei dati<\/li>\n<li>I modelli pronti per l'uso vi aiutano a iniziare il vostro progetto in poco tempo<\/li>\n<li>Sincronizzazione con Project Online e Project Server per l'integrazione e la gestione delle risorse.<\/li>\n<li>Gli scenari \"what-if\" aiutano a ottimizzare l'allocazione dei compiti attraverso simulazioni di scenario<\/li>\n<li>Migliorate la pianificazione inserendo automaticamente le date di inizio e fine in base alle dipendenze.<\/li>\n<li>Utilizzare pi\u00f9 linee temporali per una chiara rappresentazione visiva di programmi complessi.<\/li>\n<li>Nuove funzioni per la visualizzazione e l'analisi dei dati, facile passaggio tra diversi tipi di presentazione delle informazioni, tra cui Kanban e Scrum board<\/li>\n<li>Supporto per approcci Agile, Scrum, Waterfall e ibridi, che consentono agli utenti di combinare elementi di diversi metodi.<\/li>\n<\/ul>\n<div id=\"gtx-trans\">\n<div class=\"gtx-trans-icon\"><\/div>\n<\/div>","protected":false},"excerpt":{"rendered":"<ul>\n<li>Licenza Microsoft Windows 10 Professional per 3 PC<\/li>\n<li>Microsoft Project 2024 Professional Plus Licenza per 3 PC<\/li>\n<li><strong>Con questa licenza, il software pu\u00f2 essere attivato su 3 diversi dispositivi, ad esempio PC di casa, notebook e PC di lavoro.<\/strong><\/li>\n<li>Sono disponibili versioni per sistemi a 32 e 64 bit<\/li>\n<li>Spedizione via e-mail: Codice prodotto, istruzioni, link per il download, fattura<\/li>\n<li>Download immediato!<\/li>\n<li>Nessun limite di tempo, nessun abbonamento<\/li>\n<li>Assistenza gratuita per l'installazione e l'attivazione<\/li>\n<li>Nessuna consegna su supporti dati (USB, CD, ecc.)<\/li>\n<li>Attivazione online e per telefono<\/li>\n<li><span style=\"color: #339966\"><strong>Questo prodotto \u00e8 compatibile con Windows.<\/strong><\/span><\/li>\n<li><span style=\"color: #ff0000\"><strong>NON \u00e8 compatibile con Apple macOS\u2122\ufe0f, dispositivi Android o Chromebook.<\/strong><\/span><\/li>\n<\/ul>","protected":false},"featured_media":56040,"comment_status":"closed","ping_status":"closed","template":"","meta":{"_acf_changed":false},"product_brand":[],"product_cat":[251,227,256,249,257,23],"product_tag":[258,259,260],"class_list":{"0":"post-56030","1":"product","2":"type-product","3":"status-publish","4":"has-post-thumbnail","6":"product_cat-combo","7":"product_cat-microsoft-office","8":"product_cat-popular","9":"product_cat-project-microsoft-office","10":"product_cat-windows-10","11":"product_cat-windows-desktop","12":"product_tag-microsoft-office-2019-professional-plus","13":"product_tag-microsoft-windows-10-pro","14":"product_tag-microsoft-windows-10-pro-office-2019-professional-plus","16":"first","17":"instock","18":"sale","19":"virtual","20":"taxable","21":"purchasable","22":"product-type-simple"},"acf":[],"_links":{"self":[{"href":"https:\/\/softwarelizenzexpress.de\/it\/wp-json\/wp\/v2\/product\/56030","targetHints":{"allow":["GET"]}}],"collection":[{"href":"https:\/\/softwarelizenzexpress.de\/it\/wp-json\/wp\/v2\/product"}],"about":[{"href":"https:\/\/softwarelizenzexpress.de\/it\/wp-json\/wp\/v2\/types\/product"}],"replies":[{"embeddable":true,"href":"https:\/\/softwarelizenzexpress.de\/it\/wp-json\/wp\/v2\/comments?post=56030"}],"wp:featuredmedia":[{"embeddable":true,"href":"https:\/\/softwarelizenzexpress.de\/it\/wp-json\/wp\/v2\/media\/56040"}],"wp:attachment":[{"href":"https:\/\/softwarelizenzexpress.de\/it\/wp-json\/wp\/v2\/media?parent=56030"}],"wp:term":[{"taxonomy":"product_brand","embeddable":true,"href":"https:\/\/softwarelizenzexpress.de\/it\/wp-json\/wp\/v2\/product_brand?post=56030"},{"taxonomy":"product_cat","embeddable":true,"href":"https:\/\/softwarelizenzexpress.de\/it\/wp-json\/wp\/v2\/product_cat?post=56030"},{"taxonomy":"product_tag","embeddable":true,"href":"https:\/\/softwarelizenzexpress.de\/it\/wp-json\/wp\/v2\/product_tag?post=56030"}],"curies":[{"name":"wp","href":"https:\/\/api.w.org\/{rel}","templated":true}]}}