{"id":56026,"date":"2024-11-04T23:42:11","date_gmt":"2024-11-04T22:42:11","guid":{"rendered":"https:\/\/softwarelizenzexpress.de\/?post_type=product&#038;p=56026"},"modified":"2026-04-16T18:11:50","modified_gmt":"2026-04-16T16:11:50","slug":"microsoft-office-2024-professional-plus-microsoft-project-2024-professional-fuer-3-pc","status":"publish","type":"product","link":"https:\/\/softwarelizenzexpress.de\/it\/product\/microsoft-office-2024-professional-plus-microsoft-project-2024-professional-fuer-3-pc\/","title":{"rendered":"Microsoft Office 2024 Professional Plus + Microsoft Project 2024 Professional Licenza per 3 PC"},"content":{"rendered":"<h3><strong>Microsoft Office 2024 Professional Plus<\/strong><\/h3>\n<div style=\"margin-bottom: 15px;\"><strong>Con questa licenza, il software pu\u00f2 essere attivato su 3 diversi dispositivi, ad esempio PC di casa, notebook e PC di lavoro.<\/strong><\/div>\n<div style=\"margin-bottom: 15px;\">Gli utenti di Microsoft Office che utilizzano l'intera gamma di applicazioni a casa o in ufficio sono invitati ad acquistare Microsoft Office 2024 Professional Plus Edition. Sono inclusi tutti i programmi pi\u00f9 importanti: Word, Excel, Outlook, PowerPoint e Access (Publisher non \u00e8 pi\u00f9 incluso perch\u00e9 sar\u00e0 eliminato nel 2026). OneNote \u00e8 ora disponibile per il download dal Microsoft Windows Store, in modo da poter prendere rapidamente appunti e renderli disponibili su tutti i dispositivi tramite il cloud. La versione Professional Plus si rivolge principalmente a chi lavora a casa o nell'home office o a chi cerca una soluzione potente e affidabile per l'organizzazione di documenti, fogli di calcolo, ecc. in ufficio a causa del gran numero di programmi diversi.<\/div>\n<ul>\n<li><strong>Parola<\/strong>Create documenti di testo di qualit\u00e0 professionale in pochissimo tempo.<\/li>\n<li><strong>Excel<\/strong>Foglio elettronico intelligente per la gestione delle informazioni.<\/li>\n<li><strong>PowerPoint<\/strong>Creare presentazioni dinamiche di grande effetto.<\/li>\n<li><strong>OneNote<\/strong>Il vostro taccuino digitale.<\/li>\n<li><strong>Prospettiva<\/strong>Comunicazione semplificata.<\/li>\n<li><strong>Accesso<\/strong>Programmazione di database per applicazioni basate su browser<\/li>\n<\/ul>\n<p><strong>Nota importante: le squadre<\/strong> \u00e8 disponibile in questa versione di Office <strong>NON<\/strong> incluso!<\/p>\n<div><strong>Requisiti del sistema operativo: Microsoft Windows 10 o 11<\/strong><\/div>\n<p>&nbsp;<\/p>\n<h3><strong>Microsoft Project 2024 Professional<\/strong><\/h3>\n<p>Microsoft Project 2024 offre nuove funzionalit\u00e0 e miglioramenti per aiutare i team a organizzare il lavoro in modo pi\u00f9 efficace, a gestire le attivit\u00e0 e a gestire budget e risorse. Questa nuova versione offre nuove importanti funzionalit\u00e0 che saranno utili sia ai principianti che ai professionisti che lavorano su progetti di qualsiasi complessit\u00e0:<\/p>\n<ul>\n<li>Nuova interfaccia utente pi\u00f9 intuitiva e personalizzabile e navigazione migliorata con visualizzazione flessibile dei dati<\/li>\n<li>I modelli pronti per l'uso vi aiutano a iniziare il vostro progetto in poco tempo<\/li>\n<li>Sincronizzazione con Project Online e Project Server per l'integrazione e la gestione delle risorse.<\/li>\n<li>Gli scenari \"what-if\" aiutano a ottimizzare l'allocazione dei compiti attraverso simulazioni di scenario<\/li>\n<li>Migliorate la pianificazione inserendo automaticamente le date di inizio e fine in base alle dipendenze.<\/li>\n<li>Utilizzare pi\u00f9 linee temporali per una chiara rappresentazione visiva di programmi complessi.<\/li>\n<li>Nuove funzioni per la visualizzazione e l'analisi dei dati, facile passaggio tra diversi tipi di presentazione delle informazioni, tra cui Kanban e Scrum board<\/li>\n<li>Supporto per approcci Agile, Scrum, Waterfall e ibridi, che consentono agli utenti di combinare elementi di diversi metodi.<\/li>\n<\/ul>\n<div id=\"simple-translate\" class=\"simple-translate-system-theme\">\n<div>\n<div class=\"simple-translate-panel\" style=\"width: 300px; height: 200px; top: 0px; left: 0px; font-size: 13px;\">\n<div class=\"simple-translate-result-wrapper\" style=\"overflow: hidden;\">\n<div class=\"simple-translate-move\"><\/div>\n<div class=\"simple-translate-result-contents\">\n<p class=\"simple-translate-candidate\" dir=\"auto\">\n<\/div>\n<\/div>\n<\/div>\n<\/div>\n<\/div>","protected":false},"excerpt":{"rendered":"<ul>\n<li>Licenza Microsoft Office 2024 Professional Plus per 3 PC<\/li>\n<li>Microsoft Project 2024 Professional Licenza per 3 PC<\/li>\n<li><strong>Con questa licenza, il software pu\u00f2 essere attivato su 3 diversi dispositivi, ad esempio PC di casa, notebook e PC di lavoro.<\/strong><\/li>\n<li>Versione per sistemi a 32 e 64 bit, versioni complete illimitate del software <strong>dal partner certificato Microsoft Gold<\/strong><\/li>\n<li><strong>30 giorni di rimborso completo - Garanzia di sostituzione a vita!<\/strong><\/li>\n<li>Consegna via e-mail: Codice prodotto, istruzioni, link per il download, fattura<\/li>\n<li>Download immediato!<\/li>\n<li>Nessun limite di tempo, nessun abbonamento<\/li>\n<li>Assistenza gratuita 24 ore su 24, 7 giorni su 7, per problemi di installazione e attivazione.<\/li>\n<li>Nessuna consegna su supporti dati (USB, CD, ecc.)<\/li>\n<li>Attivazione online e per telefono<\/li>\n<li>Lingue: Inglese, spagnolo, italiano, tedesco, francese<\/li>\n<li><strong><span style=\"color: #008000;\"> Questo prodotto \u00e8 compatibile con Microsoft Windows.<\/span><\/strong><\/li>\n<li><strong><span style=\"color: #ff0000;\">NON \u00e8 compatibile con Apple macOS\u2122, dispositivi Android e Chromebook.<\/span><\/strong><\/li>\n<\/ul>","protected":false},"featured_media":56036,"comment_status":"closed","ping_status":"closed","template":"","meta":{"_acf_changed":false},"product_brand":[],"product_cat":[251,227,228,249],"product_tag":[],"class_list":{"0":"post-56026","1":"product","2":"type-product","3":"status-publish","4":"has-post-thumbnail","6":"product_cat-combo","7":"product_cat-microsoft-office","8":"product_cat-228","9":"product_cat-project-microsoft-office","11":"first","12":"instock","13":"sale","14":"featured","15":"virtual","16":"taxable","17":"purchasable","18":"product-type-simple"},"acf":[],"_links":{"self":[{"href":"https:\/\/softwarelizenzexpress.de\/it\/wp-json\/wp\/v2\/product\/56026","targetHints":{"allow":["GET"]}}],"collection":[{"href":"https:\/\/softwarelizenzexpress.de\/it\/wp-json\/wp\/v2\/product"}],"about":[{"href":"https:\/\/softwarelizenzexpress.de\/it\/wp-json\/wp\/v2\/types\/product"}],"replies":[{"embeddable":true,"href":"https:\/\/softwarelizenzexpress.de\/it\/wp-json\/wp\/v2\/comments?post=56026"}],"wp:featuredmedia":[{"embeddable":true,"href":"https:\/\/softwarelizenzexpress.de\/it\/wp-json\/wp\/v2\/media\/56036"}],"wp:attachment":[{"href":"https:\/\/softwarelizenzexpress.de\/it\/wp-json\/wp\/v2\/media?parent=56026"}],"wp:term":[{"taxonomy":"product_brand","embeddable":true,"href":"https:\/\/softwarelizenzexpress.de\/it\/wp-json\/wp\/v2\/product_brand?post=56026"},{"taxonomy":"product_cat","embeddable":true,"href":"https:\/\/softwarelizenzexpress.de\/it\/wp-json\/wp\/v2\/product_cat?post=56026"},{"taxonomy":"product_tag","embeddable":true,"href":"https:\/\/softwarelizenzexpress.de\/it\/wp-json\/wp\/v2\/product_tag?post=56026"}],"curies":[{"name":"wp","href":"https:\/\/api.w.org\/{rel}","templated":true}]}}