{"id":56023,"date":"2024-11-04T23:42:11","date_gmt":"2024-11-04T22:42:11","guid":{"rendered":"https:\/\/softwarelizenzexpress.de\/?post_type=product&#038;p=56023"},"modified":"2026-04-16T18:11:42","modified_gmt":"2026-04-16T16:11:42","slug":"microsoft-visio-2024-professional-lizenz-fuer-3-pc","status":"publish","type":"product","link":"https:\/\/softwarelizenzexpress.de\/it\/product\/microsoft-visio-2024-professional-lizenz-fuer-3-pc\/","title":{"rendered":"Microsoft Visio 2024 Professional Licenza per 3 PC"},"content":{"rendered":"<h3>Microsoft Visio 2024 Professional<\/h3>\n<p>Microsoft Visio 2024 rende pi\u00f9 facile che mai per i singoli e i team creare e condividere diagrammi professionali e versatili per qualsiasi esigenza. Include forme, modelli e stili aggiornati, oltre a una nuova barra di ricerca intuitiva e a un look and feel aggiornato che offre un'esperienza utente familiare, in linea con le altre applicazioni di Office.<\/p>\n<p>In Microsoft Visio 2024 troverete ancora tutte le funzioni a cui siete abituati e ne avrete di nuove:<\/p>\n<ul>\n<li>Microsoft Visio 2024 offre ancora pi\u00f9 forme, stencil e modelli per aiutarvi a creare i vostri diagrammi in meno tempo.<\/li>\n<li>Un aspetto aggiornato con un moderno effetto di trasparenza applicato dietro l'area di disegno e i menu conferisce a Visio 2024 un aspetto pi\u00f9 moderno ed elegante.<\/li>\n<li>Visio 2024 offre il nuovo design e la nuova combinazione di colori di Office 2024, compresa la modalit\u00e0 scura, un'interfaccia utente personalizzabile e miglioramenti dell'accessibilit\u00e0.<\/li>\n<li>La ricerca in Visio \u00e8 ora disponibile nella barra del titolo ed \u00e8 quindi pi\u00f9 accessibile.<\/li>\n<li>Strumenti avanzati di analisi dei processi, come i blocchi dinamici per l'analisi dei processi aziendali e la visualizzazione dei flussi di dati.<\/li>\n<\/ul>","protected":false},"excerpt":{"rendered":"<ul>\n<li>Microsoft Visio 2024 Professional Licenza per 3 PC<\/li>\n<li><strong>Con questa licenza, il software pu\u00f2 essere attivato su 3 diversi dispositivi, ad esempio PC di casa, notebook e PC di lavoro.<\/strong><\/li>\n<li>Versione per sistemi a 32 e 64 bit, versioni complete illimitate del software <strong>dal partner certificato Microsoft Gold<\/strong><\/li>\n<li><strong>30 giorni di rimborso completo - Garanzia di sostituzione a vita!<\/strong><\/li>\n<li>Consegna via e-mail: Codice prodotto, istruzioni, link per il download, fattura<\/li>\n<li>Download immediato!<\/li>\n<li>Nessun limite di tempo, nessun abbonamento<\/li>\n<li>Assistenza gratuita 24 ore su 24, 7 giorni su 7, per problemi di installazione e attivazione.<\/li>\n<li>Nessuna consegna su supporti dati (USB, CD, ecc.)<\/li>\n<li>Attivazione online e per telefono<\/li>\n<li>Lingue: Inglese, spagnolo, italiano, tedesco, francese<\/li>\n<li><strong><span style=\"color: #008000\"> Questo prodotto \u00e8 compatibile con Microsoft Windows.<\/span><\/strong><\/li>\n<li><strong><span style=\"color: #ff0000\">NON \u00e8 compatibile con Apple macOS\u2122, dispositivi Android e Chromebook.<\/span><\/strong><\/li>\n<\/ul>","protected":false},"featured_media":56033,"comment_status":"open","ping_status":"closed","template":"","meta":{"_acf_changed":false},"product_brand":[],"product_cat":[227,248],"product_tag":[],"class_list":{"0":"post-56023","1":"product","2":"type-product","3":"status-publish","4":"has-post-thumbnail","6":"product_cat-microsoft-office","7":"product_cat-visio-microsoft-office","9":"first","10":"instock","11":"sale","12":"virtual","13":"taxable","14":"purchasable","15":"product-type-simple"},"acf":[],"_links":{"self":[{"href":"https:\/\/softwarelizenzexpress.de\/it\/wp-json\/wp\/v2\/product\/56023","targetHints":{"allow":["GET"]}}],"collection":[{"href":"https:\/\/softwarelizenzexpress.de\/it\/wp-json\/wp\/v2\/product"}],"about":[{"href":"https:\/\/softwarelizenzexpress.de\/it\/wp-json\/wp\/v2\/types\/product"}],"replies":[{"embeddable":true,"href":"https:\/\/softwarelizenzexpress.de\/it\/wp-json\/wp\/v2\/comments?post=56023"}],"wp:featuredmedia":[{"embeddable":true,"href":"https:\/\/softwarelizenzexpress.de\/it\/wp-json\/wp\/v2\/media\/56033"}],"wp:attachment":[{"href":"https:\/\/softwarelizenzexpress.de\/it\/wp-json\/wp\/v2\/media?parent=56023"}],"wp:term":[{"taxonomy":"product_brand","embeddable":true,"href":"https:\/\/softwarelizenzexpress.de\/it\/wp-json\/wp\/v2\/product_brand?post=56023"},{"taxonomy":"product_cat","embeddable":true,"href":"https:\/\/softwarelizenzexpress.de\/it\/wp-json\/wp\/v2\/product_cat?post=56023"},{"taxonomy":"product_tag","embeddable":true,"href":"https:\/\/softwarelizenzexpress.de\/it\/wp-json\/wp\/v2\/product_tag?post=56023"}],"curies":[{"name":"wp","href":"https:\/\/api.w.org\/{rel}","templated":true}]}}