{"id":55956,"date":"2024-10-23T15:11:31","date_gmt":"2024-10-23T13:11:31","guid":{"rendered":"https:\/\/softwarelizenzexpress.de\/?post_type=product&#038;p=55956"},"modified":"2026-04-16T18:11:42","modified_gmt":"2026-04-16T16:11:42","slug":"microsoft-office-2024-standard-microsoft-windows-11-home","status":"publish","type":"product","link":"https:\/\/softwarelizenzexpress.de\/it\/product\/microsoft-office-2024-standard-microsoft-windows-11-home\/","title":{"rendered":"Microsoft Office 2024 Standard + Microsoft Windows 11 Home"},"content":{"rendered":"<h3>Microsoft Office 2024 Standard<\/h3>\n<div style=\"margin-bottom: 15px;\"><strong>Con questa licenza, il software pu\u00f2 essere attivato su 3 diversi dispositivi, ad esempio PC di casa, notebook e PC di lavoro.<\/strong><\/div>\n<div style=\"margin-bottom: 15px;\">Gli utenti di Microsoft Office che utilizzano l'intera gamma di applicazioni a casa o in ufficio sono invitati a scegliere Microsoft Office 2024 Standard Edition. Sono inclusi tutti i programmi pi\u00f9 importanti: Word, Excel, Outlook, PowerPoint e Access (Publisher non \u00e8 pi\u00f9 incluso perch\u00e9 sar\u00e0 eliminato nel 2026). OneNote \u00e8 ora disponibile per il download dal Microsoft Windows Store, in modo da poter prendere rapidamente appunti e renderli disponibili su tutti i dispositivi tramite il cloud. A causa del gran numero di programmi diversi, la versione standard si rivolge principalmente a chi lavora a casa o nell'home office o a chi cerca una soluzione potente e affidabile per organizzare documenti, fogli di calcolo, ecc. in ufficio.<\/div>\n<ul>\n<li><strong>Parola<\/strong>Create documenti di testo di qualit\u00e0 professionale in pochissimo tempo.<\/li>\n<li><strong>Excel<\/strong>Foglio elettronico intelligente per la gestione delle informazioni.<\/li>\n<li><strong>PowerPoint<\/strong>Creare presentazioni dinamiche di grande effetto.<\/li>\n<li><strong>Prospettiva<\/strong>Comunicazione semplificata.<\/li>\n<li class=\"J0lOec\"><span class=\"VIiyi\" lang=\"en\"><span class=\"JLqJ4b ChMk0b\" data-language-for-alternatives=\"en\" data-language-to-translate-into=\"de\" data-phrase-index=\"15\" data-number-of-phrases=\"18\"><strong>OneNote<\/strong>Il vostro taccuino digitale nel cloud.<\/span><\/span><\/li>\n<\/ul>\n<div><strong>Requisiti del sistema operativo: Microsoft Windows 10 o 11<\/strong><\/div>\n<div><\/div>\n<div>\n<div id=\"primaryR2\" data-grid=\"container\" data-region-key=\"primaryr2\" data-m=\"{&quot;cN&quot;:&quot;primaryR2 1&quot;,&quot;cT&quot;:&quot;Region_coreui-region&quot;,&quot;id&quot;:&quot;r2a2&quot;,&quot;sN&quot;:2,&quot;aN&quot;:&quot;a2&quot;}\">\n<div id=\"coreui-banner-l03vzh8\" data-m=\"{&quot;cN&quot;:&quot;R2Banner 1&quot;,&quot;cT&quot;:&quot;Module_coreui-banner&quot;,&quot;id&quot;:&quot;m1r2a2&quot;,&quot;sN&quot;:1,&quot;aN&quot;:&quot;r2a2&quot;}\" data-module-id=\"WDG-Microsoft Windows|primaryR2|coreui-region|coreui-banner-l03vzh8|coreui-banner\">\n<div class=\"m-banner f-align-left\" data-grid=\"col-12\">\n<h2>Microsoft Windows 11 Home<\/h2>\n<h2 class=\"c-heading-3\">Requisiti di sistema<\/h2>\n<\/div>\n<\/div>\n<div id=\"coreui-divider-f6wmnt9\" data-m=\"{&quot;cN&quot;:&quot;R2Divider 1&quot;,&quot;cT&quot;:&quot;Module_coreui-divider&quot;,&quot;id&quot;:&quot;m2r2a2&quot;,&quot;sN&quot;:2,&quot;aN&quot;:&quot;r2a2&quot;}\" data-module-id=\"WDG-Microsoft Windows|primaryR2|coreui-region|coreui-divider-f6wmnt9|coreui-divider\">\n<hr class=\"c-divider f-pad-top-3x\" data-grid=\"col-12\" \/>\n<\/div>\n<div id=\"coreui-contentrichblock-o5iouct\" data-m=\"{&quot;cN&quot;:&quot;R2ContentRichBlock 1&quot;,&quot;cT&quot;:&quot;Module_coreui-contentrichblock&quot;,&quot;id&quot;:&quot;m3r2a2&quot;,&quot;sN&quot;:3,&quot;aN&quot;:&quot;r2a2&quot;}\" data-module-id=\"WDG-Microsoft Windows|primaryR2|coreui-region|coreui-contentrichblock-o5iouct|coreui-contentrichblock\">\n<div class=\"m-rich-content-block context-ucx\" data-grid=\"col-12\">\n<p><strong>Assicuratevi di essere pronti per l'ultimo sistema operativo di Microsoft!<\/strong><\/p>\n<p class=\"translation-block\">Questi sono i requisiti di base per installare Microsoft Windows 11 su un PC. Se il vostro dispositivo non soddisfa questi requisiti, potreste non essere in grado di installare Microsoft Windows 11 sul vostro dispositivo e dovreste considerare l'acquisto di un nuovo PC. Se non si \u00e8 sicuri che il proprio PC soddisfi questi requisiti, \u00e8 possibile verificare con il produttore di apparecchiature originali (OEM) del PC o, se il dispositivo \u00e8 gi\u00e0 dotato di Microsoft Windows 10, utilizzare l'applicazione PC Health Check per verificare la compatibilit\u00e0 (<a href=\"https:\/\/aka.ms\/GetPCHealthCheckApp\" target=\"_self\" rel=\"noopener\"><b>download<\/b><\/a>).<\/p>\n<table>\n<tbody>\n<tr>\n<td class=\"f-divided\"><strong>Processore:<\/strong><\/td>\n<td class=\"f-divided\">1 gigahertz (GHz) o pi\u00f9 veloce con 2 o pi\u00f9 core su uno dei due. <strong><a href=\"https:\/\/www.microsoft.com\/de-de\/windows\/windows-11-specifications\" target=\"_self\" rel=\"noopener\">processore compatibile a 64 bit<\/a><\/strong> o SoC (System on a Chip).<\/td>\n<\/tr>\n<tr>\n<td class=\"f-divided\"><strong>RAM:<\/strong><\/td>\n<td class=\"f-divided\">4 gigabyte (GB)<\/td>\n<\/tr>\n<tr>\n<td class=\"f-divided\"><strong>Spazio di archiviazione:<\/strong><\/td>\n<td class=\"f-divided\">64 GB o pi\u00f9<\/p>\n<p>Nota: per ulteriori dettagli, vedere la sezione \"Ulteriori informazioni sullo spazio di archiviazione per mantenere aggiornato Microsoft Windows 11\".<\/td>\n<\/tr>\n<tr>\n<td class=\"f-divided\"><strong>Firmware del sistema:<\/strong><\/td>\n<td class=\"f-divided\">UEFI, in grado di eseguire il Secure Boot<\/td>\n<\/tr>\n<tr>\n<td class=\"f-divided\"><strong>TPM:<\/strong><\/td>\n<td class=\"f-divided\">Modulo di piattaforma affidabile (TPM) versione 2.0<\/td>\n<\/tr>\n<tr>\n<td class=\"f-divided\"><strong>Scheda grafica:<\/strong><\/td>\n<td class=\"f-divided\">Compatibile con DirectX 12 o superiore con driver WDDM 2.0<\/td>\n<\/tr>\n<tr>\n<td class=\"f-divided\"><strong>Display:<\/strong><\/td>\n<td class=\"f-divided\">Display ad alta risoluzione (720p) con una diagonale di oltre 9\u2033, 8 bit per canale di colore<\/td>\n<\/tr>\n<tr>\n<td class=\"f-divided\"><strong>Connessione a Internet e account Microsoft:\u00a0<\/strong><\/td>\n<td class=\"f-divided\">Microsoft Windows 11 Home Edition richiede una connessione a Internet e un account Microsoft per completare la configurazione del dispositivo al primo utilizzo.<\/p>\n<p>Anche il passaggio di un dispositivo dalla modalit\u00e0 Home di Microsoft Windows 11 alla modalit\u00e0 S richiede una connessione a Internet.<\/p>\n<p>Per tutte le edizioni di Microsoft Windows 11 \u00e8 necessario l'accesso a Internet per eseguire gli aggiornamenti, scaricare e utilizzare alcune funzioni. Per alcune funzioni \u00e8 necessario un account Microsoft.<\/td>\n<\/tr>\n<\/tbody>\n<\/table>\n<\/div>\n<\/div>\n<div id=\"coreui-contentrichblock-wqm7a2a\" data-m=\"{&quot;cN&quot;:&quot;R2ContentRichBlock 2&quot;,&quot;cT&quot;:&quot;Module_coreui-contentrichblock&quot;,&quot;id&quot;:&quot;m5r2a2&quot;,&quot;sN&quot;:5,&quot;aN&quot;:&quot;r2a2&quot;}\" data-module-id=\"WDG-Microsoft Windows|primaryR2|coreui-region|coreui-contentrichblock-wqm7a2a|coreui-contentrichblock\">\n<div class=\"m-rich-content-block context-ucx\" data-grid=\"col-12\">\n<p>Nel corso del tempo, possono essere aggiunti ulteriori requisiti per gli aggiornamenti e per l'attivazione di determinate funzioni all'interno del sistema operativo.<\/p>\n<\/div>\n<\/div>\n<\/div>\n<div id=\"primaryR3\" data-grid=\"container\" data-region-key=\"primaryr3\" data-m=\"{&quot;cN&quot;:&quot;primaryR3 1&quot;,&quot;cT&quot;:&quot;Region_coreui-region&quot;,&quot;id&quot;:&quot;r3a2&quot;,&quot;sN&quot;:3,&quot;aN&quot;:&quot;a2&quot;}\">\n<div id=\"coreui-banner-iods39j\" data-m=\"{&quot;cN&quot;:&quot;R3Banner 1&quot;,&quot;cT&quot;:&quot;Module_coreui-banner&quot;,&quot;id&quot;:&quot;m1r3a2&quot;,&quot;sN&quot;:1,&quot;aN&quot;:&quot;r3a2&quot;}\" data-module-id=\"WDG-Microsoft Windows|primaryR3|coreui-region|coreui-banner-iods39j|coreui-banner\">\n<div class=\"m-banner f-align-left\" data-grid=\"col-12\">\n<h2 class=\"c-heading-3\">Requisiti specifici delle funzioni per Microsoft Windows 11<\/h2>\n<\/div>\n<\/div>\n<div id=\"coreui-divider-xjbne9z\" data-m=\"{&quot;cN&quot;:&quot;R2Divider 1&quot;,&quot;cT&quot;:&quot;Module_coreui-divider&quot;,&quot;id&quot;:&quot;m2r3a2&quot;,&quot;sN&quot;:2,&quot;aN&quot;:&quot;r3a2&quot;}\" data-module-id=\"WDG-Microsoft Windows|primaryR3|coreui-region|coreui-divider-xjbne9z|coreui-divider\">\n<hr class=\"c-divider f-pad-top-3x\" data-grid=\"col-12\" \/>\n<\/div>\n<div id=\"coreui-contentrichblock-rhi1sei\" data-m=\"{&quot;cN&quot;:&quot;R2ContentRichBlock 1&quot;,&quot;cT&quot;:&quot;Module_coreui-contentrichblock&quot;,&quot;id&quot;:&quot;m3r3a2&quot;,&quot;sN&quot;:3,&quot;aN&quot;:&quot;r3a2&quot;}\" data-module-id=\"WDG-Microsoft Windows|primaryR3|coreui-region|coreui-contentrichblock-rhi1sei|coreui-contentrichblock\">\n<div class=\"m-rich-content-block context-ucx\" data-grid=\"col-12\">\n<p>Alcune funzioni di Microsoft Windows 11 hanno requisiti pi\u00f9 severi di quelli elencati nella sezione Requisiti minimi. Di seguito sono riportati alcuni dettagli aggiuntivi sui requisiti di funzioni importanti:<\/p>\n<div>\n<ul class=\"c-list\">\n<li><strong>Supporto 5G<\/strong> richiede un modem compatibile con il 5G.<\/li>\n<li><strong>HDR automatico<\/strong> richiede un monitor HDR.<\/li>\n<li><strong>BitLocker to Go<\/strong> richiede una chiavetta USB (disponibile nelle edizioni di Microsoft Windows Pro e successive).<\/li>\n<li><strong>Client Hyper-V<\/strong> richiede un processore con funzioni SLAT (Second Level Address Translation) (disponibile in Microsoft Windows Pro e edizioni successive).<\/li>\n<li><strong>Cortana<\/strong> richiede un microfono e un altoparlante ed \u00e8 attualmente disponibile in Microsoft Windows 11 per Australia, Brasile, Canada, Cina, Francia, Germania, India, Italia, Giappone, Messico, Spagna, Regno Unito e Stati Uniti.<\/li>\n<li><strong>Archivio diretto<\/strong> richiede un'unit\u00e0 SSD NVMe per memorizzare ed eseguire giochi che utilizzano il driver \"Standard NVM Express Controller\" e una GPU DirectX12 con supporto per Shader Model 6.0.<\/li>\n<li><strong>DirectX 12 Ultimate<\/strong> \u00e8 disponibile con i giochi e i chip grafici supportati.<\/li>\n<li><strong>Presenza<\/strong> richiede un sensore in grado di rilevare la distanza dell'uomo dal dispositivo o l'intenzione di interagire con esso.<\/li>\n<li><strong>Videoconferenze intelligenti<\/strong> richiedono una videocamera, un microfono e un altoparlante (uscita audio).<\/li>\n<li><strong>Assistente vocale multiplo (MVA)<\/strong> richiede un microfono e un altoparlante.<\/li>\n<li><strong>Risoluzione<\/strong>\u00a0Per i layout a tre colonne, \u00e8 necessario uno schermo con una larghezza di almeno 1920 pixel effettivi.<\/li>\n<li><strong>Mute\/unmute tramite la barra delle applicazioni<\/strong> richiede una videocamera, un microfono e un altoparlante (uscita audio). Per attivare il muting globale, l'app deve essere compatibile con la funzione.<\/li>\n<li><strong>Suono spaziale<\/strong> richiede hardware e software di supporto.<\/li>\n<li><strong>Squadre<\/strong> richiede una videocamera, un microfono e un altoparlante (uscita audio).<\/li>\n<li><strong>Toccare<\/strong> richiede uno schermo o un monitor che supporti il multi-touch.<\/li>\n<li><strong>Autenticazione a due fattori<\/strong> richiede l'uso di un PIN, di dati biometrici (lettore di impronte digitali o telecamera a infrarossi illuminata) o di un telefono con funzioni Wi-Fi o Bluetooth.<\/li>\n<li><strong>Digitazione vocale<\/strong> richiede un PC con microfono.<\/li>\n<li><strong>Svegliare la voce<\/strong> richiede un modello moderno di alimentazione in standby e un microfono.<\/li>\n<li><strong>Wi-Fi 6E<\/strong> richiede un nuovo hardware e driver WLAN IHV e un AP\/router con capacit\u00e0 Wi-Fi 6E.<\/li>\n<li><strong>Microsoft Windows Hello<\/strong> richiede una fotocamera configurata per l'imaging nel vicino infrarosso (IR) o un lettore di impronte digitali per l'autenticazione biometrica. I dispositivi senza sensori biometrici possono utilizzare Microsoft Windows Hello con un PIN o una chiave di sicurezza portatile compatibile con Microsoft.<\/li>\n<li><strong>Microsoft Windows Microsoft Projection<\/strong> richiede un adattatore di schermo che supporti Microsoft Windows Display Driver Model (WDDM) 2.0 e un adattatore Wi-Fi che supporti Wi-Fi Direct.<\/li>\n<li><strong>Xbox (app)<\/strong> richiede un account Xbox Live, che non \u00e8 disponibile in tutte le regioni. Per informazioni aggiornate sulla disponibilit\u00e0, consultare la sezione Paesi e regioni di Xbox Live. Alcune funzioni dell'app Xbox richiedono un abbonamento attivo a Xbox Game Pass. Per saperne di pi\u00f9 sul pass.<\/li>\n<\/ul>\n<\/div>\n<\/div>\n<\/div>\n<\/div>\n<\/div>","protected":false},"excerpt":{"rendered":"<ul>\n<li>Microsoft Office 2024 Licenza standard per 3 PC<\/li>\n<li>Microsoft Windows 11 Home per 1 PC<\/li>\n<li><strong>Con questa licenza, il software pu\u00f2 essere attivato su 3 diversi dispositivi, ad esempio PC di casa, notebook e PC di lavoro.<\/strong><\/li>\n<li>Versione per sistemi a 32 e 64 bit, versioni complete illimitate del software <strong>dal partner certificato Microsoft Gold<\/strong><\/li>\n<li><strong>30 giorni di rimborso completo - Garanzia di sostituzione a vita!<\/strong><\/li>\n<li>Consegna via e-mail: Codice prodotto, istruzioni, link per il download, fattura<\/li>\n<li>Download immediato!<\/li>\n<li>Nessun limite di tempo, nessun abbonamento<\/li>\n<li>Assistenza gratuita 24 ore su 24, 7 giorni su 7, per problemi di installazione e attivazione.<\/li>\n<li>Nessuna consegna su supporti dati (USB, CD, ecc.)<\/li>\n<li>Attivazione online e per telefono<\/li>\n<li>Lingue: Inglese, spagnolo, italiano, tedesco, francese<\/li>\n<li><strong><span style=\"color: #008000;\"> Questo prodotto \u00e8 compatibile con Microsoft Windows.<\/span><\/strong><\/li>\n<li><strong><span style=\"color: #ff0000;\">NON \u00e8 compatibile con Apple macOS\u2122, dispositivi Android e Chromebook.<\/span><\/strong><\/li>\n<\/ul>","protected":false},"featured_media":55962,"comment_status":"open","ping_status":"closed","template":"","meta":{"_acf_changed":false},"product_brand":[],"product_cat":[227,228,23],"product_tag":[],"class_list":{"0":"post-55956","1":"product","2":"type-product","3":"status-publish","4":"has-post-thumbnail","6":"product_cat-microsoft-office","7":"product_cat-228","8":"product_cat-windows-desktop","10":"first","11":"instock","12":"sale","13":"virtual","14":"taxable","15":"purchasable","16":"product-type-simple"},"acf":[],"_links":{"self":[{"href":"https:\/\/softwarelizenzexpress.de\/it\/wp-json\/wp\/v2\/product\/55956","targetHints":{"allow":["GET"]}}],"collection":[{"href":"https:\/\/softwarelizenzexpress.de\/it\/wp-json\/wp\/v2\/product"}],"about":[{"href":"https:\/\/softwarelizenzexpress.de\/it\/wp-json\/wp\/v2\/types\/product"}],"replies":[{"embeddable":true,"href":"https:\/\/softwarelizenzexpress.de\/it\/wp-json\/wp\/v2\/comments?post=55956"}],"wp:featuredmedia":[{"embeddable":true,"href":"https:\/\/softwarelizenzexpress.de\/it\/wp-json\/wp\/v2\/media\/55962"}],"wp:attachment":[{"href":"https:\/\/softwarelizenzexpress.de\/it\/wp-json\/wp\/v2\/media?parent=55956"}],"wp:term":[{"taxonomy":"product_brand","embeddable":true,"href":"https:\/\/softwarelizenzexpress.de\/it\/wp-json\/wp\/v2\/product_brand?post=55956"},{"taxonomy":"product_cat","embeddable":true,"href":"https:\/\/softwarelizenzexpress.de\/it\/wp-json\/wp\/v2\/product_cat?post=55956"},{"taxonomy":"product_tag","embeddable":true,"href":"https:\/\/softwarelizenzexpress.de\/it\/wp-json\/wp\/v2\/product_tag?post=55956"}],"curies":[{"name":"wp","href":"https:\/\/api.w.org\/{rel}","templated":true}]}}