{"id":55954,"date":"2024-10-23T15:11:31","date_gmt":"2024-10-23T13:11:31","guid":{"rendered":"https:\/\/softwarelizenzexpress.de\/?post_type=product&#038;p=55954"},"modified":"2026-04-16T18:11:42","modified_gmt":"2026-04-16T16:11:42","slug":"microsoft-office-2024-standard-microsoft-office-2021-professional-plus-fuer-3-pc","status":"publish","type":"product","link":"https:\/\/softwarelizenzexpress.de\/it\/product\/microsoft-office-2024-standard-microsoft-office-2021-professional-plus-fuer-3-pc\/","title":{"rendered":"Microsoft Office 2024 Standard + licenza Microsoft Office 2021 Professional Plus per 3 PC"},"content":{"rendered":"<h3>Microsoft Office 2024 Standard<\/h3>\n<div style=\"margin-bottom: 15px;\"><strong>Con questa licenza, il software pu\u00f2 essere attivato su 3 diversi dispositivi, ad esempio PC di casa, notebook e PC di lavoro.<\/strong><\/div>\n<div style=\"margin-bottom: 15px;\">Gli utenti di Microsoft Office che utilizzano l'intera gamma di applicazioni a casa o in ufficio sono invitati a scegliere Microsoft Office 2024 Standard Edition. Sono inclusi tutti i programmi pi\u00f9 importanti: Word, Excel, Outlook, PowerPoint e Access (Publisher non \u00e8 pi\u00f9 incluso perch\u00e9 sar\u00e0 eliminato nel 2026). OneNote \u00e8 ora disponibile per il download dal Microsoft Windows Store, in modo da poter prendere rapidamente appunti e renderli disponibili su tutti i dispositivi tramite il cloud. A causa del gran numero di programmi diversi, la versione standard si rivolge principalmente a chi lavora a casa o nell'home office o a chi cerca una soluzione potente e affidabile per organizzare documenti, fogli di calcolo, ecc. in ufficio.<\/div>\n<ul>\n<li><strong>Parola<\/strong>Create documenti di testo di qualit\u00e0 professionale in pochissimo tempo.<\/li>\n<li><strong>Excel<\/strong>Foglio elettronico intelligente per la gestione delle informazioni.<\/li>\n<li><strong>PowerPoint<\/strong>Creare presentazioni dinamiche di grande effetto.<\/li>\n<li><strong>Prospettiva<\/strong>Comunicazione semplificata.<\/li>\n<li class=\"J0lOec\"><span class=\"VIiyi\" lang=\"en\"><span class=\"JLqJ4b ChMk0b\" data-language-for-alternatives=\"en\" data-language-to-translate-into=\"de\" data-phrase-index=\"15\" data-number-of-phrases=\"18\"><strong>OneNote<\/strong>Il vostro taccuino digitale nel cloud.<\/span><\/span><\/li>\n<\/ul>\n<div><strong>Requisiti del sistema operativo: Microsoft Windows 10 o 11<\/strong><\/div>\n<div><\/div>\n<div><\/div>\n<div>\n<h3><strong>Licenza Microsoft Office 2021 Professional Plus per 3 PC<\/strong><\/h3>\n<p>Per tutti coloro che hanno bisogno di una serie di strumenti robusti e affidabili da utilizzare a casa o in ufficio, Microsoft Office 2021 Professional Plus Edition offre una soluzione completa. Sono inclusi tutti i programmi pi\u00f9 importanti: Word, Excel, Outlook, PowerPoint, Publisher e Access. OneNote \u00e8 gi\u00e0 disponibile per il download dal Microsoft Windows Store, in modo da poter prendere rapidamente appunti e averli a disposizione su tutti i dispositivi tramite il cloud. Data l'ampia gamma di programmi, la versione Professional Plus si rivolge principalmente a chi lavora da casa, gestisce un Microsoft Office domestico o cerca una soluzione Microsoft Office potente e affidabile per organizzare documenti, fogli di calcolo, ecc.<\/p>\n<p><strong>Caratteristiche principali di Microsoft Office 2021 Professional Plus:<\/strong><\/p>\n<ul>\n<li><strong>Parola<\/strong>Create documenti di testo di qualit\u00e0 professionale in pochissimo tempo.<\/li>\n<li><strong>Excel<\/strong>Foglio elettronico intelligente per la gestione delle informazioni.<\/li>\n<li><strong>PowerPoint<\/strong>Creare presentazioni dinamiche di grande effetto.<\/li>\n<li><strong>OneNote<\/strong>Il vostro taccuino digitale.<\/li>\n<li><strong>Prospettiva<\/strong>Comunicazione semplificata.<\/li>\n<li><strong>Editore<\/strong>Nuovi strumenti di progettazione per pubblicazioni professionali di alta qualit\u00e0.<\/li>\n<li><strong>Accesso:<\/strong> Miglioramenti nella programmazione dei database e nella connettivit\u00e0 con altre applicazioni.<\/li>\n<li><strong>Microsoft Teams<\/strong>Maggiore produttivit\u00e0 grazie alla messaggistica istantanea e alle videoconferenze HD.  (scaricabile separatamente)<\/li>\n<\/ul>\n<p>NOTA: a causa di un <a href=\"https:\/\/blogs.microsoft.com\/eupolicy\/2023\/08\/31\/european-competition-teams-office-microsoft-365\/\" target=\"_blank\">Indagine della Commissione europea<\/a>Microsoft non offre pi\u00f9 una licenza di Teams in bundle con i prodotti Office. \u00c8 possibile <a href=\"https:\/\/www.microsoft.com\/en-us\/microsoft-teams\/download-app\" target=\"_blank\"> Scarica i team<\/a>di utilizzarlo con una licenza gratuita o a pagamento (da acquistare separatamente), a seconda delle vostre esigenze.\n<\/div>","protected":false},"excerpt":{"rendered":"<ul>\n<li>Microsoft Office 2024 Licenza standard per 3 PC<\/li>\n<li>Microsoft Office 2021 Professional Plus per 3 PC<\/li>\n<li><strong>Con questa licenza, il software pu\u00f2 essere attivato su 3 diversi dispositivi, ad esempio PC di casa, notebook e PC di lavoro.<\/strong><\/li>\n<li>Versione per sistemi a 32 e 64 bit, versioni complete illimitate del software <strong>dal partner certificato Microsoft Gold<\/strong><\/li>\n<li><strong>30 giorni di rimborso completo - Garanzia di sostituzione a vita!<\/strong><\/li>\n<li>Consegna via e-mail: Codice prodotto, istruzioni, link per il download, fattura<\/li>\n<li>Download immediato!<\/li>\n<li>Nessun limite di tempo, nessun abbonamento<\/li>\n<li>Assistenza gratuita 24 ore su 24, 7 giorni su 7, per problemi di installazione e attivazione.<\/li>\n<li>Nessuna consegna su supporti dati (USB, CD, ecc.)<\/li>\n<li>Attivazione online e per telefono<\/li>\n<li>Lingue: Inglese, spagnolo, italiano, tedesco, francese<\/li>\n<li><strong><span style=\"color: #008000;\"> Questo prodotto \u00e8 compatibile con Microsoft Windows.<\/span><\/strong><\/li>\n<li><strong><span style=\"color: #ff0000;\">NON \u00e8 compatibile con Apple macOS\u2122, dispositivi Android e Chromebook.<\/span><\/strong><\/li>\n<\/ul>","protected":false},"featured_media":55960,"comment_status":"closed","ping_status":"closed","template":"","meta":{"_acf_changed":false},"product_brand":[],"product_cat":[227,228],"product_tag":[108,246],"class_list":{"0":"post-55954","1":"product","2":"type-product","3":"status-publish","4":"has-post-thumbnail","6":"product_cat-microsoft-office","7":"product_cat-228","8":"product_tag-ms-office","9":"product_tag-standard","11":"first","12":"instock","13":"sale","14":"virtual","15":"taxable","16":"purchasable","17":"product-type-simple"},"acf":[],"_links":{"self":[{"href":"https:\/\/softwarelizenzexpress.de\/it\/wp-json\/wp\/v2\/product\/55954","targetHints":{"allow":["GET"]}}],"collection":[{"href":"https:\/\/softwarelizenzexpress.de\/it\/wp-json\/wp\/v2\/product"}],"about":[{"href":"https:\/\/softwarelizenzexpress.de\/it\/wp-json\/wp\/v2\/types\/product"}],"replies":[{"embeddable":true,"href":"https:\/\/softwarelizenzexpress.de\/it\/wp-json\/wp\/v2\/comments?post=55954"}],"wp:featuredmedia":[{"embeddable":true,"href":"https:\/\/softwarelizenzexpress.de\/it\/wp-json\/wp\/v2\/media\/55960"}],"wp:attachment":[{"href":"https:\/\/softwarelizenzexpress.de\/it\/wp-json\/wp\/v2\/media?parent=55954"}],"wp:term":[{"taxonomy":"product_brand","embeddable":true,"href":"https:\/\/softwarelizenzexpress.de\/it\/wp-json\/wp\/v2\/product_brand?post=55954"},{"taxonomy":"product_cat","embeddable":true,"href":"https:\/\/softwarelizenzexpress.de\/it\/wp-json\/wp\/v2\/product_cat?post=55954"},{"taxonomy":"product_tag","embeddable":true,"href":"https:\/\/softwarelizenzexpress.de\/it\/wp-json\/wp\/v2\/product_tag?post=55954"}],"curies":[{"name":"wp","href":"https:\/\/api.w.org\/{rel}","templated":true}]}}