{"id":48993,"date":"2022-07-16T18:41:30","date_gmt":"2022-07-16T16:41:30","guid":{"rendered":"https:\/\/shop.softwarelizenzexpress.de\/?post_type=product&#038;p=48993"},"modified":"2026-04-16T18:11:33","modified_gmt":"2026-04-16T16:11:33","slug":"microsoft-windows-11-professional-microsoft-office-2021-professional-plus","status":"publish","type":"product","link":"https:\/\/softwarelizenzexpress.de\/it\/product\/microsoft-windows-11-professional-microsoft-office-2021-professional-plus\/","title":{"rendered":"Microsoft Windows 11 Professional + licenza Microsoft Office 2021 Professional Plus per 3 PC"},"content":{"rendered":"<h2><span style=\"font-weight: 400;\">Windows 11 Professional<\/span><\/h2>\n<div id=\"primaryR2\" data-grid=\"container\" data-region-key=\"primaryr2\" data-m=\"{&quot;cN&quot;:&quot;primaryR2 1&quot;,&quot;cT&quot;:&quot;Region_coreui-region&quot;,&quot;id&quot;:&quot;r2a2&quot;,&quot;sN&quot;:2,&quot;aN&quot;:&quot;a2&quot;}\">\n<div id=\"coreui-banner-l03vzh8\" data-m=\"{&quot;cN&quot;:&quot;R2Banner 1&quot;,&quot;cT&quot;:&quot;Module_coreui-banner&quot;,&quot;id&quot;:&quot;m1r2a2&quot;,&quot;sN&quot;:1,&quot;aN&quot;:&quot;r2a2&quot;}\" data-module-id=\"WDG-Windows|primaryR2|coreui-region|coreui-banner-l03vzh8|coreui-banner\">\n<div class=\"m-banner f-align-left\" data-grid=\"col-12\">\n<div id=\"coreui-banner-l03vzh8\" data-m=\"{&quot;cN&quot;:&quot;R2Banner 1&quot;,&quot;cT&quot;:&quot;Module_coreui-banner&quot;,&quot;id&quot;:&quot;m1r2a2&quot;,&quot;sN&quot;:1,&quot;aN&quot;:&quot;r2a2&quot;}\" data-module-id=\"WDG-Windows|primaryR2|coreui-region|coreui-banner-l03vzh8|coreui-banner\">\n<div class=\"m-banner f-align-left\" data-grid=\"col-12\">\n<h3 class=\"c-heading-3\">Requisiti di sistema:<\/h3>\n<\/div>\n<\/div>\n<div id=\"coreui-divider-f6wmnt9\" data-m=\"{&quot;cN&quot;:&quot;R2Divider 1&quot;,&quot;cT&quot;:&quot;Module_coreui-divider&quot;,&quot;id&quot;:&quot;m2r2a2&quot;,&quot;sN&quot;:2,&quot;aN&quot;:&quot;r2a2&quot;}\" data-module-id=\"WDG-Windows|primaryR2|coreui-region|coreui-divider-f6wmnt9|coreui-divider\">\n<hr class=\"c-divider f-pad-top-3x\" data-grid=\"col-12\" \/>\n<\/div>\n<div id=\"coreui-contentrichblock-o5iouct\" data-m=\"{&quot;cN&quot;:&quot;R2ContentRichBlock 1&quot;,&quot;cT&quot;:&quot;Module_coreui-contentrichblock&quot;,&quot;id&quot;:&quot;m3r2a2&quot;,&quot;sN&quot;:3,&quot;aN&quot;:&quot;r2a2&quot;}\" data-module-id=\"WDG-Windows|primaryR2|coreui-region|coreui-contentrichblock-o5iouct|coreui-contentrichblock\">\n<div class=\"m-rich-content-block context-ucx\" data-grid=\"col-12\">\n<p><strong>Assicuratevi di essere pronti per l'ultimo sistema operativo di Microsoft!<\/strong><\/p>\n<p class=\"translation-block\">Questi sono i requisiti di base per installare Windows 11 su un PC. Se il vostro dispositivo non soddisfa questi requisiti, potreste non essere in grado di installare Windows 11 sul vostro dispositivo e dovreste considerare l'acquisto di un nuovo PC. Se non si \u00e8 sicuri che il proprio PC soddisfi questi requisiti, \u00e8 possibile verificare con il produttore di apparecchiature originali (OEM) del PC o, se il dispositivo \u00e8 gi\u00e0 dotato di Windows 10, utilizzare l'applicazione PC Health Check per verificare la compatibilit\u00e0 (<a href=\"https:\/\/aka.ms\/GetPCHealthCheckApp\" target=\"_self\" rel=\"noopener\"><b>download<\/b><\/a>).<\/p>\n<\/div>\n<div id=\"primaryR2\" data-grid=\"container\" data-region-key=\"primaryr2\" data-m=\"{&quot;cN&quot;:&quot;primaryR2 1&quot;,&quot;cT&quot;:&quot;Region_coreui-region&quot;,&quot;id&quot;:&quot;r2a2&quot;,&quot;sN&quot;:2,&quot;aN&quot;:&quot;a2&quot;}\">\n<div id=\"coreui-tablev2-62jrfm3\" data-m=\"{&quot;cN&quot;:&quot;R2TableV2 1&quot;,&quot;cT&quot;:&quot;Module_coreui-tablev2&quot;,&quot;id&quot;:&quot;m4r2a2&quot;,&quot;sN&quot;:4,&quot;aN&quot;:&quot;r2a2&quot;}\" data-module-id=\"WDG-Windows|primaryR2|coreui-region|coreui-tablev2-62jrfm3|coreui-tablev2\">\n<div class=\"m-table\">\n<div class=\"c-table\" data-f-loc-ascending=\"Sorted by {0} - ascending\" data-f-loc-descending=\"Sorted by {0} - descending\">\n<table>\n<tbody>\n<tr>\n<td class=\"f-divided\"><strong>Processore:<\/strong><\/td>\n<td class=\"f-divided\">\n<p class=\"translation-block\">1 gigahertz (GHz) o pi\u00f9 veloce con 2 o pi\u00f9 core su un <strong><a href=\"https:\/\/www.microsoft.com\/de-de\/windows\/windows-11-specifications\" target=\"_self\" rel=\"noopener\">processore a 64 bit compatibile<\/a><\/strong> o SoC (System on a Chip).<\/p>\n<\/td>\n<\/tr>\n<tr>\n<td class=\"f-divided\"><strong>RAM:<\/strong><\/td>\n<td class=\"f-divided\">4 gigabyte (GB)<\/td>\n<\/tr>\n<tr>\n<td class=\"f-divided\"><strong>Spazio di archiviazione:<\/strong><\/td>\n<td class=\"f-divided\">64 GB o pi\u00f9<\/p>\n<p>Nota: per ulteriori dettagli, vedere sotto \"Ulteriori informazioni sullo spazio di archiviazione per mantenere Windows 11 aggiornato\".<\/td>\n<\/tr>\n<tr>\n<td class=\"f-divided\"><strong>Firmware del sistema:<\/strong><\/td>\n<td class=\"f-divided\">UEFI, in grado di eseguire il Secure Boot<\/td>\n<\/tr>\n<tr>\n<td class=\"f-divided\"><strong>TPM:<\/strong><\/td>\n<td class=\"f-divided\">Modulo di piattaforma affidabile (TPM) versione 2.0<\/td>\n<\/tr>\n<tr>\n<td class=\"f-divided\"><strong>Scheda grafica:<\/strong><\/td>\n<td class=\"f-divided\">Compatibile con DirectX 12 o superiore con driver WDDM 2.0<\/td>\n<\/tr>\n<tr>\n<td class=\"f-divided\"><strong>Display:<\/strong><\/td>\n<td class=\"f-divided\">Display ad alta risoluzione (720p) con una diagonale di oltre 9\u2033, 8 bit per canale di colore<\/td>\n<\/tr>\n<tr>\n<td class=\"f-divided\"><strong>Connessione a Internet e account Microsoft:\u00a0<\/strong><\/td>\n<td class=\"f-divided\">Per tutte le edizioni di Windows 11 \u00e8 necessario l'accesso a Internet per eseguire gli aggiornamenti, scaricare e utilizzare alcune funzioni. Per alcune funzioni \u00e8 necessario un account Microsoft.<\/td>\n<\/tr>\n<\/tbody>\n<\/table>\n<\/div>\n<\/div>\n<\/div>\n<\/div>\n<div id=\"primaryR3\" data-grid=\"container\" data-region-key=\"primaryr3\" data-m=\"{&quot;cN&quot;:&quot;primaryR3 1&quot;,&quot;cT&quot;:&quot;Region_coreui-region&quot;,&quot;id&quot;:&quot;r3a2&quot;,&quot;sN&quot;:3,&quot;aN&quot;:&quot;a2&quot;}\">\n<div id=\"coreui-contentrichblock-rhi1sei\" data-m=\"{&quot;cN&quot;:&quot;R2ContentRichBlock 1&quot;,&quot;cT&quot;:&quot;Module_coreui-contentrichblock&quot;,&quot;id&quot;:&quot;m3r3a2&quot;,&quot;sN&quot;:3,&quot;aN&quot;:&quot;r3a2&quot;}\" data-module-id=\"WDG-Windows|primaryR3|coreui-region|coreui-contentrichblock-rhi1sei|coreui-contentrichblock\">\n<div class=\"m-rich-content-block context-ucx\" data-grid=\"col-12\">\n<h2>Microsoft Office 2021 Professional Plus<\/h2>\n<div class=\"J0lOec\">\n<p>Office 2021 Professional Plus Edition \u00e8 ideale per gli utenti che utilizzano l'intera gamma di applicazioni a casa o in ufficio. Include l'intera gamma di applicazioni Microsoft Office: Word, Excel, Outlook, PowerPoint, Publisher e Access. OneNote pu\u00f2 essere scaricato dal Windows Store e consente di creare rapidamente note e renderle disponibili su tutti i dispositivi tramite il cloud. Prestazioni, stabilit\u00e0 e velocit\u00e0 migliorate in Word, Excel, PowerPoint e Outlook. La ricerca, gli strumenti a mano libera, i tipi di dati, le funzioni, gli strumenti di traduzione e di modifica, la grafica animata, le funzioni di facile utilizzo e molto altro ancora sono disponibili in tutta la suite Office 2021.<\/p>\n<\/div>\n<ul>\n<li class=\"J0lOec\"><span class=\"VIiyi\" lang=\"en\"><span class=\"JLqJ4b ChMk0b\" data-language-for-alternatives=\"en\" data-language-to-translate-into=\"de\" data-phrase-index=\"9\" data-number-of-phrases=\"18\"><strong>Parola<\/strong>Create documenti di testo di qualit\u00e0 professionale in pochissimo tempo.<\/span><\/span><\/li>\n<li class=\"J0lOec\"><span class=\"VIiyi\" lang=\"en\"><span class=\"JLqJ4b ChMk0b\" data-language-for-alternatives=\"en\" data-language-to-translate-into=\"de\" data-phrase-index=\"11\" data-number-of-phrases=\"18\"><strong>Excel<\/strong>Fogli di calcolo intelligenti, ora con nuove funzioni come XLOOKUP<\/span><\/span><\/li>\n<li class=\"J0lOec\"><span class=\"VIiyi\" lang=\"en\"><span class=\"JLqJ4b ChMk0b\" data-language-for-alternatives=\"en\" data-language-to-translate-into=\"de\" data-phrase-index=\"13\" data-number-of-phrases=\"18\"><strong>Punto di forza<\/strong>Nuove e migliorate funzioni per la creazione di<\/span><\/span><span class=\"VIiyi\" lang=\"en\"><span class=\"JLqJ4b ChMk0b\" data-language-for-alternatives=\"en\" data-language-to-translate-into=\"de\" data-phrase-index=\"13\" data-number-of-phrases=\"18\">\u00a0presentazioni dinamiche di grande effetto.<\/span><\/span><\/li>\n<li class=\"J0lOec\"><span class=\"VIiyi\" lang=\"en\"><span class=\"JLqJ4b ChMk0b\" data-language-for-alternatives=\"en\" data-language-to-translate-into=\"de\" data-phrase-index=\"15\" data-number-of-phrases=\"18\"><strong>OneNote<\/strong>Il vostro taccuino digitale nel cloud.<\/span><\/span><\/li>\n<li class=\"J0lOec\"><span class=\"VIiyi\" lang=\"en\"><span class=\"JLqJ4b ChMk0b\" data-language-for-alternatives=\"en\" data-language-to-translate-into=\"de\" data-phrase-index=\"17\" data-number-of-phrases=\"18\"><strong>Prospettiva<\/strong>Comunicazione semplificata; ora include potenti funzioni di traduzione.<\/span><\/span><\/li>\n<li><strong>Editore<\/strong>Creazione di layout per pubblicazioni professionali<\/li>\n<li><strong>Accesso<\/strong>Creazione di database semplice e potente<\/li>\n<li><strong>Microsoft Teams<\/strong>Maggiore produttivit\u00e0 grazie alla messaggistica istantanea e alle videoconferenze HD (scaricabili separatamente)<\/li>\n<\/ul>\n<p>NOTA: a causa di un <a href=\"https:\/\/blogs.microsoft.com\/eupolicy\/2023\/08\/31\/european-competition-teams-office-microsoft-365\/\" target=\"_blank\" rel=\"noopener\">Indagine della Commissione europea<\/a>Microsoft non offre pi\u00f9 una licenza di Teams in bundle con i prodotti Office. \u00c8 possibile <a href=\"https:\/\/www.microsoft.com\/en-us\/microsoft-teams\/download-app\" target=\"_blank\" rel=\"noopener\"> Scarica i team<\/a>di utilizzarlo con una licenza gratuita o a pagamento (da acquistare separatamente), a seconda delle vostre esigenze.<\/p>\n<\/div>\n<\/div>\n<\/div>\n<\/div>\n<\/div>\n<\/div>\n<\/div>","protected":false},"excerpt":{"rendered":"<div class=\"woocommerce-product-details__short-description\">\n<ul>\n<li>Licenza Microsoft Windows 11 Professional per 3 PC<\/li>\n<li>Licenza Microsoft Office 2021 Professional Plus per 3 PC<\/li>\n<li>Versione per sistemi a 64 bit<\/li>\n<li>Spedizione via e-mail: Codice prodotto, istruzioni, link per il download, fattura<\/li>\n<li>Download immediato!<\/li>\n<li>Nessun limite di tempo, nessun abbonamento<\/li>\n<li>Assistenza per l'installazione e l'attivazione<\/li>\n<li>Nessuna consegna su supporti dati (USB, CD, ecc.)<\/li>\n<li>Attivazione online e per telefono<\/li>\n<li class=\"translation-block\">Questo prodotto non \u00e8 <strong>compatibile con i sistemi operativi Apple<\/strong> (MacOS, iPadOS, iOS), <strong>Chromebooks<\/strong>.<\/li>\n<li><strong>NON compatibile con i dispositivi Android<\/strong><\/li>\n<\/ul>\n<\/div>\n<h6><\/h6>\n<p><strong>Prezzo del mese!!! Prezzo valido solo fino al 19.07.2022 - Solo fino ad esaurimento scorte!<\/strong><\/p>\n<p><strong>Solo 3 pezzi disponibili!<\/strong><\/p>","protected":false},"featured_media":53566,"comment_status":"open","ping_status":"closed","template":"","meta":{"_acf_changed":false},"product_brand":[],"product_cat":[23],"product_tag":[],"class_list":{"0":"post-48993","1":"product","2":"type-product","3":"status-publish","4":"has-post-thumbnail","6":"product_cat-windows-desktop","8":"first","9":"instock","10":"sale","11":"virtual","12":"taxable","13":"purchasable","14":"product-type-simple"},"acf":[],"_links":{"self":[{"href":"https:\/\/softwarelizenzexpress.de\/it\/wp-json\/wp\/v2\/product\/48993","targetHints":{"allow":["GET"]}}],"collection":[{"href":"https:\/\/softwarelizenzexpress.de\/it\/wp-json\/wp\/v2\/product"}],"about":[{"href":"https:\/\/softwarelizenzexpress.de\/it\/wp-json\/wp\/v2\/types\/product"}],"replies":[{"embeddable":true,"href":"https:\/\/softwarelizenzexpress.de\/it\/wp-json\/wp\/v2\/comments?post=48993"}],"wp:featuredmedia":[{"embeddable":true,"href":"https:\/\/softwarelizenzexpress.de\/it\/wp-json\/wp\/v2\/media\/53566"}],"wp:attachment":[{"href":"https:\/\/softwarelizenzexpress.de\/it\/wp-json\/wp\/v2\/media?parent=48993"}],"wp:term":[{"taxonomy":"product_brand","embeddable":true,"href":"https:\/\/softwarelizenzexpress.de\/it\/wp-json\/wp\/v2\/product_brand?post=48993"},{"taxonomy":"product_cat","embeddable":true,"href":"https:\/\/softwarelizenzexpress.de\/it\/wp-json\/wp\/v2\/product_cat?post=48993"},{"taxonomy":"product_tag","embeddable":true,"href":"https:\/\/softwarelizenzexpress.de\/it\/wp-json\/wp\/v2\/product_tag?post=48993"}],"curies":[{"name":"wp","href":"https:\/\/api.w.org\/{rel}","templated":true}]}}