{"id":2551,"date":"2021-02-14T14:43:25","date_gmt":"2021-02-14T13:43:25","guid":{"rendered":"http:\/\/shop.windowsandoffice.net\/product\/import-placeholder-for-1582\/"},"modified":"2025-10-30T16:26:30","modified_gmt":"2025-10-30T15:26:30","slug":"ms-project-2019-professional","status":"publish","type":"product","link":"https:\/\/softwarelizenzexpress.de\/it\/product\/ms-project-2019-professional\/","title":{"rendered":"Licenza Microsoft Project 2019 Professional per 3 PC"},"content":{"rendered":"<p>Collaborate con gli altri per lanciare e realizzare progetti di successo in pochissimo tempo. Include tutte le funzionalit\u00e0 di Project Standard pi\u00f9 soluzioni per la collaborazione, la gestione delle risorse, la sincronizzazione delle attivit\u00e0 SharePoint, l'invio di timesheet e altro ancora. Microsoft Project Professional 2019 offre funzioni flessibili che consentono di pianificare i progetti, monitorare lo stato e collaborare con gli altri praticamente ovunque. L'applicazione offre comunicazione in tempo reale e messaggistica istantanea abilitata direttamente nel piano di progetto tramite Skype for Business e consolida tutte le potenziali risorse del progetto in un'unica vista.<\/p>\n<p>Rimanete organizzati e tenete tutti i fili in mano. Che si tratti di un piccolo progetto o di una grande campagna, con Project potete affrontare qualsiasi sfida. Non siete un project manager? Nessun problema, con questa potente e comoda app praticamente chiunque pu\u00f2 gestire progetti con successo.<\/p>\n<p><strong>Avviare rapidamente i progetti e implementarli facilmente<\/strong><\/p>\n<p>Affidatevi a un potente strumento di gestione dei progetti per impostare e gestire nuovi progetti in modo rapido e semplice.<\/p>\n<p><strong>Gestione del progetto senza stress<\/strong><\/p>\n<p>Tenete sotto controllo anche i progetti pi\u00f9 impegnativi con strumenti e metodi personalizzati.<\/p>\n<p><strong>Lavorare facilmente in gruppo, praticamente da qualsiasi luogo<\/strong><\/p>\n<p>Lavorate insieme su progetti anche a grandi distanze. Poich\u00e9 tutti i membri del team lavorano contemporaneamente su una versione, la produttivit\u00e0 \u00e8 ancora maggiore.<\/p>\n<p><strong>Pianificazione semplice del progetto<\/strong><\/p>\n<p>Mantenete i vostri progetti in carreggiata pianificando dinamicamente l'impegno del progetto, la sua durata e l'impiego dei membri del team.<\/p>\n<p><strong>Business intelligence: ottenere rapidamente approfondimenti e risultati migliori<\/strong><\/p>\n<p>Create dashboard interattivi con Power BI per visualizzare lo stato generale e analizzare progetti e programmi fin nei minimi dettagli.<\/p>\n<p><strong>Pensare e agire in modo pi\u00f9 innovativo<\/strong><\/p>\n<p>Sviluppate soluzioni personalizzate per dispositivi desktop o mobili e automatizzate i flussi di lavoro in pochi semplici passaggi. Utilizzate una piattaforma flessibile e sicura su Azure, riconosciuto a livello mondiale come cloud aziendale.<\/p>\n<p><strong>Requisiti di sistema:<\/strong><\/p>\n<ul>\n<li>1,6 GHz, processore dual-core<\/li>\n<li>Windows 10<\/li>\n<li>2 GB (32bit), 4 GB (64bit) di RAM<\/li>\n<li>4 GB di spazio disponibile su disco rigido<\/li>\n<li>L'accelerazione grafica richiede una scheda grafica compatibile con DirectX 10.<\/li>\n<\/ul>\n<p><strong>Supporto:<\/strong><\/p>\n<p class=\"translation-block\">Per qualsiasi domanda, non esitate a contattarci <a href=\"mailto:deutschland@softwarelizenzexpress.de\" target=\"_self\" rel=\"noopener\">per e-mail<\/a>. Il nostro servizio di assistenza clienti \u00e8 disponibile 7 giorni su 7, 24 ore al giorno.<\/p>","protected":false},"excerpt":{"rendered":"<ul>\n<li>Licenza Microsoft Project 2019 Pro per 3 PC<\/li>\n<li><strong>Con questa licenza, il software pu\u00f2 essere attivato su 3 diversi dispositivi, ad esempio PC di casa, notebook e PC di lavoro.<\/strong><\/li>\n<li>Versione per sistemi a 32 e 64 bit, versioni complete illimitate del software <strong>dal partner certificato Microsoft Gold<\/strong><\/li>\n<li><strong>30 giorni di rimborso completo - Garanzia di sostituzione a vita!<\/strong><\/li>\n<li>Consegna via e-mail: Codice prodotto, istruzioni, link per il download, fattura<\/li>\n<li>Download immediato!<\/li>\n<li>Nessun limite di tempo, nessun abbonamento<\/li>\n<li>Assistenza gratuita 24 ore su 24, 7 giorni su 7, per problemi di installazione e attivazione.<\/li>\n<li>Nessuna consegna su supporti dati (USB, CD, ecc.)<\/li>\n<li>Attivazione online e per telefono<\/li>\n<li>Lingue: Inglese, spagnolo, italiano, tedesco, francese<\/li>\n<li><strong><span style=\"color: #008000;\"> Questo prodotto \u00e8 compatibile con Microsoft Windows.<\/span><\/strong><\/li>\n<li><strong><span style=\"color: #ff0000;\">NON \u00e8 compatibile con Apple macOS\u2122, dispositivi Android e Chromebook.<\/span><\/strong><\/li>\n<\/ul>","protected":false},"featured_media":53543,"comment_status":"open","ping_status":"closed","template":"","meta":{"_acf_changed":false},"product_brand":[],"product_cat":[27],"product_tag":[],"class_list":{"0":"post-2551","1":"product","2":"type-product","3":"status-publish","4":"has-post-thumbnail","6":"product_cat-project","8":"first","9":"instock","10":"sale","11":"virtual","12":"taxable","13":"purchasable","14":"product-type-simple"},"acf":[],"_links":{"self":[{"href":"https:\/\/softwarelizenzexpress.de\/it\/wp-json\/wp\/v2\/product\/2551","targetHints":{"allow":["GET"]}}],"collection":[{"href":"https:\/\/softwarelizenzexpress.de\/it\/wp-json\/wp\/v2\/product"}],"about":[{"href":"https:\/\/softwarelizenzexpress.de\/it\/wp-json\/wp\/v2\/types\/product"}],"replies":[{"embeddable":true,"href":"https:\/\/softwarelizenzexpress.de\/it\/wp-json\/wp\/v2\/comments?post=2551"}],"wp:featuredmedia":[{"embeddable":true,"href":"https:\/\/softwarelizenzexpress.de\/it\/wp-json\/wp\/v2\/media\/53543"}],"wp:attachment":[{"href":"https:\/\/softwarelizenzexpress.de\/it\/wp-json\/wp\/v2\/media?parent=2551"}],"wp:term":[{"taxonomy":"product_brand","embeddable":true,"href":"https:\/\/softwarelizenzexpress.de\/it\/wp-json\/wp\/v2\/product_brand?post=2551"},{"taxonomy":"product_cat","embeddable":true,"href":"https:\/\/softwarelizenzexpress.de\/it\/wp-json\/wp\/v2\/product_cat?post=2551"},{"taxonomy":"product_tag","embeddable":true,"href":"https:\/\/softwarelizenzexpress.de\/it\/wp-json\/wp\/v2\/product_tag?post=2551"}],"curies":[{"name":"wp","href":"https:\/\/api.w.org\/{rel}","templated":true}]}}