{"id":2545,"date":"2021-02-16T14:43:24","date_gmt":"2021-02-16T13:43:24","guid":{"rendered":"http:\/\/shop.windowsandoffice.net\/product\/import-placeholder-for-1576\/"},"modified":"2025-10-30T16:26:08","modified_gmt":"2025-10-30T15:26:08","slug":"ms-visio-2019-professional","status":"publish","type":"product","link":"https:\/\/softwarelizenzexpress.de\/it\/product\/ms-visio-2019-professional\/","title":{"rendered":"Licenza Microsoft Visio 2019 Professional per 3 PC"},"content":{"rendered":"<p>Nell'edizione Professional 2019, Microsoft Visio rimane il miglior strumento per la progettazione di diagrammi nelle aziende e si basa su standard industriali comuni come l'IEEE. Inoltre, Microsoft ha apportato migliaia di miglioramenti dettagliati e introdotto nuove funzionalit\u00e0 per facilitare il lavoro su progetti in team pi\u00f9 numerosi. Il software \u00e8 quindi esplicitamente rivolto agli utenti professionali. Tuttavia, viene mantenuta la consueta facilit\u00e0 di accesso al programma, ottenuta soprattutto grazie a innumerevoli modelli e alla collaudata interfaccia di Office. Ogni acquirente riceve inoltre 2 GB di spazio di archiviazione gratuito nella soluzione cloud OneDrive di Microsoft.<\/p>\n<p>In Microsoft Visio Professional 2019, i diagrammi possono essere generati immediatamente dopo l'avvio del programma: lo assicurano centinaia di modelli basati su una selezione di oltre 250.000 forme. Poich\u00e9 l'applicazione desktop si aggiorna costantemente, vengono aggiunti regolarmente nuovi modelli. Gli utenti possono condividere i diagrammi finiti non solo come set di dati Visio, ma anche via Internet: A tal fine, Visio Professional 2019 supporta la rappresentazione dei diagrammi sul web o l'output come file PDF per gli utenti che non utilizzano Visio sul proprio dispositivo. I commenti che altri utenti aggiungono successivamente al diagramma sono immediatamente visibili anche al creatore del progetto, che pu\u00f2 cos\u00ec ricevere un feedback.<\/p>\n<p>Microsoft ha inoltre migliorato il supporto per l'input con le dita e per le penne come la Microsoft Surface Pen, specificamente per Visio Professional 2019 e Windows 10. I diagrammi possono ora essere perfezionati con metodi di input naturali, utilizzando l'inchiostro virtuale o le dita per colorare e spostare le forme e riorganizzare i diagrammi. Questo facilita anche l'utilizzo del programma su tablet come l'iPad Pro, per il quale \u00e8 disponibile un'app separata nell'Apple Store ufficiale. Per migliorare la collaborazione con altre persone, sono state migliorate le funzioni di annotazione ed \u00e8 stata estesa l'integrazione di Skype for Business nell'interfaccia del programma.<\/p>\n<p>I nuovi dati vengono importati direttamente da altri programmi popolari come Excel in Microsoft Visio Professional 2019. In questo modo si risparmia tempo nella modifica dei diagrammi, poich\u00e9 l'inserimento manuale \u00e8 meno frequente. Sono disponibili innumerevoli colori, forme e grafici per dare vita ai diagrammi e visualizzare chiaramente anche grandi quantit\u00e0 di informazioni, in modo da concentrarsi sui dati veramente importanti per l'osservatore. Il programma supporta anche l'integrazione di disegni creati nel popolare software AutoCAD. Questo amplia notevolmente la gamma di funzioni, in quanto \u00e8 possibile realizzare anche forme complesse.<\/p>\n<p>Non appena i dati di qualsiasi tipo gi\u00e0 integrati nel diagramma cambiano, Microsoft Visio Professional 2019 modifica immediatamente anche la visualizzazione del progetto. A tal fine, il programma esegue una scansione costante dei dati integrati, indipendentemente dalla loro provenienza e dalla loro disponibilit\u00e0 in rete o in locale, e trasmette immediatamente le modifiche al diagramma corrente. In questo modo, tutti coloro che lavorano al progetto hanno sempre una visione d'insieme e lavorano insieme su un'unica versione del diagramma. La rinuncia agli aggiornamenti manuali semplifica inoltre il processo di lavoro e fa risparmiare molto tempo a lungo termine.<\/p>\n<p>Microsoft ha sviluppato Visio Professional 2019 in modo che sia compatibile solo con una delle edizioni di Windows 10 e Windows 10S. Non \u00e8 possibile eseguire il software con una versione precedente di Windows. Inoltre, questa offerta \u00e8 una chiave di prodotto per un PC desktop o un notebook. Non sono previsti costi di abbonamento aggiuntivi. Microsoft garantisce che il software verr\u00e0 aggiornato per almeno cinque anni.<\/p>\n<p><strong>Requisiti di sistema:<\/strong><\/p>\n<ul>\n<li>Windows 10, Windows Server 2019<\/li>\n<li>1,6 GHz, processore dual-core o pi\u00f9 veloce<\/li>\n<li>2 GB di RAM (32 bit); 4 GB di RAM (64 bit)<\/li>\n<li>4 GB di spazio disponibile su disco rigido<\/li>\n<li>L'accelerazione grafica richiede una scheda grafica compatibile con le DirectX 9. Con WDDM 2.0 o superiore per Windows 10 (o WDDM 1.3 per Windows 10 Fall Creators Update).<\/li>\n<\/ul>\n<p><strong>Supporto:<\/strong><\/p>\n<p class=\"translation-block\">Per qualsiasi domanda, non esitate a contattarci <a href=\"mailto:deutschland@softwarelizenzexpress.de\" target=\"_self\" rel=\"noopener\">per e-mail<\/a>. Il nostro servizio di assistenza clienti \u00e8 disponibile 7 giorni su 7, 24 ore al giorno.<\/p>","protected":false},"excerpt":{"rendered":"<ul>\n<li>Licenza Microsoft Visio 2019 Pro per 3 PC<\/li>\n<li><strong>Con questa licenza, il software pu\u00f2 essere attivato su 3 diversi dispositivi, ad esempio PC di casa, notebook e PC di lavoro.<\/strong><\/li>\n<li>Versione per sistemi a 32 e 64 bit, versioni complete illimitate del software <strong>dal partner certificato Microsoft Gold<\/strong><\/li>\n<li><strong>30 giorni di rimborso completo - Garanzia di sostituzione a vita!<\/strong><\/li>\n<li>Consegna via e-mail: Codice prodotto, istruzioni, link per il download, fattura<\/li>\n<li>Download immediato!<\/li>\n<li>Nessun limite di tempo, nessun abbonamento<\/li>\n<li>Assistenza gratuita 24 ore su 24, 7 giorni su 7, per problemi di installazione e attivazione.<\/li>\n<li>Nessuna consegna su supporti dati (USB, CD, ecc.)<\/li>\n<li>Attivazione online e per telefono<\/li>\n<li>Lingue: Inglese, spagnolo, italiano, tedesco, francese<\/li>\n<li><strong><span style=\"color: #008000;\"> Questo prodotto \u00e8 compatibile con Microsoft Windows.<\/span><\/strong><\/li>\n<li><strong><span style=\"color: #ff0000;\">NON \u00e8 compatibile con Apple macOS\u2122, dispositivi Android e Chromebook.<\/span><\/strong><\/li>\n<\/ul>","protected":false},"featured_media":53545,"comment_status":"open","ping_status":"closed","template":"","meta":{"_acf_changed":false},"product_brand":[],"product_cat":[28],"product_tag":[],"class_list":{"0":"post-2545","1":"product","2":"type-product","3":"status-publish","4":"has-post-thumbnail","6":"product_cat-visio","8":"first","9":"instock","10":"sale","11":"virtual","12":"taxable","13":"purchasable","14":"product-type-simple"},"acf":[],"_links":{"self":[{"href":"https:\/\/softwarelizenzexpress.de\/it\/wp-json\/wp\/v2\/product\/2545","targetHints":{"allow":["GET"]}}],"collection":[{"href":"https:\/\/softwarelizenzexpress.de\/it\/wp-json\/wp\/v2\/product"}],"about":[{"href":"https:\/\/softwarelizenzexpress.de\/it\/wp-json\/wp\/v2\/types\/product"}],"replies":[{"embeddable":true,"href":"https:\/\/softwarelizenzexpress.de\/it\/wp-json\/wp\/v2\/comments?post=2545"}],"wp:featuredmedia":[{"embeddable":true,"href":"https:\/\/softwarelizenzexpress.de\/it\/wp-json\/wp\/v2\/media\/53545"}],"wp:attachment":[{"href":"https:\/\/softwarelizenzexpress.de\/it\/wp-json\/wp\/v2\/media?parent=2545"}],"wp:term":[{"taxonomy":"product_brand","embeddable":true,"href":"https:\/\/softwarelizenzexpress.de\/it\/wp-json\/wp\/v2\/product_brand?post=2545"},{"taxonomy":"product_cat","embeddable":true,"href":"https:\/\/softwarelizenzexpress.de\/it\/wp-json\/wp\/v2\/product_cat?post=2545"},{"taxonomy":"product_tag","embeddable":true,"href":"https:\/\/softwarelizenzexpress.de\/it\/wp-json\/wp\/v2\/product_tag?post=2545"}],"curies":[{"name":"wp","href":"https:\/\/api.w.org\/{rel}","templated":true}]}}